{"id":13095,"date":"2023-11-30T11:23:37","date_gmt":"2023-11-30T10:23:37","guid":{"rendered":"https:\/\/tierschutz.com\/?page_id=13095"},"modified":"2023-11-30T11:31:48","modified_gmt":"2023-11-30T10:31:48","slug":"calendrier-psa-2024","status":"publish","type":"page","link":"https:\/\/tierschutz.com\/fr\/calendrier-psa-2024\/","title":{"rendered":"Calendrier PSA 2024"},"content":{"rendered":"\n<div class=\"wp-block-cover alignfull is-light\"><span aria-hidden=\"true\" class=\"wp-block-cover__background has-black-background-color has-background-dim-20 has-background-dim\"><\/span><img loading=\"lazy\" decoding=\"async\" width=\"1800\" height=\"1013\" src=\"https:\/\/tierschutz.com\/app\/uploads\/2023\/11\/leadbild.jpg\" class=\"wp-block-cover__image-background wp-post-image\" alt=\"\" data-object-fit=\"cover\" data-object-position=\"52% 33%\" style=\"object-position:52% 33%;\" srcset=\"https:\/\/tierschutz.com\/app\/uploads\/2023\/11\/leadbild.jpg 1800w, https:\/\/tierschutz.com\/app\/uploads\/2023\/11\/leadbild-300x169.jpg 300w, https:\/\/tierschutz.com\/app\/uploads\/2023\/11\/leadbild-1024x576.jpg 1024w, https:\/\/tierschutz.com\/app\/uploads\/2023\/11\/leadbild-768x432.jpg 768w, https:\/\/tierschutz.com\/app\/uploads\/2023\/11\/leadbild-1536x864.jpg 1536w\" sizes=\"auto, (max-width: 1800px) 100vw, 1800px\" \/><div class=\"wp-block-cover__inner-container is-layout-flow wp-block-cover-is-layout-flow\">\n<h2 class=\"wp-block-heading has-text-align-center has-background-color has-text-color\">Commandez maintenant<\/h2>\n<\/div><\/div>\n\n\n\n<div class=\"wp-block-group alignfull has-background-background-color has-background is-layout-constrained wp-container-core-group-is-layout-d2abe0d1 wp-block-group-is-layout-constrained\">\n<h2 class=\"wp-block-heading has-text-align-center\"><strong>Calendrier PSA 2024<\/strong><\/h2>\n\n\n\n<hr class=\"wp-block-separator has-text-color has-primary-color has-alpha-channel-opacity has-primary-background-color has-background\"\/>\n<\/div>\n\n\n\n<div class=\"wp-block-media-text alignwide is-stacked-on-mobile is-vertically-aligned-center is-style-default\" style=\"grid-template-columns:40% auto\"><figure class=\"wp-block-media-text__media\"><img loading=\"lazy\" decoding=\"async\" width=\"722\" height=\"1024\" src=\"https:\/\/tierschutz.com\/app\/uploads\/2023\/11\/titel_kalender_2024_fr-1-722x1024.jpg\" alt=\"\" class=\"wp-image-13087 size-full\" srcset=\"https:\/\/tierschutz.com\/app\/uploads\/2023\/11\/titel_kalender_2024_fr-1-722x1024.jpg 722w, https:\/\/tierschutz.com\/app\/uploads\/2023\/11\/titel_kalender_2024_fr-1-211x300.jpg 211w, https:\/\/tierschutz.com\/app\/uploads\/2023\/11\/titel_kalender_2024_fr-1-768x1090.jpg 768w, https:\/\/tierschutz.com\/app\/uploads\/2023\/11\/titel_kalender_2024_fr-1-1082x1536.jpg 1082w, https:\/\/tierschutz.com\/app\/uploads\/2023\/11\/titel_kalender_2024_fr-1.jpg 1200w\" sizes=\"auto, (max-width: 722px) 100vw, 722px\" \/><\/figure><div class=\"wp-block-media-text__content\">\n<div class=\"wp-block-group is-style-shadow-box has-background-background-color has-background is-layout-constrained wp-block-group-is-layout-constrained\">\n<h3 class=\"wp-block-heading\"><strong>Commandez le calendrier PSA 2024<\/strong><\/h3>\n\n\n\n<div class=\"wp-block-contact-form-7-contact-form-selector\"><p class=\"wpcf7-contact-form-not-found\"><strong>Erreur\u00a0:<\/strong> Formulaire de contact non trouv\u00e9\u00a0!<\/p><\/div>\n<\/div>\n<\/div><\/div>\n","protected":false},"excerpt":{"rendered":"<p>Commandez maintenant: calendrier PSA 2024<\/p>\n","protected":false},"author":5,"featured_media":13072,"parent":0,"menu_order":193,"comment_status":"closed","ping_status":"closed","template":"","meta":{"_acf_changed":false,"inline_featured_image":false,"_vp_format_video_url":"","_vp_image_focal_point":[],"footnotes":""},"class_list":["post-13095","page","type-page","status-publish","has-post-thumbnail","hentry"],"acf":[],"yoast_head":"<!-- This site is optimized with the Yoast SEO Premium plugin v27.4 (Yoast SEO v27.4) - https:\/\/yoast.com\/product\/yoast-seo-premium-wordpress\/ -->\n<title>Calendrier PSA 2024 - Protection Suisse des Animaux PSA<\/title>\n<meta name=\"robots\" content=\"index, follow, max-snippet:-1, max-image-preview:large, max-video-preview:-1\" \/>\n<link rel=\"canonical\" href=\"https:\/\/tierschutz.com\/fr\/calendrier-psa-2024\/\" \/>\n<meta property=\"og:locale\" content=\"fr_FR\" \/>\n<meta property=\"og:type\" content=\"article\" \/>\n<meta property=\"og:title\" content=\"Calendrier PSA 2024\" \/>\n<meta property=\"og:description\" content=\"Commandez maintenant: calendrier PSA 2024\" \/>\n<meta property=\"og:url\" content=\"https:\/\/tierschutz.com\/fr\/calendrier-psa-2024\/\" \/>\n<meta property=\"og:site_name\" content=\"Protection Suisse des Animaux PSA\" \/>\n<meta property=\"article:publisher\" content=\"https:\/\/www.facebook.com\/schweizertierschutz\/\" \/>\n<meta property=\"article:modified_time\" content=\"2023-11-30T10:31:48+00:00\" \/>\n<meta property=\"og:image\" content=\"https:\/\/tierschutz.com\/app\/uploads\/2023\/11\/leadbild.jpg\" \/>\n\t<meta property=\"og:image:width\" content=\"1800\" \/>\n\t<meta property=\"og:image:height\" content=\"1013\" \/>\n\t<meta property=\"og:image:type\" content=\"image\/jpeg\" \/>\n<meta name=\"twitter:card\" content=\"summary_large_image\" \/>\n<meta name=\"twitter:label1\" content=\"Dur\u00e9e de lecture estim\u00e9e\" \/>\n\t<meta name=\"twitter:data1\" content=\"1 minute\" \/>\n<script type=\"application\/ld+json\" class=\"yoast-schema-graph\">{\"@context\":\"https:\\\/\\\/schema.org\",\"@graph\":[{\"@type\":\"WebPage\",\"@id\":\"https:\\\/\\\/tierschutz.com\\\/fr\\\/calendrier-psa-2024\\\/\",\"url\":\"https:\\\/\\\/tierschutz.com\\\/fr\\\/calendrier-psa-2024\\\/\",\"name\":\"Calendrier PSA 2024 - Protection Suisse des Animaux PSA\",\"isPartOf\":{\"@id\":\"https:\\\/\\\/sts-psa.ch\\\/fr\\\/#website\"},\"primaryImageOfPage\":{\"@id\":\"https:\\\/\\\/tierschutz.com\\\/fr\\\/calendrier-psa-2024\\\/#primaryimage\"},\"image\":{\"@id\":\"https:\\\/\\\/tierschutz.com\\\/fr\\\/calendrier-psa-2024\\\/#primaryimage\"},\"thumbnailUrl\":\"https:\\\/\\\/tierschutz.com\\\/app\\\/uploads\\\/2023\\\/11\\\/leadbild.jpg\",\"datePublished\":\"2023-11-30T10:23:37+00:00\",\"dateModified\":\"2023-11-30T10:31:48+00:00\",\"breadcrumb\":{\"@id\":\"https:\\\/\\\/tierschutz.com\\\/fr\\\/calendrier-psa-2024\\\/#breadcrumb\"},\"inLanguage\":\"fr-FR\",\"potentialAction\":[{\"@type\":\"ReadAction\",\"target\":[\"https:\\\/\\\/tierschutz.com\\\/fr\\\/calendrier-psa-2024\\\/\"]}]},{\"@type\":\"ImageObject\",\"inLanguage\":\"fr-FR\",\"@id\":\"https:\\\/\\\/tierschutz.com\\\/fr\\\/calendrier-psa-2024\\\/#primaryimage\",\"url\":\"https:\\\/\\\/tierschutz.com\\\/app\\\/uploads\\\/2023\\\/11\\\/leadbild.jpg\",\"contentUrl\":\"https:\\\/\\\/tierschutz.com\\\/app\\\/uploads\\\/2023\\\/11\\\/leadbild.jpg\",\"width\":1800,\"height\":1013},{\"@type\":\"BreadcrumbList\",\"@id\":\"https:\\\/\\\/tierschutz.com\\\/fr\\\/calendrier-psa-2024\\\/#breadcrumb\",\"itemListElement\":[{\"@type\":\"ListItem\",\"position\":1,\"name\":\"Page d\u2019accueil\",\"item\":\"https:\\\/\\\/mail.schweizer-tierschutz.ch\\\/fr\\\/\"},{\"@type\":\"ListItem\",\"position\":2,\"name\":\"Calendrier PSA 2024\"}]},{\"@type\":\"WebSite\",\"@id\":\"https:\\\/\\\/sts-psa.ch\\\/fr\\\/#website\",\"url\":\"https:\\\/\\\/sts-psa.ch\\\/fr\\\/\",\"name\":\"tierschutz.com\",\"description\":\"Wir setzen uns f\u00fcr das Wohl der Tiere ein.\",\"publisher\":{\"@id\":\"https:\\\/\\\/sts-psa.ch\\\/fr\\\/#organization\"},\"alternateName\":\"Schweizer Tierschutz STS\",\"potentialAction\":[{\"@type\":\"SearchAction\",\"target\":{\"@type\":\"EntryPoint\",\"urlTemplate\":\"https:\\\/\\\/sts-psa.ch\\\/fr\\\/?s={search_term_string}\"},\"query-input\":{\"@type\":\"PropertyValueSpecification\",\"valueRequired\":true,\"valueName\":\"search_term_string\"}}],\"inLanguage\":\"fr-FR\"},{\"@type\":\"Organization\",\"@id\":\"https:\\\/\\\/sts-psa.ch\\\/fr\\\/#organization\",\"name\":\"Schweizer Tierschutz STS\",\"alternateName\":\"STS\",\"url\":\"https:\\\/\\\/sts-psa.ch\\\/fr\\\/\",\"logo\":{\"@type\":\"ImageObject\",\"inLanguage\":\"fr-FR\",\"@id\":\"https:\\\/\\\/sts-psa.ch\\\/fr\\\/#\\\/schema\\\/logo\\\/image\\\/\",\"url\":\"https:\\\/\\\/tierschutz.com\\\/app\\\/uploads\\\/2024\\\/04\\\/logo-schweizer-tierschutz-sts-1.svg\",\"contentUrl\":\"https:\\\/\\\/tierschutz.com\\\/app\\\/uploads\\\/2024\\\/04\\\/logo-schweizer-tierschutz-sts-1.svg\",\"caption\":\"Schweizer Tierschutz STS\"},\"image\":{\"@id\":\"https:\\\/\\\/sts-psa.ch\\\/fr\\\/#\\\/schema\\\/logo\\\/image\\\/\"},\"sameAs\":[\"https:\\\/\\\/www.facebook.com\\\/schweizertierschutz\\\/\",\"https:\\\/\\\/www.instagram.com\\\/schweizertierschutzsts\\\/\",\"https:\\\/\\\/www.youtube.com\\\/@STS_Tierschutz\",\"https:\\\/\\\/www.linkedin.com\\\/company\\\/schweizertierschutzsts\\\/\"],\"description\":\"Der Schweizer Tierschutz STS ist der Dachverband von 71 Tierschutzorganisationen in allen Sprachregionen der Schweiz und in Liechtenstein. Seine Mitarbeitenden leisten wissenschaftlich fundierte Grundlagenarbeit, setzen sich mit Projekten und Aktionen f\u00fcr den Schutz und das Wohlbefinden von Heim-, Wild-, Nutz- und Versuchstieren ein und sensibilisieren die \u00d6ffentlichkeit f\u00fcr Tierschutzthemen.\",\"email\":\"sts@tierschutz.com\",\"telephone\":\"061 365 99 99\",\"legalName\":\"Schweizer Tierschutz STS\"}]}<\/script>\n<!-- \/ Yoast SEO Premium plugin. -->","yoast_head_json":{"title":"Calendrier PSA 2024 - Protection Suisse des Animaux PSA","robots":{"index":"index","follow":"follow","max-snippet":"max-snippet:-1","max-image-preview":"max-image-preview:large","max-video-preview":"max-video-preview:-1"},"canonical":"https:\/\/tierschutz.com\/fr\/calendrier-psa-2024\/","og_locale":"fr_FR","og_type":"article","og_title":"Calendrier PSA 2024","og_description":"Commandez maintenant: calendrier PSA 2024","og_url":"https:\/\/tierschutz.com\/fr\/calendrier-psa-2024\/","og_site_name":"Protection Suisse des Animaux PSA","article_publisher":"https:\/\/www.facebook.com\/schweizertierschutz\/","article_modified_time":"2023-11-30T10:31:48+00:00","og_image":[{"width":1800,"height":1013,"url":"https:\/\/tierschutz.com\/app\/uploads\/2023\/11\/leadbild.jpg","type":"image\/jpeg"}],"twitter_card":"summary_large_image","twitter_misc":{"Dur\u00e9e de lecture estim\u00e9e":"1 minute"},"schema":{"@context":"https:\/\/schema.org","@graph":[{"@type":"WebPage","@id":"https:\/\/tierschutz.com\/fr\/calendrier-psa-2024\/","url":"https:\/\/tierschutz.com\/fr\/calendrier-psa-2024\/","name":"Calendrier PSA 2024 - Protection Suisse des Animaux PSA","isPartOf":{"@id":"https:\/\/sts-psa.ch\/fr\/#website"},"primaryImageOfPage":{"@id":"https:\/\/tierschutz.com\/fr\/calendrier-psa-2024\/#primaryimage"},"image":{"@id":"https:\/\/tierschutz.com\/fr\/calendrier-psa-2024\/#primaryimage"},"thumbnailUrl":"https:\/\/tierschutz.com\/app\/uploads\/2023\/11\/leadbild.jpg","datePublished":"2023-11-30T10:23:37+00:00","dateModified":"2023-11-30T10:31:48+00:00","breadcrumb":{"@id":"https:\/\/tierschutz.com\/fr\/calendrier-psa-2024\/#breadcrumb"},"inLanguage":"fr-FR","potentialAction":[{"@type":"ReadAction","target":["https:\/\/tierschutz.com\/fr\/calendrier-psa-2024\/"]}]},{"@type":"ImageObject","inLanguage":"fr-FR","@id":"https:\/\/tierschutz.com\/fr\/calendrier-psa-2024\/#primaryimage","url":"https:\/\/tierschutz.com\/app\/uploads\/2023\/11\/leadbild.jpg","contentUrl":"https:\/\/tierschutz.com\/app\/uploads\/2023\/11\/leadbild.jpg","width":1800,"height":1013},{"@type":"BreadcrumbList","@id":"https:\/\/tierschutz.com\/fr\/calendrier-psa-2024\/#breadcrumb","itemListElement":[{"@type":"ListItem","position":1,"name":"Page d\u2019accueil","item":"https:\/\/mail.schweizer-tierschutz.ch\/fr\/"},{"@type":"ListItem","position":2,"name":"Calendrier PSA 2024"}]},{"@type":"WebSite","@id":"https:\/\/sts-psa.ch\/fr\/#website","url":"https:\/\/sts-psa.ch\/fr\/","name":"tierschutz.com","description":"Wir setzen uns f\u00fcr das Wohl der Tiere ein.","publisher":{"@id":"https:\/\/sts-psa.ch\/fr\/#organization"},"alternateName":"Schweizer Tierschutz STS","potentialAction":[{"@type":"SearchAction","target":{"@type":"EntryPoint","urlTemplate":"https:\/\/sts-psa.ch\/fr\/?s={search_term_string}"},"query-input":{"@type":"PropertyValueSpecification","valueRequired":true,"valueName":"search_term_string"}}],"inLanguage":"fr-FR"},{"@type":"Organization","@id":"https:\/\/sts-psa.ch\/fr\/#organization","name":"Schweizer Tierschutz STS","alternateName":"STS","url":"https:\/\/sts-psa.ch\/fr\/","logo":{"@type":"ImageObject","inLanguage":"fr-FR","@id":"https:\/\/sts-psa.ch\/fr\/#\/schema\/logo\/image\/","url":"https:\/\/tierschutz.com\/app\/uploads\/2024\/04\/logo-schweizer-tierschutz-sts-1.svg","contentUrl":"https:\/\/tierschutz.com\/app\/uploads\/2024\/04\/logo-schweizer-tierschutz-sts-1.svg","caption":"Schweizer Tierschutz STS"},"image":{"@id":"https:\/\/sts-psa.ch\/fr\/#\/schema\/logo\/image\/"},"sameAs":["https:\/\/www.facebook.com\/schweizertierschutz\/","https:\/\/www.instagram.com\/schweizertierschutzsts\/","https:\/\/www.youtube.com\/@STS_Tierschutz","https:\/\/www.linkedin.com\/company\/schweizertierschutzsts\/"],"description":"Der Schweizer Tierschutz STS ist der Dachverband von 71 Tierschutzorganisationen in allen Sprachregionen der Schweiz und in Liechtenstein. Seine Mitarbeitenden leisten wissenschaftlich fundierte Grundlagenarbeit, setzen sich mit Projekten und Aktionen f\u00fcr den Schutz und das Wohlbefinden von Heim-, Wild-, Nutz- und Versuchstieren ein und sensibilisieren die \u00d6ffentlichkeit f\u00fcr Tierschutzthemen.","email":"sts@tierschutz.com","telephone":"061 365 99 99","legalName":"Schweizer Tierschutz STS"}]}},"_links":{"self":[{"href":"https:\/\/tierschutz.com\/fr\/wp-json\/wp\/v2\/pages\/13095","targetHints":{"allow":["GET"]}}],"collection":[{"href":"https:\/\/tierschutz.com\/fr\/wp-json\/wp\/v2\/pages"}],"about":[{"href":"https:\/\/tierschutz.com\/fr\/wp-json\/wp\/v2\/types\/page"}],"author":[{"embeddable":true,"href":"https:\/\/tierschutz.com\/fr\/wp-json\/wp\/v2\/users\/5"}],"replies":[{"embeddable":true,"href":"https:\/\/tierschutz.com\/fr\/wp-json\/wp\/v2\/comments?post=13095"}],"version-history":[{"count":3,"href":"https:\/\/tierschutz.com\/fr\/wp-json\/wp\/v2\/pages\/13095\/revisions"}],"predecessor-version":[{"id":13099,"href":"https:\/\/tierschutz.com\/fr\/wp-json\/wp\/v2\/pages\/13095\/revisions\/13099"}],"wp:featuredmedia":[{"embeddable":true,"href":"https:\/\/tierschutz.com\/fr\/wp-json\/wp\/v2\/media\/13072"}],"wp:attachment":[{"href":"https:\/\/tierschutz.com\/fr\/wp-json\/wp\/v2\/media?parent=13095"}],"curies":[{"name":"wp","href":"https:\/\/api.w.org\/{rel}","templated":true}]}}