{"id":15920,"date":"2024-02-08T12:18:16","date_gmt":"2024-02-08T11:18:16","guid":{"rendered":"https:\/\/tierschutz.com\/?page_id=15920"},"modified":"2026-02-05T09:44:01","modified_gmt":"2026-02-05T08:44:01","slug":"rapports-annuels","status":"publish","type":"page","link":"https:\/\/tierschutz.com\/fr\/la-psa\/association\/rapports-annuels\/","title":{"rendered":"Rapports annuels"},"content":{"rendered":"\n<div class=\"wp-block-cover alignfull is-light\"><span aria-hidden=\"true\" class=\"wp-block-cover__background has-black-background-color has-background-dim-20 has-background-dim\"><\/span><img loading=\"lazy\" decoding=\"async\" width=\"2560\" height=\"1708\" src=\"https:\/\/tierschutz.com\/app\/uploads\/2023\/06\/sts-tierarzt-katzen-scaled.jpg\" class=\"wp-block-cover__image-background wp-post-image\" alt=\"zwei Katzen die Milch aus einer Sch\u00fcssel trinken\" data-object-fit=\"cover\" data-object-position=\"50% 47%\" style=\"object-position:50% 47%;\" srcset=\"https:\/\/tierschutz.com\/app\/uploads\/2023\/06\/sts-tierarzt-katzen-scaled.jpg 2560w, https:\/\/tierschutz.com\/app\/uploads\/2023\/06\/sts-tierarzt-katzen-300x200.jpg 300w, https:\/\/tierschutz.com\/app\/uploads\/2023\/06\/sts-tierarzt-katzen-1024x683.jpg 1024w, https:\/\/tierschutz.com\/app\/uploads\/2023\/06\/sts-tierarzt-katzen-768x513.jpg 768w, https:\/\/tierschutz.com\/app\/uploads\/2023\/06\/sts-tierarzt-katzen-1536x1025.jpg 1536w, https:\/\/tierschutz.com\/app\/uploads\/2023\/06\/sts-tierarzt-katzen-2048x1367.jpg 2048w\" sizes=\"auto, (max-width: 2560px) 100vw, 2560px\" \/><div class=\"wp-block-cover__inner-container is-layout-flow wp-block-cover-is-layout-flow\">\n<h2 class=\"wp-block-heading has-text-align-center has-background-color has-text-color\" id=\"h-rapports-annuels\"><strong>Rapports annuels<\/strong><\/h2>\n<\/div><\/div>\n\n\n\n\n\n<div class=\"wp-block-group has-background-background-color has-background is-layout-constrained wp-block-group-is-layout-constrained\">\n<h1 class=\"wp-block-heading has-text-align-center\" id=\"h-la-protection-des-animaux-en-suisse\"><strong>La protection des animaux en Suisse<\/strong><\/h1>\n\n\n\n<hr class=\"wp-block-separator has-text-color has-primary-color has-alpha-channel-opacity has-primary-background-color has-background\"\/>\n\n\n\n<p class=\"has-text-align-center has-large-font-size\">Dans les rapports annuels de la Protection Suisse des Animaux PSA, vous trouverez des informations sur le travail sp\u00e9cialis\u00e9 et les projets.<\/p>\n\n\n\n<p class=\"has-text-align-center\">Les moyens et les fonds utilis\u00e9s par la PSA pour soutenir ses sections y sont \u00e9galement mentionn\u00e9s.<br>Les rapports sont compl\u00e9t\u00e9s par la statistique de la protection des animaux.<\/p>\n<\/div>\n\n\n\n<div id=\"jahresberichte\" class=\"wp-block-group is-style-default has-background-background-color has-background is-layout-constrained wp-block-group-is-layout-constrained\">\n<h2 class=\"wp-block-heading has-text-align-center\" id=\"h-rapports-annuel\"><strong>Rapports annuel<\/strong><\/h2>\n\n\n\n<hr class=\"wp-block-separator has-text-color has-primary-color has-alpha-channel-opacity has-primary-background-color has-background\"\/>\n\n\n\n<div class=\"wp-block-group is-layout-constrained wp-block-group-is-layout-constrained\">\n<div class=\"wp-block-columns is-layout-flex wp-container-core-columns-is-layout-28f84493 wp-block-columns-is-layout-flex\">\n<div class=\"wp-block-column is-layout-flow wp-block-column-is-layout-flow\" style=\"flex-basis:100%\">\n<div class=\"wp-block-group is-style-shadow-box is-layout-constrained wp-block-group-is-layout-constrained\">\n<figure class=\"wp-block-image size-large\"><a href=\"https:\/\/tierschutz.com\/app\/uploads\/2026\/01\/Jahresbericht-2024_FR.pdf\" target=\"_blank\" rel=\" noreferrer noopener\"><img loading=\"lazy\" decoding=\"async\" width=\"724\" height=\"1024\" src=\"https:\/\/tierschutz.com\/app\/uploads\/2025\/09\/Jahresbericht-2024_FR-724x1024.jpg\" alt=\"\" class=\"wp-image-34467\" srcset=\"https:\/\/tierschutz.com\/app\/uploads\/2025\/09\/Jahresbericht-2024_FR-724x1024.jpg 724w, https:\/\/tierschutz.com\/app\/uploads\/2025\/09\/Jahresbericht-2024_FR-212x300.jpg 212w, https:\/\/tierschutz.com\/app\/uploads\/2025\/09\/Jahresbericht-2024_FR-768x1086.jpg 768w, https:\/\/tierschutz.com\/app\/uploads\/2025\/09\/Jahresbericht-2024_FR.jpg 800w\" sizes=\"auto, (max-width: 724px) 100vw, 724px\" \/><\/a><\/figure>\n\n\n\n<div class=\"wp-block-buttons is-content-justification-center is-layout-flex wp-container-core-buttons-is-layout-a89b3969 wp-block-buttons-is-layout-flex\">\n<div class=\"wp-block-button\"><a class=\"wp-block-button__link wp-element-button\" href=\"https:\/\/tierschutz.com\/app\/uploads\/2026\/01\/Jahresbericht-2024_FR.pdf\" target=\"_blank\" rel=\"noreferrer noopener\">T\u00e9l\u00e9charger<\/a><\/div>\n<\/div>\n\n\n\n<div style=\"height:1.5rem\" aria-hidden=\"true\" class=\"wp-block-spacer\"><\/div>\n<\/div>\n<\/div>\n\n\n\n<div class=\"wp-block-column is-layout-flow wp-block-column-is-layout-flow\" style=\"flex-basis:100%\">\n<div class=\"wp-block-group is-style-shadow-box is-layout-constrained wp-block-group-is-layout-constrained\">\n<figure class=\"wp-block-image size-large\"><a href=\"https:\/\/tierschutz.com\/app\/uploads\/2026\/01\/Jahresbericht-2023_FR.pdf\" target=\"_blank\" rel=\" noreferrer noopener\"><img loading=\"lazy\" decoding=\"async\" width=\"724\" height=\"1024\" src=\"https:\/\/tierschutz.com\/app\/uploads\/2025\/09\/Jahresbericht-2023_FR-724x1024.jpg\" alt=\"\" class=\"wp-image-34457\" srcset=\"https:\/\/tierschutz.com\/app\/uploads\/2025\/09\/Jahresbericht-2023_FR-724x1024.jpg 724w, https:\/\/tierschutz.com\/app\/uploads\/2025\/09\/Jahresbericht-2023_FR-212x300.jpg 212w, https:\/\/tierschutz.com\/app\/uploads\/2025\/09\/Jahresbericht-2023_FR-768x1086.jpg 768w, https:\/\/tierschutz.com\/app\/uploads\/2025\/09\/Jahresbericht-2023_FR.jpg 800w\" sizes=\"auto, (max-width: 724px) 100vw, 724px\" \/><\/a><\/figure>\n\n\n\n<div class=\"wp-block-buttons is-content-justification-center is-layout-flex wp-container-core-buttons-is-layout-a89b3969 wp-block-buttons-is-layout-flex\">\n<div class=\"wp-block-button\"><a class=\"wp-block-button__link wp-element-button\" href=\"https:\/\/tierschutz.com\/app\/uploads\/2026\/01\/Jahresbericht-2023_FR.pdf\" target=\"_blank\" rel=\"noreferrer noopener\">T\u00e9l\u00e9charger<\/a><\/div>\n<\/div>\n\n\n\n<div style=\"height:1.5rem\" aria-hidden=\"true\" class=\"wp-block-spacer\"><\/div>\n<\/div>\n<\/div>\n<\/div>\n<\/div>\n<\/div>\n\n\n\n<div class=\"wp-block-group has-background-background-color has-background is-layout-constrained wp-block-group-is-layout-constrained\">\n<h2 class=\"wp-block-heading has-text-align-center\" id=\"h-rapports-annuels-de-la-protection-suisse-des-animaux-psa-des-dernieres-annees\"><strong>Rapports annuels de la Protection Suisse des Animaux PSA des derni\u00e8res ann\u00e9es<\/strong><\/h2>\n\n\n\n<hr class=\"wp-block-separator has-text-color has-primary-color has-alpha-channel-opacity has-primary-background-color has-background\"\/>\n\n\n\n<div class=\"wp-block-group is-layout-flex wp-block-group-is-layout-flex\"><div class=\"wp-block-file-wrapper is-pdf\" data-filetype=\"PDF\" data-size=\"5 Mo\">\n<div class=\"wp-block-file\"><a id=\"wp-block-file--media-1f8eafbd-67f3-407d-a526-fa855cb4a4ab\" href=\"https:\/\/tierschutz.com\/app\/uploads\/2024\/04\/rapport_annuel_2022.pdf\">Rapport annuel 2022<\/a><a href=\"https:\/\/tierschutz.com\/app\/uploads\/2024\/04\/rapport_annuel_2022.pdf\" class=\"wp-block-file__button wp-element-button\" download aria-describedby=\"wp-block-file--media-1f8eafbd-67f3-407d-a526-fa855cb4a4ab\">T\u00e9l\u00e9charger<\/a><\/div>\n<\/div>\n\n<div class=\"wp-block-file-wrapper is-pdf\" data-filetype=\"PDF\" data-size=\"5 Mo\">\n<div class=\"wp-block-file\"><a id=\"wp-block-file--media-1f8eafbd-67f3-407d-a526-fa855cb4a4ab\" href=\"https:\/\/tierschutz.com\/app\/uploads\/2024\/04\/rapport_annuel_2021.pdf\">Rapport annuel 2021<\/a><a href=\"https:\/\/tierschutz.com\/app\/uploads\/2024\/04\/rapport_annuel_2021.pdf\" class=\"wp-block-file__button wp-element-button\" download aria-describedby=\"wp-block-file--media-1f8eafbd-67f3-407d-a526-fa855cb4a4ab\">T\u00e9l\u00e9charger<\/a><\/div>\n<\/div>\n\n<div class=\"wp-block-file-wrapper is-pdf\" data-filetype=\"PDF\" data-size=\"6 Mo\">\n<div class=\"wp-block-file\"><a id=\"wp-block-file--media-1f8eafbd-67f3-407d-a526-fa855cb4a4ab\" href=\"https:\/\/tierschutz.com\/app\/uploads\/2024\/04\/rapport_annuel_2020.pdf\">Rapport annuel 2020<\/a><a href=\"https:\/\/tierschutz.com\/app\/uploads\/2024\/04\/rapport_annuel_2020.pdf\" class=\"wp-block-file__button wp-element-button\" download aria-describedby=\"wp-block-file--media-1f8eafbd-67f3-407d-a526-fa855cb4a4ab\">T\u00e9l\u00e9charger<\/a><\/div>\n<\/div><\/div>\n<\/div>\n\n\n","protected":false},"excerpt":{"rendered":"<p>Dans les rapports annuels de la Protection Suisse des Animaux PSA, vous trouverez des informations sur le travail sp\u00e9cialis\u00e9 et les projets.<\/p>\n","protected":false},"author":5,"featured_media":2948,"parent":4507,"menu_order":274,"comment_status":"closed","ping_status":"closed","template":"","meta":{"_acf_changed":false,"inline_featured_image":false,"_vp_format_video_url":"","_vp_image_focal_point":[],"footnotes":""},"class_list":["post-15920","page","type-page","status-publish","has-post-thumbnail","hentry"],"acf":[],"yoast_head":"<!-- This site is optimized with the Yoast SEO Premium plugin v27.4 (Yoast SEO v27.4) - https:\/\/yoast.com\/product\/yoast-seo-premium-wordpress\/ -->\n<title>Rapports annuels - Protection Suisse des Animaux PSA<\/title>\n<meta name=\"robots\" content=\"index, follow, max-snippet:-1, max-image-preview:large, max-video-preview:-1\" \/>\n<link rel=\"canonical\" href=\"https:\/\/tierschutz.com\/fr\/la-psa\/association\/rapports-annuels\/\" \/>\n<meta property=\"og:locale\" content=\"fr_FR\" \/>\n<meta property=\"og:type\" content=\"article\" \/>\n<meta property=\"og:title\" content=\"Rapports annuels\" \/>\n<meta property=\"og:description\" content=\"Dans les rapports annuels de la Protection Suisse des Animaux PSA, vous trouverez des informations sur le travail sp\u00e9cialis\u00e9 et les projets.\" \/>\n<meta property=\"og:url\" content=\"https:\/\/tierschutz.com\/fr\/la-psa\/association\/rapports-annuels\/\" \/>\n<meta property=\"og:site_name\" content=\"Protection Suisse des Animaux PSA\" \/>\n<meta property=\"article:publisher\" content=\"https:\/\/www.facebook.com\/schweizertierschutz\/\" \/>\n<meta property=\"article:modified_time\" content=\"2026-02-05T08:44:01+00:00\" \/>\n<meta property=\"og:image\" content=\"https:\/\/mail.schweizer-tierschutz-sts.ch\/app\/uploads\/2023\/06\/sts-tierarzt-katzen-scaled.jpg\" \/>\n\t<meta property=\"og:image:width\" content=\"2560\" \/>\n\t<meta property=\"og:image:height\" content=\"1708\" \/>\n\t<meta property=\"og:image:type\" content=\"image\/jpeg\" \/>\n<meta name=\"twitter:card\" content=\"summary_large_image\" \/>\n<meta name=\"twitter:label1\" content=\"Dur\u00e9e de lecture estim\u00e9e\" \/>\n\t<meta name=\"twitter:data1\" content=\"2 minutes\" \/>\n<script type=\"application\/ld+json\" class=\"yoast-schema-graph\">{\"@context\":\"https:\\\/\\\/schema.org\",\"@graph\":[{\"@type\":\"WebPage\",\"@id\":\"https:\\\/\\\/tierschutz.com\\\/fr\\\/la-psa\\\/association\\\/rapports-annuels\\\/\",\"url\":\"https:\\\/\\\/tierschutz.com\\\/fr\\\/la-psa\\\/association\\\/rapports-annuels\\\/\",\"name\":\"Rapports annuels - Protection Suisse des Animaux PSA\",\"isPartOf\":{\"@id\":\"https:\\\/\\\/sts-psa.ch\\\/fr\\\/#website\"},\"primaryImageOfPage\":{\"@id\":\"https:\\\/\\\/tierschutz.com\\\/fr\\\/la-psa\\\/association\\\/rapports-annuels\\\/#primaryimage\"},\"image\":{\"@id\":\"https:\\\/\\\/tierschutz.com\\\/fr\\\/la-psa\\\/association\\\/rapports-annuels\\\/#primaryimage\"},\"thumbnailUrl\":\"https:\\\/\\\/tierschutz.com\\\/app\\\/uploads\\\/2023\\\/06\\\/sts-tierarzt-katzen-scaled.jpg\",\"datePublished\":\"2024-02-08T11:18:16+00:00\",\"dateModified\":\"2026-02-05T08:44:01+00:00\",\"breadcrumb\":{\"@id\":\"https:\\\/\\\/tierschutz.com\\\/fr\\\/la-psa\\\/association\\\/rapports-annuels\\\/#breadcrumb\"},\"inLanguage\":\"fr-FR\",\"potentialAction\":[{\"@type\":\"ReadAction\",\"target\":[\"https:\\\/\\\/tierschutz.com\\\/fr\\\/la-psa\\\/association\\\/rapports-annuels\\\/\"]}]},{\"@type\":\"ImageObject\",\"inLanguage\":\"fr-FR\",\"@id\":\"https:\\\/\\\/tierschutz.com\\\/fr\\\/la-psa\\\/association\\\/rapports-annuels\\\/#primaryimage\",\"url\":\"https:\\\/\\\/tierschutz.com\\\/app\\\/uploads\\\/2023\\\/06\\\/sts-tierarzt-katzen-scaled.jpg\",\"contentUrl\":\"https:\\\/\\\/tierschutz.com\\\/app\\\/uploads\\\/2023\\\/06\\\/sts-tierarzt-katzen-scaled.jpg\",\"width\":2560,\"height\":1708,\"caption\":\"Two cute cats are drinking milk from bowl\"},{\"@type\":\"BreadcrumbList\",\"@id\":\"https:\\\/\\\/tierschutz.com\\\/fr\\\/la-psa\\\/association\\\/rapports-annuels\\\/#breadcrumb\",\"itemListElement\":[{\"@type\":\"ListItem\",\"position\":1,\"name\":\"Page d\u2019accueil\",\"item\":\"https:\\\/\\\/mail.schweizer-tierschutz.ch\\\/fr\\\/\"},{\"@type\":\"ListItem\",\"position\":2,\"name\":\"La PSA\",\"item\":\"https:\\\/\\\/mail.swiss-animal-protection.ch\\\/fr\\\/la-psa\\\/\"},{\"@type\":\"ListItem\",\"position\":3,\"name\":\"Association\",\"item\":\"https:\\\/\\\/mail.swiss-animal-protection.ch\\\/fr\\\/la-psa\\\/association\\\/\"},{\"@type\":\"ListItem\",\"position\":4,\"name\":\"Rapports annuels\"}]},{\"@type\":\"WebSite\",\"@id\":\"https:\\\/\\\/sts-psa.ch\\\/fr\\\/#website\",\"url\":\"https:\\\/\\\/sts-psa.ch\\\/fr\\\/\",\"name\":\"tierschutz.com\",\"description\":\"Wir setzen uns f\u00fcr das Wohl der Tiere ein.\",\"publisher\":{\"@id\":\"https:\\\/\\\/sts-psa.ch\\\/fr\\\/#organization\"},\"alternateName\":\"Schweizer Tierschutz STS\",\"potentialAction\":[{\"@type\":\"SearchAction\",\"target\":{\"@type\":\"EntryPoint\",\"urlTemplate\":\"https:\\\/\\\/sts-psa.ch\\\/fr\\\/?s={search_term_string}\"},\"query-input\":{\"@type\":\"PropertyValueSpecification\",\"valueRequired\":true,\"valueName\":\"search_term_string\"}}],\"inLanguage\":\"fr-FR\"},{\"@type\":\"Organization\",\"@id\":\"https:\\\/\\\/sts-psa.ch\\\/fr\\\/#organization\",\"name\":\"Schweizer Tierschutz STS\",\"alternateName\":\"STS\",\"url\":\"https:\\\/\\\/sts-psa.ch\\\/fr\\\/\",\"logo\":{\"@type\":\"ImageObject\",\"inLanguage\":\"fr-FR\",\"@id\":\"https:\\\/\\\/sts-psa.ch\\\/fr\\\/#\\\/schema\\\/logo\\\/image\\\/\",\"url\":\"https:\\\/\\\/tierschutz.com\\\/app\\\/uploads\\\/2024\\\/04\\\/logo-schweizer-tierschutz-sts-1.svg\",\"contentUrl\":\"https:\\\/\\\/tierschutz.com\\\/app\\\/uploads\\\/2024\\\/04\\\/logo-schweizer-tierschutz-sts-1.svg\",\"caption\":\"Schweizer Tierschutz STS\"},\"image\":{\"@id\":\"https:\\\/\\\/sts-psa.ch\\\/fr\\\/#\\\/schema\\\/logo\\\/image\\\/\"},\"sameAs\":[\"https:\\\/\\\/www.facebook.com\\\/schweizertierschutz\\\/\",\"https:\\\/\\\/www.instagram.com\\\/schweizertierschutzsts\\\/\",\"https:\\\/\\\/www.youtube.com\\\/@STS_Tierschutz\",\"https:\\\/\\\/www.linkedin.com\\\/company\\\/schweizertierschutzsts\\\/\"],\"description\":\"Der Schweizer Tierschutz STS ist der Dachverband von 71 Tierschutzorganisationen in allen Sprachregionen der Schweiz und in Liechtenstein. Seine Mitarbeitenden leisten wissenschaftlich fundierte Grundlagenarbeit, setzen sich mit Projekten und Aktionen f\u00fcr den Schutz und das Wohlbefinden von Heim-, Wild-, Nutz- und Versuchstieren ein und sensibilisieren die \u00d6ffentlichkeit f\u00fcr Tierschutzthemen.\",\"email\":\"sts@tierschutz.com\",\"telephone\":\"061 365 99 99\",\"legalName\":\"Schweizer Tierschutz STS\"}]}<\/script>\n<!-- \/ Yoast SEO Premium plugin. -->","yoast_head_json":{"title":"Rapports annuels - Protection Suisse des Animaux PSA","robots":{"index":"index","follow":"follow","max-snippet":"max-snippet:-1","max-image-preview":"max-image-preview:large","max-video-preview":"max-video-preview:-1"},"canonical":"https:\/\/tierschutz.com\/fr\/la-psa\/association\/rapports-annuels\/","og_locale":"fr_FR","og_type":"article","og_title":"Rapports annuels","og_description":"Dans les rapports annuels de la Protection Suisse des Animaux PSA, vous trouverez des informations sur le travail sp\u00e9cialis\u00e9 et les projets.","og_url":"https:\/\/tierschutz.com\/fr\/la-psa\/association\/rapports-annuels\/","og_site_name":"Protection Suisse des Animaux PSA","article_publisher":"https:\/\/www.facebook.com\/schweizertierschutz\/","article_modified_time":"2026-02-05T08:44:01+00:00","og_image":[{"width":2560,"height":1708,"url":"https:\/\/mail.schweizer-tierschutz-sts.ch\/app\/uploads\/2023\/06\/sts-tierarzt-katzen-scaled.jpg","type":"image\/jpeg"}],"twitter_card":"summary_large_image","twitter_misc":{"Dur\u00e9e de lecture estim\u00e9e":"2 minutes"},"schema":{"@context":"https:\/\/schema.org","@graph":[{"@type":"WebPage","@id":"https:\/\/tierschutz.com\/fr\/la-psa\/association\/rapports-annuels\/","url":"https:\/\/tierschutz.com\/fr\/la-psa\/association\/rapports-annuels\/","name":"Rapports annuels - Protection Suisse des Animaux PSA","isPartOf":{"@id":"https:\/\/sts-psa.ch\/fr\/#website"},"primaryImageOfPage":{"@id":"https:\/\/tierschutz.com\/fr\/la-psa\/association\/rapports-annuels\/#primaryimage"},"image":{"@id":"https:\/\/tierschutz.com\/fr\/la-psa\/association\/rapports-annuels\/#primaryimage"},"thumbnailUrl":"https:\/\/tierschutz.com\/app\/uploads\/2023\/06\/sts-tierarzt-katzen-scaled.jpg","datePublished":"2024-02-08T11:18:16+00:00","dateModified":"2026-02-05T08:44:01+00:00","breadcrumb":{"@id":"https:\/\/tierschutz.com\/fr\/la-psa\/association\/rapports-annuels\/#breadcrumb"},"inLanguage":"fr-FR","potentialAction":[{"@type":"ReadAction","target":["https:\/\/tierschutz.com\/fr\/la-psa\/association\/rapports-annuels\/"]}]},{"@type":"ImageObject","inLanguage":"fr-FR","@id":"https:\/\/tierschutz.com\/fr\/la-psa\/association\/rapports-annuels\/#primaryimage","url":"https:\/\/tierschutz.com\/app\/uploads\/2023\/06\/sts-tierarzt-katzen-scaled.jpg","contentUrl":"https:\/\/tierschutz.com\/app\/uploads\/2023\/06\/sts-tierarzt-katzen-scaled.jpg","width":2560,"height":1708,"caption":"Two cute cats are drinking milk from bowl"},{"@type":"BreadcrumbList","@id":"https:\/\/tierschutz.com\/fr\/la-psa\/association\/rapports-annuels\/#breadcrumb","itemListElement":[{"@type":"ListItem","position":1,"name":"Page d\u2019accueil","item":"https:\/\/mail.schweizer-tierschutz.ch\/fr\/"},{"@type":"ListItem","position":2,"name":"La PSA","item":"https:\/\/mail.swiss-animal-protection.ch\/fr\/la-psa\/"},{"@type":"ListItem","position":3,"name":"Association","item":"https:\/\/mail.swiss-animal-protection.ch\/fr\/la-psa\/association\/"},{"@type":"ListItem","position":4,"name":"Rapports annuels"}]},{"@type":"WebSite","@id":"https:\/\/sts-psa.ch\/fr\/#website","url":"https:\/\/sts-psa.ch\/fr\/","name":"tierschutz.com","description":"Wir setzen uns f\u00fcr das Wohl der Tiere ein.","publisher":{"@id":"https:\/\/sts-psa.ch\/fr\/#organization"},"alternateName":"Schweizer Tierschutz STS","potentialAction":[{"@type":"SearchAction","target":{"@type":"EntryPoint","urlTemplate":"https:\/\/sts-psa.ch\/fr\/?s={search_term_string}"},"query-input":{"@type":"PropertyValueSpecification","valueRequired":true,"valueName":"search_term_string"}}],"inLanguage":"fr-FR"},{"@type":"Organization","@id":"https:\/\/sts-psa.ch\/fr\/#organization","name":"Schweizer Tierschutz STS","alternateName":"STS","url":"https:\/\/sts-psa.ch\/fr\/","logo":{"@type":"ImageObject","inLanguage":"fr-FR","@id":"https:\/\/sts-psa.ch\/fr\/#\/schema\/logo\/image\/","url":"https:\/\/tierschutz.com\/app\/uploads\/2024\/04\/logo-schweizer-tierschutz-sts-1.svg","contentUrl":"https:\/\/tierschutz.com\/app\/uploads\/2024\/04\/logo-schweizer-tierschutz-sts-1.svg","caption":"Schweizer Tierschutz STS"},"image":{"@id":"https:\/\/sts-psa.ch\/fr\/#\/schema\/logo\/image\/"},"sameAs":["https:\/\/www.facebook.com\/schweizertierschutz\/","https:\/\/www.instagram.com\/schweizertierschutzsts\/","https:\/\/www.youtube.com\/@STS_Tierschutz","https:\/\/www.linkedin.com\/company\/schweizertierschutzsts\/"],"description":"Der Schweizer Tierschutz STS ist der Dachverband von 71 Tierschutzorganisationen in allen Sprachregionen der Schweiz und in Liechtenstein. Seine Mitarbeitenden leisten wissenschaftlich fundierte Grundlagenarbeit, setzen sich mit Projekten und Aktionen f\u00fcr den Schutz und das Wohlbefinden von Heim-, Wild-, Nutz- und Versuchstieren ein und sensibilisieren die \u00d6ffentlichkeit f\u00fcr Tierschutzthemen.","email":"sts@tierschutz.com","telephone":"061 365 99 99","legalName":"Schweizer Tierschutz STS"}]}},"_links":{"self":[{"href":"https:\/\/tierschutz.com\/fr\/wp-json\/wp\/v2\/pages\/15920","targetHints":{"allow":["GET"]}}],"collection":[{"href":"https:\/\/tierschutz.com\/fr\/wp-json\/wp\/v2\/pages"}],"about":[{"href":"https:\/\/tierschutz.com\/fr\/wp-json\/wp\/v2\/types\/page"}],"author":[{"embeddable":true,"href":"https:\/\/tierschutz.com\/fr\/wp-json\/wp\/v2\/users\/5"}],"replies":[{"embeddable":true,"href":"https:\/\/tierschutz.com\/fr\/wp-json\/wp\/v2\/comments?post=15920"}],"version-history":[{"count":17,"href":"https:\/\/tierschutz.com\/fr\/wp-json\/wp\/v2\/pages\/15920\/revisions"}],"predecessor-version":[{"id":36057,"href":"https:\/\/tierschutz.com\/fr\/wp-json\/wp\/v2\/pages\/15920\/revisions\/36057"}],"up":[{"embeddable":true,"href":"https:\/\/tierschutz.com\/fr\/wp-json\/wp\/v2\/pages\/4507"}],"wp:featuredmedia":[{"embeddable":true,"href":"https:\/\/tierschutz.com\/fr\/wp-json\/wp\/v2\/media\/2948"}],"wp:attachment":[{"href":"https:\/\/tierschutz.com\/fr\/wp-json\/wp\/v2\/media?parent=15920"}],"curies":[{"name":"wp","href":"https:\/\/api.w.org\/{rel}","templated":true}]}}