{"id":2067,"date":"2023-05-04T15:22:37","date_gmt":"2023-05-04T13:22:37","guid":{"rendered":"https:\/\/dev.tierschutz.com\/?page_id=2067"},"modified":"2023-06-27T13:48:03","modified_gmt":"2023-06-27T11:48:03","slug":"voyager-avec-des-animaux","status":"publish","type":"page","link":"https:\/\/tierschutz.com\/fr\/detention-des-animaux\/detention-danimaux-de-compagnie\/voyager-avec-des-animaux\/","title":{"rendered":"Voyager avec des animaux"},"content":{"rendered":"\n<div class=\"wp-block-cover alignfull is-light\"><span aria-hidden=\"true\" class=\"wp-block-cover__background has-background-dim-20 has-background-dim\"><\/span><img loading=\"lazy\" decoding=\"async\" width=\"1416\" height=\"910\" class=\"wp-block-cover__image-background wp-image-1862\" alt=\"Ein Hund im Meer mit einem gelben Objekt im Mund\" src=\"https:\/\/tierschutz.com\/app\/uploads\/2023\/05\/STS-Reisen-mit-Tieren-1.jpg\" style=\"object-position:56% 65%\" data-object-fit=\"cover\" data-object-position=\"56% 65%\" srcset=\"https:\/\/tierschutz.com\/app\/uploads\/2023\/05\/STS-Reisen-mit-Tieren-1.jpg 1416w, https:\/\/tierschutz.com\/app\/uploads\/2023\/05\/STS-Reisen-mit-Tieren-1-300x193.jpg 300w, https:\/\/tierschutz.com\/app\/uploads\/2023\/05\/STS-Reisen-mit-Tieren-1-1024x658.jpg 1024w, https:\/\/tierschutz.com\/app\/uploads\/2023\/05\/STS-Reisen-mit-Tieren-1-768x494.jpg 768w\" sizes=\"auto, (max-width: 1416px) 100vw, 1416px\" \/><div class=\"wp-block-cover__inner-container is-layout-flow wp-block-cover-is-layout-flow\">\n<h2 class=\"wp-block-heading has-text-align-center has-background-color has-text-color\">Voyager avec des animaux<\/h2>\n<\/div><\/div>\n\n\n\n<div class=\"wp-block-group alignfull anchor-bar has-lightgray-background-color has-background is-layout-constrained wp-block-group-is-layout-constrained\">\n<div class=\"wp-block-group is-content-justification-center is-layout-flex wp-container-core-group-is-layout-b02886af wp-block-group-is-layout-flex\">\n<p class=\"has-large-font-size\"><strong><strong><a href=\"#reglementations\">r\u00e9glementations<\/a><\/strong><\/strong><\/p>\n\n\n\n<p class=\"has-large-font-size\"><strong><a href=\"#essentiel\"><strong>L\u2019essentiel en bref:<\/strong><\/a><\/strong><\/p>\n<\/div>\n<\/div>\n\n\n\n<div class=\"wp-block-group alignfull has-background-background-color has-background is-layout-constrained wp-block-group-is-layout-constrained\" id=\"reglementations\"><div class=\"yoast-breadcrumbs\"><span><span><a href=\"https:\/\/mail.schweizer-tierschutz.ch\/fr\/\">Page d\u2019accueil<\/a><\/span> \u00bb <span><a href=\"https:\/\/tierschutz.com\/fr\/detention-des-animaux\/\">D\u00e9tention des animaux<\/a><\/span> \u00bb <span><a href=\"https:\/\/mail.schweizertierschutz.ch\/fr\/detention-des-animaux\/detention-danimaux-de-compagnie\/\">D\u00e9tention d\u2019animaux de compagnie<\/a><\/span> \u00bb <span class=\"breadcrumb_last\" aria-current=\"page\">Voyager avec des animaux<\/span><\/span><\/div>\n\n\n<h1 class=\"wp-block-heading has-text-align-center\"><strong>Voyager avec des animaux<\/strong><\/h1>\n\n\n\n<h2 class=\"wp-block-heading has-text-align-center\"><strong>r\u00e9glementations et dispositions essentielles<\/strong><\/h2>\n\n\n\n<hr class=\"wp-block-separator has-text-color has-primary-color has-alpha-channel-opacity has-primary-background-color has-background\"\/>\n\n\n\n<p class=\"has-text-align-center\">Si vous souhaitez voyager avec votre animal de compagniedomestique, il est extr\u00eamement important de conna\u00eetre les dispositions et r\u00e9glementations en vigueur pour voyager avec des animaux en Suisse et \u00e0 l\u2019\u00e9tranger.<\/p>\n\n\n\n<p class=\"has-text-align-center\">Dans tous les cas, renseignez-vous suffisamment t\u00f4t aupr\u00e8s de l\u2019Office f\u00e9d\u00e9ral de la s\u00e9curit\u00e9 alimentaire et des affaires v\u00e9t\u00e9rinaires (OSAV) sur toutes les formalit\u00e9s et \u00e9ventuelles autorisations et demandes pouvant s\u2019av\u00e9rer n\u00e9cessaires. L\u2019OSAV procure des informations d\u00e9taill\u00e9es et toujours actualis\u00e9es sur les diff\u00e9rentes r\u00e9glementations pour voyager avec des animaux.<\/p>\n<\/div>\n\n\n\n<div class=\"wp-block-media-text alignwide is-stacked-on-mobile is-vertically-aligned-center\" id=\"essentiel\"><figure class=\"wp-block-media-text__media\"><img loading=\"lazy\" decoding=\"async\" width=\"1024\" height=\"683\" src=\"https:\/\/tierschutz.com\/app\/uploads\/2023\/05\/52180285092_b575189670_k-1024x683.jpg\" alt=\"Hund im Auto\" class=\"wp-image-2059 size-full\" srcset=\"https:\/\/tierschutz.com\/app\/uploads\/2023\/05\/52180285092_b575189670_k-1024x683.jpg 1024w, https:\/\/tierschutz.com\/app\/uploads\/2023\/05\/52180285092_b575189670_k-300x200.jpg 300w, https:\/\/tierschutz.com\/app\/uploads\/2023\/05\/52180285092_b575189670_k-768x512.jpg 768w, https:\/\/tierschutz.com\/app\/uploads\/2023\/05\/52180285092_b575189670_k-1536x1024.jpg 1536w, https:\/\/tierschutz.com\/app\/uploads\/2023\/05\/52180285092_b575189670_k.jpg 2048w\" sizes=\"auto, (max-width: 1024px) 100vw, 1024px\" \/><\/figure><div class=\"wp-block-media-text__content\">\n<div class=\"wp-block-group is-style-shadow-box has-background-background-color has-background is-layout-constrained wp-block-group-is-layout-constrained\">\n<h3 class=\"wp-block-heading\"><strong>L\u2019essentiel en bref:<\/strong><\/h3>\n\n\n\n<ul class=\"wp-block-list\">\n<li class=\"is-style-check\">Veillez soigneusement \u00e0 la s\u00e9curit\u00e9 des animaux de compagnie domestiques qui vous accompagnent dans la voiture. Optez pour des syst\u00e8mes de protection comme les cages, les ceintures de s\u00e9curit\u00e9, les si\u00e8ges de voiture pour chiens ou les syst\u00e8mes de s\u00e9paration.<\/li>\n\n\n\n<li class=\"is-style-check\">Informez-vous sur les dispositions en mati\u00e8re de voyage et de transport dans les pays de destination ou de transit (carnet de vaccination, entre autres).<\/li>\n\n\n\n<li class=\"is-style-check\">Interrompez le d\u00e9placement toutes les heures pour que les chiens puissent bouger et faire leurs besoins.<\/li>\n\n\n\n<li class=\"is-style-check\">Lors de longs trajets, r\u00e9compensez votre animal de temps \u00e0 autre en lui donnant ses friandises pr\u00e9f\u00e9r\u00e9es.<\/li>\n\n\n\n<li class=\"is-style-check\">Emmenez la couverture et les jouets pr\u00e9f\u00e9r\u00e9s de votre animal de compagniedomestique, la confiance r\u00e9duit le stress.<\/li>\n\n\n\n<li class=\"is-style-check\">Ne laissez jamais un animal seul dans la voiture lorsque le soleil brille. Le risque d\u2019un coup de chaleur augmente rapidement.<\/li>\n\n\n\n<li class=\"is-style-check\">Notez qu\u2019en cas d\u2019accident, les indemnisations de l\u2019assurance peuvent \u00eatre r\u00e9duites pour n\u00e9gligence, si les animaux n\u2019\u00e9taient pas correctement attach\u00e9s.<\/li>\n<\/ul>\n\n\n\n<div class=\"wp-block-buttons is-layout-flex wp-block-buttons-is-layout-flex\">\n<div class=\"wp-block-button\"><a class=\"wp-block-button__link wp-element-button\" href=\"https:\/\/www.blv.admin.ch\/blv\/de\/home\/tiere\/reisen-mit-heimtieren.html\" target=\"_blank\" rel=\"noreferrer noopener\">Pr\u00eat \u00e0 partir?<\/a><\/div>\n<\/div>\n<\/div>\n<\/div><\/div>\n","protected":false},"excerpt":{"rendered":"<p>r\u00e9glementations L\u2019essentiel en bref: Voyager avec des animaux r\u00e9glementations et dispositions essentielles Si vous souhaitez voyager avec votre animal de [&hellip;]<\/p>\n","protected":false},"author":5,"featured_media":0,"parent":4253,"menu_order":108,"comment_status":"closed","ping_status":"closed","template":"","meta":{"_acf_changed":false,"inline_featured_image":false,"_vp_format_video_url":"","_vp_image_focal_point":[],"footnotes":""},"class_list":["post-2067","page","type-page","status-publish","hentry"],"acf":[],"yoast_head":"<!-- This site is optimized with the Yoast SEO Premium plugin v27.4 (Yoast SEO v27.4) - https:\/\/yoast.com\/product\/yoast-seo-premium-wordpress\/ -->\n<title>Voyager avec des animaux - Protection Suisse des Animaux PSA<\/title>\n<meta name=\"robots\" content=\"index, follow, max-snippet:-1, max-image-preview:large, max-video-preview:-1\" \/>\n<link rel=\"canonical\" href=\"https:\/\/tierschutz.com\/fr\/detention-des-animaux\/detention-danimaux-de-compagnie\/voyager-avec-des-animaux\/\" \/>\n<meta property=\"og:locale\" content=\"fr_FR\" \/>\n<meta property=\"og:type\" content=\"article\" \/>\n<meta property=\"og:title\" content=\"Voyager avec des animaux\" \/>\n<meta property=\"og:description\" content=\"r\u00e9glementations L\u2019essentiel en bref: Voyager avec des animaux r\u00e9glementations et dispositions essentielles Si vous souhaitez voyager avec votre animal de [&hellip;]\" \/>\n<meta property=\"og:url\" content=\"https:\/\/tierschutz.com\/fr\/detention-des-animaux\/detention-danimaux-de-compagnie\/voyager-avec-des-animaux\/\" \/>\n<meta property=\"og:site_name\" content=\"Protection Suisse des Animaux PSA\" \/>\n<meta property=\"article:publisher\" content=\"https:\/\/www.facebook.com\/schweizertierschutz\/\" \/>\n<meta property=\"article:modified_time\" content=\"2023-06-27T11:48:03+00:00\" \/>\n<meta property=\"og:image\" content=\"https:\/\/tierschutz.com\/app\/uploads\/2023\/05\/STS-Reisen-mit-Tieren-1.jpg\" \/>\n<meta name=\"twitter:card\" content=\"summary_large_image\" \/>\n<meta name=\"twitter:label1\" content=\"Dur\u00e9e de lecture estim\u00e9e\" \/>\n\t<meta name=\"twitter:data1\" content=\"2 minutes\" \/>\n<script type=\"application\/ld+json\" class=\"yoast-schema-graph\">{\"@context\":\"https:\\\/\\\/schema.org\",\"@graph\":[{\"@type\":\"WebPage\",\"@id\":\"https:\\\/\\\/tierschutz.com\\\/fr\\\/detention-des-animaux\\\/detention-danimaux-de-compagnie\\\/voyager-avec-des-animaux\\\/\",\"url\":\"https:\\\/\\\/tierschutz.com\\\/fr\\\/detention-des-animaux\\\/detention-danimaux-de-compagnie\\\/voyager-avec-des-animaux\\\/\",\"name\":\"Voyager avec des animaux - Protection Suisse des Animaux PSA\",\"isPartOf\":{\"@id\":\"https:\\\/\\\/sts-psa.ch\\\/fr\\\/#website\"},\"primaryImageOfPage\":{\"@id\":\"https:\\\/\\\/tierschutz.com\\\/fr\\\/detention-des-animaux\\\/detention-danimaux-de-compagnie\\\/voyager-avec-des-animaux\\\/#primaryimage\"},\"image\":{\"@id\":\"https:\\\/\\\/tierschutz.com\\\/fr\\\/detention-des-animaux\\\/detention-danimaux-de-compagnie\\\/voyager-avec-des-animaux\\\/#primaryimage\"},\"thumbnailUrl\":\"https:\\\/\\\/tierschutz.com\\\/app\\\/uploads\\\/2023\\\/05\\\/STS-Reisen-mit-Tieren-1.jpg\",\"datePublished\":\"2023-05-04T13:22:37+00:00\",\"dateModified\":\"2023-06-27T11:48:03+00:00\",\"breadcrumb\":{\"@id\":\"https:\\\/\\\/tierschutz.com\\\/fr\\\/detention-des-animaux\\\/detention-danimaux-de-compagnie\\\/voyager-avec-des-animaux\\\/#breadcrumb\"},\"inLanguage\":\"fr-FR\",\"potentialAction\":[{\"@type\":\"ReadAction\",\"target\":[\"https:\\\/\\\/tierschutz.com\\\/fr\\\/detention-des-animaux\\\/detention-danimaux-de-compagnie\\\/voyager-avec-des-animaux\\\/\"]}]},{\"@type\":\"ImageObject\",\"inLanguage\":\"fr-FR\",\"@id\":\"https:\\\/\\\/tierschutz.com\\\/fr\\\/detention-des-animaux\\\/detention-danimaux-de-compagnie\\\/voyager-avec-des-animaux\\\/#primaryimage\",\"url\":\"https:\\\/\\\/tierschutz.com\\\/app\\\/uploads\\\/2023\\\/05\\\/STS-Reisen-mit-Tieren-1.jpg\",\"contentUrl\":\"https:\\\/\\\/tierschutz.com\\\/app\\\/uploads\\\/2023\\\/05\\\/STS-Reisen-mit-Tieren-1.jpg\"},{\"@type\":\"BreadcrumbList\",\"@id\":\"https:\\\/\\\/tierschutz.com\\\/fr\\\/detention-des-animaux\\\/detention-danimaux-de-compagnie\\\/voyager-avec-des-animaux\\\/#breadcrumb\",\"itemListElement\":[{\"@type\":\"ListItem\",\"position\":1,\"name\":\"Page d\u2019accueil\",\"item\":\"https:\\\/\\\/mail.schweizer-tierschutz.ch\\\/fr\\\/\"},{\"@type\":\"ListItem\",\"position\":2,\"name\":\"D\u00e9tention des animaux\",\"item\":\"https:\\\/\\\/tierschutz.com\\\/fr\\\/detention-des-animaux\\\/\"},{\"@type\":\"ListItem\",\"position\":3,\"name\":\"D\u00e9tention d\u2019animaux de compagnie\",\"item\":\"https:\\\/\\\/mail.schweizertierschutz.ch\\\/fr\\\/detention-des-animaux\\\/detention-danimaux-de-compagnie\\\/\"},{\"@type\":\"ListItem\",\"position\":4,\"name\":\"Voyager avec des animaux\"}]},{\"@type\":\"WebSite\",\"@id\":\"https:\\\/\\\/sts-psa.ch\\\/fr\\\/#website\",\"url\":\"https:\\\/\\\/sts-psa.ch\\\/fr\\\/\",\"name\":\"tierschutz.com\",\"description\":\"Wir setzen uns f\u00fcr das Wohl der Tiere ein.\",\"publisher\":{\"@id\":\"https:\\\/\\\/sts-psa.ch\\\/fr\\\/#organization\"},\"alternateName\":\"Schweizer Tierschutz STS\",\"potentialAction\":[{\"@type\":\"SearchAction\",\"target\":{\"@type\":\"EntryPoint\",\"urlTemplate\":\"https:\\\/\\\/sts-psa.ch\\\/fr\\\/?s={search_term_string}\"},\"query-input\":{\"@type\":\"PropertyValueSpecification\",\"valueRequired\":true,\"valueName\":\"search_term_string\"}}],\"inLanguage\":\"fr-FR\"},{\"@type\":\"Organization\",\"@id\":\"https:\\\/\\\/sts-psa.ch\\\/fr\\\/#organization\",\"name\":\"Schweizer Tierschutz STS\",\"alternateName\":\"STS\",\"url\":\"https:\\\/\\\/sts-psa.ch\\\/fr\\\/\",\"logo\":{\"@type\":\"ImageObject\",\"inLanguage\":\"fr-FR\",\"@id\":\"https:\\\/\\\/sts-psa.ch\\\/fr\\\/#\\\/schema\\\/logo\\\/image\\\/\",\"url\":\"https:\\\/\\\/tierschutz.com\\\/app\\\/uploads\\\/2024\\\/04\\\/logo-schweizer-tierschutz-sts-1.svg\",\"contentUrl\":\"https:\\\/\\\/tierschutz.com\\\/app\\\/uploads\\\/2024\\\/04\\\/logo-schweizer-tierschutz-sts-1.svg\",\"caption\":\"Schweizer Tierschutz STS\"},\"image\":{\"@id\":\"https:\\\/\\\/sts-psa.ch\\\/fr\\\/#\\\/schema\\\/logo\\\/image\\\/\"},\"sameAs\":[\"https:\\\/\\\/www.facebook.com\\\/schweizertierschutz\\\/\",\"https:\\\/\\\/www.instagram.com\\\/schweizertierschutzsts\\\/\",\"https:\\\/\\\/www.youtube.com\\\/@STS_Tierschutz\",\"https:\\\/\\\/www.linkedin.com\\\/company\\\/schweizertierschutzsts\\\/\"],\"description\":\"Der Schweizer Tierschutz STS ist der Dachverband von 71 Tierschutzorganisationen in allen Sprachregionen der Schweiz und in Liechtenstein. Seine Mitarbeitenden leisten wissenschaftlich fundierte Grundlagenarbeit, setzen sich mit Projekten und Aktionen f\u00fcr den Schutz und das Wohlbefinden von Heim-, Wild-, Nutz- und Versuchstieren ein und sensibilisieren die \u00d6ffentlichkeit f\u00fcr Tierschutzthemen.\",\"email\":\"sts@tierschutz.com\",\"telephone\":\"061 365 99 99\",\"legalName\":\"Schweizer Tierschutz STS\"}]}<\/script>\n<!-- \/ Yoast SEO Premium plugin. -->","yoast_head_json":{"title":"Voyager avec des animaux - Protection Suisse des Animaux PSA","robots":{"index":"index","follow":"follow","max-snippet":"max-snippet:-1","max-image-preview":"max-image-preview:large","max-video-preview":"max-video-preview:-1"},"canonical":"https:\/\/tierschutz.com\/fr\/detention-des-animaux\/detention-danimaux-de-compagnie\/voyager-avec-des-animaux\/","og_locale":"fr_FR","og_type":"article","og_title":"Voyager avec des animaux","og_description":"r\u00e9glementations L\u2019essentiel en bref: Voyager avec des animaux r\u00e9glementations et dispositions essentielles Si vous souhaitez voyager avec votre animal de [&hellip;]","og_url":"https:\/\/tierschutz.com\/fr\/detention-des-animaux\/detention-danimaux-de-compagnie\/voyager-avec-des-animaux\/","og_site_name":"Protection Suisse des Animaux PSA","article_publisher":"https:\/\/www.facebook.com\/schweizertierschutz\/","article_modified_time":"2023-06-27T11:48:03+00:00","og_image":[{"url":"https:\/\/tierschutz.com\/app\/uploads\/2023\/05\/STS-Reisen-mit-Tieren-1.jpg","type":"","width":"","height":""}],"twitter_card":"summary_large_image","twitter_misc":{"Dur\u00e9e de lecture estim\u00e9e":"2 minutes"},"schema":{"@context":"https:\/\/schema.org","@graph":[{"@type":"WebPage","@id":"https:\/\/tierschutz.com\/fr\/detention-des-animaux\/detention-danimaux-de-compagnie\/voyager-avec-des-animaux\/","url":"https:\/\/tierschutz.com\/fr\/detention-des-animaux\/detention-danimaux-de-compagnie\/voyager-avec-des-animaux\/","name":"Voyager avec des animaux - Protection Suisse des Animaux PSA","isPartOf":{"@id":"https:\/\/sts-psa.ch\/fr\/#website"},"primaryImageOfPage":{"@id":"https:\/\/tierschutz.com\/fr\/detention-des-animaux\/detention-danimaux-de-compagnie\/voyager-avec-des-animaux\/#primaryimage"},"image":{"@id":"https:\/\/tierschutz.com\/fr\/detention-des-animaux\/detention-danimaux-de-compagnie\/voyager-avec-des-animaux\/#primaryimage"},"thumbnailUrl":"https:\/\/tierschutz.com\/app\/uploads\/2023\/05\/STS-Reisen-mit-Tieren-1.jpg","datePublished":"2023-05-04T13:22:37+00:00","dateModified":"2023-06-27T11:48:03+00:00","breadcrumb":{"@id":"https:\/\/tierschutz.com\/fr\/detention-des-animaux\/detention-danimaux-de-compagnie\/voyager-avec-des-animaux\/#breadcrumb"},"inLanguage":"fr-FR","potentialAction":[{"@type":"ReadAction","target":["https:\/\/tierschutz.com\/fr\/detention-des-animaux\/detention-danimaux-de-compagnie\/voyager-avec-des-animaux\/"]}]},{"@type":"ImageObject","inLanguage":"fr-FR","@id":"https:\/\/tierschutz.com\/fr\/detention-des-animaux\/detention-danimaux-de-compagnie\/voyager-avec-des-animaux\/#primaryimage","url":"https:\/\/tierschutz.com\/app\/uploads\/2023\/05\/STS-Reisen-mit-Tieren-1.jpg","contentUrl":"https:\/\/tierschutz.com\/app\/uploads\/2023\/05\/STS-Reisen-mit-Tieren-1.jpg"},{"@type":"BreadcrumbList","@id":"https:\/\/tierschutz.com\/fr\/detention-des-animaux\/detention-danimaux-de-compagnie\/voyager-avec-des-animaux\/#breadcrumb","itemListElement":[{"@type":"ListItem","position":1,"name":"Page d\u2019accueil","item":"https:\/\/mail.schweizer-tierschutz.ch\/fr\/"},{"@type":"ListItem","position":2,"name":"D\u00e9tention des animaux","item":"https:\/\/tierschutz.com\/fr\/detention-des-animaux\/"},{"@type":"ListItem","position":3,"name":"D\u00e9tention d\u2019animaux de compagnie","item":"https:\/\/mail.schweizertierschutz.ch\/fr\/detention-des-animaux\/detention-danimaux-de-compagnie\/"},{"@type":"ListItem","position":4,"name":"Voyager avec des animaux"}]},{"@type":"WebSite","@id":"https:\/\/sts-psa.ch\/fr\/#website","url":"https:\/\/sts-psa.ch\/fr\/","name":"tierschutz.com","description":"Wir setzen uns f\u00fcr das Wohl der Tiere ein.","publisher":{"@id":"https:\/\/sts-psa.ch\/fr\/#organization"},"alternateName":"Schweizer Tierschutz STS","potentialAction":[{"@type":"SearchAction","target":{"@type":"EntryPoint","urlTemplate":"https:\/\/sts-psa.ch\/fr\/?s={search_term_string}"},"query-input":{"@type":"PropertyValueSpecification","valueRequired":true,"valueName":"search_term_string"}}],"inLanguage":"fr-FR"},{"@type":"Organization","@id":"https:\/\/sts-psa.ch\/fr\/#organization","name":"Schweizer Tierschutz STS","alternateName":"STS","url":"https:\/\/sts-psa.ch\/fr\/","logo":{"@type":"ImageObject","inLanguage":"fr-FR","@id":"https:\/\/sts-psa.ch\/fr\/#\/schema\/logo\/image\/","url":"https:\/\/tierschutz.com\/app\/uploads\/2024\/04\/logo-schweizer-tierschutz-sts-1.svg","contentUrl":"https:\/\/tierschutz.com\/app\/uploads\/2024\/04\/logo-schweizer-tierschutz-sts-1.svg","caption":"Schweizer Tierschutz STS"},"image":{"@id":"https:\/\/sts-psa.ch\/fr\/#\/schema\/logo\/image\/"},"sameAs":["https:\/\/www.facebook.com\/schweizertierschutz\/","https:\/\/www.instagram.com\/schweizertierschutzsts\/","https:\/\/www.youtube.com\/@STS_Tierschutz","https:\/\/www.linkedin.com\/company\/schweizertierschutzsts\/"],"description":"Der Schweizer Tierschutz STS ist der Dachverband von 71 Tierschutzorganisationen in allen Sprachregionen der Schweiz und in Liechtenstein. Seine Mitarbeitenden leisten wissenschaftlich fundierte Grundlagenarbeit, setzen sich mit Projekten und Aktionen f\u00fcr den Schutz und das Wohlbefinden von Heim-, Wild-, Nutz- und Versuchstieren ein und sensibilisieren die \u00d6ffentlichkeit f\u00fcr Tierschutzthemen.","email":"sts@tierschutz.com","telephone":"061 365 99 99","legalName":"Schweizer Tierschutz STS"}]}},"_links":{"self":[{"href":"https:\/\/tierschutz.com\/fr\/wp-json\/wp\/v2\/pages\/2067","targetHints":{"allow":["GET"]}}],"collection":[{"href":"https:\/\/tierschutz.com\/fr\/wp-json\/wp\/v2\/pages"}],"about":[{"href":"https:\/\/tierschutz.com\/fr\/wp-json\/wp\/v2\/types\/page"}],"author":[{"embeddable":true,"href":"https:\/\/tierschutz.com\/fr\/wp-json\/wp\/v2\/users\/5"}],"replies":[{"embeddable":true,"href":"https:\/\/tierschutz.com\/fr\/wp-json\/wp\/v2\/comments?post=2067"}],"version-history":[{"count":7,"href":"https:\/\/tierschutz.com\/fr\/wp-json\/wp\/v2\/pages\/2067\/revisions"}],"predecessor-version":[{"id":6690,"href":"https:\/\/tierschutz.com\/fr\/wp-json\/wp\/v2\/pages\/2067\/revisions\/6690"}],"up":[{"embeddable":true,"href":"https:\/\/tierschutz.com\/fr\/wp-json\/wp\/v2\/pages\/4253"}],"wp:attachment":[{"href":"https:\/\/tierschutz.com\/fr\/wp-json\/wp\/v2\/media?parent=2067"}],"curies":[{"name":"wp","href":"https:\/\/api.w.org\/{rel}","templated":true}]}}