{"id":3214,"date":"2023-05-17T18:23:11","date_gmt":"2023-05-17T16:23:11","guid":{"rendered":"https:\/\/dev.tierschutz.com\/?page_id=3214"},"modified":"2026-02-16T11:32:19","modified_gmt":"2026-02-16T10:32:19","slug":"impressum","status":"publish","type":"page","link":"https:\/\/tierschutz.com\/fr\/impressum\/","title":{"rendered":"Impressum"},"content":{"rendered":"\n<div class=\"wp-block-cover alignfull is-light\"><img loading=\"lazy\" decoding=\"async\" width=\"2560\" height=\"1706\" class=\"wp-block-cover__image-background wp-image-3656\" alt=\"\" src=\"https:\/\/tierschutz.com\/app\/uploads\/2023\/06\/sts-impressum-scaled.jpg\" data-object-fit=\"cover\" srcset=\"https:\/\/tierschutz.com\/app\/uploads\/2023\/06\/sts-impressum-scaled.jpg 2560w, https:\/\/tierschutz.com\/app\/uploads\/2023\/06\/sts-impressum-300x200.jpg 300w, https:\/\/tierschutz.com\/app\/uploads\/2023\/06\/sts-impressum-1024x682.jpg 1024w, https:\/\/tierschutz.com\/app\/uploads\/2023\/06\/sts-impressum-768x512.jpg 768w, https:\/\/tierschutz.com\/app\/uploads\/2023\/06\/sts-impressum-1536x1024.jpg 1536w, https:\/\/tierschutz.com\/app\/uploads\/2023\/06\/sts-impressum-2048x1365.jpg 2048w\" sizes=\"auto, (max-width: 2560px) 100vw, 2560px\" \/><span aria-hidden=\"true\" class=\"wp-block-cover__background has-black-background-color has-background-dim-20 has-background-dim\"><\/span><div class=\"wp-block-cover__inner-container is-layout-flow wp-block-cover-is-layout-flow\">\n<h2 class=\"wp-block-heading has-text-align-center has-background-color has-text-color\" id=\"h-impressum\"><strong>Impressum<\/strong><\/h2>\n<\/div><\/div>\n\n\n\n<div class=\"wp-block-group has-background-background-color has-background is-layout-constrained wp-block-group-is-layout-constrained\"><div class=\"yoast-breadcrumbs\"><span><span><a href=\"https:\/\/mail.protection-animaux-psa.ch\/fr\/\">Page d\u2019accueil<\/a><\/span> \u00bb <span class=\"breadcrumb_last\" aria-current=\"page\">Impressum<\/span><\/span><\/div>\n\n\n<h1 class=\"wp-block-heading has-text-align-center\" id=\"h-impressum-protection-suisse-des-animaux-psa\"><strong>Impressum <strong>Protection suisse des animaux PSA<\/strong><\/strong><\/h1>\n\n\n\n<hr class=\"wp-block-separator has-text-color has-primary-color has-alpha-channel-opacity has-primary-background-color has-background\"\/>\n<\/div>\n\n\n\n<div class=\"wp-block-group alignfull has-background-background-color has-background is-layout-constrained wp-block-group-is-layout-constrained\">\n<div class=\"wp-block-group is-nowrap is-layout-flex wp-container-core-group-is-layout-f66f9956 wp-block-group-is-layout-flex\">\n<div class=\"wp-block-group is-style-shadow-box has-background-background-color has-background is-layout-constrained wp-block-group-is-layout-constrained\">\n<h3 class=\"wp-block-heading\" id=\"h-protection-suisse-des-animaux-psa\"><strong><strong>Protection suisse des animaux PSA<\/strong><\/strong><\/h3>\n\n\n\n<p>Dornacherstrasse 101<br>CH-4053 Basel<br><br>T\u00e9l\u00e9phone <a href=\"tel:+41585106400\">058 510 64 00<\/a><br><a href=\"mailto:psa@protection-animaux.com\"><\/a><a href=\"mailto:psa@protection-animaux.com\">psa@protection-animaux.com<\/a><\/p>\n\n\n\n<p>Pr\u00e9sident:<br>Peter V. Kunz<\/p>\n\n\n\n<p>Made by: <a href=\"https:\/\/xeit.ch\/webseiten-apps\/websites\/wordpress-websites\/\" target=\"_blank\" rel=\"noreferrer noopener\">xeit AG<\/a> &#8211; die <a href=\"https:\/\/xeit.ch\/webseiten-apps\/websites\/wordpress-websites\/\">WordPress-Agentur<\/a><\/p>\n\n\n\n<p>Webmaster: <a href=\"https:\/\/www.frefelweb.ch\" target=\"_blank\" rel=\"noreferrer noopener\">www.frefelweb.ch<\/a><\/p>\n<\/div>\n\n\n\n<div class=\"wp-block-group is-style-shadow-box has-background-background-color has-background is-layout-constrained wp-block-group-is-layout-constrained\">\n<h3 class=\"wp-block-heading\" id=\"h-avis-de-responsabilite\"><strong>Avis de responsabilit\u00e9<\/strong><\/h3>\n\n\n\n<p>Malgr\u00e9 un contr\u00f4le minutieux du contenu, nous n&#8217;assumons aucune responsabilit\u00e9 pour le contenu des liens externes.<\/p>\n<\/div>\n<\/div>\n<\/div>\n\n\n\n<div class=\"wp-block-group alignfull has-background-background-color has-background is-layout-constrained wp-block-group-is-layout-constrained\">\n<div class=\"wp-block-group is-nowrap is-layout-flex wp-container-core-group-is-layout-6c531013 wp-block-group-is-layout-flex\">\n<div class=\"wp-block-group is-style-shadow-box width100 has-background-background-color has-background is-layout-constrained wp-block-group-is-layout-constrained\">\n<h3 class=\"wp-block-heading\" id=\"h-regles-internes-pour-les-canaux-de-medias-sociaux-de-la-psa\"><strong><strong>R\u00e8gles internes pour les canaux de m\u00e9dias sociaux de la PSA<\/strong><\/strong><\/h3>\n\n\n\n<p>Veuillez respecter les r\u00e8gles suivantes pour les commentaires sur Facebook, Instagram, Linkedin, YouTube et Vimeo :<\/p>\n\n\n\n<ul class=\"wp-block-list\">\n<li>Les commentaires doivent se rapporter au th\u00e8me du post concern\u00e9.<\/li>\n\n\n\n<li>Les contributions des utilisateurs et utilisatrices sur les canaux de m\u00e9dias sociaux de la PSA ne refl\u00e8tent pas notre opinion.<\/li>\n\n\n\n<li>Respectez les autres utilisateurs et leurs opinions. Restez fair-play et objectif et n&#8217;oubliez pas que la communication sur ces pages est publique.<\/li>\n\n\n\n<li><strong>Nous nous r\u00e9servons le droit de supprimer les contributions qui ne respectent pas ces r\u00e8gles, sans avoir \u00e0 en indiquer les raisons. Les contenus suivants ne sont notamment pas autoris\u00e9s :<\/strong>\n<ul class=\"wp-block-list\">\n<li>Les contributions et commentaires portant atteinte \u00e0 l&#8217;honneur ou dont le contenu est raciste, discriminatoire, sexiste, pornographique, faisant l&#8217;apologie de la violence, trompeur ou contraire \u00e0 la loi.<\/li>\n\n\n\n<li>Propos inacceptables pour les jeunes ou suggestifs<\/li>\n\n\n\n<li>les attaques personnelles<\/li>\n\n\n\n<li>Spam, annonces de contact, publicit\u00e9s et autres contenus commerciaux<\/li>\n\n\n\n<li>Activit\u00e9s qui entravent le bon fonctionnement des pages des m\u00e9dias sociaux, ainsi que le t\u00e9l\u00e9chargement de documents contenant des virus nuisibles ou autres.<\/li>\n\n\n\n<li>les contenus qui violent les droits de la Protection Suisse des Animaux PSA, de ses membres et de tiers.<\/li>\n<\/ul>\n<\/li>\n<\/ul>\n\n\n\n<p>Nous nous tenons volontiers \u00e0 votre disposition pour toute question, suggestion ou demande.<\/p>\n<\/div>\n<\/div>\n<\/div>\n","protected":false},"excerpt":{"rendered":"<p>Impressum Protection suisse des animaux PSA Protection suisse des animaux PSA Dornacherstrasse 101CH-4053 Basel T\u00e9l\u00e9phone 058 510 64 00psa@protection-animaux.com Pr\u00e9sident:Peter [&hellip;]<\/p>\n","protected":false},"author":5,"featured_media":0,"parent":0,"menu_order":461,"comment_status":"closed","ping_status":"closed","template":"","meta":{"_acf_changed":false,"inline_featured_image":false,"_vp_format_video_url":"","_vp_image_focal_point":[],"footnotes":""},"class_list":["post-3214","page","type-page","status-publish","hentry"],"acf":[],"yoast_head":"<!-- This site is optimized with the Yoast SEO Premium plugin v27.4 (Yoast SEO v27.4) - https:\/\/yoast.com\/product\/yoast-seo-premium-wordpress\/ -->\n<title>Impressum - Protection Suisse des Animaux PSA<\/title>\n<meta name=\"robots\" content=\"index, follow, max-snippet:-1, max-image-preview:large, max-video-preview:-1\" \/>\n<link rel=\"canonical\" href=\"https:\/\/tierschutz.com\/fr\/impressum\/\" \/>\n<meta property=\"og:locale\" content=\"fr_FR\" \/>\n<meta property=\"og:type\" content=\"article\" \/>\n<meta property=\"og:title\" content=\"Impressum\" \/>\n<meta property=\"og:description\" content=\"Impressum Protection suisse des animaux PSA Protection suisse des animaux PSA Dornacherstrasse 101CH-4053 Basel T\u00e9l\u00e9phone 058 510 64 00psa@protection-animaux.com Pr\u00e9sident:Peter [&hellip;]\" \/>\n<meta property=\"og:url\" content=\"https:\/\/tierschutz.com\/fr\/impressum\/\" \/>\n<meta property=\"og:site_name\" content=\"Protection Suisse des Animaux PSA\" \/>\n<meta property=\"article:publisher\" content=\"https:\/\/www.facebook.com\/schweizertierschutz\/\" \/>\n<meta property=\"article:modified_time\" content=\"2026-02-16T10:32:19+00:00\" \/>\n<meta property=\"og:image\" content=\"https:\/\/tierschutz.com\/app\/uploads\/2023\/06\/sts-impressum-scaled.jpg\" \/>\n<meta name=\"twitter:card\" content=\"summary_large_image\" \/>\n<meta name=\"twitter:label1\" content=\"Dur\u00e9e de lecture estim\u00e9e\" \/>\n\t<meta name=\"twitter:data1\" content=\"2 minutes\" \/>\n<script type=\"application\/ld+json\" class=\"yoast-schema-graph\">{\"@context\":\"https:\\\/\\\/schema.org\",\"@graph\":[{\"@type\":\"WebPage\",\"@id\":\"https:\\\/\\\/tierschutz.com\\\/fr\\\/impressum\\\/\",\"url\":\"https:\\\/\\\/tierschutz.com\\\/fr\\\/impressum\\\/\",\"name\":\"Impressum - Protection Suisse des Animaux PSA\",\"isPartOf\":{\"@id\":\"https:\\\/\\\/mail.schweizer-tierschutz.ch\\\/#website\"},\"primaryImageOfPage\":{\"@id\":\"https:\\\/\\\/tierschutz.com\\\/fr\\\/impressum\\\/#primaryimage\"},\"image\":{\"@id\":\"https:\\\/\\\/tierschutz.com\\\/fr\\\/impressum\\\/#primaryimage\"},\"thumbnailUrl\":\"https:\\\/\\\/tierschutz.com\\\/app\\\/uploads\\\/2023\\\/06\\\/sts-impressum-scaled.jpg\",\"datePublished\":\"2023-05-17T16:23:11+00:00\",\"dateModified\":\"2026-02-16T10:32:19+00:00\",\"breadcrumb\":{\"@id\":\"https:\\\/\\\/tierschutz.com\\\/fr\\\/impressum\\\/#breadcrumb\"},\"inLanguage\":\"fr-FR\",\"potentialAction\":[{\"@type\":\"ReadAction\",\"target\":[\"https:\\\/\\\/tierschutz.com\\\/fr\\\/impressum\\\/\"]}]},{\"@type\":\"ImageObject\",\"inLanguage\":\"fr-FR\",\"@id\":\"https:\\\/\\\/tierschutz.com\\\/fr\\\/impressum\\\/#primaryimage\",\"url\":\"https:\\\/\\\/tierschutz.com\\\/app\\\/uploads\\\/2023\\\/06\\\/sts-impressum-scaled.jpg\",\"contentUrl\":\"https:\\\/\\\/tierschutz.com\\\/app\\\/uploads\\\/2023\\\/06\\\/sts-impressum-scaled.jpg\"},{\"@type\":\"BreadcrumbList\",\"@id\":\"https:\\\/\\\/tierschutz.com\\\/fr\\\/impressum\\\/#breadcrumb\",\"itemListElement\":[{\"@type\":\"ListItem\",\"position\":1,\"name\":\"Page d\u2019accueil\",\"item\":\"https:\\\/\\\/mail.protection-animaux-psa.ch\\\/fr\\\/\"},{\"@type\":\"ListItem\",\"position\":2,\"name\":\"Impressum\"}]},{\"@type\":\"WebSite\",\"@id\":\"https:\\\/\\\/mail.schweizer-tierschutz.ch\\\/#website\",\"url\":\"https:\\\/\\\/mail.schweizer-tierschutz.ch\\\/\",\"name\":\"tierschutz.com\",\"description\":\"Wir setzen uns f\u00fcr das Wohl der Tiere ein.\",\"publisher\":{\"@id\":\"https:\\\/\\\/mail.schweizer-tierschutz.ch\\\/#organization\"},\"alternateName\":\"Schweizer Tierschutz STS\",\"potentialAction\":[{\"@type\":\"SearchAction\",\"target\":{\"@type\":\"EntryPoint\",\"urlTemplate\":\"https:\\\/\\\/mail.schweizer-tierschutz.ch\\\/?s={search_term_string}\"},\"query-input\":{\"@type\":\"PropertyValueSpecification\",\"valueRequired\":true,\"valueName\":\"search_term_string\"}}],\"inLanguage\":\"fr-FR\"},{\"@type\":\"Organization\",\"@id\":\"https:\\\/\\\/mail.schweizer-tierschutz.ch\\\/#organization\",\"name\":\"Schweizer Tierschutz STS\",\"alternateName\":\"STS\",\"url\":\"https:\\\/\\\/mail.schweizer-tierschutz.ch\\\/\",\"logo\":{\"@type\":\"ImageObject\",\"inLanguage\":\"fr-FR\",\"@id\":\"https:\\\/\\\/mail.schweizer-tierschutz.ch\\\/#\\\/schema\\\/logo\\\/image\\\/\",\"url\":\"https:\\\/\\\/tierschutz.com\\\/app\\\/uploads\\\/2024\\\/04\\\/logo-schweizer-tierschutz-sts-1.svg\",\"contentUrl\":\"https:\\\/\\\/tierschutz.com\\\/app\\\/uploads\\\/2024\\\/04\\\/logo-schweizer-tierschutz-sts-1.svg\",\"caption\":\"Schweizer Tierschutz STS\"},\"image\":{\"@id\":\"https:\\\/\\\/mail.schweizer-tierschutz.ch\\\/#\\\/schema\\\/logo\\\/image\\\/\"},\"sameAs\":[\"https:\\\/\\\/www.facebook.com\\\/schweizertierschutz\\\/\",\"https:\\\/\\\/www.instagram.com\\\/schweizertierschutzsts\\\/\",\"https:\\\/\\\/www.youtube.com\\\/@STS_Tierschutz\",\"https:\\\/\\\/www.linkedin.com\\\/company\\\/schweizertierschutzsts\\\/\"],\"description\":\"Der Schweizer Tierschutz STS ist der Dachverband von 71 Tierschutzorganisationen in allen Sprachregionen der Schweiz und in Liechtenstein. Seine Mitarbeitenden leisten wissenschaftlich fundierte Grundlagenarbeit, setzen sich mit Projekten und Aktionen f\u00fcr den Schutz und das Wohlbefinden von Heim-, Wild-, Nutz- und Versuchstieren ein und sensibilisieren die \u00d6ffentlichkeit f\u00fcr Tierschutzthemen.\",\"email\":\"sts@tierschutz.com\",\"telephone\":\"061 365 99 99\",\"legalName\":\"Schweizer Tierschutz STS\"}]}<\/script>\n<!-- \/ Yoast SEO Premium plugin. -->","yoast_head_json":{"title":"Impressum - Protection Suisse des Animaux PSA","robots":{"index":"index","follow":"follow","max-snippet":"max-snippet:-1","max-image-preview":"max-image-preview:large","max-video-preview":"max-video-preview:-1"},"canonical":"https:\/\/tierschutz.com\/fr\/impressum\/","og_locale":"fr_FR","og_type":"article","og_title":"Impressum","og_description":"Impressum Protection suisse des animaux PSA Protection suisse des animaux PSA Dornacherstrasse 101CH-4053 Basel T\u00e9l\u00e9phone 058 510 64 00psa@protection-animaux.com Pr\u00e9sident:Peter [&hellip;]","og_url":"https:\/\/tierschutz.com\/fr\/impressum\/","og_site_name":"Protection Suisse des Animaux PSA","article_publisher":"https:\/\/www.facebook.com\/schweizertierschutz\/","article_modified_time":"2026-02-16T10:32:19+00:00","og_image":[{"url":"https:\/\/tierschutz.com\/app\/uploads\/2023\/06\/sts-impressum-scaled.jpg","type":"","width":"","height":""}],"twitter_card":"summary_large_image","twitter_misc":{"Dur\u00e9e de lecture estim\u00e9e":"2 minutes"},"schema":{"@context":"https:\/\/schema.org","@graph":[{"@type":"WebPage","@id":"https:\/\/tierschutz.com\/fr\/impressum\/","url":"https:\/\/tierschutz.com\/fr\/impressum\/","name":"Impressum - Protection Suisse des Animaux PSA","isPartOf":{"@id":"https:\/\/mail.schweizer-tierschutz.ch\/#website"},"primaryImageOfPage":{"@id":"https:\/\/tierschutz.com\/fr\/impressum\/#primaryimage"},"image":{"@id":"https:\/\/tierschutz.com\/fr\/impressum\/#primaryimage"},"thumbnailUrl":"https:\/\/tierschutz.com\/app\/uploads\/2023\/06\/sts-impressum-scaled.jpg","datePublished":"2023-05-17T16:23:11+00:00","dateModified":"2026-02-16T10:32:19+00:00","breadcrumb":{"@id":"https:\/\/tierschutz.com\/fr\/impressum\/#breadcrumb"},"inLanguage":"fr-FR","potentialAction":[{"@type":"ReadAction","target":["https:\/\/tierschutz.com\/fr\/impressum\/"]}]},{"@type":"ImageObject","inLanguage":"fr-FR","@id":"https:\/\/tierschutz.com\/fr\/impressum\/#primaryimage","url":"https:\/\/tierschutz.com\/app\/uploads\/2023\/06\/sts-impressum-scaled.jpg","contentUrl":"https:\/\/tierschutz.com\/app\/uploads\/2023\/06\/sts-impressum-scaled.jpg"},{"@type":"BreadcrumbList","@id":"https:\/\/tierschutz.com\/fr\/impressum\/#breadcrumb","itemListElement":[{"@type":"ListItem","position":1,"name":"Page d\u2019accueil","item":"https:\/\/mail.protection-animaux-psa.ch\/fr\/"},{"@type":"ListItem","position":2,"name":"Impressum"}]},{"@type":"WebSite","@id":"https:\/\/mail.schweizer-tierschutz.ch\/#website","url":"https:\/\/mail.schweizer-tierschutz.ch\/","name":"tierschutz.com","description":"Wir setzen uns f\u00fcr das Wohl der Tiere ein.","publisher":{"@id":"https:\/\/mail.schweizer-tierschutz.ch\/#organization"},"alternateName":"Schweizer Tierschutz STS","potentialAction":[{"@type":"SearchAction","target":{"@type":"EntryPoint","urlTemplate":"https:\/\/mail.schweizer-tierschutz.ch\/?s={search_term_string}"},"query-input":{"@type":"PropertyValueSpecification","valueRequired":true,"valueName":"search_term_string"}}],"inLanguage":"fr-FR"},{"@type":"Organization","@id":"https:\/\/mail.schweizer-tierschutz.ch\/#organization","name":"Schweizer Tierschutz STS","alternateName":"STS","url":"https:\/\/mail.schweizer-tierschutz.ch\/","logo":{"@type":"ImageObject","inLanguage":"fr-FR","@id":"https:\/\/mail.schweizer-tierschutz.ch\/#\/schema\/logo\/image\/","url":"https:\/\/tierschutz.com\/app\/uploads\/2024\/04\/logo-schweizer-tierschutz-sts-1.svg","contentUrl":"https:\/\/tierschutz.com\/app\/uploads\/2024\/04\/logo-schweizer-tierschutz-sts-1.svg","caption":"Schweizer Tierschutz STS"},"image":{"@id":"https:\/\/mail.schweizer-tierschutz.ch\/#\/schema\/logo\/image\/"},"sameAs":["https:\/\/www.facebook.com\/schweizertierschutz\/","https:\/\/www.instagram.com\/schweizertierschutzsts\/","https:\/\/www.youtube.com\/@STS_Tierschutz","https:\/\/www.linkedin.com\/company\/schweizertierschutzsts\/"],"description":"Der Schweizer Tierschutz STS ist der Dachverband von 71 Tierschutzorganisationen in allen Sprachregionen der Schweiz und in Liechtenstein. Seine Mitarbeitenden leisten wissenschaftlich fundierte Grundlagenarbeit, setzen sich mit Projekten und Aktionen f\u00fcr den Schutz und das Wohlbefinden von Heim-, Wild-, Nutz- und Versuchstieren ein und sensibilisieren die \u00d6ffentlichkeit f\u00fcr Tierschutzthemen.","email":"sts@tierschutz.com","telephone":"061 365 99 99","legalName":"Schweizer Tierschutz STS"}]}},"_links":{"self":[{"href":"https:\/\/tierschutz.com\/fr\/wp-json\/wp\/v2\/pages\/3214","targetHints":{"allow":["GET"]}}],"collection":[{"href":"https:\/\/tierschutz.com\/fr\/wp-json\/wp\/v2\/pages"}],"about":[{"href":"https:\/\/tierschutz.com\/fr\/wp-json\/wp\/v2\/types\/page"}],"author":[{"embeddable":true,"href":"https:\/\/tierschutz.com\/fr\/wp-json\/wp\/v2\/users\/5"}],"replies":[{"embeddable":true,"href":"https:\/\/tierschutz.com\/fr\/wp-json\/wp\/v2\/comments?post=3214"}],"version-history":[{"count":13,"href":"https:\/\/tierschutz.com\/fr\/wp-json\/wp\/v2\/pages\/3214\/revisions"}],"predecessor-version":[{"id":36239,"href":"https:\/\/tierschutz.com\/fr\/wp-json\/wp\/v2\/pages\/3214\/revisions\/36239"}],"wp:attachment":[{"href":"https:\/\/tierschutz.com\/fr\/wp-json\/wp\/v2\/media?parent=3214"}],"curies":[{"name":"wp","href":"https:\/\/api.w.org\/{rel}","templated":true}]}}