{"id":35278,"date":"2025-12-01T11:08:58","date_gmt":"2025-12-01T10:08:58","guid":{"rendered":"https:\/\/tierschutz.com\/?page_id=35278"},"modified":"2025-12-17T10:13:23","modified_gmt":"2025-12-17T09:13:23","slug":"un-e-specialiste-des-controles-de-detention-dans-les-exploitations-agricoles-des-transports-danimaux-et-des-abattoirs","status":"publish","type":"page","link":"https:\/\/tierschutz.com\/fr\/la-psa\/association\/emplois\/un-e-specialiste-des-controles-de-detention-dans-les-exploitations-agricoles-des-transports-danimaux-et-des-abattoirs\/","title":{"rendered":"Un\/e sp\u00e9cialiste des contr\u00f4les de d\u00e9tention dans les exploitations agricoles, des transports d\u2019animaux et des abattoirs"},"content":{"rendered":"\n<div class=\"wp-block-group alignfull has-background-background-color has-background is-layout-constrained wp-block-group-is-layout-constrained\">\n<div class=\"wp-block-group is-content-justification-center is-layout-constrained wp-container-core-group-is-layout-84a809c4 wp-block-group-is-layout-constrained\"><div class=\"yoast-breadcrumbs\"><span><span><a href=\"https:\/\/mail.protection-animaux-psa.ch\/fr\/\">Page d\u2019accueil<\/a><\/span> \u00bb <span><a href=\"https:\/\/mail.protezione-animali-psa.ch\/fr\/la-psa\/\">La PSA<\/a><\/span> \u00bb <span><a href=\"https:\/\/mail.schweizer-tierschutz-sts.ch\/fr\/la-psa\/association\/\">Association<\/a><\/span> \u00bb <span><a href=\"https:\/\/mail.schweizer-tierschutz-sts.ch\/fr\/la-psa\/association\/emplois\/\">Emplois<\/a><\/span> \u00bb <span class=\"breadcrumb_last\" aria-current=\"page\">Un\/e sp\u00e9cialiste des contr\u00f4les de d\u00e9tention dans les exploitations agricoles, des transports d\u2019animaux et des abattoirs<\/span><\/span><\/div>\n\n\n<h3 class=\"wp-block-heading\" id=\"h-des-controles-efficaces-des-processus-responsables-pour-une-voix-forte-en-faveur-de-la-protection-des-animaux\"><strong>Des contr\u00f4les efficaces. Des processus responsables. Pour une voix forte en faveur de la protection des animaux.<\/strong><\/h3>\n\n\n\n<p>La Protection Suisse des Animaux PSA est l\u2019Association fa\u00eeti\u00e8re de 71 organisations de protection des animaux dans toutes les r\u00e9gions linguistiques de Suisse ainsi qu\u2019au Liechtenstein. Elle est la plus grande organisation nationale de protection des animaux de Suisse. L\u2019association, dont le si\u00e8ge est \u00e0 B\u00e2le, effectue un travail de fond scientifiquement fond\u00e9, s\u2019engage par le biais de projets et de campagnes en faveur de la protection et du bien-\u00eatre des animaux de compagnie, sauvages, de rente et de laboratoire, et sensibilise le public aux th\u00e8mes de la protection des animaux.<\/p>\n\n\n\n<p>Le&nbsp;<strong>Domaine technique Animaux de rente<\/strong>&nbsp;dispose de son propre Service de contr\u00f4le agricole et est l\u2019instance de contr\u00f4le et d\u2019expertise ind\u00e9pendante et cr\u00e9dible de la Protection Suisse des Animaux PSA.<\/p>\n\n\n\n<p>Afin de compl\u00e9ter notre \u00e9quipe, nous recherchons&nbsp;<strong>de suite ou \u00e0 convenir<\/strong><\/p>\n<\/div>\n\n\n\n<h1 class=\"wp-block-heading has-text-align-center\" id=\"h-un-e-specialiste-des-controles-de-detention-dans-les-exploitations-agricoles-des-transports-d-animaux-et-des-abattoirs-taux-d-activite-60-a-100-nbsp\"><strong><strong>Un\/e sp\u00e9cialiste des contr\u00f4les de d\u00e9tention dans les exploitations agricoles, des transports d\u2019animaux et des abattoirs (taux d\u2019activit\u00e9 60 \u00e0 100&nbsp;%)<\/strong><\/strong><\/h1>\n\n\n\n<hr class=\"wp-block-separator has-text-color has-primary-color has-alpha-channel-opacity has-primary-background-color has-background\"\/>\n\n\n\n<div class=\"wp-block-group is-content-justification-center is-layout-constrained wp-container-core-group-is-layout-84a809c4 wp-block-group-is-layout-constrained\">\n<h3 class=\"wp-block-heading\" id=\"h-votre-contribution-structuree-engagee-efficace\"><strong><strong>Votre contribution \u2013 structur\u00e9e, engag\u00e9e, efficace<\/strong><\/strong><\/h3>\n\n\n\n<h3 class=\"wp-block-heading\" id=\"h-vos-taches\"><strong>Vos t\u00e2ches<\/strong><\/h3>\n\n\n\n<ul class=\"wp-block-list\">\n<li>Planification, r\u00e9alisation et suivi des contr\u00f4les selon nos directives d\u2019assurance qualit\u00e9.<\/li>\n\n\n\n<li>Contr\u00f4les inopin\u00e9s de d\u00e9tention dans les exploitations agricoles dans le cadre de programmes de labels.<\/li>\n\n\n\n<li>Contr\u00f4les de transports d\u2019animaux dans toute la Suisse, y compris de nuit.<\/li>\n\n\n\n<li>R\u00e9alisation d\u2019audits d\u2019abattoirs, souvent de nuit, seul\/e ou en \u00e9quipe.<\/li>\n<\/ul>\n\n\n\n<h3 class=\"wp-block-heading\" id=\"h-votre-profil-diligence-responsabilite-et-diplomatie\"><strong><strong><strong>Votre profil \u2013 diligence, responsabilit\u00e9 et diplomatie<\/strong><\/strong><\/strong><\/h3>\n\n\n\n<ul class=\"wp-block-list\">\n<li>Connaissance de la pratique agricole en Suisse, en particulier de la d\u00e9tention d\u2019animaux de rente. Une exp\u00e9rience sp\u00e9cifique dans le domaine des volailles et de la construction d\u2019\u00e9tables est un plus<\/li>\n\n\n\n<li>\u00c9tudes en agronomie, biologie ou m\u00e9decine v\u00e9t\u00e9rinaire. Ou plusieurs ann\u00e9es d\u2019exp\u00e9rience dans le domaine de la d\u00e9tention et le transport d\u2019animaux, des abattoirs ainsi qu\u2019une formation sp\u00e9cialis\u00e9e correspondante en agriculture.<\/li>\n\n\n\n<li>Points forts personnels&nbsp;: capacit\u00e9 \u00e0 travailler en \u00e9quipe, \u00e0 supporter le stress, \u00e0 s\u2019imposer et \u00e0 communiquer.<\/li>\n\n\n\n<li>Comp\u00e9tences linguistiques&nbsp;: excellente connaissance de l\u2019allemand et du fran\u00e7ais, l\u2019italien est un plus.<\/li>\n\n\n\n<li>Organisation et informatique&nbsp;: organis\u00e9, ayant une aisance verbale et en informatique.<\/li>\n\n\n\n<li>Mobilit\u00e9&nbsp;: permis de conduire de cat\u00e9gorie B et voiture personnelle. Identification avec les objectifs de la protection des animaux.<\/li>\n<\/ul>\n\n\n\n<h3 class=\"wp-block-heading\" id=\"h-nous-vous-proposons\"><strong><strong><strong>Nous vous proposons<\/strong><\/strong><\/strong><\/h3>\n\n\n\n<ul class=\"wp-block-list\">\n<li>Une activit\u00e9 qui a du sens dans une organisation de protection des animaux \u00e9tablie et efficace<\/li>\n\n\n\n<li>Une \u00e9quipe interdisciplinaire motiv\u00e9e<\/li>\n\n\n\n<li>Un espace pour l\u2019initiative personnelle et la participation<\/li>\n\n\n\n<li>Des possibilit\u00e9s de formation continue<\/li>\n<\/ul>\n\n\n\n<p>Le lieu de travail se situe principalement sur le terrain, en Suisse romande, en t\u00e9l\u00e9travail ainsi qu\u2019aux sites du STS \u00e0 Zurich ou \u00e0 B\u00e2le.<\/p>\n\n\n\n<hr class=\"wp-block-separator has-text-color has-primary-color has-alpha-channel-opacity has-primary-background-color has-background\"\/>\n\n\n\n<h3 class=\"wp-block-heading has-text-align-center\" id=\"h-interesse\"><strong>Int\u00e9ress\u00e9 ?<\/strong><\/h3>\n\n\n\n<p>Vous souhaitez contribuer \u00e0 ce que nos contr\u00f4les dans le domaine de la d\u00e9tention des animaux am\u00e9liorent durablement leur protection et leur bien-\u00eatre&nbsp; Dans ce cas, n\u2019h\u00e9sitez pas \u00e0 nous adresser votre candidature&nbsp;!<\/p>\n\n\n\n<p>Veuillez envoyer votre dossier de candidature d\u2019ici\u00a0<strong>le\u00a04 janvier 2026\u00a0<\/strong>\u00e0 <a href=\"mailto:jobs@tierschutz.com\">l\u2019adresse\u00a0email<\/a><\/p>\n\n\n\n<p>Pour de plus amples informations, veuillez contacter :<br>Jessica Wagner au +41 62 296 09 71<\/p>\n\n\n\n<div class=\"wp-block-buttons is-layout-flex wp-block-buttons-is-layout-flex\">\n<div class=\"wp-block-button\"><a class=\"wp-block-button__link wp-element-button\" href=\"mailto:jobs@tierschutz.com\" target=\"_blank\" rel=\"noreferrer noopener\">Postuler ici<\/a><\/div>\n<\/div>\n<\/div>\n<\/div>\n\n\n\n<p><\/p>\n","protected":false},"excerpt":{"rendered":"<p>Le\u00a0Domaine technique Animaux de rente\u00a0dispose de son propre Service de contr\u00f4le agricole et est l\u2019instance de contr\u00f4le et d\u2019expertise ind\u00e9pendante et cr\u00e9dible de la Protection Suisse des Animaux PSA. Afin de compl\u00e9ter notre \u00e9quipe, nous recherchons\u00a0de suite ou \u00e0 convenir un\/e sp\u00e9cialiste des contr\u00f4les de d\u00e9tention dans les exploitations agricoles, des transports d\u2019animaux et des abattoirs (taux d\u2019activit\u00e9 60 \u00e0 100\u00a0%)<\/p>\n","protected":false},"author":5,"featured_media":0,"parent":4543,"menu_order":249,"comment_status":"closed","ping_status":"closed","template":"","meta":{"_acf_changed":false,"inline_featured_image":false,"_vp_format_video_url":"","_vp_image_focal_point":[],"footnotes":""},"class_list":["post-35278","page","type-page","status-publish","hentry"],"acf":[],"yoast_head":"<!-- This site is optimized with the Yoast SEO Premium plugin v27.4 (Yoast SEO v27.4) - https:\/\/yoast.com\/product\/yoast-seo-premium-wordpress\/ -->\n<title>Un\/e sp\u00e9cialiste des contr\u00f4les de d\u00e9tention dans les exploitations agricoles, des transports d\u2019animaux et des abattoirs - Protection Suisse des Animaux PSA<\/title>\n<meta name=\"robots\" content=\"index, follow, max-snippet:-1, max-image-preview:large, max-video-preview:-1\" \/>\n<link rel=\"canonical\" href=\"https:\/\/tierschutz.com\/fr\/la-psa\/association\/emplois\/un-e-specialiste-des-controles-de-detention-dans-les-exploitations-agricoles-des-transports-danimaux-et-des-abattoirs\/\" \/>\n<meta property=\"og:locale\" content=\"fr_FR\" \/>\n<meta property=\"og:type\" content=\"article\" \/>\n<meta property=\"og:title\" content=\"Un\/e sp\u00e9cialiste des contr\u00f4les de d\u00e9tention dans les exploitations agricoles, des transports d\u2019animaux et des abattoirs\" \/>\n<meta property=\"og:description\" content=\"Le\u00a0Domaine technique Animaux de rente\u00a0dispose de son propre Service de contr\u00f4le agricole et est l\u2019instance de contr\u00f4le et d\u2019expertise ind\u00e9pendante et cr\u00e9dible de la Protection Suisse des Animaux PSA. Afin de compl\u00e9ter notre \u00e9quipe, nous recherchons\u00a0de suite ou \u00e0 convenir un\/e sp\u00e9cialiste des contr\u00f4les de d\u00e9tention dans les exploitations agricoles, des transports d\u2019animaux et des abattoirs (taux d\u2019activit\u00e9 60 \u00e0 100\u00a0%)\" \/>\n<meta property=\"og:url\" content=\"https:\/\/tierschutz.com\/fr\/la-psa\/association\/emplois\/un-e-specialiste-des-controles-de-detention-dans-les-exploitations-agricoles-des-transports-danimaux-et-des-abattoirs\/\" \/>\n<meta property=\"og:site_name\" content=\"Protection Suisse des Animaux PSA\" \/>\n<meta property=\"article:publisher\" content=\"https:\/\/www.facebook.com\/schweizertierschutz\/\" \/>\n<meta property=\"article:modified_time\" content=\"2025-12-17T09:13:23+00:00\" \/>\n<meta name=\"twitter:card\" content=\"summary_large_image\" \/>\n<meta name=\"twitter:label1\" content=\"Dur\u00e9e de lecture estim\u00e9e\" \/>\n\t<meta name=\"twitter:data1\" content=\"3 minutes\" \/>\n<script type=\"application\/ld+json\" class=\"yoast-schema-graph\">{\"@context\":\"https:\\\/\\\/schema.org\",\"@graph\":[{\"@type\":\"WebPage\",\"@id\":\"https:\\\/\\\/tierschutz.com\\\/fr\\\/la-psa\\\/association\\\/emplois\\\/un-e-specialiste-des-controles-de-detention-dans-les-exploitations-agricoles-des-transports-danimaux-et-des-abattoirs\\\/\",\"url\":\"https:\\\/\\\/tierschutz.com\\\/fr\\\/la-psa\\\/association\\\/emplois\\\/un-e-specialiste-des-controles-de-detention-dans-les-exploitations-agricoles-des-transports-danimaux-et-des-abattoirs\\\/\",\"name\":\"Un\\\/e sp\u00e9cialiste des contr\u00f4les de d\u00e9tention dans les exploitations agricoles, des transports d\u2019animaux et des abattoirs - Protection Suisse des Animaux PSA\",\"isPartOf\":{\"@id\":\"https:\\\/\\\/mail.schweizertierschutz.ch\\\/#website\"},\"datePublished\":\"2025-12-01T10:08:58+00:00\",\"dateModified\":\"2025-12-17T09:13:23+00:00\",\"breadcrumb\":{\"@id\":\"https:\\\/\\\/tierschutz.com\\\/fr\\\/la-psa\\\/association\\\/emplois\\\/un-e-specialiste-des-controles-de-detention-dans-les-exploitations-agricoles-des-transports-danimaux-et-des-abattoirs\\\/#breadcrumb\"},\"inLanguage\":\"fr-FR\",\"potentialAction\":[{\"@type\":\"ReadAction\",\"target\":[\"https:\\\/\\\/tierschutz.com\\\/fr\\\/la-psa\\\/association\\\/emplois\\\/un-e-specialiste-des-controles-de-detention-dans-les-exploitations-agricoles-des-transports-danimaux-et-des-abattoirs\\\/\"]}]},{\"@type\":\"BreadcrumbList\",\"@id\":\"https:\\\/\\\/tierschutz.com\\\/fr\\\/la-psa\\\/association\\\/emplois\\\/un-e-specialiste-des-controles-de-detention-dans-les-exploitations-agricoles-des-transports-danimaux-et-des-abattoirs\\\/#breadcrumb\",\"itemListElement\":[{\"@type\":\"ListItem\",\"position\":1,\"name\":\"Page d\u2019accueil\",\"item\":\"https:\\\/\\\/mail.protection-animaux-psa.ch\\\/fr\\\/\"},{\"@type\":\"ListItem\",\"position\":2,\"name\":\"La PSA\",\"item\":\"https:\\\/\\\/mail.protezione-animali-psa.ch\\\/fr\\\/la-psa\\\/\"},{\"@type\":\"ListItem\",\"position\":3,\"name\":\"Association\",\"item\":\"https:\\\/\\\/mail.schweizer-tierschutz-sts.ch\\\/fr\\\/la-psa\\\/association\\\/\"},{\"@type\":\"ListItem\",\"position\":4,\"name\":\"Emplois\",\"item\":\"https:\\\/\\\/mail.schweizer-tierschutz-sts.ch\\\/fr\\\/la-psa\\\/association\\\/emplois\\\/\"},{\"@type\":\"ListItem\",\"position\":5,\"name\":\"Un\\\/e sp\u00e9cialiste des contr\u00f4les de d\u00e9tention dans les exploitations agricoles, des transports d\u2019animaux et des abattoirs\"}]},{\"@type\":\"WebSite\",\"@id\":\"https:\\\/\\\/mail.schweizertierschutz.ch\\\/#website\",\"url\":\"https:\\\/\\\/mail.schweizertierschutz.ch\\\/\",\"name\":\"tierschutz.com\",\"description\":\"Wir setzen uns f\u00fcr das Wohl der Tiere ein.\",\"publisher\":{\"@id\":\"https:\\\/\\\/mail.schweizertierschutz.ch\\\/#organization\"},\"alternateName\":\"Schweizer Tierschutz STS\",\"potentialAction\":[{\"@type\":\"SearchAction\",\"target\":{\"@type\":\"EntryPoint\",\"urlTemplate\":\"https:\\\/\\\/mail.schweizertierschutz.ch\\\/?s={search_term_string}\"},\"query-input\":{\"@type\":\"PropertyValueSpecification\",\"valueRequired\":true,\"valueName\":\"search_term_string\"}}],\"inLanguage\":\"fr-FR\"},{\"@type\":\"Organization\",\"@id\":\"https:\\\/\\\/mail.schweizertierschutz.ch\\\/#organization\",\"name\":\"Schweizer Tierschutz STS\",\"alternateName\":\"STS\",\"url\":\"https:\\\/\\\/mail.schweizertierschutz.ch\\\/\",\"logo\":{\"@type\":\"ImageObject\",\"inLanguage\":\"fr-FR\",\"@id\":\"https:\\\/\\\/mail.schweizertierschutz.ch\\\/#\\\/schema\\\/logo\\\/image\\\/\",\"url\":\"https:\\\/\\\/tierschutz.com\\\/app\\\/uploads\\\/2024\\\/04\\\/logo-schweizer-tierschutz-sts-1.svg\",\"contentUrl\":\"https:\\\/\\\/tierschutz.com\\\/app\\\/uploads\\\/2024\\\/04\\\/logo-schweizer-tierschutz-sts-1.svg\",\"caption\":\"Schweizer Tierschutz STS\"},\"image\":{\"@id\":\"https:\\\/\\\/mail.schweizertierschutz.ch\\\/#\\\/schema\\\/logo\\\/image\\\/\"},\"sameAs\":[\"https:\\\/\\\/www.facebook.com\\\/schweizertierschutz\\\/\",\"https:\\\/\\\/www.instagram.com\\\/schweizertierschutzsts\\\/\",\"https:\\\/\\\/www.youtube.com\\\/@STS_Tierschutz\",\"https:\\\/\\\/www.linkedin.com\\\/company\\\/schweizertierschutzsts\\\/\"],\"description\":\"Der Schweizer Tierschutz STS ist der Dachverband von 71 Tierschutzorganisationen in allen Sprachregionen der Schweiz und in Liechtenstein. Seine Mitarbeitenden leisten wissenschaftlich fundierte Grundlagenarbeit, setzen sich mit Projekten und Aktionen f\u00fcr den Schutz und das Wohlbefinden von Heim-, Wild-, Nutz- und Versuchstieren ein und sensibilisieren die \u00d6ffentlichkeit f\u00fcr Tierschutzthemen.\",\"email\":\"sts@tierschutz.com\",\"telephone\":\"061 365 99 99\",\"legalName\":\"Schweizer Tierschutz STS\"}]}<\/script>\n<!-- \/ Yoast SEO Premium plugin. -->","yoast_head_json":{"title":"Un\/e sp\u00e9cialiste des contr\u00f4les de d\u00e9tention dans les exploitations agricoles, des transports d\u2019animaux et des abattoirs - Protection Suisse des Animaux PSA","robots":{"index":"index","follow":"follow","max-snippet":"max-snippet:-1","max-image-preview":"max-image-preview:large","max-video-preview":"max-video-preview:-1"},"canonical":"https:\/\/tierschutz.com\/fr\/la-psa\/association\/emplois\/un-e-specialiste-des-controles-de-detention-dans-les-exploitations-agricoles-des-transports-danimaux-et-des-abattoirs\/","og_locale":"fr_FR","og_type":"article","og_title":"Un\/e sp\u00e9cialiste des contr\u00f4les de d\u00e9tention dans les exploitations agricoles, des transports d\u2019animaux et des abattoirs","og_description":"Le\u00a0Domaine technique Animaux de rente\u00a0dispose de son propre Service de contr\u00f4le agricole et est l\u2019instance de contr\u00f4le et d\u2019expertise ind\u00e9pendante et cr\u00e9dible de la Protection Suisse des Animaux PSA. Afin de compl\u00e9ter notre \u00e9quipe, nous recherchons\u00a0de suite ou \u00e0 convenir un\/e sp\u00e9cialiste des contr\u00f4les de d\u00e9tention dans les exploitations agricoles, des transports d\u2019animaux et des abattoirs (taux d\u2019activit\u00e9 60 \u00e0 100\u00a0%)","og_url":"https:\/\/tierschutz.com\/fr\/la-psa\/association\/emplois\/un-e-specialiste-des-controles-de-detention-dans-les-exploitations-agricoles-des-transports-danimaux-et-des-abattoirs\/","og_site_name":"Protection Suisse des Animaux PSA","article_publisher":"https:\/\/www.facebook.com\/schweizertierschutz\/","article_modified_time":"2025-12-17T09:13:23+00:00","twitter_card":"summary_large_image","twitter_misc":{"Dur\u00e9e de lecture estim\u00e9e":"3 minutes"},"schema":{"@context":"https:\/\/schema.org","@graph":[{"@type":"WebPage","@id":"https:\/\/tierschutz.com\/fr\/la-psa\/association\/emplois\/un-e-specialiste-des-controles-de-detention-dans-les-exploitations-agricoles-des-transports-danimaux-et-des-abattoirs\/","url":"https:\/\/tierschutz.com\/fr\/la-psa\/association\/emplois\/un-e-specialiste-des-controles-de-detention-dans-les-exploitations-agricoles-des-transports-danimaux-et-des-abattoirs\/","name":"Un\/e sp\u00e9cialiste des contr\u00f4les de d\u00e9tention dans les exploitations agricoles, des transports d\u2019animaux et des abattoirs - Protection Suisse des Animaux PSA","isPartOf":{"@id":"https:\/\/mail.schweizertierschutz.ch\/#website"},"datePublished":"2025-12-01T10:08:58+00:00","dateModified":"2025-12-17T09:13:23+00:00","breadcrumb":{"@id":"https:\/\/tierschutz.com\/fr\/la-psa\/association\/emplois\/un-e-specialiste-des-controles-de-detention-dans-les-exploitations-agricoles-des-transports-danimaux-et-des-abattoirs\/#breadcrumb"},"inLanguage":"fr-FR","potentialAction":[{"@type":"ReadAction","target":["https:\/\/tierschutz.com\/fr\/la-psa\/association\/emplois\/un-e-specialiste-des-controles-de-detention-dans-les-exploitations-agricoles-des-transports-danimaux-et-des-abattoirs\/"]}]},{"@type":"BreadcrumbList","@id":"https:\/\/tierschutz.com\/fr\/la-psa\/association\/emplois\/un-e-specialiste-des-controles-de-detention-dans-les-exploitations-agricoles-des-transports-danimaux-et-des-abattoirs\/#breadcrumb","itemListElement":[{"@type":"ListItem","position":1,"name":"Page d\u2019accueil","item":"https:\/\/mail.protection-animaux-psa.ch\/fr\/"},{"@type":"ListItem","position":2,"name":"La PSA","item":"https:\/\/mail.protezione-animali-psa.ch\/fr\/la-psa\/"},{"@type":"ListItem","position":3,"name":"Association","item":"https:\/\/mail.schweizer-tierschutz-sts.ch\/fr\/la-psa\/association\/"},{"@type":"ListItem","position":4,"name":"Emplois","item":"https:\/\/mail.schweizer-tierschutz-sts.ch\/fr\/la-psa\/association\/emplois\/"},{"@type":"ListItem","position":5,"name":"Un\/e sp\u00e9cialiste des contr\u00f4les de d\u00e9tention dans les exploitations agricoles, des transports d\u2019animaux et des abattoirs"}]},{"@type":"WebSite","@id":"https:\/\/mail.schweizertierschutz.ch\/#website","url":"https:\/\/mail.schweizertierschutz.ch\/","name":"tierschutz.com","description":"Wir setzen uns f\u00fcr das Wohl der Tiere ein.","publisher":{"@id":"https:\/\/mail.schweizertierschutz.ch\/#organization"},"alternateName":"Schweizer Tierschutz STS","potentialAction":[{"@type":"SearchAction","target":{"@type":"EntryPoint","urlTemplate":"https:\/\/mail.schweizertierschutz.ch\/?s={search_term_string}"},"query-input":{"@type":"PropertyValueSpecification","valueRequired":true,"valueName":"search_term_string"}}],"inLanguage":"fr-FR"},{"@type":"Organization","@id":"https:\/\/mail.schweizertierschutz.ch\/#organization","name":"Schweizer Tierschutz STS","alternateName":"STS","url":"https:\/\/mail.schweizertierschutz.ch\/","logo":{"@type":"ImageObject","inLanguage":"fr-FR","@id":"https:\/\/mail.schweizertierschutz.ch\/#\/schema\/logo\/image\/","url":"https:\/\/tierschutz.com\/app\/uploads\/2024\/04\/logo-schweizer-tierschutz-sts-1.svg","contentUrl":"https:\/\/tierschutz.com\/app\/uploads\/2024\/04\/logo-schweizer-tierschutz-sts-1.svg","caption":"Schweizer Tierschutz STS"},"image":{"@id":"https:\/\/mail.schweizertierschutz.ch\/#\/schema\/logo\/image\/"},"sameAs":["https:\/\/www.facebook.com\/schweizertierschutz\/","https:\/\/www.instagram.com\/schweizertierschutzsts\/","https:\/\/www.youtube.com\/@STS_Tierschutz","https:\/\/www.linkedin.com\/company\/schweizertierschutzsts\/"],"description":"Der Schweizer Tierschutz STS ist der Dachverband von 71 Tierschutzorganisationen in allen Sprachregionen der Schweiz und in Liechtenstein. Seine Mitarbeitenden leisten wissenschaftlich fundierte Grundlagenarbeit, setzen sich mit Projekten und Aktionen f\u00fcr den Schutz und das Wohlbefinden von Heim-, Wild-, Nutz- und Versuchstieren ein und sensibilisieren die \u00d6ffentlichkeit f\u00fcr Tierschutzthemen.","email":"sts@tierschutz.com","telephone":"061 365 99 99","legalName":"Schweizer Tierschutz STS"}]}},"_links":{"self":[{"href":"https:\/\/tierschutz.com\/fr\/wp-json\/wp\/v2\/pages\/35278","targetHints":{"allow":["GET"]}}],"collection":[{"href":"https:\/\/tierschutz.com\/fr\/wp-json\/wp\/v2\/pages"}],"about":[{"href":"https:\/\/tierschutz.com\/fr\/wp-json\/wp\/v2\/types\/page"}],"author":[{"embeddable":true,"href":"https:\/\/tierschutz.com\/fr\/wp-json\/wp\/v2\/users\/5"}],"replies":[{"embeddable":true,"href":"https:\/\/tierschutz.com\/fr\/wp-json\/wp\/v2\/comments?post=35278"}],"version-history":[{"count":5,"href":"https:\/\/tierschutz.com\/fr\/wp-json\/wp\/v2\/pages\/35278\/revisions"}],"predecessor-version":[{"id":35398,"href":"https:\/\/tierschutz.com\/fr\/wp-json\/wp\/v2\/pages\/35278\/revisions\/35398"}],"up":[{"embeddable":true,"href":"https:\/\/tierschutz.com\/fr\/wp-json\/wp\/v2\/pages\/4543"}],"wp:attachment":[{"href":"https:\/\/tierschutz.com\/fr\/wp-json\/wp\/v2\/media?parent=35278"}],"curies":[{"name":"wp","href":"https:\/\/api.w.org\/{rel}","templated":true}]}}