{"id":4517,"date":"2023-05-04T15:29:56","date_gmt":"2023-05-04T13:29:56","guid":{"rendered":"https:\/\/dev.tierschutz.com\/?page_id=4517"},"modified":"2026-04-01T08:57:12","modified_gmt":"2026-04-01T06:57:12","slug":"mission-et-organisation","status":"publish","type":"page","link":"https:\/\/tierschutz.com\/fr\/la-psa\/association\/mission-et-organisation\/","title":{"rendered":"Mission et organisation"},"content":{"rendered":"\n<div class=\"wp-block-cover alignfull is-light\"><img loading=\"lazy\" decoding=\"async\" width=\"1024\" height=\"681\" class=\"wp-block-cover__image-background wp-image-12082 size-large\" alt=\"Katze die auf den Beinen einer Frau liegt und gekrault wird. \" src=\"https:\/\/tierschutz.com\/app\/uploads\/2023\/11\/schweizer-tierschutz-sts-download-1024x681.jpg\" data-object-fit=\"cover\" srcset=\"https:\/\/tierschutz.com\/app\/uploads\/2023\/11\/schweizer-tierschutz-sts-download-1024x681.jpg 1024w, https:\/\/tierschutz.com\/app\/uploads\/2023\/11\/schweizer-tierschutz-sts-download-300x200.jpg 300w, https:\/\/tierschutz.com\/app\/uploads\/2023\/11\/schweizer-tierschutz-sts-download-768x511.jpg 768w, https:\/\/tierschutz.com\/app\/uploads\/2023\/11\/schweizer-tierschutz-sts-download-1536x1022.jpg 1536w, https:\/\/tierschutz.com\/app\/uploads\/2023\/11\/schweizer-tierschutz-sts-download-2048x1362.jpg 2048w\" sizes=\"auto, (max-width: 1024px) 100vw, 1024px\" \/><span aria-hidden=\"true\" class=\"wp-block-cover__background has-background-dim-20 has-background-dim\" style=\"background-color:#97877e\"><\/span><div class=\"wp-block-cover__inner-container is-layout-flow wp-block-cover-is-layout-flow\">\n<h2 class=\"wp-block-heading has-text-align-center has-background-color has-text-color\" id=\"h-mission-et-organisation\">Mission et organisation<\/h2>\n<\/div><\/div>\n\n\n\n<div class=\"wp-block-group alignfull anchor-bar has-lightgray-background-color has-background is-layout-constrained wp-block-group-is-layout-constrained\">\n<div class=\"wp-block-group is-content-justification-center is-layout-flex wp-container-core-group-is-layout-b02886af wp-block-group-is-layout-flex\">\n<p class=\"has-large-font-size\"><strong><strong><a href=\"#Organisation\">Organisation<\/a><\/strong><\/strong><\/p>\n<\/div>\n<\/div>\n\n\n\n<div class=\"wp-block-group alignfull has-background-background-color has-background is-layout-constrained wp-block-group-is-layout-constrained\" id=\"Organisation\"><div class=\"yoast-breadcrumbs\"><span><span><a href=\"https:\/\/mail.protection-animaux-psa.ch\/fr\/\">Page d\u2019accueil<\/a><\/span> \u00bb <span><a href=\"https:\/\/tierschutz.com\/fr\/la-psa\/\">La PSA<\/a><\/span> \u00bb <span><a href=\"https:\/\/tierschutz.com\/fr\/la-psa\/association\/\">Association<\/a><\/span> \u00bb <span class=\"breadcrumb_last\" aria-current=\"page\">Mission et organisation<\/span><\/span><\/div>\n\n\n<h1 class=\"wp-block-heading has-text-align-center\" id=\"h-mission-amp-organisation\"><strong>Mission &amp; organisation<\/strong><\/h1>\n\n\n\n<hr class=\"wp-block-separator has-text-color has-primary-color has-alpha-channel-opacity has-primary-background-color has-background\"\/>\n\n\n\n<p class=\"has-text-align-center\">La Protection Suisse des Animaux PSA est une organisation fa\u00eeti\u00e8re, de forme associative. L&#8217;organe supr\u00eame est l&#8217;assembl\u00e9e annuelle des d\u00e9l\u00e9gu\u00e9s des sections. Elle \u00e9lit entre autres le pr\u00e9sident ou la pr\u00e9sidente et les membres du comit\u00e9 directeur.<\/p>\n\n\n\n<div class=\"wp-block-group alignfull has-background-background-color has-background is-layout-constrained wp-block-group-is-layout-constrained\">\n<div class=\"wp-block-group is-layout-flex wp-container-core-group-is-layout-d0921e6e wp-block-group-is-layout-flex\">\n<div id=\"testament\" class=\"wp-block-group is-style-shadow-box has-background-background-color has-background is-layout-constrained wp-block-group-is-layout-constrained\">\n<p>La direction op\u00e9rationnelle de la PSA revient \u00e0 la direction. Le travail de protection des animaux est fourni par 80&nbsp;collaborateurs dans les services de conseil et d\u2019expertise. Ils informent et conseillent les propri\u00e9taires d\u2019animaux, contr\u00f4lent les \u00e9levages, les transports et les abattoirs, travaillent avec les groupes scolaires sur les th\u00e8mes autour des animaux tels que leur protection et s\u2019engagent avec t\u00e9nacit\u00e9 pour des directives plus strictes en la mati\u00e8re.&nbsp;<\/p>\n\n\n\n<p>Par des actions cibl\u00e9es et des campagnes, la PSA attire l\u2019attention sur les abus et lutte avec des projets concrets et un travail de fond scientifique en faveur du bien-\u00eatre des animaux. Elle repr\u00e9sente les int\u00e9r\u00eats des animaux au niveau f\u00e9d\u00e9ral par un lobbying actif.&nbsp;<\/p>\n<\/div>\n\n\n\n<div id=\"hilfe\" class=\"wp-block-group is-style-shadow-box has-background-background-color has-background is-layout-constrained wp-block-group-is-layout-constrained\">\n<p>La PSA n\u2019a ni pouvoir administratif ni mission \u00e9tatique et ne re\u00e7oit \u00e9galement aucune subvention. Cependant, elle d\u00e9charge consid\u00e9rablement l\u2019\u00c9tat par la mise en \u0153uvre de la protection des animaux prescrite l\u00e9galement. C\u2019est pourquoi la PSA d\u00e9pend du soutien financier sous forme de dons et de donations.<\/p>\n\n\n\n<p>Le si\u00e8ge principal et le bureau se trouvent \u00e0 B\u00e2le<\/p>\n<\/div>\n<\/div>\n<\/div>\n\n\n\n<figure data-wp-context=\"{&quot;imageId&quot;:&quot;69e338672e8fd&quot;}\" data-wp-interactive=\"core\/image\" data-wp-key=\"69e338672e8fd\" class=\"wp-block-image aligncenter size-full has-custom-border wp-lightbox-container\"><img loading=\"lazy\" decoding=\"async\" width=\"1800\" height=\"1013\" data-wp-class--hide=\"state.isContentHidden\" data-wp-class--show=\"state.isContentVisible\" data-wp-init=\"callbacks.setButtonStyles\" data-wp-on--click=\"actions.showLightbox\" data-wp-on--load=\"callbacks.setButtonStyles\" data-wp-on-window--resize=\"callbacks.setButtonStyles\" src=\"https:\/\/tierschutz.com\/app\/uploads\/2026\/04\/STS-Organigramm-032026-FR-1.png\" alt=\"\" class=\"has-border-color has-cyan-bluish-gray-border-color wp-image-36838\" style=\"border-width:1px\" srcset=\"https:\/\/tierschutz.com\/app\/uploads\/2026\/04\/STS-Organigramm-032026-FR-1.png 1800w, https:\/\/tierschutz.com\/app\/uploads\/2026\/04\/STS-Organigramm-032026-FR-1-300x169.png 300w, https:\/\/tierschutz.com\/app\/uploads\/2026\/04\/STS-Organigramm-032026-FR-1-1024x576.png 1024w, https:\/\/tierschutz.com\/app\/uploads\/2026\/04\/STS-Organigramm-032026-FR-1-768x432.png 768w, https:\/\/tierschutz.com\/app\/uploads\/2026\/04\/STS-Organigramm-032026-FR-1-1536x864.png 1536w, https:\/\/tierschutz.com\/app\/uploads\/2026\/04\/STS-Organigramm-032026-FR-1-500x281.png 500w, https:\/\/tierschutz.com\/app\/uploads\/2026\/04\/STS-Organigramm-032026-FR-1-800x450.png 800w, https:\/\/tierschutz.com\/app\/uploads\/2026\/04\/STS-Organigramm-032026-FR-1-1280x720.png 1280w\" sizes=\"auto, (max-width: 1800px) 100vw, 1800px\" \/><button\n\t\t\tclass=\"lightbox-trigger\"\n\t\t\ttype=\"button\"\n\t\t\taria-haspopup=\"dialog\"\n\t\t\taria-label=\"Agrandir\"\n\t\t\tdata-wp-init=\"callbacks.initTriggerButton\"\n\t\t\tdata-wp-on--click=\"actions.showLightbox\"\n\t\t\tdata-wp-style--right=\"state.imageButtonRight\"\n\t\t\tdata-wp-style--top=\"state.imageButtonTop\"\n\t\t>\n\t\t\t<svg xmlns=\"http:\/\/www.w3.org\/2000\/svg\" width=\"12\" height=\"12\" fill=\"none\" viewBox=\"0 0 12 12\">\n\t\t\t\t<path fill=\"#fff\" d=\"M2 0a2 2 0 0 0-2 2v2h1.5V2a.5.5 0 0 1 .5-.5h2V0H2Zm2 10.5H2a.5.5 0 0 1-.5-.5V8H0v2a2 2 0 0 0 2 2h2v-1.5ZM8 12v-1.5h2a.5.5 0 0 0 .5-.5V8H12v2a2 2 0 0 1-2 2H8Zm2-12a2 2 0 0 1 2 2v2h-1.5V2a.5.5 0 0 0-.5-.5H8V0h2Z\" \/>\n\t\t\t<\/svg>\n\t\t<\/button><\/figure>\n\n\n\n<div class=\"wp-block-group alignfull has-background-background-color has-background is-layout-constrained wp-block-group-is-layout-constrained\">\n<div class=\"wp-block-group is-content-justification-center is-layout-flex wp-container-core-group-is-layout-b4821479 wp-block-group-is-layout-flex\"><div class=\"wp-block-file-wrapper is-pdf\" data-filetype=\"PDF\" data-size=\"65 Ko\">\n<div class=\"wp-block-file aligncenter\"><a id=\"wp-block-file--media-7ac603c5-8590-4ac9-8113-32fe4d540b11\" href=\"https:\/\/tierschutz.com\/app\/uploads\/2026\/04\/STS-Organigramm-032026-FR-1.pdf\">Organigramme de la PSA<\/a><a href=\"https:\/\/tierschutz.com\/app\/uploads\/2026\/04\/STS-Organigramm-032026-FR-1.pdf\" class=\"wp-block-file__button wp-element-button\" download aria-describedby=\"wp-block-file--media-7ac603c5-8590-4ac9-8113-32fe4d540b11\">T\u00e9l\u00e9charger<\/a><\/div>\n<\/div>\n\n<div class=\"wp-block-file-wrapper is-pdf\" data-filetype=\"PDF\" data-size=\"247 Ko\">\n<div class=\"wp-block-file aligncenter\"><a id=\"wp-block-file--media-927bcc3e-3c1b-4187-8e64-317e67093891\" href=\"https:\/\/tierschutz.com\/app\/uploads\/2025\/05\/Statuts-15.3.2025.pdf\">Statuts<\/a><a href=\"https:\/\/tierschutz.com\/app\/uploads\/2025\/05\/Statuts-15.3.2025.pdf\" class=\"wp-block-file__button wp-element-button\" download aria-describedby=\"wp-block-file--media-927bcc3e-3c1b-4187-8e64-317e67093891\">T\u00e9l\u00e9charger<\/a><\/div>\n<\/div><\/div>\n<\/div>\n<\/div>\n","protected":false},"excerpt":{"rendered":"<p>Organisation Mission &amp; organisation La Protection Suisse des Animaux PSA est une organisation fa\u00eeti\u00e8re, de forme associative. L&#8217;organe supr\u00eame est [&hellip;]<\/p>\n","protected":false},"author":5,"featured_media":0,"parent":4507,"menu_order":233,"comment_status":"closed","ping_status":"closed","template":"","meta":{"_acf_changed":false,"inline_featured_image":false,"_vp_format_video_url":"","_vp_image_focal_point":[],"footnotes":""},"class_list":["post-4517","page","type-page","status-publish","hentry"],"acf":[],"yoast_head":"<!-- This site is optimized with the Yoast SEO Premium plugin v27.4 (Yoast SEO v27.4) - https:\/\/yoast.com\/product\/yoast-seo-premium-wordpress\/ -->\n<title>Mission et organisation - Protection Suisse des Animaux PSA<\/title>\n<meta name=\"robots\" content=\"index, follow, max-snippet:-1, max-image-preview:large, max-video-preview:-1\" \/>\n<link rel=\"canonical\" href=\"https:\/\/tierschutz.com\/fr\/la-psa\/association\/mission-et-organisation\/\" \/>\n<meta property=\"og:locale\" content=\"fr_FR\" \/>\n<meta property=\"og:type\" content=\"article\" \/>\n<meta property=\"og:title\" content=\"Mission et organisation\" \/>\n<meta property=\"og:description\" content=\"Organisation Mission &amp; organisation La Protection Suisse des Animaux PSA est une organisation fa\u00eeti\u00e8re, de forme associative. L&#8217;organe supr\u00eame est [&hellip;]\" \/>\n<meta property=\"og:url\" content=\"https:\/\/tierschutz.com\/fr\/la-psa\/association\/mission-et-organisation\/\" \/>\n<meta property=\"og:site_name\" content=\"Protection Suisse des Animaux PSA\" \/>\n<meta property=\"article:publisher\" content=\"https:\/\/www.facebook.com\/schweizertierschutz\/\" \/>\n<meta property=\"article:modified_time\" content=\"2026-04-01T06:57:12+00:00\" \/>\n<meta property=\"og:image\" content=\"https:\/\/tierschutz.com\/app\/uploads\/2023\/11\/schweizer-tierschutz-sts-download-1024x681.jpg\" \/>\n<meta name=\"twitter:card\" content=\"summary_large_image\" \/>\n<meta name=\"twitter:label1\" content=\"Dur\u00e9e de lecture estim\u00e9e\" \/>\n\t<meta name=\"twitter:data1\" content=\"2 minutes\" \/>\n<script type=\"application\/ld+json\" class=\"yoast-schema-graph\">{\"@context\":\"https:\\\/\\\/schema.org\",\"@graph\":[{\"@type\":\"WebPage\",\"@id\":\"https:\\\/\\\/tierschutz.com\\\/fr\\\/la-psa\\\/association\\\/mission-et-organisation\\\/\",\"url\":\"https:\\\/\\\/tierschutz.com\\\/fr\\\/la-psa\\\/association\\\/mission-et-organisation\\\/\",\"name\":\"Mission et organisation - Protection Suisse des Animaux PSA\",\"isPartOf\":{\"@id\":\"https:\\\/\\\/mail.schweizer-tierschutz.ch\\\/#website\"},\"primaryImageOfPage\":{\"@id\":\"https:\\\/\\\/tierschutz.com\\\/fr\\\/la-psa\\\/association\\\/mission-et-organisation\\\/#primaryimage\"},\"image\":{\"@id\":\"https:\\\/\\\/tierschutz.com\\\/fr\\\/la-psa\\\/association\\\/mission-et-organisation\\\/#primaryimage\"},\"thumbnailUrl\":\"https:\\\/\\\/tierschutz.com\\\/app\\\/uploads\\\/2023\\\/11\\\/schweizer-tierschutz-sts-download-1024x681.jpg\",\"datePublished\":\"2023-05-04T13:29:56+00:00\",\"dateModified\":\"2026-04-01T06:57:12+00:00\",\"breadcrumb\":{\"@id\":\"https:\\\/\\\/tierschutz.com\\\/fr\\\/la-psa\\\/association\\\/mission-et-organisation\\\/#breadcrumb\"},\"inLanguage\":\"fr-FR\",\"potentialAction\":[{\"@type\":\"ReadAction\",\"target\":[\"https:\\\/\\\/tierschutz.com\\\/fr\\\/la-psa\\\/association\\\/mission-et-organisation\\\/\"]}]},{\"@type\":\"ImageObject\",\"inLanguage\":\"fr-FR\",\"@id\":\"https:\\\/\\\/tierschutz.com\\\/fr\\\/la-psa\\\/association\\\/mission-et-organisation\\\/#primaryimage\",\"url\":\"https:\\\/\\\/tierschutz.com\\\/app\\\/uploads\\\/2023\\\/11\\\/schweizer-tierschutz-sts-download-1024x681.jpg\",\"contentUrl\":\"https:\\\/\\\/tierschutz.com\\\/app\\\/uploads\\\/2023\\\/11\\\/schweizer-tierschutz-sts-download-1024x681.jpg\"},{\"@type\":\"BreadcrumbList\",\"@id\":\"https:\\\/\\\/tierschutz.com\\\/fr\\\/la-psa\\\/association\\\/mission-et-organisation\\\/#breadcrumb\",\"itemListElement\":[{\"@type\":\"ListItem\",\"position\":1,\"name\":\"Page d\u2019accueil\",\"item\":\"https:\\\/\\\/mail.protection-animaux-psa.ch\\\/fr\\\/\"},{\"@type\":\"ListItem\",\"position\":2,\"name\":\"La PSA\",\"item\":\"https:\\\/\\\/tierschutz.com\\\/fr\\\/la-psa\\\/\"},{\"@type\":\"ListItem\",\"position\":3,\"name\":\"Association\",\"item\":\"https:\\\/\\\/tierschutz.com\\\/fr\\\/la-psa\\\/association\\\/\"},{\"@type\":\"ListItem\",\"position\":4,\"name\":\"Mission et organisation\"}]},{\"@type\":\"WebSite\",\"@id\":\"https:\\\/\\\/mail.schweizer-tierschutz.ch\\\/#website\",\"url\":\"https:\\\/\\\/mail.schweizer-tierschutz.ch\\\/\",\"name\":\"tierschutz.com\",\"description\":\"Wir setzen uns f\u00fcr das Wohl der Tiere ein.\",\"publisher\":{\"@id\":\"https:\\\/\\\/mail.schweizer-tierschutz.ch\\\/#organization\"},\"alternateName\":\"Schweizer Tierschutz STS\",\"potentialAction\":[{\"@type\":\"SearchAction\",\"target\":{\"@type\":\"EntryPoint\",\"urlTemplate\":\"https:\\\/\\\/mail.schweizer-tierschutz.ch\\\/?s={search_term_string}\"},\"query-input\":{\"@type\":\"PropertyValueSpecification\",\"valueRequired\":true,\"valueName\":\"search_term_string\"}}],\"inLanguage\":\"fr-FR\"},{\"@type\":\"Organization\",\"@id\":\"https:\\\/\\\/mail.schweizer-tierschutz.ch\\\/#organization\",\"name\":\"Schweizer Tierschutz STS\",\"alternateName\":\"STS\",\"url\":\"https:\\\/\\\/mail.schweizer-tierschutz.ch\\\/\",\"logo\":{\"@type\":\"ImageObject\",\"inLanguage\":\"fr-FR\",\"@id\":\"https:\\\/\\\/mail.schweizer-tierschutz.ch\\\/#\\\/schema\\\/logo\\\/image\\\/\",\"url\":\"https:\\\/\\\/tierschutz.com\\\/app\\\/uploads\\\/2024\\\/04\\\/logo-schweizer-tierschutz-sts-1.svg\",\"contentUrl\":\"https:\\\/\\\/tierschutz.com\\\/app\\\/uploads\\\/2024\\\/04\\\/logo-schweizer-tierschutz-sts-1.svg\",\"caption\":\"Schweizer Tierschutz STS\"},\"image\":{\"@id\":\"https:\\\/\\\/mail.schweizer-tierschutz.ch\\\/#\\\/schema\\\/logo\\\/image\\\/\"},\"sameAs\":[\"https:\\\/\\\/www.facebook.com\\\/schweizertierschutz\\\/\",\"https:\\\/\\\/www.instagram.com\\\/schweizertierschutzsts\\\/\",\"https:\\\/\\\/www.youtube.com\\\/@STS_Tierschutz\",\"https:\\\/\\\/www.linkedin.com\\\/company\\\/schweizertierschutzsts\\\/\"],\"description\":\"Der Schweizer Tierschutz STS ist der Dachverband von 71 Tierschutzorganisationen in allen Sprachregionen der Schweiz und in Liechtenstein. Seine Mitarbeitenden leisten wissenschaftlich fundierte Grundlagenarbeit, setzen sich mit Projekten und Aktionen f\u00fcr den Schutz und das Wohlbefinden von Heim-, Wild-, Nutz- und Versuchstieren ein und sensibilisieren die \u00d6ffentlichkeit f\u00fcr Tierschutzthemen.\",\"email\":\"sts@tierschutz.com\",\"telephone\":\"061 365 99 99\",\"legalName\":\"Schweizer Tierschutz STS\"}]}<\/script>\n<!-- \/ Yoast SEO Premium plugin. -->","yoast_head_json":{"title":"Mission et organisation - Protection Suisse des Animaux PSA","robots":{"index":"index","follow":"follow","max-snippet":"max-snippet:-1","max-image-preview":"max-image-preview:large","max-video-preview":"max-video-preview:-1"},"canonical":"https:\/\/tierschutz.com\/fr\/la-psa\/association\/mission-et-organisation\/","og_locale":"fr_FR","og_type":"article","og_title":"Mission et organisation","og_description":"Organisation Mission &amp; organisation La Protection Suisse des Animaux PSA est une organisation fa\u00eeti\u00e8re, de forme associative. L&#8217;organe supr\u00eame est [&hellip;]","og_url":"https:\/\/tierschutz.com\/fr\/la-psa\/association\/mission-et-organisation\/","og_site_name":"Protection Suisse des Animaux PSA","article_publisher":"https:\/\/www.facebook.com\/schweizertierschutz\/","article_modified_time":"2026-04-01T06:57:12+00:00","og_image":[{"url":"https:\/\/tierschutz.com\/app\/uploads\/2023\/11\/schweizer-tierschutz-sts-download-1024x681.jpg","type":"","width":"","height":""}],"twitter_card":"summary_large_image","twitter_misc":{"Dur\u00e9e de lecture estim\u00e9e":"2 minutes"},"schema":{"@context":"https:\/\/schema.org","@graph":[{"@type":"WebPage","@id":"https:\/\/tierschutz.com\/fr\/la-psa\/association\/mission-et-organisation\/","url":"https:\/\/tierschutz.com\/fr\/la-psa\/association\/mission-et-organisation\/","name":"Mission et organisation - Protection Suisse des Animaux PSA","isPartOf":{"@id":"https:\/\/mail.schweizer-tierschutz.ch\/#website"},"primaryImageOfPage":{"@id":"https:\/\/tierschutz.com\/fr\/la-psa\/association\/mission-et-organisation\/#primaryimage"},"image":{"@id":"https:\/\/tierschutz.com\/fr\/la-psa\/association\/mission-et-organisation\/#primaryimage"},"thumbnailUrl":"https:\/\/tierschutz.com\/app\/uploads\/2023\/11\/schweizer-tierschutz-sts-download-1024x681.jpg","datePublished":"2023-05-04T13:29:56+00:00","dateModified":"2026-04-01T06:57:12+00:00","breadcrumb":{"@id":"https:\/\/tierschutz.com\/fr\/la-psa\/association\/mission-et-organisation\/#breadcrumb"},"inLanguage":"fr-FR","potentialAction":[{"@type":"ReadAction","target":["https:\/\/tierschutz.com\/fr\/la-psa\/association\/mission-et-organisation\/"]}]},{"@type":"ImageObject","inLanguage":"fr-FR","@id":"https:\/\/tierschutz.com\/fr\/la-psa\/association\/mission-et-organisation\/#primaryimage","url":"https:\/\/tierschutz.com\/app\/uploads\/2023\/11\/schweizer-tierschutz-sts-download-1024x681.jpg","contentUrl":"https:\/\/tierschutz.com\/app\/uploads\/2023\/11\/schweizer-tierschutz-sts-download-1024x681.jpg"},{"@type":"BreadcrumbList","@id":"https:\/\/tierschutz.com\/fr\/la-psa\/association\/mission-et-organisation\/#breadcrumb","itemListElement":[{"@type":"ListItem","position":1,"name":"Page d\u2019accueil","item":"https:\/\/mail.protection-animaux-psa.ch\/fr\/"},{"@type":"ListItem","position":2,"name":"La PSA","item":"https:\/\/tierschutz.com\/fr\/la-psa\/"},{"@type":"ListItem","position":3,"name":"Association","item":"https:\/\/tierschutz.com\/fr\/la-psa\/association\/"},{"@type":"ListItem","position":4,"name":"Mission et organisation"}]},{"@type":"WebSite","@id":"https:\/\/mail.schweizer-tierschutz.ch\/#website","url":"https:\/\/mail.schweizer-tierschutz.ch\/","name":"tierschutz.com","description":"Wir setzen uns f\u00fcr das Wohl der Tiere ein.","publisher":{"@id":"https:\/\/mail.schweizer-tierschutz.ch\/#organization"},"alternateName":"Schweizer Tierschutz STS","potentialAction":[{"@type":"SearchAction","target":{"@type":"EntryPoint","urlTemplate":"https:\/\/mail.schweizer-tierschutz.ch\/?s={search_term_string}"},"query-input":{"@type":"PropertyValueSpecification","valueRequired":true,"valueName":"search_term_string"}}],"inLanguage":"fr-FR"},{"@type":"Organization","@id":"https:\/\/mail.schweizer-tierschutz.ch\/#organization","name":"Schweizer Tierschutz STS","alternateName":"STS","url":"https:\/\/mail.schweizer-tierschutz.ch\/","logo":{"@type":"ImageObject","inLanguage":"fr-FR","@id":"https:\/\/mail.schweizer-tierschutz.ch\/#\/schema\/logo\/image\/","url":"https:\/\/tierschutz.com\/app\/uploads\/2024\/04\/logo-schweizer-tierschutz-sts-1.svg","contentUrl":"https:\/\/tierschutz.com\/app\/uploads\/2024\/04\/logo-schweizer-tierschutz-sts-1.svg","caption":"Schweizer Tierschutz STS"},"image":{"@id":"https:\/\/mail.schweizer-tierschutz.ch\/#\/schema\/logo\/image\/"},"sameAs":["https:\/\/www.facebook.com\/schweizertierschutz\/","https:\/\/www.instagram.com\/schweizertierschutzsts\/","https:\/\/www.youtube.com\/@STS_Tierschutz","https:\/\/www.linkedin.com\/company\/schweizertierschutzsts\/"],"description":"Der Schweizer Tierschutz STS ist der Dachverband von 71 Tierschutzorganisationen in allen Sprachregionen der Schweiz und in Liechtenstein. Seine Mitarbeitenden leisten wissenschaftlich fundierte Grundlagenarbeit, setzen sich mit Projekten und Aktionen f\u00fcr den Schutz und das Wohlbefinden von Heim-, Wild-, Nutz- und Versuchstieren ein und sensibilisieren die \u00d6ffentlichkeit f\u00fcr Tierschutzthemen.","email":"sts@tierschutz.com","telephone":"061 365 99 99","legalName":"Schweizer Tierschutz STS"}]}},"_links":{"self":[{"href":"https:\/\/tierschutz.com\/fr\/wp-json\/wp\/v2\/pages\/4517","targetHints":{"allow":["GET"]}}],"collection":[{"href":"https:\/\/tierschutz.com\/fr\/wp-json\/wp\/v2\/pages"}],"about":[{"href":"https:\/\/tierschutz.com\/fr\/wp-json\/wp\/v2\/types\/page"}],"author":[{"embeddable":true,"href":"https:\/\/tierschutz.com\/fr\/wp-json\/wp\/v2\/users\/5"}],"replies":[{"embeddable":true,"href":"https:\/\/tierschutz.com\/fr\/wp-json\/wp\/v2\/comments?post=4517"}],"version-history":[{"count":28,"href":"https:\/\/tierschutz.com\/fr\/wp-json\/wp\/v2\/pages\/4517\/revisions"}],"predecessor-version":[{"id":36845,"href":"https:\/\/tierschutz.com\/fr\/wp-json\/wp\/v2\/pages\/4517\/revisions\/36845"}],"up":[{"embeddable":true,"href":"https:\/\/tierschutz.com\/fr\/wp-json\/wp\/v2\/pages\/4507"}],"wp:attachment":[{"href":"https:\/\/tierschutz.com\/fr\/wp-json\/wp\/v2\/media?parent=4517"}],"curies":[{"name":"wp","href":"https:\/\/api.w.org\/{rel}","templated":true}]}}