{"id":4533,"date":"2023-05-04T15:31:40","date_gmt":"2023-05-04T13:31:40","guid":{"rendered":"https:\/\/dev.tierschutz.com\/?page_id=4533"},"modified":"2024-10-21T08:35:06","modified_gmt":"2024-10-21T06:35:06","slug":"histoire","status":"publish","type":"page","link":"https:\/\/tierschutz.com\/fr\/la-psa\/association\/histoire\/","title":{"rendered":"Histoire"},"content":{"rendered":"\n<div class=\"wp-block-cover alignfull\"><span aria-hidden=\"true\" class=\"wp-block-cover__background has-background-dim-20 has-background-dim\"><\/span><img decoding=\"async\" class=\"wp-block-cover__image-background wp-image-12126\" alt=\"\" src=\"https:\/\/tierschutz.com\/app\/uploads\/2023\/11\/schweizer-tierschutz-geschichte.jpg\" style=\"object-position:51% 55%\" data-object-fit=\"cover\" data-object-position=\"51% 55%\"\/><div class=\"wp-block-cover__inner-container is-layout-flow wp-block-cover-is-layout-flow\">\n<h2 class=\"wp-block-heading has-text-align-center has-background-color has-text-color\" id=\"h-histoire\">Histoire<\/h2>\n<\/div><\/div>\n\n\n\n<div class=\"wp-block-group alignfull anchor-bar has-lightgray-background-color has-background is-layout-constrained wp-block-group-is-layout-constrained\">\n<div class=\"wp-block-group is-content-justification-center is-layout-flex wp-container-core-group-is-layout-b02886af wp-block-group-is-layout-flex\">\n<p class=\"has-large-font-size\"><strong><a href=\"#histoire\">Histoire<\/a><\/strong><\/p>\n<\/div>\n<\/div>\n\n\n\n<div class=\"wp-block-group alignfull has-background-background-color has-background is-layout-constrained wp-block-group-is-layout-constrained\"><div class=\"yoast-breadcrumbs\"><span><span><a href=\"https:\/\/mail.protection-animaux-psa.ch\/fr\/\">Page d\u2019accueil<\/a><\/span> \u00bb <span><a href=\"https:\/\/tierschutz.com\/fr\/la-psa\/\">La PSA<\/a><\/span> \u00bb <span><a href=\"https:\/\/tierschutz.com\/fr\/la-psa\/association\/\">Association<\/a><\/span> \u00bb <span class=\"breadcrumb_last\" aria-current=\"page\">Histoire<\/span><\/span><\/div>\n\n\n<h1 class=\"wp-block-heading has-text-align-center\" id=\"h-histoire-de-la-protection-suisse-des-animaux-psa\"><strong>Histoire de la Protection Suisse des Animaux PSA<\/strong><\/h1>\n\n\n\n<hr class=\"wp-block-separator has-text-color has-primary-color has-alpha-channel-opacity has-primary-background-color has-background\"\/>\n<\/div>\n\n\n\n<div class=\"wp-block-media-text alignwide is-stacked-on-mobile is-vertically-aligned-center\"><figure class=\"wp-block-media-text__media\"><img loading=\"lazy\" decoding=\"async\" width=\"1024\" height=\"656\" src=\"https:\/\/tierschutz.com\/app\/uploads\/2023\/06\/sts-geschichte-1024x656.jpg\" alt=\"\" class=\"wp-image-3774 size-full\" srcset=\"https:\/\/tierschutz.com\/app\/uploads\/2023\/06\/sts-geschichte-1024x656.jpg 1024w, https:\/\/tierschutz.com\/app\/uploads\/2023\/06\/sts-geschichte-300x192.jpg 300w, https:\/\/tierschutz.com\/app\/uploads\/2023\/06\/sts-geschichte-768x492.jpg 768w, https:\/\/tierschutz.com\/app\/uploads\/2023\/06\/sts-geschichte-1536x984.jpg 1536w, https:\/\/tierschutz.com\/app\/uploads\/2023\/06\/sts-geschichte-2048x1312.jpg 2048w\" sizes=\"auto, (max-width: 1024px) 100vw, 1024px\" \/><\/figure><div class=\"wp-block-media-text__content\">\n<div id=\"histoire\" class=\"wp-block-group is-style-shadow-box has-background-background-color has-background is-layout-constrained wp-block-group-is-layout-constrained\">\n<p>En <strong>1861<\/strong>, l\u2019association fa\u00eeti\u00e8re nationale suisse de la protection des animaux a \u00e9t\u00e9 fond\u00e9e sous le nom \u00abSchweizerischer Centralverein zum Schutz der Thiere\u00bb. En 1980, ce nom d\u00e9mod\u00e9 est devenu Protection Suisse des Animaux PSA. La PSA est donc la plus ancienne organisation de protection des animaux de Suisse.<\/p>\n\n\n\n<p>D\u00e8s <strong>1893<\/strong>, la PSA a fait adopter par une initiative populaire l\u2019\u00e9tourdissement des mammif\u00e8res avant la saign\u00e9e.\u00a0<\/p>\n\n\n\n<p>Entre <strong>1960 <\/strong>et <strong>1980<\/strong>, elle a milit\u00e9 ardemment pour la cr\u00e9ation d\u2019une l\u00e9gislation f\u00e9d\u00e9rale sur la protection des animaux. Celle-ci est entr\u00e9e en vigueur en 1981 et a interdit pour la premi\u00e8re fois la d\u00e9tention de poules en batterie.&nbsp;<\/p>\n\n\n\n<p>Aujourd\u2019hui, la PSA lutte sans compromis pour une loi de protection des animaux, qui corresponde \u00e0 la valeur importante du bien-\u00eatre animal dans notre soci\u00e9t\u00e9 et \u00e0 une relation moderne entre l\u2019homme et l\u2019animal. Une loi de protection des animaux qui garantit \u00e0 tous les animaux un droit fondamental, attendu depuis longtemps: celui d\u2019une d\u00e9tention respectueuse des animaux et d\u2019une manipulation douce.<\/p>\n<\/div>\n<\/div><\/div>\n","protected":false},"excerpt":{"rendered":"<p>Histoire Histoire de la Protection Suisse des Animaux PSA<\/p>\n","protected":false},"author":5,"featured_media":0,"parent":4507,"menu_order":231,"comment_status":"closed","ping_status":"closed","template":"","meta":{"_acf_changed":false,"inline_featured_image":false,"_vp_format_video_url":"","_vp_image_focal_point":[],"footnotes":""},"class_list":["post-4533","page","type-page","status-publish","hentry"],"acf":[],"yoast_head":"<!-- This site is optimized with the Yoast SEO Premium plugin v27.4 (Yoast SEO v27.4) - https:\/\/yoast.com\/product\/yoast-seo-premium-wordpress\/ -->\n<title>Histoire - Protection Suisse des Animaux PSA<\/title>\n<meta name=\"robots\" content=\"index, follow, max-snippet:-1, max-image-preview:large, max-video-preview:-1\" \/>\n<link rel=\"canonical\" href=\"https:\/\/tierschutz.com\/fr\/la-psa\/association\/histoire\/\" \/>\n<meta property=\"og:locale\" content=\"fr_FR\" \/>\n<meta property=\"og:type\" content=\"article\" \/>\n<meta property=\"og:title\" content=\"Histoire\" \/>\n<meta property=\"og:description\" content=\"Histoire Histoire de la Protection Suisse des Animaux PSA\" \/>\n<meta property=\"og:url\" content=\"https:\/\/tierschutz.com\/fr\/la-psa\/association\/histoire\/\" \/>\n<meta property=\"og:site_name\" content=\"Protection Suisse des Animaux PSA\" \/>\n<meta property=\"article:publisher\" content=\"https:\/\/www.facebook.com\/schweizertierschutz\/\" \/>\n<meta property=\"article:modified_time\" content=\"2024-10-21T06:35:06+00:00\" \/>\n<meta property=\"og:image\" content=\"https:\/\/tierschutz.com\/app\/uploads\/2023\/11\/schweizer-tierschutz-geschichte.jpg\" \/>\n<meta name=\"twitter:card\" content=\"summary_large_image\" \/>\n<meta name=\"twitter:label1\" content=\"Dur\u00e9e de lecture estim\u00e9e\" \/>\n\t<meta name=\"twitter:data1\" content=\"2 minutes\" \/>\n<script type=\"application\/ld+json\" class=\"yoast-schema-graph\">{\"@context\":\"https:\\\/\\\/schema.org\",\"@graph\":[{\"@type\":\"WebPage\",\"@id\":\"https:\\\/\\\/tierschutz.com\\\/fr\\\/la-psa\\\/association\\\/histoire\\\/\",\"url\":\"https:\\\/\\\/tierschutz.com\\\/fr\\\/la-psa\\\/association\\\/histoire\\\/\",\"name\":\"Histoire - Protection Suisse des Animaux PSA\",\"isPartOf\":{\"@id\":\"https:\\\/\\\/mail.schweizer-tierschutz.ch\\\/#website\"},\"primaryImageOfPage\":{\"@id\":\"https:\\\/\\\/tierschutz.com\\\/fr\\\/la-psa\\\/association\\\/histoire\\\/#primaryimage\"},\"image\":{\"@id\":\"https:\\\/\\\/tierschutz.com\\\/fr\\\/la-psa\\\/association\\\/histoire\\\/#primaryimage\"},\"thumbnailUrl\":\"https:\\\/\\\/tierschutz.com\\\/app\\\/uploads\\\/2023\\\/11\\\/schweizer-tierschutz-geschichte.jpg\",\"datePublished\":\"2023-05-04T13:31:40+00:00\",\"dateModified\":\"2024-10-21T06:35:06+00:00\",\"breadcrumb\":{\"@id\":\"https:\\\/\\\/tierschutz.com\\\/fr\\\/la-psa\\\/association\\\/histoire\\\/#breadcrumb\"},\"inLanguage\":\"fr-FR\",\"potentialAction\":[{\"@type\":\"ReadAction\",\"target\":[\"https:\\\/\\\/tierschutz.com\\\/fr\\\/la-psa\\\/association\\\/histoire\\\/\"]}]},{\"@type\":\"ImageObject\",\"inLanguage\":\"fr-FR\",\"@id\":\"https:\\\/\\\/tierschutz.com\\\/fr\\\/la-psa\\\/association\\\/histoire\\\/#primaryimage\",\"url\":\"https:\\\/\\\/tierschutz.com\\\/app\\\/uploads\\\/2023\\\/11\\\/schweizer-tierschutz-geschichte.jpg\",\"contentUrl\":\"https:\\\/\\\/tierschutz.com\\\/app\\\/uploads\\\/2023\\\/11\\\/schweizer-tierschutz-geschichte.jpg\"},{\"@type\":\"BreadcrumbList\",\"@id\":\"https:\\\/\\\/tierschutz.com\\\/fr\\\/la-psa\\\/association\\\/histoire\\\/#breadcrumb\",\"itemListElement\":[{\"@type\":\"ListItem\",\"position\":1,\"name\":\"Page d\u2019accueil\",\"item\":\"https:\\\/\\\/mail.protection-animaux-psa.ch\\\/fr\\\/\"},{\"@type\":\"ListItem\",\"position\":2,\"name\":\"La PSA\",\"item\":\"https:\\\/\\\/tierschutz.com\\\/fr\\\/la-psa\\\/\"},{\"@type\":\"ListItem\",\"position\":3,\"name\":\"Association\",\"item\":\"https:\\\/\\\/tierschutz.com\\\/fr\\\/la-psa\\\/association\\\/\"},{\"@type\":\"ListItem\",\"position\":4,\"name\":\"Histoire\"}]},{\"@type\":\"WebSite\",\"@id\":\"https:\\\/\\\/mail.schweizer-tierschutz.ch\\\/#website\",\"url\":\"https:\\\/\\\/mail.schweizer-tierschutz.ch\\\/\",\"name\":\"tierschutz.com\",\"description\":\"Wir setzen uns f\u00fcr das Wohl der Tiere ein.\",\"publisher\":{\"@id\":\"https:\\\/\\\/mail.schweizer-tierschutz.ch\\\/#organization\"},\"alternateName\":\"Schweizer Tierschutz STS\",\"potentialAction\":[{\"@type\":\"SearchAction\",\"target\":{\"@type\":\"EntryPoint\",\"urlTemplate\":\"https:\\\/\\\/mail.schweizer-tierschutz.ch\\\/?s={search_term_string}\"},\"query-input\":{\"@type\":\"PropertyValueSpecification\",\"valueRequired\":true,\"valueName\":\"search_term_string\"}}],\"inLanguage\":\"fr-FR\"},{\"@type\":\"Organization\",\"@id\":\"https:\\\/\\\/mail.schweizer-tierschutz.ch\\\/#organization\",\"name\":\"Schweizer Tierschutz STS\",\"alternateName\":\"STS\",\"url\":\"https:\\\/\\\/mail.schweizer-tierschutz.ch\\\/\",\"logo\":{\"@type\":\"ImageObject\",\"inLanguage\":\"fr-FR\",\"@id\":\"https:\\\/\\\/mail.schweizer-tierschutz.ch\\\/#\\\/schema\\\/logo\\\/image\\\/\",\"url\":\"https:\\\/\\\/tierschutz.com\\\/app\\\/uploads\\\/2024\\\/04\\\/logo-schweizer-tierschutz-sts-1.svg\",\"contentUrl\":\"https:\\\/\\\/tierschutz.com\\\/app\\\/uploads\\\/2024\\\/04\\\/logo-schweizer-tierschutz-sts-1.svg\",\"caption\":\"Schweizer Tierschutz STS\"},\"image\":{\"@id\":\"https:\\\/\\\/mail.schweizer-tierschutz.ch\\\/#\\\/schema\\\/logo\\\/image\\\/\"},\"sameAs\":[\"https:\\\/\\\/www.facebook.com\\\/schweizertierschutz\\\/\",\"https:\\\/\\\/www.instagram.com\\\/schweizertierschutzsts\\\/\",\"https:\\\/\\\/www.youtube.com\\\/@STS_Tierschutz\",\"https:\\\/\\\/www.linkedin.com\\\/company\\\/schweizertierschutzsts\\\/\"],\"description\":\"Der Schweizer Tierschutz STS ist der Dachverband von 71 Tierschutzorganisationen in allen Sprachregionen der Schweiz und in Liechtenstein. Seine Mitarbeitenden leisten wissenschaftlich fundierte Grundlagenarbeit, setzen sich mit Projekten und Aktionen f\u00fcr den Schutz und das Wohlbefinden von Heim-, Wild-, Nutz- und Versuchstieren ein und sensibilisieren die \u00d6ffentlichkeit f\u00fcr Tierschutzthemen.\",\"email\":\"sts@tierschutz.com\",\"telephone\":\"061 365 99 99\",\"legalName\":\"Schweizer Tierschutz STS\"}]}<\/script>\n<!-- \/ Yoast SEO Premium plugin. -->","yoast_head_json":{"title":"Histoire - Protection Suisse des Animaux PSA","robots":{"index":"index","follow":"follow","max-snippet":"max-snippet:-1","max-image-preview":"max-image-preview:large","max-video-preview":"max-video-preview:-1"},"canonical":"https:\/\/tierschutz.com\/fr\/la-psa\/association\/histoire\/","og_locale":"fr_FR","og_type":"article","og_title":"Histoire","og_description":"Histoire Histoire de la Protection Suisse des Animaux PSA","og_url":"https:\/\/tierschutz.com\/fr\/la-psa\/association\/histoire\/","og_site_name":"Protection Suisse des Animaux PSA","article_publisher":"https:\/\/www.facebook.com\/schweizertierschutz\/","article_modified_time":"2024-10-21T06:35:06+00:00","og_image":[{"url":"https:\/\/tierschutz.com\/app\/uploads\/2023\/11\/schweizer-tierschutz-geschichte.jpg","type":"","width":"","height":""}],"twitter_card":"summary_large_image","twitter_misc":{"Dur\u00e9e de lecture estim\u00e9e":"2 minutes"},"schema":{"@context":"https:\/\/schema.org","@graph":[{"@type":"WebPage","@id":"https:\/\/tierschutz.com\/fr\/la-psa\/association\/histoire\/","url":"https:\/\/tierschutz.com\/fr\/la-psa\/association\/histoire\/","name":"Histoire - Protection Suisse des Animaux PSA","isPartOf":{"@id":"https:\/\/mail.schweizer-tierschutz.ch\/#website"},"primaryImageOfPage":{"@id":"https:\/\/tierschutz.com\/fr\/la-psa\/association\/histoire\/#primaryimage"},"image":{"@id":"https:\/\/tierschutz.com\/fr\/la-psa\/association\/histoire\/#primaryimage"},"thumbnailUrl":"https:\/\/tierschutz.com\/app\/uploads\/2023\/11\/schweizer-tierschutz-geschichte.jpg","datePublished":"2023-05-04T13:31:40+00:00","dateModified":"2024-10-21T06:35:06+00:00","breadcrumb":{"@id":"https:\/\/tierschutz.com\/fr\/la-psa\/association\/histoire\/#breadcrumb"},"inLanguage":"fr-FR","potentialAction":[{"@type":"ReadAction","target":["https:\/\/tierschutz.com\/fr\/la-psa\/association\/histoire\/"]}]},{"@type":"ImageObject","inLanguage":"fr-FR","@id":"https:\/\/tierschutz.com\/fr\/la-psa\/association\/histoire\/#primaryimage","url":"https:\/\/tierschutz.com\/app\/uploads\/2023\/11\/schweizer-tierschutz-geschichte.jpg","contentUrl":"https:\/\/tierschutz.com\/app\/uploads\/2023\/11\/schweizer-tierschutz-geschichte.jpg"},{"@type":"BreadcrumbList","@id":"https:\/\/tierschutz.com\/fr\/la-psa\/association\/histoire\/#breadcrumb","itemListElement":[{"@type":"ListItem","position":1,"name":"Page d\u2019accueil","item":"https:\/\/mail.protection-animaux-psa.ch\/fr\/"},{"@type":"ListItem","position":2,"name":"La PSA","item":"https:\/\/tierschutz.com\/fr\/la-psa\/"},{"@type":"ListItem","position":3,"name":"Association","item":"https:\/\/tierschutz.com\/fr\/la-psa\/association\/"},{"@type":"ListItem","position":4,"name":"Histoire"}]},{"@type":"WebSite","@id":"https:\/\/mail.schweizer-tierschutz.ch\/#website","url":"https:\/\/mail.schweizer-tierschutz.ch\/","name":"tierschutz.com","description":"Wir setzen uns f\u00fcr das Wohl der Tiere ein.","publisher":{"@id":"https:\/\/mail.schweizer-tierschutz.ch\/#organization"},"alternateName":"Schweizer Tierschutz STS","potentialAction":[{"@type":"SearchAction","target":{"@type":"EntryPoint","urlTemplate":"https:\/\/mail.schweizer-tierschutz.ch\/?s={search_term_string}"},"query-input":{"@type":"PropertyValueSpecification","valueRequired":true,"valueName":"search_term_string"}}],"inLanguage":"fr-FR"},{"@type":"Organization","@id":"https:\/\/mail.schweizer-tierschutz.ch\/#organization","name":"Schweizer Tierschutz STS","alternateName":"STS","url":"https:\/\/mail.schweizer-tierschutz.ch\/","logo":{"@type":"ImageObject","inLanguage":"fr-FR","@id":"https:\/\/mail.schweizer-tierschutz.ch\/#\/schema\/logo\/image\/","url":"https:\/\/tierschutz.com\/app\/uploads\/2024\/04\/logo-schweizer-tierschutz-sts-1.svg","contentUrl":"https:\/\/tierschutz.com\/app\/uploads\/2024\/04\/logo-schweizer-tierschutz-sts-1.svg","caption":"Schweizer Tierschutz STS"},"image":{"@id":"https:\/\/mail.schweizer-tierschutz.ch\/#\/schema\/logo\/image\/"},"sameAs":["https:\/\/www.facebook.com\/schweizertierschutz\/","https:\/\/www.instagram.com\/schweizertierschutzsts\/","https:\/\/www.youtube.com\/@STS_Tierschutz","https:\/\/www.linkedin.com\/company\/schweizertierschutzsts\/"],"description":"Der Schweizer Tierschutz STS ist der Dachverband von 71 Tierschutzorganisationen in allen Sprachregionen der Schweiz und in Liechtenstein. Seine Mitarbeitenden leisten wissenschaftlich fundierte Grundlagenarbeit, setzen sich mit Projekten und Aktionen f\u00fcr den Schutz und das Wohlbefinden von Heim-, Wild-, Nutz- und Versuchstieren ein und sensibilisieren die \u00d6ffentlichkeit f\u00fcr Tierschutzthemen.","email":"sts@tierschutz.com","telephone":"061 365 99 99","legalName":"Schweizer Tierschutz STS"}]}},"_links":{"self":[{"href":"https:\/\/tierschutz.com\/fr\/wp-json\/wp\/v2\/pages\/4533","targetHints":{"allow":["GET"]}}],"collection":[{"href":"https:\/\/tierschutz.com\/fr\/wp-json\/wp\/v2\/pages"}],"about":[{"href":"https:\/\/tierschutz.com\/fr\/wp-json\/wp\/v2\/types\/page"}],"author":[{"embeddable":true,"href":"https:\/\/tierschutz.com\/fr\/wp-json\/wp\/v2\/users\/5"}],"replies":[{"embeddable":true,"href":"https:\/\/tierschutz.com\/fr\/wp-json\/wp\/v2\/comments?post=4533"}],"version-history":[{"count":5,"href":"https:\/\/tierschutz.com\/fr\/wp-json\/wp\/v2\/pages\/4533\/revisions"}],"predecessor-version":[{"id":27559,"href":"https:\/\/tierschutz.com\/fr\/wp-json\/wp\/v2\/pages\/4533\/revisions\/27559"}],"up":[{"embeddable":true,"href":"https:\/\/tierschutz.com\/fr\/wp-json\/wp\/v2\/pages\/4507"}],"wp:attachment":[{"href":"https:\/\/tierschutz.com\/fr\/wp-json\/wp\/v2\/media?parent=4533"}],"curies":[{"name":"wp","href":"https:\/\/api.w.org\/{rel}","templated":true}]}}