{"id":4959,"date":"2023-05-17T11:08:31","date_gmt":"2023-05-17T09:08:31","guid":{"rendered":"https:\/\/dev.tierschutz.com\/?page_id=4959"},"modified":"2025-09-09T10:36:32","modified_gmt":"2025-09-09T08:36:32","slug":"recherche-experimentation-animale","status":"publish","type":"page","link":"https:\/\/tierschutz.com\/fr\/protection-des-animaux\/rubriques\/experimentations-animales\/recherche-experimentation-animale\/","title":{"rendered":"Recherche Exp\u00e9rimentation animale"},"content":{"rendered":"\n<div class=\"wp-block-cover alignfull is-light\"><img loading=\"lazy\" decoding=\"async\" width=\"1416\" height=\"910\" class=\"wp-block-cover__image-background wp-image-1737\" alt=\"Ein Hamerster in einer Kugel auf Plastik vor einem weissen Hintergrund\" src=\"https:\/\/tierschutz.com\/app\/uploads\/2023\/05\/STS-Tierversuche-ErreichtesForderungen.jpg\" style=\"object-position:56% 80%\" data-object-fit=\"cover\" data-object-position=\"56% 80%\" srcset=\"https:\/\/tierschutz.com\/app\/uploads\/2023\/05\/STS-Tierversuche-ErreichtesForderungen.jpg 1416w, https:\/\/tierschutz.com\/app\/uploads\/2023\/05\/STS-Tierversuche-ErreichtesForderungen-300x193.jpg 300w, https:\/\/tierschutz.com\/app\/uploads\/2023\/05\/STS-Tierversuche-ErreichtesForderungen-1024x658.jpg 1024w, https:\/\/tierschutz.com\/app\/uploads\/2023\/05\/STS-Tierversuche-ErreichtesForderungen-768x494.jpg 768w\" sizes=\"auto, (max-width: 1416px) 100vw, 1416px\" \/><span aria-hidden=\"true\" class=\"wp-block-cover__background has-foreground-background-color has-background-dim-30 has-background-dim\"><\/span><div class=\"wp-block-cover__inner-container is-layout-flow wp-block-cover-is-layout-flow\">\n<h2 class=\"wp-block-heading has-text-align-center has-background-color has-text-color\" id=\"h-recherche-experimentation-animale\">Recherche Exp\u00e9rimentation animale<\/h2>\n<\/div><\/div>\n\n\n\n<div class=\"wp-block-group alignfull anchor-bar has-lightgray-background-color has-background is-layout-constrained wp-block-group-is-layout-constrained\">\n<div class=\"wp-block-group is-content-justification-center is-layout-flex wp-container-core-group-is-layout-b02886af wp-block-group-is-layout-flex\">\n<p class=\"has-large-font-size\"><strong><a href=\"#situation\"><strong>Situation<\/strong><\/a><\/strong><\/p>\n\n\n\n<p class=\"has-large-font-size\"><strong><a href=\"#rehoming\"><strong>Le projet de r\u00e9homing<\/strong><\/a><\/strong><\/p>\n\n\n\n<p class=\"has-large-font-size\"><a href=\"#Aktivit\u00e4ten\"><strong>Activit\u00e9s actuelles<\/strong><\/a><\/p>\n<\/div>\n<\/div>\n\n\n\n<div class=\"wp-block-group alignfull has-background-background-color has-background is-layout-constrained wp-block-group-is-layout-constrained\" id=\"situation\"><div class=\"yoast-breadcrumbs\"><span><span><a href=\"https:\/\/mail.protection-animaux-psa.ch\/fr\/\">Page d\u2019accueil<\/a><\/span> \u00bb <span><a href=\"https:\/\/tierschutz.com\/fr\/protection-des-animaux\/\">Protection des animaux\u00a0<\/a><\/span> \u00bb <span><a href=\"https:\/\/tierschutz.com\/fr\/protection-des-animaux\/rubriques\/\">Rubriques<\/a><\/span> \u00bb <span><a href=\"https:\/\/sts-psa.ch\/fr\/protection-des-animaux\/rubriques\/experimentations-animales\/\">Exp\u00e9rimentations animales<\/a><\/span> \u00bb <span class=\"breadcrumb_last\" aria-current=\"page\">Recherche Exp\u00e9rimentation animale<\/span><\/span><\/div>\n\n\n<h1 class=\"wp-block-heading has-text-align-center\" id=\"h-situation-de-l-experimentation-animale-recherche\"><strong>Situation de l&#8217;exp\u00e9rimentation animale Recherche<\/strong><\/h1>\n\n\n\n<hr class=\"wp-block-separator has-text-color has-primary-color has-alpha-channel-opacity has-primary-background-color has-background\"\/>\n\n\n\n<p class=\"has-text-align-center\">Avec son service sp\u00e9cialis\u00e9 Exp\u00e9rimentation animale, la PSA prend fait et cause avec engagement et comp\u00e9tence pour r\u00e9duire au minimum la d\u00e9tention, l\u2019\u00e9levage et l\u2019utilisation d\u2019animaux de laboratoire, et pour que la Suisse se tourne \u00e0 l\u2019avenir en faveur d\u2019une recherche sur les maladies humaines avec des m\u00e9thodes sans (exp\u00e9rimentations sur les) animaux. Le service sp\u00e9cialis\u00e9 se consacre ici avec beaucoup de connaissances et d\u2019exp\u00e9rience \u00e0 toute une s\u00e9rie de questions scientifiques, \u00e9thiques et importantes pour la protection des animaux en mati\u00e8re d\u2019exp\u00e9rimentations animales et de m\u00e9thodes alternatives.<\/p>\n\n\n\n<p class=\"has-text-align-center\">L\u2019approche constructive et comp\u00e9tente de la PSA et les r\u00e9sultats positifs obtenus sont largement reconnus et respect\u00e9s par les organisations apparent\u00e9es avec lesquelles nous sommes en contact, aussi bien sur le plan national qu\u2019international.<\/p>\n<\/div>\n\n\n\n<div class=\"wp-block-media-text has-media-on-the-right is-stacked-on-mobile is-image-fill-element is-style-shadow\" id=\"rehoming\"><div class=\"wp-block-media-text__content\">\n<h3 class=\"wp-block-heading\" id=\"h-une-nouvelle-vie-pour-les-animaux-de-laboratoire\"><strong><strong><strong>Une nouvelle vie pour les animaux de laboratoire<\/strong><\/strong><\/strong><\/h3>\n\n\n\n<p>Avec son projet r\u00e9homing, la PSA offre depuis 2018 une nouvelle vie hors de la recherche et des laboratoires \u00e0 des animaux de laboratoire adapt\u00e9s. Gr\u00e2ce \u00e0 la collaboration avec des universit\u00e9s partenaires, plus de 1000 animaux ont d\u00e9j\u00e0 pu \u00eatre plac\u00e9s avec succ\u00e8s dans de nouveaux foyers.<\/p>\n\n\n\n<div class=\"wp-block-buttons is-content-justification-center is-layout-flex wp-container-core-buttons-is-layout-a89b3969 wp-block-buttons-is-layout-flex\">\n<div class=\"wp-block-button\"><a class=\"wp-block-button__link wp-element-button\" href=\"https:\/\/tierschutz.com\/fr\/project\/le-projet-de-rehoming-une-nouvelle-vie-pour-les-animaux-de-laboratoire\/\">En savoir plus<\/a><\/div>\n<\/div>\n<\/div><figure class=\"wp-block-media-text__media\"><img loading=\"lazy\" decoding=\"async\" width=\"800\" height=\"535\" src=\"https:\/\/tierschutz.com\/app\/uploads\/2024\/01\/rehoming-projekt.jpg\" alt=\"\" class=\"wp-image-14463 size-full\" style=\"object-position:50% 50%\" srcset=\"https:\/\/tierschutz.com\/app\/uploads\/2024\/01\/rehoming-projekt.jpg 800w, https:\/\/tierschutz.com\/app\/uploads\/2024\/01\/rehoming-projekt-300x201.jpg 300w, https:\/\/tierschutz.com\/app\/uploads\/2024\/01\/rehoming-projekt-768x514.jpg 768w\" sizes=\"auto, (max-width: 800px) 100vw, 800px\" \/><\/figure><\/div>\n\n\n\n<div class=\"wp-block-media-text alignwide is-stacked-on-mobile is-vertically-aligned-center\"><figure class=\"wp-block-media-text__media\"><img loading=\"lazy\" decoding=\"async\" width=\"1024\" height=\"681\" src=\"https:\/\/tierschutz.com\/app\/uploads\/2023\/06\/sts-tierversuch-forschung-1024x681.jpg\" alt=\"\" class=\"wp-image-4952 size-full\" srcset=\"https:\/\/tierschutz.com\/app\/uploads\/2023\/06\/sts-tierversuch-forschung-1024x681.jpg 1024w, https:\/\/tierschutz.com\/app\/uploads\/2023\/06\/sts-tierversuch-forschung-300x200.jpg 300w, https:\/\/tierschutz.com\/app\/uploads\/2023\/06\/sts-tierversuch-forschung-768x511.jpg 768w, https:\/\/tierschutz.com\/app\/uploads\/2023\/06\/sts-tierversuch-forschung-1536x1022.jpg 1536w, https:\/\/tierschutz.com\/app\/uploads\/2023\/06\/sts-tierversuch-forschung.jpg 2048w\" sizes=\"auto, (max-width: 1024px) 100vw, 1024px\" \/><\/figure><div class=\"wp-block-media-text__content\">\n<div id=\"Aktivit\u00e4ten\" class=\"wp-block-group is-style-shadow-box has-background-background-color has-background is-layout-constrained wp-block-group-is-layout-constrained\">\n<h3 class=\"wp-block-heading\" id=\"h-quelques-activites-actuelles\"><strong><strong><strong>Quelques activit\u00e9s actuelles:<\/strong><\/strong><\/strong><\/h3>\n\n\n\n<p>D\u00e9veloppement et promotion de nouvelles approches pour diminuer le recours \u00e0 des animaux ainsi que leur souffrance \u2014 parmi lesquelles figure aussi notre projet novateur permettant d\u2019assurer qu\u2019aucun animal ne subisse de \u00ablourdes\u00bb souffrances.<\/p>\n\n\n\n<p>Soutien \u00e0 la Commission europ\u00e9enne dans l\u2019\u00e9laboration de directives pour les \u00c9tats membres de l\u2019Union europ\u00e9enne afin d\u2019imposer efficacement les lois r\u00e9gissant l\u2019utilisation d\u2019animaux.<\/p>\n\n\n\n<p>Rapprochement des personnes, pour d\u00e9finir et localiser des questions importantes de la protection des animaux par rapport \u00e0 certains animaux (par exemple rats et souris, animaux modifi\u00e9s g\u00e9n\u00e9tiquement, esp\u00e8ces d\u2019animaux de rente, faune sauvage), pour \u00e9changer exp\u00e9riences et connaissances, s\u2019interroger sur les pratiques actuelles et promouvoir les avanc\u00e9es.<\/p>\n\n\n\n<p>R\u00e9alisation de formations sur l\u2019\u00e9thique, la protection des animaux et le droit \u00e0 l\u2019attention des personnes qui au niveau international r\u00e9glementent, utilisent et soignent les animaux pour la recherche et les exp\u00e9rimentations.<\/p>\n\n\n\n<p>R\u00e9alisation d\u2019ateliers et \u00e9laboration de guides, pour aider les membres de comit\u00e9s d\u2019\u00e9thique \u00e0 v\u00e9rifier efficacement si et comment des animaux de laboratoire sont utilis\u00e9s.&nbsp;<\/p>\n<\/div>\n<\/div><\/div>\n","protected":false},"excerpt":{"rendered":"<p>Situation Le projet de r\u00e9homing Activit\u00e9s actuelles Situation de l&#8217;exp\u00e9rimentation animale Recherche Avec son service sp\u00e9cialis\u00e9 Exp\u00e9rimentation animale, la PSA [&hellip;]<\/p>\n","protected":false},"author":5,"featured_media":1740,"parent":4944,"menu_order":407,"comment_status":"closed","ping_status":"closed","template":"","meta":{"_acf_changed":false,"inline_featured_image":false,"_vp_format_video_url":"","_vp_image_focal_point":[],"footnotes":""},"class_list":["post-4959","page","type-page","status-publish","has-post-thumbnail","hentry"],"acf":[],"yoast_head":"<!-- This site is optimized with the Yoast SEO Premium plugin v27.4 (Yoast SEO v27.4) - https:\/\/yoast.com\/product\/yoast-seo-premium-wordpress\/ -->\n<title>Recherche Exp\u00e9rimentation animale - Protection Suisse des Animaux PSA<\/title>\n<meta name=\"robots\" content=\"index, follow, max-snippet:-1, max-image-preview:large, max-video-preview:-1\" \/>\n<link rel=\"canonical\" href=\"https:\/\/tierschutz.com\/fr\/protection-des-animaux\/rubriques\/experimentations-animales\/recherche-experimentation-animale\/\" \/>\n<meta property=\"og:locale\" content=\"fr_FR\" \/>\n<meta property=\"og:type\" content=\"article\" \/>\n<meta property=\"og:title\" content=\"Recherche Exp\u00e9rimentation animale\" \/>\n<meta property=\"og:description\" content=\"Situation Le projet de r\u00e9homing Activit\u00e9s actuelles Situation de l&#8217;exp\u00e9rimentation animale Recherche Avec son service sp\u00e9cialis\u00e9 Exp\u00e9rimentation animale, la PSA [&hellip;]\" \/>\n<meta property=\"og:url\" content=\"https:\/\/tierschutz.com\/fr\/protection-des-animaux\/rubriques\/experimentations-animales\/recherche-experimentation-animale\/\" \/>\n<meta property=\"og:site_name\" content=\"Protection Suisse des Animaux PSA\" \/>\n<meta property=\"article:publisher\" content=\"https:\/\/www.facebook.com\/schweizertierschutz\/\" \/>\n<meta property=\"article:modified_time\" content=\"2025-09-09T08:36:32+00:00\" \/>\n<meta property=\"og:image\" content=\"https:\/\/mail.protection-animaux-psa.ch\/app\/uploads\/2023\/05\/STS-Tierversuch-Loesungen.jpg\" \/>\n\t<meta property=\"og:image:width\" content=\"1416\" \/>\n\t<meta property=\"og:image:height\" content=\"910\" \/>\n\t<meta property=\"og:image:type\" content=\"image\/jpeg\" \/>\n<meta name=\"twitter:card\" content=\"summary_large_image\" \/>\n<meta name=\"twitter:label1\" content=\"Dur\u00e9e de lecture estim\u00e9e\" \/>\n\t<meta name=\"twitter:data1\" content=\"3 minutes\" \/>\n<script type=\"application\/ld+json\" class=\"yoast-schema-graph\">{\"@context\":\"https:\\\/\\\/schema.org\",\"@graph\":[{\"@type\":\"WebPage\",\"@id\":\"https:\\\/\\\/tierschutz.com\\\/fr\\\/protection-des-animaux\\\/rubriques\\\/experimentations-animales\\\/recherche-experimentation-animale\\\/\",\"url\":\"https:\\\/\\\/tierschutz.com\\\/fr\\\/protection-des-animaux\\\/rubriques\\\/experimentations-animales\\\/recherche-experimentation-animale\\\/\",\"name\":\"Recherche Exp\u00e9rimentation animale - Protection Suisse des Animaux PSA\",\"isPartOf\":{\"@id\":\"https:\\\/\\\/mail.protection-animaux-psa.ch\\\/fr\\\/#website\"},\"primaryImageOfPage\":{\"@id\":\"https:\\\/\\\/tierschutz.com\\\/fr\\\/protection-des-animaux\\\/rubriques\\\/experimentations-animales\\\/recherche-experimentation-animale\\\/#primaryimage\"},\"image\":{\"@id\":\"https:\\\/\\\/tierschutz.com\\\/fr\\\/protection-des-animaux\\\/rubriques\\\/experimentations-animales\\\/recherche-experimentation-animale\\\/#primaryimage\"},\"thumbnailUrl\":\"https:\\\/\\\/tierschutz.com\\\/app\\\/uploads\\\/2023\\\/05\\\/STS-Tierversuch-Loesungen.jpg\",\"datePublished\":\"2023-05-17T09:08:31+00:00\",\"dateModified\":\"2025-09-09T08:36:32+00:00\",\"breadcrumb\":{\"@id\":\"https:\\\/\\\/tierschutz.com\\\/fr\\\/protection-des-animaux\\\/rubriques\\\/experimentations-animales\\\/recherche-experimentation-animale\\\/#breadcrumb\"},\"inLanguage\":\"fr-FR\",\"potentialAction\":[{\"@type\":\"ReadAction\",\"target\":[\"https:\\\/\\\/tierschutz.com\\\/fr\\\/protection-des-animaux\\\/rubriques\\\/experimentations-animales\\\/recherche-experimentation-animale\\\/\"]}]},{\"@type\":\"ImageObject\",\"inLanguage\":\"fr-FR\",\"@id\":\"https:\\\/\\\/tierschutz.com\\\/fr\\\/protection-des-animaux\\\/rubriques\\\/experimentations-animales\\\/recherche-experimentation-animale\\\/#primaryimage\",\"url\":\"https:\\\/\\\/tierschutz.com\\\/app\\\/uploads\\\/2023\\\/05\\\/STS-Tierversuch-Loesungen.jpg\",\"contentUrl\":\"https:\\\/\\\/tierschutz.com\\\/app\\\/uploads\\\/2023\\\/05\\\/STS-Tierversuch-Loesungen.jpg\",\"width\":1416,\"height\":910,\"caption\":\"Eine Mauss mit einem Ger\u00e4t auf dem Kopf w\u00e4hrend es etwas aus eine Pipette trinkt\"},{\"@type\":\"BreadcrumbList\",\"@id\":\"https:\\\/\\\/tierschutz.com\\\/fr\\\/protection-des-animaux\\\/rubriques\\\/experimentations-animales\\\/recherche-experimentation-animale\\\/#breadcrumb\",\"itemListElement\":[{\"@type\":\"ListItem\",\"position\":1,\"name\":\"Page d\u2019accueil\",\"item\":\"https:\\\/\\\/mail.protection-animaux-psa.ch\\\/fr\\\/\"},{\"@type\":\"ListItem\",\"position\":2,\"name\":\"Protection des animaux\u00a0\",\"item\":\"https:\\\/\\\/tierschutz.com\\\/fr\\\/protection-des-animaux\\\/\"},{\"@type\":\"ListItem\",\"position\":3,\"name\":\"Rubriques\",\"item\":\"https:\\\/\\\/tierschutz.com\\\/fr\\\/protection-des-animaux\\\/rubriques\\\/\"},{\"@type\":\"ListItem\",\"position\":4,\"name\":\"Exp\u00e9rimentations animales\",\"item\":\"https:\\\/\\\/sts-psa.ch\\\/fr\\\/protection-des-animaux\\\/rubriques\\\/experimentations-animales\\\/\"},{\"@type\":\"ListItem\",\"position\":5,\"name\":\"Recherche Exp\u00e9rimentation animale\"}]},{\"@type\":\"WebSite\",\"@id\":\"https:\\\/\\\/mail.protection-animaux-psa.ch\\\/fr\\\/#website\",\"url\":\"https:\\\/\\\/mail.protection-animaux-psa.ch\\\/fr\\\/\",\"name\":\"tierschutz.com\",\"description\":\"Wir setzen uns f\u00fcr das Wohl der Tiere ein.\",\"publisher\":{\"@id\":\"https:\\\/\\\/mail.protection-animaux-psa.ch\\\/fr\\\/#organization\"},\"alternateName\":\"Schweizer Tierschutz STS\",\"potentialAction\":[{\"@type\":\"SearchAction\",\"target\":{\"@type\":\"EntryPoint\",\"urlTemplate\":\"https:\\\/\\\/mail.protection-animaux-psa.ch\\\/fr\\\/?s={search_term_string}\"},\"query-input\":{\"@type\":\"PropertyValueSpecification\",\"valueRequired\":true,\"valueName\":\"search_term_string\"}}],\"inLanguage\":\"fr-FR\"},{\"@type\":\"Organization\",\"@id\":\"https:\\\/\\\/mail.protection-animaux-psa.ch\\\/fr\\\/#organization\",\"name\":\"Schweizer Tierschutz STS\",\"alternateName\":\"STS\",\"url\":\"https:\\\/\\\/mail.protection-animaux-psa.ch\\\/fr\\\/\",\"logo\":{\"@type\":\"ImageObject\",\"inLanguage\":\"fr-FR\",\"@id\":\"https:\\\/\\\/mail.protection-animaux-psa.ch\\\/fr\\\/#\\\/schema\\\/logo\\\/image\\\/\",\"url\":\"https:\\\/\\\/tierschutz.com\\\/app\\\/uploads\\\/2024\\\/04\\\/logo-schweizer-tierschutz-sts-1.svg\",\"contentUrl\":\"https:\\\/\\\/tierschutz.com\\\/app\\\/uploads\\\/2024\\\/04\\\/logo-schweizer-tierschutz-sts-1.svg\",\"caption\":\"Schweizer Tierschutz STS\"},\"image\":{\"@id\":\"https:\\\/\\\/mail.protection-animaux-psa.ch\\\/fr\\\/#\\\/schema\\\/logo\\\/image\\\/\"},\"sameAs\":[\"https:\\\/\\\/www.facebook.com\\\/schweizertierschutz\\\/\",\"https:\\\/\\\/www.instagram.com\\\/schweizertierschutzsts\\\/\",\"https:\\\/\\\/www.youtube.com\\\/@STS_Tierschutz\",\"https:\\\/\\\/www.linkedin.com\\\/company\\\/schweizertierschutzsts\\\/\"],\"description\":\"Der Schweizer Tierschutz STS ist der Dachverband von 71 Tierschutzorganisationen in allen Sprachregionen der Schweiz und in Liechtenstein. Seine Mitarbeitenden leisten wissenschaftlich fundierte Grundlagenarbeit, setzen sich mit Projekten und Aktionen f\u00fcr den Schutz und das Wohlbefinden von Heim-, Wild-, Nutz- und Versuchstieren ein und sensibilisieren die \u00d6ffentlichkeit f\u00fcr Tierschutzthemen.\",\"email\":\"sts@tierschutz.com\",\"telephone\":\"061 365 99 99\",\"legalName\":\"Schweizer Tierschutz STS\"}]}<\/script>\n<!-- \/ Yoast SEO Premium plugin. -->","yoast_head_json":{"title":"Recherche Exp\u00e9rimentation animale - Protection Suisse des Animaux PSA","robots":{"index":"index","follow":"follow","max-snippet":"max-snippet:-1","max-image-preview":"max-image-preview:large","max-video-preview":"max-video-preview:-1"},"canonical":"https:\/\/tierschutz.com\/fr\/protection-des-animaux\/rubriques\/experimentations-animales\/recherche-experimentation-animale\/","og_locale":"fr_FR","og_type":"article","og_title":"Recherche Exp\u00e9rimentation animale","og_description":"Situation Le projet de r\u00e9homing Activit\u00e9s actuelles Situation de l&#8217;exp\u00e9rimentation animale Recherche Avec son service sp\u00e9cialis\u00e9 Exp\u00e9rimentation animale, la PSA [&hellip;]","og_url":"https:\/\/tierschutz.com\/fr\/protection-des-animaux\/rubriques\/experimentations-animales\/recherche-experimentation-animale\/","og_site_name":"Protection Suisse des Animaux PSA","article_publisher":"https:\/\/www.facebook.com\/schweizertierschutz\/","article_modified_time":"2025-09-09T08:36:32+00:00","og_image":[{"width":1416,"height":910,"url":"https:\/\/mail.protection-animaux-psa.ch\/app\/uploads\/2023\/05\/STS-Tierversuch-Loesungen.jpg","type":"image\/jpeg"}],"twitter_card":"summary_large_image","twitter_misc":{"Dur\u00e9e de lecture estim\u00e9e":"3 minutes"},"schema":{"@context":"https:\/\/schema.org","@graph":[{"@type":"WebPage","@id":"https:\/\/tierschutz.com\/fr\/protection-des-animaux\/rubriques\/experimentations-animales\/recherche-experimentation-animale\/","url":"https:\/\/tierschutz.com\/fr\/protection-des-animaux\/rubriques\/experimentations-animales\/recherche-experimentation-animale\/","name":"Recherche Exp\u00e9rimentation animale - Protection Suisse des Animaux PSA","isPartOf":{"@id":"https:\/\/mail.protection-animaux-psa.ch\/fr\/#website"},"primaryImageOfPage":{"@id":"https:\/\/tierschutz.com\/fr\/protection-des-animaux\/rubriques\/experimentations-animales\/recherche-experimentation-animale\/#primaryimage"},"image":{"@id":"https:\/\/tierschutz.com\/fr\/protection-des-animaux\/rubriques\/experimentations-animales\/recherche-experimentation-animale\/#primaryimage"},"thumbnailUrl":"https:\/\/tierschutz.com\/app\/uploads\/2023\/05\/STS-Tierversuch-Loesungen.jpg","datePublished":"2023-05-17T09:08:31+00:00","dateModified":"2025-09-09T08:36:32+00:00","breadcrumb":{"@id":"https:\/\/tierschutz.com\/fr\/protection-des-animaux\/rubriques\/experimentations-animales\/recherche-experimentation-animale\/#breadcrumb"},"inLanguage":"fr-FR","potentialAction":[{"@type":"ReadAction","target":["https:\/\/tierschutz.com\/fr\/protection-des-animaux\/rubriques\/experimentations-animales\/recherche-experimentation-animale\/"]}]},{"@type":"ImageObject","inLanguage":"fr-FR","@id":"https:\/\/tierschutz.com\/fr\/protection-des-animaux\/rubriques\/experimentations-animales\/recherche-experimentation-animale\/#primaryimage","url":"https:\/\/tierschutz.com\/app\/uploads\/2023\/05\/STS-Tierversuch-Loesungen.jpg","contentUrl":"https:\/\/tierschutz.com\/app\/uploads\/2023\/05\/STS-Tierversuch-Loesungen.jpg","width":1416,"height":910,"caption":"Eine Mauss mit einem Ger\u00e4t auf dem Kopf w\u00e4hrend es etwas aus eine Pipette trinkt"},{"@type":"BreadcrumbList","@id":"https:\/\/tierschutz.com\/fr\/protection-des-animaux\/rubriques\/experimentations-animales\/recherche-experimentation-animale\/#breadcrumb","itemListElement":[{"@type":"ListItem","position":1,"name":"Page d\u2019accueil","item":"https:\/\/mail.protection-animaux-psa.ch\/fr\/"},{"@type":"ListItem","position":2,"name":"Protection des animaux\u00a0","item":"https:\/\/tierschutz.com\/fr\/protection-des-animaux\/"},{"@type":"ListItem","position":3,"name":"Rubriques","item":"https:\/\/tierschutz.com\/fr\/protection-des-animaux\/rubriques\/"},{"@type":"ListItem","position":4,"name":"Exp\u00e9rimentations animales","item":"https:\/\/sts-psa.ch\/fr\/protection-des-animaux\/rubriques\/experimentations-animales\/"},{"@type":"ListItem","position":5,"name":"Recherche Exp\u00e9rimentation animale"}]},{"@type":"WebSite","@id":"https:\/\/mail.protection-animaux-psa.ch\/fr\/#website","url":"https:\/\/mail.protection-animaux-psa.ch\/fr\/","name":"tierschutz.com","description":"Wir setzen uns f\u00fcr das Wohl der Tiere ein.","publisher":{"@id":"https:\/\/mail.protection-animaux-psa.ch\/fr\/#organization"},"alternateName":"Schweizer Tierschutz STS","potentialAction":[{"@type":"SearchAction","target":{"@type":"EntryPoint","urlTemplate":"https:\/\/mail.protection-animaux-psa.ch\/fr\/?s={search_term_string}"},"query-input":{"@type":"PropertyValueSpecification","valueRequired":true,"valueName":"search_term_string"}}],"inLanguage":"fr-FR"},{"@type":"Organization","@id":"https:\/\/mail.protection-animaux-psa.ch\/fr\/#organization","name":"Schweizer Tierschutz STS","alternateName":"STS","url":"https:\/\/mail.protection-animaux-psa.ch\/fr\/","logo":{"@type":"ImageObject","inLanguage":"fr-FR","@id":"https:\/\/mail.protection-animaux-psa.ch\/fr\/#\/schema\/logo\/image\/","url":"https:\/\/tierschutz.com\/app\/uploads\/2024\/04\/logo-schweizer-tierschutz-sts-1.svg","contentUrl":"https:\/\/tierschutz.com\/app\/uploads\/2024\/04\/logo-schweizer-tierschutz-sts-1.svg","caption":"Schweizer Tierschutz STS"},"image":{"@id":"https:\/\/mail.protection-animaux-psa.ch\/fr\/#\/schema\/logo\/image\/"},"sameAs":["https:\/\/www.facebook.com\/schweizertierschutz\/","https:\/\/www.instagram.com\/schweizertierschutzsts\/","https:\/\/www.youtube.com\/@STS_Tierschutz","https:\/\/www.linkedin.com\/company\/schweizertierschutzsts\/"],"description":"Der Schweizer Tierschutz STS ist der Dachverband von 71 Tierschutzorganisationen in allen Sprachregionen der Schweiz und in Liechtenstein. Seine Mitarbeitenden leisten wissenschaftlich fundierte Grundlagenarbeit, setzen sich mit Projekten und Aktionen f\u00fcr den Schutz und das Wohlbefinden von Heim-, Wild-, Nutz- und Versuchstieren ein und sensibilisieren die \u00d6ffentlichkeit f\u00fcr Tierschutzthemen.","email":"sts@tierschutz.com","telephone":"061 365 99 99","legalName":"Schweizer Tierschutz STS"}]}},"_links":{"self":[{"href":"https:\/\/tierschutz.com\/fr\/wp-json\/wp\/v2\/pages\/4959","targetHints":{"allow":["GET"]}}],"collection":[{"href":"https:\/\/tierschutz.com\/fr\/wp-json\/wp\/v2\/pages"}],"about":[{"href":"https:\/\/tierschutz.com\/fr\/wp-json\/wp\/v2\/types\/page"}],"author":[{"embeddable":true,"href":"https:\/\/tierschutz.com\/fr\/wp-json\/wp\/v2\/users\/5"}],"replies":[{"embeddable":true,"href":"https:\/\/tierschutz.com\/fr\/wp-json\/wp\/v2\/comments?post=4959"}],"version-history":[{"count":7,"href":"https:\/\/tierschutz.com\/fr\/wp-json\/wp\/v2\/pages\/4959\/revisions"}],"predecessor-version":[{"id":33614,"href":"https:\/\/tierschutz.com\/fr\/wp-json\/wp\/v2\/pages\/4959\/revisions\/33614"}],"up":[{"embeddable":true,"href":"https:\/\/tierschutz.com\/fr\/wp-json\/wp\/v2\/pages\/4944"}],"wp:featuredmedia":[{"embeddable":true,"href":"https:\/\/tierschutz.com\/fr\/wp-json\/wp\/v2\/media\/1740"}],"wp:attachment":[{"href":"https:\/\/tierschutz.com\/fr\/wp-json\/wp\/v2\/media?parent=4959"}],"curies":[{"name":"wp","href":"https:\/\/api.w.org\/{rel}","templated":true}]}}