{"id":4961,"date":"2023-05-17T11:07:26","date_gmt":"2023-05-17T09:07:26","guid":{"rendered":"https:\/\/dev.tierschutz.com\/?page_id=4961"},"modified":"2023-06-28T11:09:50","modified_gmt":"2023-06-28T09:09:50","slug":"detention-des-animaux-de-laboratoire","status":"publish","type":"page","link":"https:\/\/tierschutz.com\/fr\/protection-des-animaux\/rubriques\/experimentations-animales\/detention-des-animaux-de-laboratoire\/","title":{"rendered":"D\u00e9tention des animaux de laboratoire"},"content":{"rendered":"\n<div class=\"wp-block-cover alignfull is-light\"><span aria-hidden=\"true\" class=\"wp-block-cover__background has-background-dim-0 has-background-dim\"><\/span><img loading=\"lazy\" decoding=\"async\" width=\"1416\" height=\"910\" class=\"wp-block-cover__image-background wp-image-1739\" alt=\"Eine Mauss mit einem Ger\u00e4t auf dem Kopf w\u00e4hrend es etwas aus eine Pipette trinkt\" src=\"https:\/\/tierschutz.com\/app\/uploads\/2023\/05\/STS-Tierversuch-Loesungen.jpg\" data-object-fit=\"cover\" srcset=\"https:\/\/tierschutz.com\/app\/uploads\/2023\/05\/STS-Tierversuch-Loesungen.jpg 1416w, https:\/\/tierschutz.com\/app\/uploads\/2023\/05\/STS-Tierversuch-Loesungen-300x193.jpg 300w, https:\/\/tierschutz.com\/app\/uploads\/2023\/05\/STS-Tierversuch-Loesungen-1024x658.jpg 1024w, https:\/\/tierschutz.com\/app\/uploads\/2023\/05\/STS-Tierversuch-Loesungen-768x494.jpg 768w\" sizes=\"auto, (max-width: 1416px) 100vw, 1416px\" \/><div class=\"wp-block-cover__inner-container is-layout-flow wp-block-cover-is-layout-flow\">\n<h2 class=\"wp-block-heading has-text-align-center has-background-color has-text-color\">D\u00e9tention des animaux de laboratoire<\/h2>\n<\/div><\/div>\n\n\n\n<div class=\"wp-block-group alignfull anchor-bar has-lightgray-background-color has-background is-layout-constrained wp-block-group-is-layout-constrained\">\n<div class=\"wp-block-group is-content-justification-center is-layout-flex wp-container-core-group-is-layout-b02886af wp-block-group-is-layout-flex\">\n<p class=\"has-large-font-size\"><strong><a href=\"#situation\">Situation<\/a><\/strong><\/p>\n\n\n\n<p class=\"has-large-font-size\"><a href=\"#downloads\" data-type=\"internal\" data-id=\"#ereichtes\"><strong>Downloads<\/strong><\/a><\/p>\n<\/div>\n<\/div>\n\n\n\n<div class=\"wp-block-group alignfull has-background-background-color has-background is-layout-constrained wp-block-group-is-layout-constrained\" id=\"situation\"><div class=\"yoast-breadcrumbs\"><span><span><a href=\"https:\/\/mail.protection-animaux-psa.ch\/fr\/\">Page d\u2019accueil<\/a><\/span> \u00bb <span><a href=\"https:\/\/mail.swiss-animal-protection.ch\/fr\/protection-des-animaux\/\">Protection des animaux\u00a0<\/a><\/span> \u00bb <span><a href=\"https:\/\/mail.swiss-animal-protection.ch\/fr\/protection-des-animaux\/rubriques\/\">Rubriques<\/a><\/span> \u00bb <span><a href=\"https:\/\/tierschutz.com\/fr\/protection-des-animaux\/rubriques\/experimentations-animales\/\">Exp\u00e9rimentations animales<\/a><\/span> \u00bb <span class=\"breadcrumb_last\" aria-current=\"page\">D\u00e9tention des animaux de laboratoire<\/span><\/span><\/div>\n\n\n<h1 class=\"wp-block-heading has-text-align-center\"><strong><strong>D\u00e9tention des animaux de laboratoire<\/strong><\/strong><\/h1>\n\n\n\n<hr class=\"wp-block-separator has-text-color has-primary-color has-alpha-channel-opacity has-primary-background-color has-background\"\/>\n\n\n\n<p class=\"has-text-align-center\">Les animaux de laboratoire ne jouissent pas en principe des m\u00eames conditions de d\u00e9tention que leurs cong\u00e9n\u00e8res domestiques et sauvages, bien que leurs exigences en mati\u00e8re de conformit\u00e9 aux imp\u00e9ratifs biologiques de l\u2019esp\u00e8ce soient identiques, mais r\u00e9glement\u00e9es diversement dans l\u2019Ordonnance sur la protection des animaux. Les exigences minimales pour les animaux de laboratoire sont nettement moindres que pour ces derniers. Ainsi, ils passent toute leur vie \u00e0 l\u2019\u00e9troit, hors de toute d\u00e9tention conforme \u00e0 leurs imp\u00e9ratifs biologiques, souvent seuls, sans leurs partenaires sociaux. Bien que ceci soit interdit aussi pour les animaux de laboratoire selon les dispositions en vigueur de l\u2019Ordonnance sur la protection des animaux.<br><br>Les toutes derni\u00e8res connaissances scientifiques montrent en outre que les conditions de d\u00e9tention non conformes aux imp\u00e9ratifs biologiques des animaux de laboratoire provoquent chez eux des contraintes consid\u00e9rables, du stress permanent et des troubles du comportement, les rendent malades et provoquent de nombreuses morts. Au vu de ce qui pr\u00e9c\u00e8de, les r\u00e9sultats des exp\u00e9rimentations et l\u2019impact de la recherche avec exp\u00e9rimentation animale semblent bien fragiles. Il semble qu\u2019il n\u2019y ait pas de b\u00e9n\u00e9fice direct pour la sant\u00e9 humaine, au prix d\u2019une forte souffrance animale. La PSA s\u2019engage pour que les animaux de laboratoire b\u00e9n\u00e9ficient fondamentalement des m\u00eames conditions de d\u00e9tention que leurs cong\u00e9n\u00e8res domestiques ou sauvages.<\/p>\n<\/div>\n\n\n\n<div class=\"wp-block-media-text alignwide is-stacked-on-mobile is-vertically-aligned-center\"><figure class=\"wp-block-media-text__media\"><img loading=\"lazy\" decoding=\"async\" width=\"1024\" height=\"685\" src=\"https:\/\/tierschutz.com\/app\/uploads\/2023\/06\/sts-versuchstiere-missstaende-1024x685.jpg\" alt=\"\" class=\"wp-image-4947 size-full\" srcset=\"https:\/\/tierschutz.com\/app\/uploads\/2023\/06\/sts-versuchstiere-missstaende-1024x685.jpg 1024w, https:\/\/tierschutz.com\/app\/uploads\/2023\/06\/sts-versuchstiere-missstaende-300x201.jpg 300w, https:\/\/tierschutz.com\/app\/uploads\/2023\/06\/sts-versuchstiere-missstaende-768x514.jpg 768w, https:\/\/tierschutz.com\/app\/uploads\/2023\/06\/sts-versuchstiere-missstaende-1536x1028.jpg 1536w, https:\/\/tierschutz.com\/app\/uploads\/2023\/06\/sts-versuchstiere-missstaende.jpg 2048w\" sizes=\"auto, (max-width: 1024px) 100vw, 1024px\" \/><\/figure><div class=\"wp-block-media-text__content\">\n<div class=\"wp-block-group is-style-shadow-box has-background-background-color has-background is-layout-constrained wp-block-group-is-layout-constrained\">\n<h3 class=\"wp-block-heading\"><strong><strong><strong><strong>Abus<\/strong><\/strong><\/strong><\/strong><\/h3>\n\n\n\n<p>D\u00e9tails, sp\u00e9cificit\u00e9s, etc. La d\u00e9tention d\u2019animaux d\u2019exp\u00e9rience et ses limites\/Brochure<\/p>\n\n\n\n<p>Repr\u00e9sentation visuelle de la probl\u00e9matique \u00e0 l\u2019aide d\u2019une d\u00e9tention de souris, \u00e0 gauche comme animal de compagnie, \u00e0 droite comme animal de laboratoire. Les souris sont les animaux de laboratoire les plus fr\u00e9quemment utilis\u00e9s.<\/p>\n<\/div>\n<\/div><\/div>\n\n\n\n<div class=\"wp-block-group alignfull has-background-background-color has-background is-layout-constrained wp-block-group-is-layout-constrained\" id=\"downloads\">\n<h2 class=\"wp-block-heading has-text-align-center\"><strong>Downloads<\/strong><\/h2>\n\n\n\n<hr class=\"wp-block-separator has-text-color has-primary-color has-alpha-channel-opacity has-primary-background-color has-background\"\/>\n\n\n\n<div class=\"wp-block-group is-layout-flex wp-block-group-is-layout-flex\"><div class=\"wp-block-file-wrapper is-pdf\" data-filetype=\"PDF\" data-size=\"756 Ko\">\n<div class=\"wp-block-file\"><a id=\"wp-block-file--media-aeeb682b-2cc5-4e06-999a-d011aedfd58b\" href=\"https:\/\/tierschutz.com\/app\/uploads\/2023\/05\/report_versuchstierhaltung.pdf\">report_versuchstierhaltung<\/a><a href=\"https:\/\/tierschutz.com\/app\/uploads\/2023\/05\/report_versuchstierhaltung.pdf\" class=\"wp-block-file__button wp-element-button\" download aria-describedby=\"wp-block-file--media-aeeb682b-2cc5-4e06-999a-d011aedfd58b\">Herunterladen<\/a><\/div>\n<\/div><\/div>\n<\/div>\n","protected":false},"excerpt":{"rendered":"<p>Situation Downloads D\u00e9tention des animaux de laboratoire Les animaux de laboratoire ne jouissent pas en principe des m\u00eames conditions de [&hellip;]<\/p>\n","protected":false},"author":5,"featured_media":0,"parent":4944,"menu_order":417,"comment_status":"closed","ping_status":"closed","template":"","meta":{"_acf_changed":false,"inline_featured_image":false,"_vp_format_video_url":"","_vp_image_focal_point":[],"footnotes":""},"class_list":["post-4961","page","type-page","status-publish","hentry"],"acf":[],"yoast_head":"<!-- This site is optimized with the Yoast SEO Premium plugin v27.4 (Yoast SEO v27.4) - https:\/\/yoast.com\/product\/yoast-seo-premium-wordpress\/ -->\n<title>D\u00e9tention des animaux de laboratoire - Protection Suisse des Animaux PSA<\/title>\n<meta name=\"robots\" content=\"index, follow, max-snippet:-1, max-image-preview:large, max-video-preview:-1\" \/>\n<link rel=\"canonical\" href=\"https:\/\/tierschutz.com\/fr\/protection-des-animaux\/rubriques\/experimentations-animales\/detention-des-animaux-de-laboratoire\/\" \/>\n<meta property=\"og:locale\" content=\"fr_FR\" \/>\n<meta property=\"og:type\" content=\"article\" \/>\n<meta property=\"og:title\" content=\"D\u00e9tention des animaux de laboratoire\" \/>\n<meta property=\"og:description\" content=\"Situation Downloads D\u00e9tention des animaux de laboratoire Les animaux de laboratoire ne jouissent pas en principe des m\u00eames conditions de [&hellip;]\" \/>\n<meta property=\"og:url\" content=\"https:\/\/tierschutz.com\/fr\/protection-des-animaux\/rubriques\/experimentations-animales\/detention-des-animaux-de-laboratoire\/\" \/>\n<meta property=\"og:site_name\" content=\"Protection Suisse des Animaux PSA\" \/>\n<meta property=\"article:publisher\" content=\"https:\/\/www.facebook.com\/schweizertierschutz\/\" \/>\n<meta property=\"article:modified_time\" content=\"2023-06-28T09:09:50+00:00\" \/>\n<meta property=\"og:image\" content=\"https:\/\/tierschutz.com\/app\/uploads\/2023\/05\/STS-Tierversuch-Loesungen.jpg\" \/>\n<meta name=\"twitter:card\" content=\"summary_large_image\" \/>\n<meta name=\"twitter:label1\" content=\"Dur\u00e9e de lecture estim\u00e9e\" \/>\n\t<meta name=\"twitter:data1\" content=\"2 minutes\" \/>\n<script type=\"application\/ld+json\" class=\"yoast-schema-graph\">{\"@context\":\"https:\\\/\\\/schema.org\",\"@graph\":[{\"@type\":\"WebPage\",\"@id\":\"https:\\\/\\\/tierschutz.com\\\/fr\\\/protection-des-animaux\\\/rubriques\\\/experimentations-animales\\\/detention-des-animaux-de-laboratoire\\\/\",\"url\":\"https:\\\/\\\/tierschutz.com\\\/fr\\\/protection-des-animaux\\\/rubriques\\\/experimentations-animales\\\/detention-des-animaux-de-laboratoire\\\/\",\"name\":\"D\u00e9tention des animaux de laboratoire - Protection Suisse des Animaux PSA\",\"isPartOf\":{\"@id\":\"https:\\\/\\\/mail.schweizer-tierschutz.ch\\\/#website\"},\"primaryImageOfPage\":{\"@id\":\"https:\\\/\\\/tierschutz.com\\\/fr\\\/protection-des-animaux\\\/rubriques\\\/experimentations-animales\\\/detention-des-animaux-de-laboratoire\\\/#primaryimage\"},\"image\":{\"@id\":\"https:\\\/\\\/tierschutz.com\\\/fr\\\/protection-des-animaux\\\/rubriques\\\/experimentations-animales\\\/detention-des-animaux-de-laboratoire\\\/#primaryimage\"},\"thumbnailUrl\":\"https:\\\/\\\/tierschutz.com\\\/app\\\/uploads\\\/2023\\\/05\\\/STS-Tierversuch-Loesungen.jpg\",\"datePublished\":\"2023-05-17T09:07:26+00:00\",\"dateModified\":\"2023-06-28T09:09:50+00:00\",\"breadcrumb\":{\"@id\":\"https:\\\/\\\/tierschutz.com\\\/fr\\\/protection-des-animaux\\\/rubriques\\\/experimentations-animales\\\/detention-des-animaux-de-laboratoire\\\/#breadcrumb\"},\"inLanguage\":\"fr-FR\",\"potentialAction\":[{\"@type\":\"ReadAction\",\"target\":[\"https:\\\/\\\/tierschutz.com\\\/fr\\\/protection-des-animaux\\\/rubriques\\\/experimentations-animales\\\/detention-des-animaux-de-laboratoire\\\/\"]}]},{\"@type\":\"ImageObject\",\"inLanguage\":\"fr-FR\",\"@id\":\"https:\\\/\\\/tierschutz.com\\\/fr\\\/protection-des-animaux\\\/rubriques\\\/experimentations-animales\\\/detention-des-animaux-de-laboratoire\\\/#primaryimage\",\"url\":\"https:\\\/\\\/tierschutz.com\\\/app\\\/uploads\\\/2023\\\/05\\\/STS-Tierversuch-Loesungen.jpg\",\"contentUrl\":\"https:\\\/\\\/tierschutz.com\\\/app\\\/uploads\\\/2023\\\/05\\\/STS-Tierversuch-Loesungen.jpg\"},{\"@type\":\"BreadcrumbList\",\"@id\":\"https:\\\/\\\/tierschutz.com\\\/fr\\\/protection-des-animaux\\\/rubriques\\\/experimentations-animales\\\/detention-des-animaux-de-laboratoire\\\/#breadcrumb\",\"itemListElement\":[{\"@type\":\"ListItem\",\"position\":1,\"name\":\"Page d\u2019accueil\",\"item\":\"https:\\\/\\\/mail.protection-animaux-psa.ch\\\/fr\\\/\"},{\"@type\":\"ListItem\",\"position\":2,\"name\":\"Protection des animaux\u00a0\",\"item\":\"https:\\\/\\\/mail.swiss-animal-protection.ch\\\/fr\\\/protection-des-animaux\\\/\"},{\"@type\":\"ListItem\",\"position\":3,\"name\":\"Rubriques\",\"item\":\"https:\\\/\\\/mail.swiss-animal-protection.ch\\\/fr\\\/protection-des-animaux\\\/rubriques\\\/\"},{\"@type\":\"ListItem\",\"position\":4,\"name\":\"Exp\u00e9rimentations animales\",\"item\":\"https:\\\/\\\/tierschutz.com\\\/fr\\\/protection-des-animaux\\\/rubriques\\\/experimentations-animales\\\/\"},{\"@type\":\"ListItem\",\"position\":5,\"name\":\"D\u00e9tention des animaux de laboratoire\"}]},{\"@type\":\"WebSite\",\"@id\":\"https:\\\/\\\/mail.schweizer-tierschutz.ch\\\/#website\",\"url\":\"https:\\\/\\\/mail.schweizer-tierschutz.ch\\\/\",\"name\":\"tierschutz.com\",\"description\":\"Wir setzen uns f\u00fcr das Wohl der Tiere ein.\",\"publisher\":{\"@id\":\"https:\\\/\\\/mail.schweizer-tierschutz.ch\\\/#organization\"},\"alternateName\":\"Schweizer Tierschutz STS\",\"potentialAction\":[{\"@type\":\"SearchAction\",\"target\":{\"@type\":\"EntryPoint\",\"urlTemplate\":\"https:\\\/\\\/mail.schweizer-tierschutz.ch\\\/?s={search_term_string}\"},\"query-input\":{\"@type\":\"PropertyValueSpecification\",\"valueRequired\":true,\"valueName\":\"search_term_string\"}}],\"inLanguage\":\"fr-FR\"},{\"@type\":\"Organization\",\"@id\":\"https:\\\/\\\/mail.schweizer-tierschutz.ch\\\/#organization\",\"name\":\"Schweizer Tierschutz STS\",\"alternateName\":\"STS\",\"url\":\"https:\\\/\\\/mail.schweizer-tierschutz.ch\\\/\",\"logo\":{\"@type\":\"ImageObject\",\"inLanguage\":\"fr-FR\",\"@id\":\"https:\\\/\\\/mail.schweizer-tierschutz.ch\\\/#\\\/schema\\\/logo\\\/image\\\/\",\"url\":\"https:\\\/\\\/tierschutz.com\\\/app\\\/uploads\\\/2024\\\/04\\\/logo-schweizer-tierschutz-sts-1.svg\",\"contentUrl\":\"https:\\\/\\\/tierschutz.com\\\/app\\\/uploads\\\/2024\\\/04\\\/logo-schweizer-tierschutz-sts-1.svg\",\"caption\":\"Schweizer Tierschutz STS\"},\"image\":{\"@id\":\"https:\\\/\\\/mail.schweizer-tierschutz.ch\\\/#\\\/schema\\\/logo\\\/image\\\/\"},\"sameAs\":[\"https:\\\/\\\/www.facebook.com\\\/schweizertierschutz\\\/\",\"https:\\\/\\\/www.instagram.com\\\/schweizertierschutzsts\\\/\",\"https:\\\/\\\/www.youtube.com\\\/@STS_Tierschutz\",\"https:\\\/\\\/www.linkedin.com\\\/company\\\/schweizertierschutzsts\\\/\"],\"description\":\"Der Schweizer Tierschutz STS ist der Dachverband von 71 Tierschutzorganisationen in allen Sprachregionen der Schweiz und in Liechtenstein. Seine Mitarbeitenden leisten wissenschaftlich fundierte Grundlagenarbeit, setzen sich mit Projekten und Aktionen f\u00fcr den Schutz und das Wohlbefinden von Heim-, Wild-, Nutz- und Versuchstieren ein und sensibilisieren die \u00d6ffentlichkeit f\u00fcr Tierschutzthemen.\",\"email\":\"sts@tierschutz.com\",\"telephone\":\"061 365 99 99\",\"legalName\":\"Schweizer Tierschutz STS\"}]}<\/script>\n<!-- \/ Yoast SEO Premium plugin. -->","yoast_head_json":{"title":"D\u00e9tention des animaux de laboratoire - Protection Suisse des Animaux PSA","robots":{"index":"index","follow":"follow","max-snippet":"max-snippet:-1","max-image-preview":"max-image-preview:large","max-video-preview":"max-video-preview:-1"},"canonical":"https:\/\/tierschutz.com\/fr\/protection-des-animaux\/rubriques\/experimentations-animales\/detention-des-animaux-de-laboratoire\/","og_locale":"fr_FR","og_type":"article","og_title":"D\u00e9tention des animaux de laboratoire","og_description":"Situation Downloads D\u00e9tention des animaux de laboratoire Les animaux de laboratoire ne jouissent pas en principe des m\u00eames conditions de [&hellip;]","og_url":"https:\/\/tierschutz.com\/fr\/protection-des-animaux\/rubriques\/experimentations-animales\/detention-des-animaux-de-laboratoire\/","og_site_name":"Protection Suisse des Animaux PSA","article_publisher":"https:\/\/www.facebook.com\/schweizertierschutz\/","article_modified_time":"2023-06-28T09:09:50+00:00","og_image":[{"url":"https:\/\/tierschutz.com\/app\/uploads\/2023\/05\/STS-Tierversuch-Loesungen.jpg","type":"","width":"","height":""}],"twitter_card":"summary_large_image","twitter_misc":{"Dur\u00e9e de lecture estim\u00e9e":"2 minutes"},"schema":{"@context":"https:\/\/schema.org","@graph":[{"@type":"WebPage","@id":"https:\/\/tierschutz.com\/fr\/protection-des-animaux\/rubriques\/experimentations-animales\/detention-des-animaux-de-laboratoire\/","url":"https:\/\/tierschutz.com\/fr\/protection-des-animaux\/rubriques\/experimentations-animales\/detention-des-animaux-de-laboratoire\/","name":"D\u00e9tention des animaux de laboratoire - Protection Suisse des Animaux PSA","isPartOf":{"@id":"https:\/\/mail.schweizer-tierschutz.ch\/#website"},"primaryImageOfPage":{"@id":"https:\/\/tierschutz.com\/fr\/protection-des-animaux\/rubriques\/experimentations-animales\/detention-des-animaux-de-laboratoire\/#primaryimage"},"image":{"@id":"https:\/\/tierschutz.com\/fr\/protection-des-animaux\/rubriques\/experimentations-animales\/detention-des-animaux-de-laboratoire\/#primaryimage"},"thumbnailUrl":"https:\/\/tierschutz.com\/app\/uploads\/2023\/05\/STS-Tierversuch-Loesungen.jpg","datePublished":"2023-05-17T09:07:26+00:00","dateModified":"2023-06-28T09:09:50+00:00","breadcrumb":{"@id":"https:\/\/tierschutz.com\/fr\/protection-des-animaux\/rubriques\/experimentations-animales\/detention-des-animaux-de-laboratoire\/#breadcrumb"},"inLanguage":"fr-FR","potentialAction":[{"@type":"ReadAction","target":["https:\/\/tierschutz.com\/fr\/protection-des-animaux\/rubriques\/experimentations-animales\/detention-des-animaux-de-laboratoire\/"]}]},{"@type":"ImageObject","inLanguage":"fr-FR","@id":"https:\/\/tierschutz.com\/fr\/protection-des-animaux\/rubriques\/experimentations-animales\/detention-des-animaux-de-laboratoire\/#primaryimage","url":"https:\/\/tierschutz.com\/app\/uploads\/2023\/05\/STS-Tierversuch-Loesungen.jpg","contentUrl":"https:\/\/tierschutz.com\/app\/uploads\/2023\/05\/STS-Tierversuch-Loesungen.jpg"},{"@type":"BreadcrumbList","@id":"https:\/\/tierschutz.com\/fr\/protection-des-animaux\/rubriques\/experimentations-animales\/detention-des-animaux-de-laboratoire\/#breadcrumb","itemListElement":[{"@type":"ListItem","position":1,"name":"Page d\u2019accueil","item":"https:\/\/mail.protection-animaux-psa.ch\/fr\/"},{"@type":"ListItem","position":2,"name":"Protection des animaux\u00a0","item":"https:\/\/mail.swiss-animal-protection.ch\/fr\/protection-des-animaux\/"},{"@type":"ListItem","position":3,"name":"Rubriques","item":"https:\/\/mail.swiss-animal-protection.ch\/fr\/protection-des-animaux\/rubriques\/"},{"@type":"ListItem","position":4,"name":"Exp\u00e9rimentations animales","item":"https:\/\/tierschutz.com\/fr\/protection-des-animaux\/rubriques\/experimentations-animales\/"},{"@type":"ListItem","position":5,"name":"D\u00e9tention des animaux de laboratoire"}]},{"@type":"WebSite","@id":"https:\/\/mail.schweizer-tierschutz.ch\/#website","url":"https:\/\/mail.schweizer-tierschutz.ch\/","name":"tierschutz.com","description":"Wir setzen uns f\u00fcr das Wohl der Tiere ein.","publisher":{"@id":"https:\/\/mail.schweizer-tierschutz.ch\/#organization"},"alternateName":"Schweizer Tierschutz STS","potentialAction":[{"@type":"SearchAction","target":{"@type":"EntryPoint","urlTemplate":"https:\/\/mail.schweizer-tierschutz.ch\/?s={search_term_string}"},"query-input":{"@type":"PropertyValueSpecification","valueRequired":true,"valueName":"search_term_string"}}],"inLanguage":"fr-FR"},{"@type":"Organization","@id":"https:\/\/mail.schweizer-tierschutz.ch\/#organization","name":"Schweizer Tierschutz STS","alternateName":"STS","url":"https:\/\/mail.schweizer-tierschutz.ch\/","logo":{"@type":"ImageObject","inLanguage":"fr-FR","@id":"https:\/\/mail.schweizer-tierschutz.ch\/#\/schema\/logo\/image\/","url":"https:\/\/tierschutz.com\/app\/uploads\/2024\/04\/logo-schweizer-tierschutz-sts-1.svg","contentUrl":"https:\/\/tierschutz.com\/app\/uploads\/2024\/04\/logo-schweizer-tierschutz-sts-1.svg","caption":"Schweizer Tierschutz STS"},"image":{"@id":"https:\/\/mail.schweizer-tierschutz.ch\/#\/schema\/logo\/image\/"},"sameAs":["https:\/\/www.facebook.com\/schweizertierschutz\/","https:\/\/www.instagram.com\/schweizertierschutzsts\/","https:\/\/www.youtube.com\/@STS_Tierschutz","https:\/\/www.linkedin.com\/company\/schweizertierschutzsts\/"],"description":"Der Schweizer Tierschutz STS ist der Dachverband von 71 Tierschutzorganisationen in allen Sprachregionen der Schweiz und in Liechtenstein. Seine Mitarbeitenden leisten wissenschaftlich fundierte Grundlagenarbeit, setzen sich mit Projekten und Aktionen f\u00fcr den Schutz und das Wohlbefinden von Heim-, Wild-, Nutz- und Versuchstieren ein und sensibilisieren die \u00d6ffentlichkeit f\u00fcr Tierschutzthemen.","email":"sts@tierschutz.com","telephone":"061 365 99 99","legalName":"Schweizer Tierschutz STS"}]}},"_links":{"self":[{"href":"https:\/\/tierschutz.com\/fr\/wp-json\/wp\/v2\/pages\/4961","targetHints":{"allow":["GET"]}}],"collection":[{"href":"https:\/\/tierschutz.com\/fr\/wp-json\/wp\/v2\/pages"}],"about":[{"href":"https:\/\/tierschutz.com\/fr\/wp-json\/wp\/v2\/types\/page"}],"author":[{"embeddable":true,"href":"https:\/\/tierschutz.com\/fr\/wp-json\/wp\/v2\/users\/5"}],"replies":[{"embeddable":true,"href":"https:\/\/tierschutz.com\/fr\/wp-json\/wp\/v2\/comments?post=4961"}],"version-history":[{"count":2,"href":"https:\/\/tierschutz.com\/fr\/wp-json\/wp\/v2\/pages\/4961\/revisions"}],"predecessor-version":[{"id":6843,"href":"https:\/\/tierschutz.com\/fr\/wp-json\/wp\/v2\/pages\/4961\/revisions\/6843"}],"up":[{"embeddable":true,"href":"https:\/\/tierschutz.com\/fr\/wp-json\/wp\/v2\/pages\/4944"}],"wp:attachment":[{"href":"https:\/\/tierschutz.com\/fr\/wp-json\/wp\/v2\/media?parent=4961"}],"curies":[{"name":"wp","href":"https:\/\/api.w.org\/{rel}","templated":true}]}}