{"id":7698,"date":"2023-07-06T16:09:00","date_gmt":"2023-07-06T14:09:00","guid":{"rendered":"https:\/\/tierschutz.com\/?page_id=7698"},"modified":"2025-05-27T10:41:37","modified_gmt":"2025-05-27T08:41:37","slug":"campagne-communale-commande","status":"publish","type":"page","link":"https:\/\/tierschutz.com\/fr\/multimedia-psa\/formats\/publications-de-la-psa\/campagne-communale-commande\/","title":{"rendered":"Campagne communale | Commande"},"content":{"rendered":"\n<div class=\"wp-block-cover alignfull\"><img loading=\"lazy\" decoding=\"async\" width=\"2560\" height=\"1702\" class=\"wp-block-cover__image-background wp-image-7692\" alt=\"\" src=\"https:\/\/tierschutz.com\/app\/uploads\/2023\/07\/tierschutz-gemeinde-plakat-bestellen-scaled.jpg\" style=\"object-position:48% 42%\" data-object-fit=\"cover\" data-object-position=\"48% 42%\" srcset=\"https:\/\/tierschutz.com\/app\/uploads\/2023\/07\/tierschutz-gemeinde-plakat-bestellen-scaled.jpg 2560w, https:\/\/tierschutz.com\/app\/uploads\/2023\/07\/tierschutz-gemeinde-plakat-bestellen-300x199.jpg 300w, https:\/\/tierschutz.com\/app\/uploads\/2023\/07\/tierschutz-gemeinde-plakat-bestellen-1024x681.jpg 1024w, https:\/\/tierschutz.com\/app\/uploads\/2023\/07\/tierschutz-gemeinde-plakat-bestellen-768x511.jpg 768w, https:\/\/tierschutz.com\/app\/uploads\/2023\/07\/tierschutz-gemeinde-plakat-bestellen-1536x1021.jpg 1536w, https:\/\/tierschutz.com\/app\/uploads\/2023\/07\/tierschutz-gemeinde-plakat-bestellen-2048x1362.jpg 2048w\" sizes=\"auto, (max-width: 2560px) 100vw, 2560px\" \/><span aria-hidden=\"true\" class=\"wp-block-cover__background has-background-dim-20 has-background-dim\"><\/span><div class=\"wp-block-cover__inner-container is-layout-flow wp-block-cover-is-layout-flow\">\n<h2 class=\"wp-block-heading has-text-align-center has-background-color has-text-color\" id=\"h-campagne-communale-commande\">Campagne communale | Commande<\/h2>\n<\/div><\/div>\n\n\n\n<div class=\"wp-block-group alignfull anchor-bar has-lightgray-background-color has-background is-layout-constrained wp-block-group-is-layout-constrained\">\n<div class=\"wp-block-group is-content-justification-center is-layout-flex wp-container-core-group-is-layout-b02886af wp-block-group-is-layout-flex\">\n<p class=\"has-large-font-size\"><strong><a href=\"#katze\">Commander des affiches sur la protection des animaux<\/a><\/strong><\/p>\n<\/div>\n<\/div>\n\n\n\n<div class=\"wp-block-group alignfull has-background-background-color has-background is-layout-constrained wp-block-group-is-layout-constrained\" id=\"katze\"><div class=\"yoast-breadcrumbs\"><span><span><a href=\"https:\/\/tierschutz.com\/fr\/\">Page d\u2019accueil<\/a><\/span> \u00bb <span><a href=\"https:\/\/mail.schweizer-tierschutz-sts.ch\/fr\/multimedia-psa\/\">Multim\u00e9dia PSA<\/a><\/span> \u00bb <span><a href=\"https:\/\/mail.schweizer-tierschutz.ch\/fr\/multimedia-psa\/formats\/\">Formats<\/a><\/span> \u00bb <span><a href=\"https:\/\/mail.schweizertierschutz.ch\/fr\/multimedia-psa\/formats\/publications-de-la-psa\/\">Publications de la PSA<\/a><\/span> \u00bb <span class=\"breadcrumb_last\" aria-current=\"page\">Campagne communale | Commande<\/span><\/span><\/div>\n\n\n<h1 class=\"wp-block-heading has-text-align-center\" id=\"h-la-protection-des-animaux-dans-votre-commune-commander-des-affiches-sur-la-protection-des-animaux\"><strong>La protection des animaux dans votre commune &#8211; Commander des affiches sur la protection des animaux<\/strong><\/h1>\n\n\n\n<hr class=\"wp-block-separator has-text-color has-primary-color has-alpha-channel-opacity has-primary-background-color has-background\"\/>\n<\/div>\n\n\n\n\n\n<div class=\"wp-block-group has-background-background-color has-background is-layout-constrained wp-block-group-is-layout-constrained\">\n<div class=\"wp-block-columns is-layout-flex wp-container-core-columns-is-layout-28f84493 wp-block-columns-is-layout-flex\">\n<div class=\"wp-block-column is-layout-flow wp-block-column-is-layout-flow\">\n<figure class=\"wp-block-image size-full has-custom-border\"><img loading=\"lazy\" decoding=\"async\" width=\"694\" height=\"992\" src=\"https:\/\/tierschutz.com\/app\/uploads\/2025\/05\/Plakat_Katzenelend_FR.jpg\" alt=\"\" class=\"has-border-color has-lightgray-border-color wp-image-31572\" style=\"border-width:1px\" srcset=\"https:\/\/tierschutz.com\/app\/uploads\/2025\/05\/Plakat_Katzenelend_FR.jpg 694w, https:\/\/tierschutz.com\/app\/uploads\/2025\/05\/Plakat_Katzenelend_FR-210x300.jpg 210w\" sizes=\"auto, (max-width: 694px) 100vw, 694px\" \/><\/figure>\n\n\n\n<div class=\"wp-block-buttons is-content-justification-center is-layout-flex wp-container-core-buttons-is-layout-a89b3969 wp-block-buttons-is-layout-flex\">\n<div class=\"wp-block-button\"><a class=\"wp-block-button__link wp-element-button\" href=\"#katzenelend\">Commander l&#8217;affiche<\/a><\/div>\n<\/div>\n<\/div>\n\n\n\n<div class=\"wp-block-column is-layout-flow wp-block-column-is-layout-flow\">\n<figure class=\"wp-block-image size-full has-custom-border\"><img loading=\"lazy\" decoding=\"async\" width=\"694\" height=\"992\" src=\"https:\/\/tierschutz.com\/app\/uploads\/2025\/05\/Plakat_Tiere_auf_Wanderschaft_FR.jpg\" alt=\"\" class=\"has-border-color has-lightgray-border-color wp-image-31608\" style=\"border-width:1px\" srcset=\"https:\/\/tierschutz.com\/app\/uploads\/2025\/05\/Plakat_Tiere_auf_Wanderschaft_FR.jpg 694w, https:\/\/tierschutz.com\/app\/uploads\/2025\/05\/Plakat_Tiere_auf_Wanderschaft_FR-210x300.jpg 210w\" sizes=\"auto, (max-width: 694px) 100vw, 694px\" \/><\/figure>\n\n\n\n<div class=\"wp-block-buttons is-content-justification-center is-layout-flex wp-container-core-buttons-is-layout-a89b3969 wp-block-buttons-is-layout-flex\">\n<div class=\"wp-block-button\"><a class=\"wp-block-button__link wp-element-button\" href=\"#wanderschaft\">Commander l&#8217;affiche<\/a><\/div>\n<\/div>\n<\/div>\n\n\n\n<div class=\"wp-block-column is-layout-flow wp-block-column-is-layout-flow\">\n<figure class=\"wp-block-image size-full has-custom-border\"><img loading=\"lazy\" decoding=\"async\" width=\"694\" height=\"992\" src=\"https:\/\/tierschutz.com\/app\/uploads\/2025\/05\/Plakat_Tempo_FR.jpg\" alt=\"\" class=\"has-border-color has-lightgray-border-color wp-image-31596\" style=\"border-width:1px\" srcset=\"https:\/\/tierschutz.com\/app\/uploads\/2025\/05\/Plakat_Tempo_FR.jpg 694w, https:\/\/tierschutz.com\/app\/uploads\/2025\/05\/Plakat_Tempo_FR-210x300.jpg 210w\" sizes=\"auto, (max-width: 694px) 100vw, 694px\" \/><\/figure>\n\n\n\n<div class=\"wp-block-buttons is-content-justification-center is-layout-flex wp-container-core-buttons-is-layout-a89b3969 wp-block-buttons-is-layout-flex\">\n<div class=\"wp-block-button\"><a class=\"wp-block-button__link wp-element-button\" href=\"#tempo\">Commander l&#8217;affiche<\/a><\/div>\n<\/div>\n<\/div>\n<\/div>\n\n\n\n<div class=\"wp-block-columns is-layout-flex wp-container-core-columns-is-layout-28f84493 wp-block-columns-is-layout-flex\">\n<div class=\"wp-block-column is-layout-flow wp-block-column-is-layout-flow\">\n<figure class=\"wp-block-image size-full has-custom-border\"><img loading=\"lazy\" decoding=\"async\" width=\"694\" height=\"992\" src=\"https:\/\/tierschutz.com\/app\/uploads\/2025\/05\/Plakat_Feuerwerk_FR.jpg\" alt=\"\" class=\"has-border-color has-lightgray-border-color wp-image-31560\" style=\"border-width:1px\" srcset=\"https:\/\/tierschutz.com\/app\/uploads\/2025\/05\/Plakat_Feuerwerk_FR.jpg 694w, https:\/\/tierschutz.com\/app\/uploads\/2025\/05\/Plakat_Feuerwerk_FR-210x300.jpg 210w\" sizes=\"auto, (max-width: 694px) 100vw, 694px\" \/><\/figure>\n\n\n\n<div class=\"wp-block-buttons is-content-justification-center is-layout-flex wp-container-core-buttons-is-layout-a89b3969 wp-block-buttons-is-layout-flex\">\n<div class=\"wp-block-button\"><a class=\"wp-block-button__link wp-element-button\" href=\"#angst\">Commander l&#8217;affiche<\/a><\/div>\n<\/div>\n<\/div>\n\n\n\n<div class=\"wp-block-column is-layout-flow wp-block-column-is-layout-flow\">\n<figure class=\"wp-block-image size-full has-custom-border\"><img loading=\"lazy\" decoding=\"async\" width=\"694\" height=\"992\" src=\"https:\/\/tierschutz.com\/app\/uploads\/2025\/05\/Plakat_Sommerhitze_FR.jpg\" alt=\"\" class=\"has-border-color has-lightgray-border-color wp-image-31584\" style=\"border-width:1px\" srcset=\"https:\/\/tierschutz.com\/app\/uploads\/2025\/05\/Plakat_Sommerhitze_FR.jpg 694w, https:\/\/tierschutz.com\/app\/uploads\/2025\/05\/Plakat_Sommerhitze_FR-210x300.jpg 210w\" sizes=\"auto, (max-width: 694px) 100vw, 694px\" \/><\/figure>\n\n\n\n<div class=\"wp-block-buttons is-content-justification-center is-layout-flex wp-container-core-buttons-is-layout-a89b3969 wp-block-buttons-is-layout-flex\">\n<div class=\"wp-block-button\"><a class=\"wp-block-button__link wp-element-button\" href=\"#hitze\">Commander l&#8217;affiche<\/a><\/div>\n<\/div>\n<\/div>\n\n\n\n<div class=\"wp-block-column is-layout-flow wp-block-column-is-layout-flow\"><\/div>\n<\/div>\n<\/div>\n\n\n\n<div id=\"bestellen\" class=\"wp-block-group has-background-background-color has-background is-layout-constrained wp-block-group-is-layout-constrained\">\n<div class=\"wp-block-buttons is-content-justification-center is-layout-flex wp-container-core-buttons-is-layout-a89b3969 wp-block-buttons-is-layout-flex\">\n<div class=\"wp-block-button\"><a class=\"wp-block-button__link wp-element-button\" href=\"https:\/\/tierschutz.com\/fr\/multimedia-psa\/formats\/publications-de-la-psa\/campagne-communale-commande\/\">Deutsche Plakate bestellen<\/a><\/div>\n\n\n\n<div class=\"wp-block-button\"><a class=\"wp-block-button__link wp-element-button\" href=\"https:\/\/tierschutz.com\/fr\/multimedia-psa\/formats\/publications-de-la-psa\/campagne-communale-commande\/\">Ordina i poster italiani<\/a><\/div>\n<\/div>\n\n\n\n<div class=\"wp-block-contact-form-7-contact-form-selector\"><p class=\"wpcf7-contact-form-not-found\"><strong>Erreur\u00a0:<\/strong> Formulaire de contact non trouv\u00e9\u00a0!<\/p><\/div>\n<\/div>\n","protected":false},"excerpt":{"rendered":"<p>Commander des affiches sur la protection des animaux La protection des animaux dans votre commune &#8211; Commander des affiches sur [&hellip;]<\/p>\n","protected":false},"author":5,"featured_media":0,"parent":7706,"menu_order":440,"comment_status":"closed","ping_status":"closed","template":"","meta":{"_acf_changed":false,"inline_featured_image":false,"_vp_format_video_url":"","_vp_image_focal_point":[],"footnotes":""},"class_list":["post-7698","page","type-page","status-publish","hentry"],"acf":[],"yoast_head":"<!-- This site is optimized with the Yoast SEO Premium plugin v27.4 (Yoast SEO v27.4) - https:\/\/yoast.com\/product\/yoast-seo-premium-wordpress\/ -->\n<title>Campagne communale | Commande - Protection Suisse des Animaux PSA<\/title>\n<meta name=\"robots\" content=\"index, follow, max-snippet:-1, max-image-preview:large, max-video-preview:-1\" \/>\n<link rel=\"canonical\" href=\"https:\/\/tierschutz.com\/fr\/multimedia-psa\/formats\/publications-de-la-psa\/campagne-communale-commande\/\" \/>\n<meta property=\"og:locale\" content=\"fr_FR\" \/>\n<meta property=\"og:type\" content=\"article\" \/>\n<meta property=\"og:title\" content=\"Campagne communale | Commande\" \/>\n<meta property=\"og:description\" content=\"Commander des affiches sur la protection des animaux La protection des animaux dans votre commune &#8211; Commander des affiches sur [&hellip;]\" \/>\n<meta property=\"og:url\" content=\"https:\/\/tierschutz.com\/fr\/multimedia-psa\/formats\/publications-de-la-psa\/campagne-communale-commande\/\" \/>\n<meta property=\"og:site_name\" content=\"Protection Suisse des Animaux PSA\" \/>\n<meta property=\"article:publisher\" content=\"https:\/\/www.facebook.com\/schweizertierschutz\/\" \/>\n<meta property=\"article:modified_time\" content=\"2025-05-27T08:41:37+00:00\" \/>\n<meta property=\"og:image\" content=\"https:\/\/tierschutz.com\/app\/uploads\/2023\/07\/tierschutz-gemeinde-plakat-bestellen-scaled.jpg\" \/>\n<meta name=\"twitter:card\" content=\"summary_large_image\" \/>\n<meta name=\"twitter:label1\" content=\"Dur\u00e9e de lecture estim\u00e9e\" \/>\n\t<meta name=\"twitter:data1\" content=\"2 minutes\" \/>\n<script type=\"application\/ld+json\" class=\"yoast-schema-graph\">{\"@context\":\"https:\\\/\\\/schema.org\",\"@graph\":[{\"@type\":\"WebPage\",\"@id\":\"https:\\\/\\\/tierschutz.com\\\/fr\\\/multimedia-psa\\\/formats\\\/publications-de-la-psa\\\/campagne-communale-commande\\\/\",\"url\":\"https:\\\/\\\/tierschutz.com\\\/fr\\\/multimedia-psa\\\/formats\\\/publications-de-la-psa\\\/campagne-communale-commande\\\/\",\"name\":\"Campagne communale | Commande - Protection Suisse des Animaux PSA\",\"isPartOf\":{\"@id\":\"https:\\\/\\\/tierschutz.com\\\/fr\\\/#website\"},\"primaryImageOfPage\":{\"@id\":\"https:\\\/\\\/tierschutz.com\\\/fr\\\/multimedia-psa\\\/formats\\\/publications-de-la-psa\\\/campagne-communale-commande\\\/#primaryimage\"},\"image\":{\"@id\":\"https:\\\/\\\/tierschutz.com\\\/fr\\\/multimedia-psa\\\/formats\\\/publications-de-la-psa\\\/campagne-communale-commande\\\/#primaryimage\"},\"thumbnailUrl\":\"https:\\\/\\\/tierschutz.com\\\/app\\\/uploads\\\/2023\\\/07\\\/tierschutz-gemeinde-plakat-bestellen-scaled.jpg\",\"datePublished\":\"2023-07-06T14:09:00+00:00\",\"dateModified\":\"2025-05-27T08:41:37+00:00\",\"breadcrumb\":{\"@id\":\"https:\\\/\\\/tierschutz.com\\\/fr\\\/multimedia-psa\\\/formats\\\/publications-de-la-psa\\\/campagne-communale-commande\\\/#breadcrumb\"},\"inLanguage\":\"fr-FR\",\"potentialAction\":[{\"@type\":\"ReadAction\",\"target\":[\"https:\\\/\\\/tierschutz.com\\\/fr\\\/multimedia-psa\\\/formats\\\/publications-de-la-psa\\\/campagne-communale-commande\\\/\"]}]},{\"@type\":\"ImageObject\",\"inLanguage\":\"fr-FR\",\"@id\":\"https:\\\/\\\/tierschutz.com\\\/fr\\\/multimedia-psa\\\/formats\\\/publications-de-la-psa\\\/campagne-communale-commande\\\/#primaryimage\",\"url\":\"https:\\\/\\\/tierschutz.com\\\/app\\\/uploads\\\/2023\\\/07\\\/tierschutz-gemeinde-plakat-bestellen-scaled.jpg\",\"contentUrl\":\"https:\\\/\\\/tierschutz.com\\\/app\\\/uploads\\\/2023\\\/07\\\/tierschutz-gemeinde-plakat-bestellen-scaled.jpg\"},{\"@type\":\"BreadcrumbList\",\"@id\":\"https:\\\/\\\/tierschutz.com\\\/fr\\\/multimedia-psa\\\/formats\\\/publications-de-la-psa\\\/campagne-communale-commande\\\/#breadcrumb\",\"itemListElement\":[{\"@type\":\"ListItem\",\"position\":1,\"name\":\"Page d\u2019accueil\",\"item\":\"https:\\\/\\\/tierschutz.com\\\/fr\\\/\"},{\"@type\":\"ListItem\",\"position\":2,\"name\":\"Multim\u00e9dia PSA\",\"item\":\"https:\\\/\\\/mail.schweizer-tierschutz-sts.ch\\\/fr\\\/multimedia-psa\\\/\"},{\"@type\":\"ListItem\",\"position\":3,\"name\":\"Formats\",\"item\":\"https:\\\/\\\/mail.schweizer-tierschutz.ch\\\/fr\\\/multimedia-psa\\\/formats\\\/\"},{\"@type\":\"ListItem\",\"position\":4,\"name\":\"Publications de la PSA\",\"item\":\"https:\\\/\\\/mail.schweizertierschutz.ch\\\/fr\\\/multimedia-psa\\\/formats\\\/publications-de-la-psa\\\/\"},{\"@type\":\"ListItem\",\"position\":5,\"name\":\"Campagne communale | Commande\"}]},{\"@type\":\"WebSite\",\"@id\":\"https:\\\/\\\/tierschutz.com\\\/fr\\\/#website\",\"url\":\"https:\\\/\\\/tierschutz.com\\\/fr\\\/\",\"name\":\"tierschutz.com\",\"description\":\"Wir setzen uns f\u00fcr das Wohl der Tiere ein.\",\"publisher\":{\"@id\":\"https:\\\/\\\/tierschutz.com\\\/fr\\\/#organization\"},\"alternateName\":\"Schweizer Tierschutz STS\",\"potentialAction\":[{\"@type\":\"SearchAction\",\"target\":{\"@type\":\"EntryPoint\",\"urlTemplate\":\"https:\\\/\\\/tierschutz.com\\\/fr\\\/?s={search_term_string}\"},\"query-input\":{\"@type\":\"PropertyValueSpecification\",\"valueRequired\":true,\"valueName\":\"search_term_string\"}}],\"inLanguage\":\"fr-FR\"},{\"@type\":\"Organization\",\"@id\":\"https:\\\/\\\/tierschutz.com\\\/fr\\\/#organization\",\"name\":\"Schweizer Tierschutz STS\",\"alternateName\":\"STS\",\"url\":\"https:\\\/\\\/tierschutz.com\\\/fr\\\/\",\"logo\":{\"@type\":\"ImageObject\",\"inLanguage\":\"fr-FR\",\"@id\":\"https:\\\/\\\/tierschutz.com\\\/fr\\\/#\\\/schema\\\/logo\\\/image\\\/\",\"url\":\"https:\\\/\\\/tierschutz.com\\\/app\\\/uploads\\\/2024\\\/04\\\/logo-schweizer-tierschutz-sts-1.svg\",\"contentUrl\":\"https:\\\/\\\/tierschutz.com\\\/app\\\/uploads\\\/2024\\\/04\\\/logo-schweizer-tierschutz-sts-1.svg\",\"caption\":\"Schweizer Tierschutz STS\"},\"image\":{\"@id\":\"https:\\\/\\\/tierschutz.com\\\/fr\\\/#\\\/schema\\\/logo\\\/image\\\/\"},\"sameAs\":[\"https:\\\/\\\/www.facebook.com\\\/schweizertierschutz\\\/\",\"https:\\\/\\\/www.instagram.com\\\/schweizertierschutzsts\\\/\",\"https:\\\/\\\/www.youtube.com\\\/@STS_Tierschutz\",\"https:\\\/\\\/www.linkedin.com\\\/company\\\/schweizertierschutzsts\\\/\"],\"description\":\"Der Schweizer Tierschutz STS ist der Dachverband von 71 Tierschutzorganisationen in allen Sprachregionen der Schweiz und in Liechtenstein. Seine Mitarbeitenden leisten wissenschaftlich fundierte Grundlagenarbeit, setzen sich mit Projekten und Aktionen f\u00fcr den Schutz und das Wohlbefinden von Heim-, Wild-, Nutz- und Versuchstieren ein und sensibilisieren die \u00d6ffentlichkeit f\u00fcr Tierschutzthemen.\",\"email\":\"sts@tierschutz.com\",\"telephone\":\"061 365 99 99\",\"legalName\":\"Schweizer Tierschutz STS\"}]}<\/script>\n<!-- \/ Yoast SEO Premium plugin. -->","yoast_head_json":{"title":"Campagne communale | Commande - Protection Suisse des Animaux PSA","robots":{"index":"index","follow":"follow","max-snippet":"max-snippet:-1","max-image-preview":"max-image-preview:large","max-video-preview":"max-video-preview:-1"},"canonical":"https:\/\/tierschutz.com\/fr\/multimedia-psa\/formats\/publications-de-la-psa\/campagne-communale-commande\/","og_locale":"fr_FR","og_type":"article","og_title":"Campagne communale | Commande","og_description":"Commander des affiches sur la protection des animaux La protection des animaux dans votre commune &#8211; Commander des affiches sur [&hellip;]","og_url":"https:\/\/tierschutz.com\/fr\/multimedia-psa\/formats\/publications-de-la-psa\/campagne-communale-commande\/","og_site_name":"Protection Suisse des Animaux PSA","article_publisher":"https:\/\/www.facebook.com\/schweizertierschutz\/","article_modified_time":"2025-05-27T08:41:37+00:00","og_image":[{"url":"https:\/\/tierschutz.com\/app\/uploads\/2023\/07\/tierschutz-gemeinde-plakat-bestellen-scaled.jpg","type":"","width":"","height":""}],"twitter_card":"summary_large_image","twitter_misc":{"Dur\u00e9e de lecture estim\u00e9e":"2 minutes"},"schema":{"@context":"https:\/\/schema.org","@graph":[{"@type":"WebPage","@id":"https:\/\/tierschutz.com\/fr\/multimedia-psa\/formats\/publications-de-la-psa\/campagne-communale-commande\/","url":"https:\/\/tierschutz.com\/fr\/multimedia-psa\/formats\/publications-de-la-psa\/campagne-communale-commande\/","name":"Campagne communale | Commande - Protection Suisse des Animaux PSA","isPartOf":{"@id":"https:\/\/tierschutz.com\/fr\/#website"},"primaryImageOfPage":{"@id":"https:\/\/tierschutz.com\/fr\/multimedia-psa\/formats\/publications-de-la-psa\/campagne-communale-commande\/#primaryimage"},"image":{"@id":"https:\/\/tierschutz.com\/fr\/multimedia-psa\/formats\/publications-de-la-psa\/campagne-communale-commande\/#primaryimage"},"thumbnailUrl":"https:\/\/tierschutz.com\/app\/uploads\/2023\/07\/tierschutz-gemeinde-plakat-bestellen-scaled.jpg","datePublished":"2023-07-06T14:09:00+00:00","dateModified":"2025-05-27T08:41:37+00:00","breadcrumb":{"@id":"https:\/\/tierschutz.com\/fr\/multimedia-psa\/formats\/publications-de-la-psa\/campagne-communale-commande\/#breadcrumb"},"inLanguage":"fr-FR","potentialAction":[{"@type":"ReadAction","target":["https:\/\/tierschutz.com\/fr\/multimedia-psa\/formats\/publications-de-la-psa\/campagne-communale-commande\/"]}]},{"@type":"ImageObject","inLanguage":"fr-FR","@id":"https:\/\/tierschutz.com\/fr\/multimedia-psa\/formats\/publications-de-la-psa\/campagne-communale-commande\/#primaryimage","url":"https:\/\/tierschutz.com\/app\/uploads\/2023\/07\/tierschutz-gemeinde-plakat-bestellen-scaled.jpg","contentUrl":"https:\/\/tierschutz.com\/app\/uploads\/2023\/07\/tierschutz-gemeinde-plakat-bestellen-scaled.jpg"},{"@type":"BreadcrumbList","@id":"https:\/\/tierschutz.com\/fr\/multimedia-psa\/formats\/publications-de-la-psa\/campagne-communale-commande\/#breadcrumb","itemListElement":[{"@type":"ListItem","position":1,"name":"Page d\u2019accueil","item":"https:\/\/tierschutz.com\/fr\/"},{"@type":"ListItem","position":2,"name":"Multim\u00e9dia PSA","item":"https:\/\/mail.schweizer-tierschutz-sts.ch\/fr\/multimedia-psa\/"},{"@type":"ListItem","position":3,"name":"Formats","item":"https:\/\/mail.schweizer-tierschutz.ch\/fr\/multimedia-psa\/formats\/"},{"@type":"ListItem","position":4,"name":"Publications de la PSA","item":"https:\/\/mail.schweizertierschutz.ch\/fr\/multimedia-psa\/formats\/publications-de-la-psa\/"},{"@type":"ListItem","position":5,"name":"Campagne communale | Commande"}]},{"@type":"WebSite","@id":"https:\/\/tierschutz.com\/fr\/#website","url":"https:\/\/tierschutz.com\/fr\/","name":"tierschutz.com","description":"Wir setzen uns f\u00fcr das Wohl der Tiere ein.","publisher":{"@id":"https:\/\/tierschutz.com\/fr\/#organization"},"alternateName":"Schweizer Tierschutz STS","potentialAction":[{"@type":"SearchAction","target":{"@type":"EntryPoint","urlTemplate":"https:\/\/tierschutz.com\/fr\/?s={search_term_string}"},"query-input":{"@type":"PropertyValueSpecification","valueRequired":true,"valueName":"search_term_string"}}],"inLanguage":"fr-FR"},{"@type":"Organization","@id":"https:\/\/tierschutz.com\/fr\/#organization","name":"Schweizer Tierschutz STS","alternateName":"STS","url":"https:\/\/tierschutz.com\/fr\/","logo":{"@type":"ImageObject","inLanguage":"fr-FR","@id":"https:\/\/tierschutz.com\/fr\/#\/schema\/logo\/image\/","url":"https:\/\/tierschutz.com\/app\/uploads\/2024\/04\/logo-schweizer-tierschutz-sts-1.svg","contentUrl":"https:\/\/tierschutz.com\/app\/uploads\/2024\/04\/logo-schweizer-tierschutz-sts-1.svg","caption":"Schweizer Tierschutz STS"},"image":{"@id":"https:\/\/tierschutz.com\/fr\/#\/schema\/logo\/image\/"},"sameAs":["https:\/\/www.facebook.com\/schweizertierschutz\/","https:\/\/www.instagram.com\/schweizertierschutzsts\/","https:\/\/www.youtube.com\/@STS_Tierschutz","https:\/\/www.linkedin.com\/company\/schweizertierschutzsts\/"],"description":"Der Schweizer Tierschutz STS ist der Dachverband von 71 Tierschutzorganisationen in allen Sprachregionen der Schweiz und in Liechtenstein. Seine Mitarbeitenden leisten wissenschaftlich fundierte Grundlagenarbeit, setzen sich mit Projekten und Aktionen f\u00fcr den Schutz und das Wohlbefinden von Heim-, Wild-, Nutz- und Versuchstieren ein und sensibilisieren die \u00d6ffentlichkeit f\u00fcr Tierschutzthemen.","email":"sts@tierschutz.com","telephone":"061 365 99 99","legalName":"Schweizer Tierschutz STS"}]}},"_links":{"self":[{"href":"https:\/\/tierschutz.com\/fr\/wp-json\/wp\/v2\/pages\/7698","targetHints":{"allow":["GET"]}}],"collection":[{"href":"https:\/\/tierschutz.com\/fr\/wp-json\/wp\/v2\/pages"}],"about":[{"href":"https:\/\/tierschutz.com\/fr\/wp-json\/wp\/v2\/types\/page"}],"author":[{"embeddable":true,"href":"https:\/\/tierschutz.com\/fr\/wp-json\/wp\/v2\/users\/5"}],"replies":[{"embeddable":true,"href":"https:\/\/tierschutz.com\/fr\/wp-json\/wp\/v2\/comments?post=7698"}],"version-history":[{"count":17,"href":"https:\/\/tierschutz.com\/fr\/wp-json\/wp\/v2\/pages\/7698\/revisions"}],"predecessor-version":[{"id":31664,"href":"https:\/\/tierschutz.com\/fr\/wp-json\/wp\/v2\/pages\/7698\/revisions\/31664"}],"up":[{"embeddable":true,"href":"https:\/\/tierschutz.com\/fr\/wp-json\/wp\/v2\/pages\/7706"}],"wp:attachment":[{"href":"https:\/\/tierschutz.com\/fr\/wp-json\/wp\/v2\/media?parent=7698"}],"curies":[{"name":"wp","href":"https:\/\/api.w.org\/{rel}","templated":true}]}}