{"id":7706,"date":"2023-05-04T15:36:32","date_gmt":"2023-05-04T13:36:32","guid":{"rendered":"https:\/\/tierschutz.com\/?page_id=7706"},"modified":"2023-07-06T17:57:59","modified_gmt":"2023-07-06T15:57:59","slug":"publications-de-la-psa","status":"publish","type":"page","link":"https:\/\/tierschutz.com\/fr\/multimedia-psa\/formats\/publications-de-la-psa\/","title":{"rendered":"Publications de la PSA"},"content":{"rendered":"\n<div class=\"wp-block-cover alignfull is-light\"><span aria-hidden=\"true\" class=\"wp-block-cover__background has-background-dim-20 has-background-dim\"><\/span><img loading=\"lazy\" decoding=\"async\" width=\"2560\" height=\"1644\" class=\"wp-block-cover__image-background wp-image-5369\" alt=\"\" src=\"https:\/\/tierschutz.com\/app\/uploads\/2023\/06\/STS-Publikation-scaled.jpg\" style=\"object-position:58% 49%\" data-object-fit=\"cover\" data-object-position=\"58% 49%\" srcset=\"https:\/\/tierschutz.com\/app\/uploads\/2023\/06\/STS-Publikation-scaled.jpg 2560w, https:\/\/tierschutz.com\/app\/uploads\/2023\/06\/STS-Publikation-300x193.jpg 300w, https:\/\/tierschutz.com\/app\/uploads\/2023\/06\/STS-Publikation-1024x657.jpg 1024w, https:\/\/tierschutz.com\/app\/uploads\/2023\/06\/STS-Publikation-768x493.jpg 768w, https:\/\/tierschutz.com\/app\/uploads\/2023\/06\/STS-Publikation-1536x986.jpg 1536w, https:\/\/tierschutz.com\/app\/uploads\/2023\/06\/STS-Publikation-2048x1315.jpg 2048w\" sizes=\"auto, (max-width: 2560px) 100vw, 2560px\" \/><div class=\"wp-block-cover__inner-container is-layout-flow wp-block-cover-is-layout-flow\">\n<h2 class=\"wp-block-heading has-text-align-center has-background-color has-text-color\">Publications de la PSA<\/h2>\n<\/div><\/div>\n\n\n\n<div class=\"wp-block-group has-background-background-color has-background is-layout-constrained wp-block-group-is-layout-constrained\"><div class=\"yoast-breadcrumbs\"><span><span><a href=\"https:\/\/mail.schweizer-tierschutz.ch\/fr\/\">Page d\u2019accueil<\/a><\/span> \u00bb <span><a href=\"https:\/\/tierschutz.com\/fr\/multimedia-psa\/\">Multim\u00e9dia PSA<\/a><\/span> \u00bb <span><a href=\"https:\/\/tierschutz.com\/fr\/multimedia-psa\/formats\/\">Formats<\/a><\/span> \u00bb <span class=\"breadcrumb_last\" aria-current=\"page\">Publications de la PSA<\/span><\/span><\/div>\n\n\n<div class=\"wp-block-columns is-layout-flex wp-container-core-columns-is-layout-28f84493 wp-block-columns-is-layout-flex\">\n<div class=\"wp-block-column is-layout-flow wp-block-column-is-layout-flow\">\n<div class=\"wp-block-media-text alignwide is-stacked-on-mobile is-style-stacked-shadow no-inset\"><figure class=\"wp-block-media-text__media\"><img loading=\"lazy\" decoding=\"async\" width=\"1024\" height=\"681\" src=\"https:\/\/tierschutz.com\/app\/uploads\/2023\/07\/tierschutz-gemeinde-plakat-bestellen-1024x681.jpg\" alt=\"\" class=\"wp-image-7692 size-full\" srcset=\"https:\/\/tierschutz.com\/app\/uploads\/2023\/07\/tierschutz-gemeinde-plakat-bestellen-1024x681.jpg 1024w, https:\/\/tierschutz.com\/app\/uploads\/2023\/07\/tierschutz-gemeinde-plakat-bestellen-300x199.jpg 300w, https:\/\/tierschutz.com\/app\/uploads\/2023\/07\/tierschutz-gemeinde-plakat-bestellen-768x511.jpg 768w, https:\/\/tierschutz.com\/app\/uploads\/2023\/07\/tierschutz-gemeinde-plakat-bestellen-1536x1021.jpg 1536w, https:\/\/tierschutz.com\/app\/uploads\/2023\/07\/tierschutz-gemeinde-plakat-bestellen-2048x1362.jpg 2048w\" sizes=\"auto, (max-width: 1024px) 100vw, 1024px\" \/><\/figure><div class=\"wp-block-media-text__content\">\n<h3 class=\"wp-block-heading\"><strong>Campagne communale | Commande<\/strong><\/h3>\n\n\n\n<p>Vous pouvez commander ici des affiches sur la protection des animaux pour votre commune.<\/p>\n\n\n\n<div class=\"wp-block-buttons is-layout-flex wp-block-buttons-is-layout-flex\">\n<div class=\"wp-block-button\"><a class=\"wp-block-button__link wp-element-button\" href=\"https:\/\/tierschutz.com\/fr\/multimedia-psa\/formats\/publications-de-la-psa\/campagne-communale-commande\/\">En savoir plus<\/a><\/div>\n<\/div>\n<\/div><\/div>\n<\/div>\n\n\n\n<div class=\"wp-block-column is-layout-flow wp-block-column-is-layout-flow\"><\/div>\n<\/div>\n<\/div>\n","protected":false},"excerpt":{"rendered":"<p>Campagne communale | Commande Vous pouvez commander ici des affiches sur la protection des animaux pour votre commune.<\/p>\n","protected":false},"author":5,"featured_media":0,"parent":5037,"menu_order":401,"comment_status":"closed","ping_status":"closed","template":"","meta":{"_acf_changed":false,"inline_featured_image":false,"_vp_format_video_url":"","_vp_image_focal_point":[],"footnotes":""},"class_list":["post-7706","page","type-page","status-publish","hentry"],"acf":[],"yoast_head":"<!-- This site is optimized with the Yoast SEO Premium plugin v27.4 (Yoast SEO v27.4) - https:\/\/yoast.com\/product\/yoast-seo-premium-wordpress\/ -->\n<title>Publications de la PSA - Protection Suisse des Animaux PSA<\/title>\n<meta name=\"robots\" content=\"index, follow, max-snippet:-1, max-image-preview:large, max-video-preview:-1\" \/>\n<link rel=\"canonical\" href=\"https:\/\/tierschutz.com\/fr\/multimedia-psa\/formats\/publications-de-la-psa\/\" \/>\n<meta property=\"og:locale\" content=\"fr_FR\" \/>\n<meta property=\"og:type\" content=\"article\" \/>\n<meta property=\"og:title\" content=\"Publications de la PSA\" \/>\n<meta property=\"og:description\" content=\"Campagne communale | Commande Vous pouvez commander ici des affiches sur la protection des animaux pour votre commune.\" \/>\n<meta property=\"og:url\" content=\"https:\/\/tierschutz.com\/fr\/multimedia-psa\/formats\/publications-de-la-psa\/\" \/>\n<meta property=\"og:site_name\" content=\"Protection Suisse des Animaux PSA\" \/>\n<meta property=\"article:publisher\" content=\"https:\/\/www.facebook.com\/schweizertierschutz\/\" \/>\n<meta property=\"article:modified_time\" content=\"2023-07-06T15:57:59+00:00\" \/>\n<meta property=\"og:image\" content=\"https:\/\/tierschutz.com\/app\/uploads\/2023\/06\/STS-Publikation-scaled.jpg\" \/>\n<meta name=\"twitter:card\" content=\"summary_large_image\" \/>\n<script type=\"application\/ld+json\" class=\"yoast-schema-graph\">{\"@context\":\"https:\\\/\\\/schema.org\",\"@graph\":[{\"@type\":\"WebPage\",\"@id\":\"https:\\\/\\\/tierschutz.com\\\/fr\\\/multimedia-psa\\\/formats\\\/publications-de-la-psa\\\/\",\"url\":\"https:\\\/\\\/tierschutz.com\\\/fr\\\/multimedia-psa\\\/formats\\\/publications-de-la-psa\\\/\",\"name\":\"Publications de la PSA - Protection Suisse des Animaux PSA\",\"isPartOf\":{\"@id\":\"https:\\\/\\\/sts-psa.ch\\\/fr\\\/#website\"},\"primaryImageOfPage\":{\"@id\":\"https:\\\/\\\/tierschutz.com\\\/fr\\\/multimedia-psa\\\/formats\\\/publications-de-la-psa\\\/#primaryimage\"},\"image\":{\"@id\":\"https:\\\/\\\/tierschutz.com\\\/fr\\\/multimedia-psa\\\/formats\\\/publications-de-la-psa\\\/#primaryimage\"},\"thumbnailUrl\":\"https:\\\/\\\/tierschutz.com\\\/app\\\/uploads\\\/2023\\\/06\\\/STS-Publikation-scaled.jpg\",\"datePublished\":\"2023-05-04T13:36:32+00:00\",\"dateModified\":\"2023-07-06T15:57:59+00:00\",\"breadcrumb\":{\"@id\":\"https:\\\/\\\/tierschutz.com\\\/fr\\\/multimedia-psa\\\/formats\\\/publications-de-la-psa\\\/#breadcrumb\"},\"inLanguage\":\"fr-FR\",\"potentialAction\":[{\"@type\":\"ReadAction\",\"target\":[\"https:\\\/\\\/tierschutz.com\\\/fr\\\/multimedia-psa\\\/formats\\\/publications-de-la-psa\\\/\"]}]},{\"@type\":\"ImageObject\",\"inLanguage\":\"fr-FR\",\"@id\":\"https:\\\/\\\/tierschutz.com\\\/fr\\\/multimedia-psa\\\/formats\\\/publications-de-la-psa\\\/#primaryimage\",\"url\":\"https:\\\/\\\/tierschutz.com\\\/app\\\/uploads\\\/2023\\\/06\\\/STS-Publikation-scaled.jpg\",\"contentUrl\":\"https:\\\/\\\/tierschutz.com\\\/app\\\/uploads\\\/2023\\\/06\\\/STS-Publikation-scaled.jpg\"},{\"@type\":\"BreadcrumbList\",\"@id\":\"https:\\\/\\\/tierschutz.com\\\/fr\\\/multimedia-psa\\\/formats\\\/publications-de-la-psa\\\/#breadcrumb\",\"itemListElement\":[{\"@type\":\"ListItem\",\"position\":1,\"name\":\"Page d\u2019accueil\",\"item\":\"https:\\\/\\\/mail.schweizer-tierschutz.ch\\\/fr\\\/\"},{\"@type\":\"ListItem\",\"position\":2,\"name\":\"Multim\u00e9dia PSA\",\"item\":\"https:\\\/\\\/tierschutz.com\\\/fr\\\/multimedia-psa\\\/\"},{\"@type\":\"ListItem\",\"position\":3,\"name\":\"Formats\",\"item\":\"https:\\\/\\\/tierschutz.com\\\/fr\\\/multimedia-psa\\\/formats\\\/\"},{\"@type\":\"ListItem\",\"position\":4,\"name\":\"Publications de la PSA\"}]},{\"@type\":\"WebSite\",\"@id\":\"https:\\\/\\\/sts-psa.ch\\\/fr\\\/#website\",\"url\":\"https:\\\/\\\/sts-psa.ch\\\/fr\\\/\",\"name\":\"tierschutz.com\",\"description\":\"Wir setzen uns f\u00fcr das Wohl der Tiere ein.\",\"publisher\":{\"@id\":\"https:\\\/\\\/sts-psa.ch\\\/fr\\\/#organization\"},\"alternateName\":\"Schweizer Tierschutz STS\",\"potentialAction\":[{\"@type\":\"SearchAction\",\"target\":{\"@type\":\"EntryPoint\",\"urlTemplate\":\"https:\\\/\\\/sts-psa.ch\\\/fr\\\/?s={search_term_string}\"},\"query-input\":{\"@type\":\"PropertyValueSpecification\",\"valueRequired\":true,\"valueName\":\"search_term_string\"}}],\"inLanguage\":\"fr-FR\"},{\"@type\":\"Organization\",\"@id\":\"https:\\\/\\\/sts-psa.ch\\\/fr\\\/#organization\",\"name\":\"Schweizer Tierschutz STS\",\"alternateName\":\"STS\",\"url\":\"https:\\\/\\\/sts-psa.ch\\\/fr\\\/\",\"logo\":{\"@type\":\"ImageObject\",\"inLanguage\":\"fr-FR\",\"@id\":\"https:\\\/\\\/sts-psa.ch\\\/fr\\\/#\\\/schema\\\/logo\\\/image\\\/\",\"url\":\"https:\\\/\\\/tierschutz.com\\\/app\\\/uploads\\\/2024\\\/04\\\/logo-schweizer-tierschutz-sts-1.svg\",\"contentUrl\":\"https:\\\/\\\/tierschutz.com\\\/app\\\/uploads\\\/2024\\\/04\\\/logo-schweizer-tierschutz-sts-1.svg\",\"caption\":\"Schweizer Tierschutz STS\"},\"image\":{\"@id\":\"https:\\\/\\\/sts-psa.ch\\\/fr\\\/#\\\/schema\\\/logo\\\/image\\\/\"},\"sameAs\":[\"https:\\\/\\\/www.facebook.com\\\/schweizertierschutz\\\/\",\"https:\\\/\\\/www.instagram.com\\\/schweizertierschutzsts\\\/\",\"https:\\\/\\\/www.youtube.com\\\/@STS_Tierschutz\",\"https:\\\/\\\/www.linkedin.com\\\/company\\\/schweizertierschutzsts\\\/\"],\"description\":\"Der Schweizer Tierschutz STS ist der Dachverband von 71 Tierschutzorganisationen in allen Sprachregionen der Schweiz und in Liechtenstein. Seine Mitarbeitenden leisten wissenschaftlich fundierte Grundlagenarbeit, setzen sich mit Projekten und Aktionen f\u00fcr den Schutz und das Wohlbefinden von Heim-, Wild-, Nutz- und Versuchstieren ein und sensibilisieren die \u00d6ffentlichkeit f\u00fcr Tierschutzthemen.\",\"email\":\"sts@tierschutz.com\",\"telephone\":\"061 365 99 99\",\"legalName\":\"Schweizer Tierschutz STS\"}]}<\/script>\n<!-- \/ Yoast SEO Premium plugin. -->","yoast_head_json":{"title":"Publications de la PSA - Protection Suisse des Animaux PSA","robots":{"index":"index","follow":"follow","max-snippet":"max-snippet:-1","max-image-preview":"max-image-preview:large","max-video-preview":"max-video-preview:-1"},"canonical":"https:\/\/tierschutz.com\/fr\/multimedia-psa\/formats\/publications-de-la-psa\/","og_locale":"fr_FR","og_type":"article","og_title":"Publications de la PSA","og_description":"Campagne communale | Commande Vous pouvez commander ici des affiches sur la protection des animaux pour votre commune.","og_url":"https:\/\/tierschutz.com\/fr\/multimedia-psa\/formats\/publications-de-la-psa\/","og_site_name":"Protection Suisse des Animaux PSA","article_publisher":"https:\/\/www.facebook.com\/schweizertierschutz\/","article_modified_time":"2023-07-06T15:57:59+00:00","og_image":[{"url":"https:\/\/tierschutz.com\/app\/uploads\/2023\/06\/STS-Publikation-scaled.jpg","type":"","width":"","height":""}],"twitter_card":"summary_large_image","schema":{"@context":"https:\/\/schema.org","@graph":[{"@type":"WebPage","@id":"https:\/\/tierschutz.com\/fr\/multimedia-psa\/formats\/publications-de-la-psa\/","url":"https:\/\/tierschutz.com\/fr\/multimedia-psa\/formats\/publications-de-la-psa\/","name":"Publications de la PSA - Protection Suisse des Animaux PSA","isPartOf":{"@id":"https:\/\/sts-psa.ch\/fr\/#website"},"primaryImageOfPage":{"@id":"https:\/\/tierschutz.com\/fr\/multimedia-psa\/formats\/publications-de-la-psa\/#primaryimage"},"image":{"@id":"https:\/\/tierschutz.com\/fr\/multimedia-psa\/formats\/publications-de-la-psa\/#primaryimage"},"thumbnailUrl":"https:\/\/tierschutz.com\/app\/uploads\/2023\/06\/STS-Publikation-scaled.jpg","datePublished":"2023-05-04T13:36:32+00:00","dateModified":"2023-07-06T15:57:59+00:00","breadcrumb":{"@id":"https:\/\/tierschutz.com\/fr\/multimedia-psa\/formats\/publications-de-la-psa\/#breadcrumb"},"inLanguage":"fr-FR","potentialAction":[{"@type":"ReadAction","target":["https:\/\/tierschutz.com\/fr\/multimedia-psa\/formats\/publications-de-la-psa\/"]}]},{"@type":"ImageObject","inLanguage":"fr-FR","@id":"https:\/\/tierschutz.com\/fr\/multimedia-psa\/formats\/publications-de-la-psa\/#primaryimage","url":"https:\/\/tierschutz.com\/app\/uploads\/2023\/06\/STS-Publikation-scaled.jpg","contentUrl":"https:\/\/tierschutz.com\/app\/uploads\/2023\/06\/STS-Publikation-scaled.jpg"},{"@type":"BreadcrumbList","@id":"https:\/\/tierschutz.com\/fr\/multimedia-psa\/formats\/publications-de-la-psa\/#breadcrumb","itemListElement":[{"@type":"ListItem","position":1,"name":"Page d\u2019accueil","item":"https:\/\/mail.schweizer-tierschutz.ch\/fr\/"},{"@type":"ListItem","position":2,"name":"Multim\u00e9dia PSA","item":"https:\/\/tierschutz.com\/fr\/multimedia-psa\/"},{"@type":"ListItem","position":3,"name":"Formats","item":"https:\/\/tierschutz.com\/fr\/multimedia-psa\/formats\/"},{"@type":"ListItem","position":4,"name":"Publications de la PSA"}]},{"@type":"WebSite","@id":"https:\/\/sts-psa.ch\/fr\/#website","url":"https:\/\/sts-psa.ch\/fr\/","name":"tierschutz.com","description":"Wir setzen uns f\u00fcr das Wohl der Tiere ein.","publisher":{"@id":"https:\/\/sts-psa.ch\/fr\/#organization"},"alternateName":"Schweizer Tierschutz STS","potentialAction":[{"@type":"SearchAction","target":{"@type":"EntryPoint","urlTemplate":"https:\/\/sts-psa.ch\/fr\/?s={search_term_string}"},"query-input":{"@type":"PropertyValueSpecification","valueRequired":true,"valueName":"search_term_string"}}],"inLanguage":"fr-FR"},{"@type":"Organization","@id":"https:\/\/sts-psa.ch\/fr\/#organization","name":"Schweizer Tierschutz STS","alternateName":"STS","url":"https:\/\/sts-psa.ch\/fr\/","logo":{"@type":"ImageObject","inLanguage":"fr-FR","@id":"https:\/\/sts-psa.ch\/fr\/#\/schema\/logo\/image\/","url":"https:\/\/tierschutz.com\/app\/uploads\/2024\/04\/logo-schweizer-tierschutz-sts-1.svg","contentUrl":"https:\/\/tierschutz.com\/app\/uploads\/2024\/04\/logo-schweizer-tierschutz-sts-1.svg","caption":"Schweizer Tierschutz STS"},"image":{"@id":"https:\/\/sts-psa.ch\/fr\/#\/schema\/logo\/image\/"},"sameAs":["https:\/\/www.facebook.com\/schweizertierschutz\/","https:\/\/www.instagram.com\/schweizertierschutzsts\/","https:\/\/www.youtube.com\/@STS_Tierschutz","https:\/\/www.linkedin.com\/company\/schweizertierschutzsts\/"],"description":"Der Schweizer Tierschutz STS ist der Dachverband von 71 Tierschutzorganisationen in allen Sprachregionen der Schweiz und in Liechtenstein. Seine Mitarbeitenden leisten wissenschaftlich fundierte Grundlagenarbeit, setzen sich mit Projekten und Aktionen f\u00fcr den Schutz und das Wohlbefinden von Heim-, Wild-, Nutz- und Versuchstieren ein und sensibilisieren die \u00d6ffentlichkeit f\u00fcr Tierschutzthemen.","email":"sts@tierschutz.com","telephone":"061 365 99 99","legalName":"Schweizer Tierschutz STS"}]}},"_links":{"self":[{"href":"https:\/\/tierschutz.com\/fr\/wp-json\/wp\/v2\/pages\/7706","targetHints":{"allow":["GET"]}}],"collection":[{"href":"https:\/\/tierschutz.com\/fr\/wp-json\/wp\/v2\/pages"}],"about":[{"href":"https:\/\/tierschutz.com\/fr\/wp-json\/wp\/v2\/types\/page"}],"author":[{"embeddable":true,"href":"https:\/\/tierschutz.com\/fr\/wp-json\/wp\/v2\/users\/5"}],"replies":[{"embeddable":true,"href":"https:\/\/tierschutz.com\/fr\/wp-json\/wp\/v2\/comments?post=7706"}],"version-history":[{"count":2,"href":"https:\/\/tierschutz.com\/fr\/wp-json\/wp\/v2\/pages\/7706\/revisions"}],"predecessor-version":[{"id":7710,"href":"https:\/\/tierschutz.com\/fr\/wp-json\/wp\/v2\/pages\/7706\/revisions\/7710"}],"up":[{"embeddable":true,"href":"https:\/\/tierschutz.com\/fr\/wp-json\/wp\/v2\/pages\/5037"}],"wp:attachment":[{"href":"https:\/\/tierschutz.com\/fr\/wp-json\/wp\/v2\/media?parent=7706"}],"curies":[{"name":"wp","href":"https:\/\/api.w.org\/{rel}","templated":true}]}}