{"id":14674,"date":"2023-05-04T15:56:45","date_gmt":"2023-05-04T13:56:45","guid":{"rendered":"https:\/\/tierschutz.com\/?page_id=14674"},"modified":"2025-06-03T12:12:51","modified_gmt":"2025-06-03T10:12:51","slug":"eventi","status":"publish","type":"page","link":"https:\/\/tierschutz.com\/it\/multimedia-psa\/newsroom\/eventi\/","title":{"rendered":"PSA-Eventi"},"content":{"rendered":"\n<div class=\"wp-block-cover alignfull is-light\"><img loading=\"lazy\" decoding=\"async\" width=\"2560\" height=\"1706\" class=\"wp-block-cover__image-background wp-image-6021\" alt=\"\" src=\"https:\/\/tierschutz.com\/app\/uploads\/2023\/06\/sts-veranstaltung-scaled.jpg\" style=\"object-position:50% 34%\" data-object-fit=\"cover\" data-object-position=\"50% 34%\" srcset=\"https:\/\/tierschutz.com\/app\/uploads\/2023\/06\/sts-veranstaltung-scaled.jpg 2560w, https:\/\/tierschutz.com\/app\/uploads\/2023\/06\/sts-veranstaltung-300x200.jpg 300w, https:\/\/tierschutz.com\/app\/uploads\/2023\/06\/sts-veranstaltung-1024x682.jpg 1024w, https:\/\/tierschutz.com\/app\/uploads\/2023\/06\/sts-veranstaltung-768x512.jpg 768w, https:\/\/tierschutz.com\/app\/uploads\/2023\/06\/sts-veranstaltung-1536x1023.jpg 1536w, https:\/\/tierschutz.com\/app\/uploads\/2023\/06\/sts-veranstaltung-2048x1365.jpg 2048w\" sizes=\"auto, (max-width: 2560px) 100vw, 2560px\" \/><span aria-hidden=\"true\" class=\"wp-block-cover__background has-background-dim-20 has-background-dim\"><\/span><div class=\"wp-block-cover__inner-container is-layout-flow wp-block-cover-is-layout-flow\">\n<h2 class=\"wp-block-heading has-text-align-center has-background-color has-text-color\" id=\"h-psa-eventi\">PSA-Eventi<\/h2>\n<\/div><\/div>\n\n\n\n<div class=\"wp-block-group alignfull anchor-bar has-lightgray-background-color has-background is-layout-constrained wp-block-group-is-layout-constrained\">\n<div class=\"wp-block-group is-content-justification-center is-layout-flex wp-container-core-group-is-layout-b02886af wp-block-group-is-layout-flex\">\n<p class=\"has-large-font-size\"><strong><a href=\"#veranstaltung\">Eventi attuali<\/a><\/strong><\/p>\n<\/div>\n<\/div>\n\n\n\n<div id=\"aktuelle-veranstaltungen\" class=\"wp-block-group has-background-background-color has-background is-layout-constrained wp-block-group-is-layout-constrained\"><div class=\"yoast-breadcrumbs\"><span><span><a href=\"https:\/\/mail.schweizer-tierschutz.ch\/it\/\">Pagina iniziale<\/a><\/span> \u00bb <span><a href=\"https:\/\/tierschutz.com\/it\/multimedia-psa\/\">Multimedia PSA<\/a><\/span> \u00bb <span><a href=\"https:\/\/tierschutz.com\/it\/multimedia-psa\/newsroom\/\">Newsroom<\/a><\/span> \u00bb <span class=\"breadcrumb_last\" aria-current=\"page\">PSA-Eventi<\/span><\/span><\/div>\n\n\n<h2 class=\"wp-block-heading has-text-align-center\" id=\"h-attualita\"><strong>Attualit\u00e0<\/strong><\/h2>\n\n\n\n<hr class=\"wp-block-separator has-text-color has-primary-color has-alpha-channel-opacity has-primary-background-color has-background\"\/>\n\n\n\n<div class=\"wp-block-media-text alignwide is-stacked-on-mobile no-inset is-style-shadow\"><figure class=\"wp-block-media-text__media\"><img loading=\"lazy\" decoding=\"async\" width=\"1024\" height=\"878\" src=\"https:\/\/tierschutz.com\/app\/uploads\/2024\/06\/katze-strand-1024x878.jpg\" alt=\"\" class=\"wp-image-21426 size-full\" srcset=\"https:\/\/tierschutz.com\/app\/uploads\/2024\/06\/katze-strand-1024x878.jpg 1024w, https:\/\/tierschutz.com\/app\/uploads\/2024\/06\/katze-strand-300x257.jpg 300w, https:\/\/tierschutz.com\/app\/uploads\/2024\/06\/katze-strand-768x659.jpg 768w, https:\/\/tierschutz.com\/app\/uploads\/2024\/06\/katze-strand.jpg 1489w\" sizes=\"auto, (max-width: 1024px) 100vw, 1024px\" \/><\/figure><div class=\"wp-block-media-text__content\">\n<p>Al momento non sono disponibili eventi in lingua italiana.<\/p>\n<\/div><\/div>\n<\/div>\n\n\n\n<div class=\"wp-block-group has-background-background-color has-background is-layout-constrained wp-block-group-is-layout-constrained\">\n<div class=\"wp-block-query is-ajax is-layout-flow wp-block-query-is-layout-flow\">\n\n\n\n<div class=\"wp-block-query-no-results\">\n\n<p><\/p>\n\n<\/div><\/div>\n<\/div>\n\n\n\n<div class=\"wp-block-group alignfull has-background-background-color has-background is-layout-constrained wp-block-group-is-layout-constrained\" id=\"vergangene-veranstaltungen\">\n<h2 class=\"wp-block-heading has-text-align-center\" id=\"h-eventi-passati\"><strong>Eventi passati<\/strong><\/h2>\n\n\n\n<hr class=\"wp-block-separator has-text-color has-primary-color has-alpha-channel-opacity has-primary-background-color has-background\"\/>\n<\/div>\n\n\n\n<div class=\"wp-block-group has-background-background-color has-background is-layout-constrained wp-block-group-is-layout-constrained\">\n<div class=\"wp-block-query is-ajax is-layout-flow wp-block-query-is-layout-flow\"><ul class=\"columns-3 wp-block-post-template is-layout-grid wp-container-core-post-template-is-layout-6d3fbd8f wp-block-post-template-is-layout-grid\"><li class=\"wp-block-post post-22178 event type-event status-publish has-post-thumbnail hentry event-category-archiv-it\">\n\n<div class=\"wp-block-group is-style-shadow-box has-background-background-color has-background is-layout-constrained wp-block-group-is-layout-constrained\"><figure class=\"wp-block-post-featured-image\"><a href=\"https:\/\/tierschutz.com\/it\/event\/6a-conferenza-psa-sulla-fauna-selvatica\/\" target=\"_self\"  ><img loading=\"lazy\" decoding=\"async\" width=\"800\" height=\"514\" src=\"https:\/\/tierschutz.com\/app\/uploads\/2024\/07\/Wolf.jpg\" class=\"attachment-post-thumbnail size-post-thumbnail wp-post-image\" alt=\"6a\u00a0conferenza PSA sulla fauna selvatica\" style=\"object-fit:cover;\" srcset=\"https:\/\/tierschutz.com\/app\/uploads\/2024\/07\/Wolf.jpg 800w, https:\/\/tierschutz.com\/app\/uploads\/2024\/07\/Wolf-300x193.jpg 300w, https:\/\/tierschutz.com\/app\/uploads\/2024\/07\/Wolf-768x493.jpg 768w\" sizes=\"auto, (max-width: 800px) 100vw, 800px\" \/><\/a><\/figure>\n\n\n<div class=\"wp-block-group is-layout-constrained wp-block-group-is-layout-constrained\"><h3 class=\"wp-block-post-title\"><a href=\"https:\/\/tierschutz.com\/it\/event\/6a-conferenza-psa-sulla-fauna-selvatica\/\" target=\"_self\" >6a\u00a0conferenza PSA sulla fauna selvatica<\/a><\/h3>\n\n<div style=\"font-style:normal;font-weight:400;\" class=\"wp-block-post-excerpt\"><p class=\"wp-block-post-excerpt__excerpt\">Il lupo \u00e8 tornato in Svizzera. Le popolazioni di selvaggina molto elevate fanno s\u00ec che il lupo si sia rapidamente insediato e possa diffondersi ulteriormente. I conflitti si verificano soprattutto negli allevamenti agricoli e in particolare nelle aree di estivazione e nelle zone montane.<\/p><p class=\"wp-block-post-excerpt__more-text\"><a class=\"wp-block-post-excerpt__more-link\" href=\"https:\/\/tierschutz.com\/it\/event\/6a-conferenza-psa-sulla-fauna-selvatica\/\">All&#8217;evento<\/a><\/p><\/div>\n\n<div class=\"event-date\">27.03.2024 \/ 09:30 h &#8211; 15:40 h<\/div>\n\n<div class=\"event-location\">Centro congressi Hotel Arte Riggenbachstrasse 10, 4600 Olten e via Zoom<\/div><\/div>\n<\/div>\n\n<\/li><\/ul>\n\n\n\n<\/div>\n<\/div>\n","protected":false},"excerpt":{"rendered":"<p>Eventi attuali<\/p>\n","protected":false},"author":5,"featured_media":8494,"parent":7012,"menu_order":453,"comment_status":"closed","ping_status":"closed","template":"","meta":{"_acf_changed":false,"inline_featured_image":false,"_vp_format_video_url":"","_vp_image_focal_point":[],"footnotes":""},"class_list":["post-14674","page","type-page","status-publish","has-post-thumbnail","hentry"],"acf":[],"yoast_head":"<!-- This site is optimized with the Yoast SEO Premium plugin v27.4 (Yoast SEO v27.4) - https:\/\/yoast.com\/product\/yoast-seo-premium-wordpress\/ -->\n<title>PSA-Eventi - Protezione Svizzera degli Animali PSA<\/title>\n<meta name=\"robots\" content=\"index, follow, max-snippet:-1, max-image-preview:large, max-video-preview:-1\" \/>\n<link rel=\"canonical\" href=\"https:\/\/tierschutz.com\/it\/multimedia-psa\/newsroom\/eventi\/\" \/>\n<meta property=\"og:locale\" content=\"it_IT\" \/>\n<meta property=\"og:type\" content=\"article\" \/>\n<meta property=\"og:title\" content=\"PSA-Eventi\" \/>\n<meta property=\"og:description\" content=\"Eventi attuali\" \/>\n<meta property=\"og:url\" content=\"https:\/\/tierschutz.com\/it\/multimedia-psa\/newsroom\/eventi\/\" \/>\n<meta property=\"og:site_name\" content=\"Protezione Svizzera degli Animali PSA\" \/>\n<meta property=\"article:publisher\" content=\"https:\/\/www.facebook.com\/schweizertierschutz\/\" \/>\n<meta property=\"article:modified_time\" content=\"2025-06-03T10:12:51+00:00\" \/>\n<meta property=\"og:image\" content=\"https:\/\/tierschutz.com\/app\/uploads\/2023\/07\/tierschutz-veranstaltungen-esel.jpg\" \/>\n\t<meta property=\"og:image:width\" content=\"2560\" \/>\n\t<meta property=\"og:image:height\" content=\"1706\" \/>\n\t<meta property=\"og:image:type\" content=\"image\/jpeg\" \/>\n<meta name=\"twitter:card\" content=\"summary_large_image\" \/>\n<meta name=\"twitter:label1\" content=\"Tempo di lettura stimato\" \/>\n\t<meta name=\"twitter:data1\" content=\"1 minuto\" \/>\n<script type=\"application\/ld+json\" class=\"yoast-schema-graph\">{\"@context\":\"https:\\\/\\\/schema.org\",\"@graph\":[{\"@type\":\"WebPage\",\"@id\":\"https:\\\/\\\/tierschutz.com\\\/it\\\/multimedia-psa\\\/newsroom\\\/eventi\\\/\",\"url\":\"https:\\\/\\\/tierschutz.com\\\/it\\\/multimedia-psa\\\/newsroom\\\/eventi\\\/\",\"name\":\"PSA-Eventi - Protezione Svizzera degli Animali PSA\",\"isPartOf\":{\"@id\":\"https:\\\/\\\/mail.schweizer-tierschutz.ch\\\/#website\"},\"primaryImageOfPage\":{\"@id\":\"https:\\\/\\\/tierschutz.com\\\/it\\\/multimedia-psa\\\/newsroom\\\/eventi\\\/#primaryimage\"},\"image\":{\"@id\":\"https:\\\/\\\/tierschutz.com\\\/it\\\/multimedia-psa\\\/newsroom\\\/eventi\\\/#primaryimage\"},\"thumbnailUrl\":\"https:\\\/\\\/tierschutz.com\\\/app\\\/uploads\\\/2023\\\/07\\\/tierschutz-veranstaltungen-esel.jpg\",\"datePublished\":\"2023-05-04T13:56:45+00:00\",\"dateModified\":\"2025-06-03T10:12:51+00:00\",\"breadcrumb\":{\"@id\":\"https:\\\/\\\/tierschutz.com\\\/it\\\/multimedia-psa\\\/newsroom\\\/eventi\\\/#breadcrumb\"},\"inLanguage\":\"it-IT\",\"potentialAction\":[{\"@type\":\"ReadAction\",\"target\":[\"https:\\\/\\\/tierschutz.com\\\/it\\\/multimedia-psa\\\/newsroom\\\/eventi\\\/\"]}]},{\"@type\":\"ImageObject\",\"inLanguage\":\"it-IT\",\"@id\":\"https:\\\/\\\/tierschutz.com\\\/it\\\/multimedia-psa\\\/newsroom\\\/eventi\\\/#primaryimage\",\"url\":\"https:\\\/\\\/tierschutz.com\\\/app\\\/uploads\\\/2023\\\/07\\\/tierschutz-veranstaltungen-esel.jpg\",\"contentUrl\":\"https:\\\/\\\/tierschutz.com\\\/app\\\/uploads\\\/2023\\\/07\\\/tierschutz-veranstaltungen-esel.jpg\",\"width\":2560,\"height\":1706,\"caption\":\"Esel der auf einer gr\u00fcnen Wiese steht.\"},{\"@type\":\"BreadcrumbList\",\"@id\":\"https:\\\/\\\/tierschutz.com\\\/it\\\/multimedia-psa\\\/newsroom\\\/eventi\\\/#breadcrumb\",\"itemListElement\":[{\"@type\":\"ListItem\",\"position\":1,\"name\":\"Pagina iniziale\",\"item\":\"https:\\\/\\\/mail.schweizer-tierschutz.ch\\\/it\\\/\"},{\"@type\":\"ListItem\",\"position\":2,\"name\":\"Multimedia PSA\",\"item\":\"https:\\\/\\\/tierschutz.com\\\/it\\\/multimedia-psa\\\/\"},{\"@type\":\"ListItem\",\"position\":3,\"name\":\"Newsroom\",\"item\":\"https:\\\/\\\/tierschutz.com\\\/it\\\/multimedia-psa\\\/newsroom\\\/\"},{\"@type\":\"ListItem\",\"position\":4,\"name\":\"PSA-Eventi\"}]},{\"@type\":\"WebSite\",\"@id\":\"https:\\\/\\\/mail.schweizer-tierschutz.ch\\\/#website\",\"url\":\"https:\\\/\\\/mail.schweizer-tierschutz.ch\\\/\",\"name\":\"tierschutz.com\",\"description\":\"Wir setzen uns f\u00fcr das Wohl der Tiere ein.\",\"publisher\":{\"@id\":\"https:\\\/\\\/mail.schweizer-tierschutz.ch\\\/#organization\"},\"alternateName\":\"Schweizer Tierschutz STS\",\"potentialAction\":[{\"@type\":\"SearchAction\",\"target\":{\"@type\":\"EntryPoint\",\"urlTemplate\":\"https:\\\/\\\/mail.schweizer-tierschutz.ch\\\/?s={search_term_string}\"},\"query-input\":{\"@type\":\"PropertyValueSpecification\",\"valueRequired\":true,\"valueName\":\"search_term_string\"}}],\"inLanguage\":\"it-IT\"},{\"@type\":\"Organization\",\"@id\":\"https:\\\/\\\/mail.schweizer-tierschutz.ch\\\/#organization\",\"name\":\"Schweizer Tierschutz STS\",\"alternateName\":\"STS\",\"url\":\"https:\\\/\\\/mail.schweizer-tierschutz.ch\\\/\",\"logo\":{\"@type\":\"ImageObject\",\"inLanguage\":\"it-IT\",\"@id\":\"https:\\\/\\\/mail.schweizer-tierschutz.ch\\\/#\\\/schema\\\/logo\\\/image\\\/\",\"url\":\"https:\\\/\\\/tierschutz.com\\\/app\\\/uploads\\\/2024\\\/04\\\/logo-schweizer-tierschutz-sts-1.svg\",\"contentUrl\":\"https:\\\/\\\/tierschutz.com\\\/app\\\/uploads\\\/2024\\\/04\\\/logo-schweizer-tierschutz-sts-1.svg\",\"caption\":\"Schweizer Tierschutz STS\"},\"image\":{\"@id\":\"https:\\\/\\\/mail.schweizer-tierschutz.ch\\\/#\\\/schema\\\/logo\\\/image\\\/\"},\"sameAs\":[\"https:\\\/\\\/www.facebook.com\\\/schweizertierschutz\\\/\",\"https:\\\/\\\/www.instagram.com\\\/schweizertierschutzsts\\\/\",\"https:\\\/\\\/www.youtube.com\\\/@STS_Tierschutz\",\"https:\\\/\\\/www.linkedin.com\\\/company\\\/schweizertierschutzsts\\\/\"],\"description\":\"Der Schweizer Tierschutz STS ist der Dachverband von 71 Tierschutzorganisationen in allen Sprachregionen der Schweiz und in Liechtenstein. Seine Mitarbeitenden leisten wissenschaftlich fundierte Grundlagenarbeit, setzen sich mit Projekten und Aktionen f\u00fcr den Schutz und das Wohlbefinden von Heim-, Wild-, Nutz- und Versuchstieren ein und sensibilisieren die \u00d6ffentlichkeit f\u00fcr Tierschutzthemen.\",\"email\":\"sts@tierschutz.com\",\"telephone\":\"061 365 99 99\",\"legalName\":\"Schweizer Tierschutz STS\"}]}<\/script>\n<!-- \/ Yoast SEO Premium plugin. -->","yoast_head_json":{"title":"PSA-Eventi - Protezione Svizzera degli Animali PSA","robots":{"index":"index","follow":"follow","max-snippet":"max-snippet:-1","max-image-preview":"max-image-preview:large","max-video-preview":"max-video-preview:-1"},"canonical":"https:\/\/tierschutz.com\/it\/multimedia-psa\/newsroom\/eventi\/","og_locale":"it_IT","og_type":"article","og_title":"PSA-Eventi","og_description":"Eventi attuali","og_url":"https:\/\/tierschutz.com\/it\/multimedia-psa\/newsroom\/eventi\/","og_site_name":"Protezione Svizzera degli Animali PSA","article_publisher":"https:\/\/www.facebook.com\/schweizertierschutz\/","article_modified_time":"2025-06-03T10:12:51+00:00","og_image":[{"width":2560,"height":1706,"url":"https:\/\/tierschutz.com\/app\/uploads\/2023\/07\/tierschutz-veranstaltungen-esel.jpg","type":"image\/jpeg"}],"twitter_card":"summary_large_image","twitter_misc":{"Tempo di lettura stimato":"1 minuto"},"schema":{"@context":"https:\/\/schema.org","@graph":[{"@type":"WebPage","@id":"https:\/\/tierschutz.com\/it\/multimedia-psa\/newsroom\/eventi\/","url":"https:\/\/tierschutz.com\/it\/multimedia-psa\/newsroom\/eventi\/","name":"PSA-Eventi - Protezione Svizzera degli Animali PSA","isPartOf":{"@id":"https:\/\/mail.schweizer-tierschutz.ch\/#website"},"primaryImageOfPage":{"@id":"https:\/\/tierschutz.com\/it\/multimedia-psa\/newsroom\/eventi\/#primaryimage"},"image":{"@id":"https:\/\/tierschutz.com\/it\/multimedia-psa\/newsroom\/eventi\/#primaryimage"},"thumbnailUrl":"https:\/\/tierschutz.com\/app\/uploads\/2023\/07\/tierschutz-veranstaltungen-esel.jpg","datePublished":"2023-05-04T13:56:45+00:00","dateModified":"2025-06-03T10:12:51+00:00","breadcrumb":{"@id":"https:\/\/tierschutz.com\/it\/multimedia-psa\/newsroom\/eventi\/#breadcrumb"},"inLanguage":"it-IT","potentialAction":[{"@type":"ReadAction","target":["https:\/\/tierschutz.com\/it\/multimedia-psa\/newsroom\/eventi\/"]}]},{"@type":"ImageObject","inLanguage":"it-IT","@id":"https:\/\/tierschutz.com\/it\/multimedia-psa\/newsroom\/eventi\/#primaryimage","url":"https:\/\/tierschutz.com\/app\/uploads\/2023\/07\/tierschutz-veranstaltungen-esel.jpg","contentUrl":"https:\/\/tierschutz.com\/app\/uploads\/2023\/07\/tierschutz-veranstaltungen-esel.jpg","width":2560,"height":1706,"caption":"Esel der auf einer gr\u00fcnen Wiese steht."},{"@type":"BreadcrumbList","@id":"https:\/\/tierschutz.com\/it\/multimedia-psa\/newsroom\/eventi\/#breadcrumb","itemListElement":[{"@type":"ListItem","position":1,"name":"Pagina iniziale","item":"https:\/\/mail.schweizer-tierschutz.ch\/it\/"},{"@type":"ListItem","position":2,"name":"Multimedia PSA","item":"https:\/\/tierschutz.com\/it\/multimedia-psa\/"},{"@type":"ListItem","position":3,"name":"Newsroom","item":"https:\/\/tierschutz.com\/it\/multimedia-psa\/newsroom\/"},{"@type":"ListItem","position":4,"name":"PSA-Eventi"}]},{"@type":"WebSite","@id":"https:\/\/mail.schweizer-tierschutz.ch\/#website","url":"https:\/\/mail.schweizer-tierschutz.ch\/","name":"tierschutz.com","description":"Wir setzen uns f\u00fcr das Wohl der Tiere ein.","publisher":{"@id":"https:\/\/mail.schweizer-tierschutz.ch\/#organization"},"alternateName":"Schweizer Tierschutz STS","potentialAction":[{"@type":"SearchAction","target":{"@type":"EntryPoint","urlTemplate":"https:\/\/mail.schweizer-tierschutz.ch\/?s={search_term_string}"},"query-input":{"@type":"PropertyValueSpecification","valueRequired":true,"valueName":"search_term_string"}}],"inLanguage":"it-IT"},{"@type":"Organization","@id":"https:\/\/mail.schweizer-tierschutz.ch\/#organization","name":"Schweizer Tierschutz STS","alternateName":"STS","url":"https:\/\/mail.schweizer-tierschutz.ch\/","logo":{"@type":"ImageObject","inLanguage":"it-IT","@id":"https:\/\/mail.schweizer-tierschutz.ch\/#\/schema\/logo\/image\/","url":"https:\/\/tierschutz.com\/app\/uploads\/2024\/04\/logo-schweizer-tierschutz-sts-1.svg","contentUrl":"https:\/\/tierschutz.com\/app\/uploads\/2024\/04\/logo-schweizer-tierschutz-sts-1.svg","caption":"Schweizer Tierschutz STS"},"image":{"@id":"https:\/\/mail.schweizer-tierschutz.ch\/#\/schema\/logo\/image\/"},"sameAs":["https:\/\/www.facebook.com\/schweizertierschutz\/","https:\/\/www.instagram.com\/schweizertierschutzsts\/","https:\/\/www.youtube.com\/@STS_Tierschutz","https:\/\/www.linkedin.com\/company\/schweizertierschutzsts\/"],"description":"Der Schweizer Tierschutz STS ist der Dachverband von 71 Tierschutzorganisationen in allen Sprachregionen der Schweiz und in Liechtenstein. Seine Mitarbeitenden leisten wissenschaftlich fundierte Grundlagenarbeit, setzen sich mit Projekten und Aktionen f\u00fcr den Schutz und das Wohlbefinden von Heim-, Wild-, Nutz- und Versuchstieren ein und sensibilisieren die \u00d6ffentlichkeit f\u00fcr Tierschutzthemen.","email":"sts@tierschutz.com","telephone":"061 365 99 99","legalName":"Schweizer Tierschutz STS"}]}},"_links":{"self":[{"href":"https:\/\/tierschutz.com\/it\/wp-json\/wp\/v2\/pages\/14674","targetHints":{"allow":["GET"]}}],"collection":[{"href":"https:\/\/tierschutz.com\/it\/wp-json\/wp\/v2\/pages"}],"about":[{"href":"https:\/\/tierschutz.com\/it\/wp-json\/wp\/v2\/types\/page"}],"author":[{"embeddable":true,"href":"https:\/\/tierschutz.com\/it\/wp-json\/wp\/v2\/users\/5"}],"replies":[{"embeddable":true,"href":"https:\/\/tierschutz.com\/it\/wp-json\/wp\/v2\/comments?post=14674"}],"version-history":[{"count":9,"href":"https:\/\/tierschutz.com\/it\/wp-json\/wp\/v2\/pages\/14674\/revisions"}],"predecessor-version":[{"id":31741,"href":"https:\/\/tierschutz.com\/it\/wp-json\/wp\/v2\/pages\/14674\/revisions\/31741"}],"up":[{"embeddable":true,"href":"https:\/\/tierschutz.com\/it\/wp-json\/wp\/v2\/pages\/7012"}],"wp:featuredmedia":[{"embeddable":true,"href":"https:\/\/tierschutz.com\/it\/wp-json\/wp\/v2\/media\/8494"}],"wp:attachment":[{"href":"https:\/\/tierschutz.com\/it\/wp-json\/wp\/v2\/media?parent=14674"}],"curies":[{"name":"wp","href":"https:\/\/api.w.org\/{rel}","templated":true}]}}