{"id":18603,"date":"2023-10-09T14:09:53","date_gmt":"2023-10-09T12:09:53","guid":{"rendered":"https:\/\/tierschutz.com\/?page_id=18603"},"modified":"2025-11-26T09:25:18","modified_gmt":"2025-11-26T08:25:18","slug":"psa-centro-di-segnalazione-sul-commercio-di-animali","status":"publish","type":"page","link":"https:\/\/tierschutz.com\/it\/protezione-degli-animali\/emergenze-per-gli-animali\/psa-centro-di-segnalazione-sul-commercio-di-animali\/","title":{"rendered":"PSA Centro di segnalazione sul commercio di animali"},"content":{"rendered":"\n<div class=\"wp-block-cover alignfull\"><img loading=\"lazy\" decoding=\"async\" width=\"2560\" height=\"1703\" class=\"wp-block-cover__image-background wp-image-11087\" alt=\"\" src=\"https:\/\/tierschutz.com\/app\/uploads\/2023\/10\/rajesh-rajput-8uYy6a3J36k-unsplash-scaled.jpg\" style=\"object-position:54% 39%\" data-object-fit=\"cover\" data-object-position=\"54% 39%\" srcset=\"https:\/\/tierschutz.com\/app\/uploads\/2023\/10\/rajesh-rajput-8uYy6a3J36k-unsplash-scaled.jpg 2560w, https:\/\/tierschutz.com\/app\/uploads\/2023\/10\/rajesh-rajput-8uYy6a3J36k-unsplash-300x200.jpg 300w, https:\/\/tierschutz.com\/app\/uploads\/2023\/10\/rajesh-rajput-8uYy6a3J36k-unsplash-1024x681.jpg 1024w, https:\/\/tierschutz.com\/app\/uploads\/2023\/10\/rajesh-rajput-8uYy6a3J36k-unsplash-768x511.jpg 768w, https:\/\/tierschutz.com\/app\/uploads\/2023\/10\/rajesh-rajput-8uYy6a3J36k-unsplash-1536x1022.jpg 1536w, https:\/\/tierschutz.com\/app\/uploads\/2023\/10\/rajesh-rajput-8uYy6a3J36k-unsplash-2048x1363.jpg 2048w\" sizes=\"auto, (max-width: 2560px) 100vw, 2560px\" \/><span aria-hidden=\"true\" class=\"wp-block-cover__background has-black-background-color has-background-dim-20 has-background-dim\"><\/span><div class=\"wp-block-cover__inner-container is-layout-flow wp-block-cover-is-layout-flow\">\n<h2 class=\"wp-block-heading has-text-align-center has-background-color has-text-color\" id=\"h-psa-centro-di-segnalazione-sul-commercio-di-animali\"><strong>PSA Centro di segnalazione sul commercio di animali<\/strong><\/h2>\n<\/div><\/div>\n\n\n\n<div class=\"wp-block-group alignfull has-background-background-color has-background is-layout-constrained wp-block-group-is-layout-constrained\" id=\"gestorben\"><div class=\"yoast-breadcrumbs\"><span><span><a href=\"https:\/\/mail.schweizertierschutz.ch\/it\/\">Pagina iniziale<\/a><\/span> \u00bb <span><a href=\"https:\/\/mail.schweizertierschutz.ch\/it\/protezione-degli-animali\/\">Protezione degli animali<\/a><\/span> \u00bb <span><a href=\"https:\/\/tierschutz.com\/it\/protezione-degli-animali\/emergenze-per-gli-animali\/\">Emergenze per gli animali<\/a><\/span> \u00bb <span class=\"breadcrumb_last\" aria-current=\"page\">PSA Centro di segnalazione sul commercio di animali<\/span><\/span><\/div>\n\n\n<h1 class=\"wp-block-heading has-text-align-center\"><strong>La pagina \u00e8 in costruzione<\/strong><\/h1>\n\n\n\n<hr class=\"wp-block-separator has-text-color has-primary-color has-alpha-channel-opacity has-primary-background-color has-background\"\/>\n\n\n\n<p class=\"has-text-align-center\">Attualmente siamo ancora in fase di costruzione e stiamo lavorando per preparare tutti i contenuti per voi.<br>Vi preghiamo di essere pazienti mentre aggiungiamo gli ultimi ritocchi e le ultime informazioni.<\/p>\n\n\n\n<p class=\"has-text-align-center\">Grazie per la vostra comprensione e tornate a trovarci presto!<\/p>\n<\/div>\n\n\n\n<div class=\"wp-block-group has-background-background-color has-background is-layout-constrained wp-block-group-is-layout-constrained\">\n<h2 class=\"wp-block-heading has-text-align-center\"><strong>Volete sostenerci?<\/strong><\/h2>\n\n\n\n<hr class=\"wp-block-separator has-text-color has-primary-color has-alpha-channel-opacity has-primary-background-color has-background\"\/>\n<\/div>\n\n\n\n<div class=\"wp-block-cover alignfull has-custom-content-position is-position-bottom-left\"><span aria-hidden=\"true\" class=\"wp-block-cover__background has-background-dim-0 has-background-dim\"><\/span><img loading=\"lazy\" decoding=\"async\" width=\"2560\" height=\"1696\" class=\"wp-block-cover__image-background wp-image-441\" alt=\"\" src=\"https:\/\/tierschutz.com\/app\/uploads\/2023\/05\/schweizer-tierschutz-online-spende-scaled.jpg\" style=\"object-position:57% 41%\" data-object-fit=\"cover\" data-object-position=\"57% 41%\" srcset=\"https:\/\/tierschutz.com\/app\/uploads\/2023\/05\/schweizer-tierschutz-online-spende-scaled.jpg 2560w, https:\/\/tierschutz.com\/app\/uploads\/2023\/05\/schweizer-tierschutz-online-spende-300x199.jpg 300w, https:\/\/tierschutz.com\/app\/uploads\/2023\/05\/schweizer-tierschutz-online-spende-1024x678.jpg 1024w, https:\/\/tierschutz.com\/app\/uploads\/2023\/05\/schweizer-tierschutz-online-spende-768x509.jpg 768w, https:\/\/tierschutz.com\/app\/uploads\/2023\/05\/schweizer-tierschutz-online-spende-1536x1017.jpg 1536w, https:\/\/tierschutz.com\/app\/uploads\/2023\/05\/schweizer-tierschutz-online-spende-2048x1356.jpg 2048w\" sizes=\"auto, (max-width: 2560px) 100vw, 2560px\" \/><div class=\"wp-block-cover__inner-container is-layout-flow wp-block-cover-is-layout-flow\">\n<div class=\"wp-block-group is-style-shadow-box has-foreground-color has-background-background-color has-text-color has-background is-layout-constrained wp-block-group-is-layout-constrained\">\n<h3 class=\"wp-block-heading\"><strong><strong><strong><strong>Sosteneteci per aiutare gli animali&nbsp;<\/strong><\/strong><\/strong><\/strong><\/h3>\n\n\n\n<p>Aiutateci ad aiutare gli animali. Con le vostre donazioni, lavoriamo con costanza e ostinazione per migliorare in modo tangibile le condizioni degli animali bisognosi. Gli uffici specialistici e di consulenza della Protezione Svizzera degli Animali PSA nonch\u00e9 le sue sezioni si impegnano in modo efficace per il benessere gli animali. \u00c8 una promessa!<\/p>\n\n\n\n<p>La PSA \u00e8 riconosciuta come ente di utilit\u00e0 pubblica. Potete quindi presentare la vostra donazione come detrazione nella dichiarazione dei redditi.<\/p>\n\n\n\n<div class=\"wp-block-buttons is-layout-flex wp-block-buttons-is-layout-flex\">\n<div class=\"wp-block-button\"><a class=\"wp-block-button__link wp-element-button\" href=\"https:\/\/tierschutz.com\/it\/protezione-degli-animali\/donazioni\/donare\/\">Donare ora<\/a><\/div>\n<\/div>\n<\/div>\n<\/div><\/div>\n","protected":false},"excerpt":{"rendered":"","protected":false},"author":5,"featured_media":0,"parent":7047,"menu_order":344,"comment_status":"closed","ping_status":"closed","template":"","meta":{"_acf_changed":false,"inline_featured_image":false,"_vp_format_video_url":"","_vp_image_focal_point":[],"footnotes":""},"class_list":["post-18603","page","type-page","status-publish","hentry"],"acf":[],"yoast_head":"<!-- This site is optimized with the Yoast SEO Premium plugin v27.4 (Yoast SEO v27.4) - https:\/\/yoast.com\/product\/yoast-seo-premium-wordpress\/ -->\n<title>PSA Centro di segnalazione sul commercio di animali - Protezione Svizzera degli Animali PSA<\/title>\n<meta name=\"robots\" content=\"index, follow, max-snippet:-1, max-image-preview:large, max-video-preview:-1\" \/>\n<link rel=\"canonical\" href=\"https:\/\/tierschutz.com\/it\/protezione-degli-animali\/emergenze-per-gli-animali\/psa-centro-di-segnalazione-sul-commercio-di-animali\/\" \/>\n<meta property=\"og:locale\" content=\"it_IT\" \/>\n<meta property=\"og:type\" content=\"article\" \/>\n<meta property=\"og:title\" content=\"PSA Centro di segnalazione sul commercio di animali\" \/>\n<meta property=\"og:url\" content=\"https:\/\/tierschutz.com\/it\/protezione-degli-animali\/emergenze-per-gli-animali\/psa-centro-di-segnalazione-sul-commercio-di-animali\/\" \/>\n<meta property=\"og:site_name\" content=\"Protezione Svizzera degli Animali PSA\" \/>\n<meta property=\"article:publisher\" content=\"https:\/\/www.facebook.com\/schweizertierschutz\/\" \/>\n<meta property=\"article:modified_time\" content=\"2025-11-26T08:25:18+00:00\" \/>\n<meta property=\"og:image\" content=\"https:\/\/tierschutz.com\/app\/uploads\/2023\/10\/rajesh-rajput-8uYy6a3J36k-unsplash-scaled.jpg\" \/>\n<meta name=\"twitter:card\" content=\"summary_large_image\" \/>\n<meta name=\"twitter:label1\" content=\"Tempo di lettura stimato\" \/>\n\t<meta name=\"twitter:data1\" content=\"1 minuto\" \/>\n<script type=\"application\/ld+json\" class=\"yoast-schema-graph\">{\"@context\":\"https:\\\/\\\/schema.org\",\"@graph\":[{\"@type\":\"WebPage\",\"@id\":\"https:\\\/\\\/tierschutz.com\\\/it\\\/protezione-degli-animali\\\/emergenze-per-gli-animali\\\/psa-centro-di-segnalazione-sul-commercio-di-animali\\\/\",\"url\":\"https:\\\/\\\/tierschutz.com\\\/it\\\/protezione-degli-animali\\\/emergenze-per-gli-animali\\\/psa-centro-di-segnalazione-sul-commercio-di-animali\\\/\",\"name\":\"PSA Centro di segnalazione sul commercio di animali - Protezione Svizzera degli Animali PSA\",\"isPartOf\":{\"@id\":\"https:\\\/\\\/tierschutz.com\\\/it\\\/#website\"},\"primaryImageOfPage\":{\"@id\":\"https:\\\/\\\/tierschutz.com\\\/it\\\/protezione-degli-animali\\\/emergenze-per-gli-animali\\\/psa-centro-di-segnalazione-sul-commercio-di-animali\\\/#primaryimage\"},\"image\":{\"@id\":\"https:\\\/\\\/tierschutz.com\\\/it\\\/protezione-degli-animali\\\/emergenze-per-gli-animali\\\/psa-centro-di-segnalazione-sul-commercio-di-animali\\\/#primaryimage\"},\"thumbnailUrl\":\"https:\\\/\\\/tierschutz.com\\\/app\\\/uploads\\\/2023\\\/10\\\/rajesh-rajput-8uYy6a3J36k-unsplash-scaled.jpg\",\"datePublished\":\"2023-10-09T12:09:53+00:00\",\"dateModified\":\"2025-11-26T08:25:18+00:00\",\"breadcrumb\":{\"@id\":\"https:\\\/\\\/tierschutz.com\\\/it\\\/protezione-degli-animali\\\/emergenze-per-gli-animali\\\/psa-centro-di-segnalazione-sul-commercio-di-animali\\\/#breadcrumb\"},\"inLanguage\":\"it-IT\",\"potentialAction\":[{\"@type\":\"ReadAction\",\"target\":[\"https:\\\/\\\/tierschutz.com\\\/it\\\/protezione-degli-animali\\\/emergenze-per-gli-animali\\\/psa-centro-di-segnalazione-sul-commercio-di-animali\\\/\"]}]},{\"@type\":\"ImageObject\",\"inLanguage\":\"it-IT\",\"@id\":\"https:\\\/\\\/tierschutz.com\\\/it\\\/protezione-degli-animali\\\/emergenze-per-gli-animali\\\/psa-centro-di-segnalazione-sul-commercio-di-animali\\\/#primaryimage\",\"url\":\"https:\\\/\\\/tierschutz.com\\\/app\\\/uploads\\\/2023\\\/10\\\/rajesh-rajput-8uYy6a3J36k-unsplash-scaled.jpg\",\"contentUrl\":\"https:\\\/\\\/tierschutz.com\\\/app\\\/uploads\\\/2023\\\/10\\\/rajesh-rajput-8uYy6a3J36k-unsplash-scaled.jpg\"},{\"@type\":\"BreadcrumbList\",\"@id\":\"https:\\\/\\\/tierschutz.com\\\/it\\\/protezione-degli-animali\\\/emergenze-per-gli-animali\\\/psa-centro-di-segnalazione-sul-commercio-di-animali\\\/#breadcrumb\",\"itemListElement\":[{\"@type\":\"ListItem\",\"position\":1,\"name\":\"Pagina iniziale\",\"item\":\"https:\\\/\\\/mail.schweizertierschutz.ch\\\/it\\\/\"},{\"@type\":\"ListItem\",\"position\":2,\"name\":\"Protezione degli animali\",\"item\":\"https:\\\/\\\/mail.schweizertierschutz.ch\\\/it\\\/protezione-degli-animali\\\/\"},{\"@type\":\"ListItem\",\"position\":3,\"name\":\"Emergenze per gli animali\",\"item\":\"https:\\\/\\\/tierschutz.com\\\/it\\\/protezione-degli-animali\\\/emergenze-per-gli-animali\\\/\"},{\"@type\":\"ListItem\",\"position\":4,\"name\":\"PSA Centro di segnalazione sul commercio di animali\"}]},{\"@type\":\"WebSite\",\"@id\":\"https:\\\/\\\/tierschutz.com\\\/it\\\/#website\",\"url\":\"https:\\\/\\\/tierschutz.com\\\/it\\\/\",\"name\":\"tierschutz.com\",\"description\":\"Wir setzen uns f\u00fcr das Wohl der Tiere ein.\",\"publisher\":{\"@id\":\"https:\\\/\\\/tierschutz.com\\\/it\\\/#organization\"},\"alternateName\":\"Schweizer Tierschutz STS\",\"potentialAction\":[{\"@type\":\"SearchAction\",\"target\":{\"@type\":\"EntryPoint\",\"urlTemplate\":\"https:\\\/\\\/tierschutz.com\\\/it\\\/?s={search_term_string}\"},\"query-input\":{\"@type\":\"PropertyValueSpecification\",\"valueRequired\":true,\"valueName\":\"search_term_string\"}}],\"inLanguage\":\"it-IT\"},{\"@type\":\"Organization\",\"@id\":\"https:\\\/\\\/tierschutz.com\\\/it\\\/#organization\",\"name\":\"Schweizer Tierschutz STS\",\"alternateName\":\"STS\",\"url\":\"https:\\\/\\\/tierschutz.com\\\/it\\\/\",\"logo\":{\"@type\":\"ImageObject\",\"inLanguage\":\"it-IT\",\"@id\":\"https:\\\/\\\/tierschutz.com\\\/it\\\/#\\\/schema\\\/logo\\\/image\\\/\",\"url\":\"https:\\\/\\\/tierschutz.com\\\/app\\\/uploads\\\/2024\\\/04\\\/logo-schweizer-tierschutz-sts-1.svg\",\"contentUrl\":\"https:\\\/\\\/tierschutz.com\\\/app\\\/uploads\\\/2024\\\/04\\\/logo-schweizer-tierschutz-sts-1.svg\",\"caption\":\"Schweizer Tierschutz STS\"},\"image\":{\"@id\":\"https:\\\/\\\/tierschutz.com\\\/it\\\/#\\\/schema\\\/logo\\\/image\\\/\"},\"sameAs\":[\"https:\\\/\\\/www.facebook.com\\\/schweizertierschutz\\\/\",\"https:\\\/\\\/www.instagram.com\\\/schweizertierschutzsts\\\/\",\"https:\\\/\\\/www.youtube.com\\\/@STS_Tierschutz\",\"https:\\\/\\\/www.linkedin.com\\\/company\\\/schweizertierschutzsts\\\/\"],\"description\":\"Der Schweizer Tierschutz STS ist der Dachverband von 71 Tierschutzorganisationen in allen Sprachregionen der Schweiz und in Liechtenstein. Seine Mitarbeitenden leisten wissenschaftlich fundierte Grundlagenarbeit, setzen sich mit Projekten und Aktionen f\u00fcr den Schutz und das Wohlbefinden von Heim-, Wild-, Nutz- und Versuchstieren ein und sensibilisieren die \u00d6ffentlichkeit f\u00fcr Tierschutzthemen.\",\"email\":\"sts@tierschutz.com\",\"telephone\":\"061 365 99 99\",\"legalName\":\"Schweizer Tierschutz STS\"}]}<\/script>\n<!-- \/ Yoast SEO Premium plugin. -->","yoast_head_json":{"title":"PSA Centro di segnalazione sul commercio di animali - Protezione Svizzera degli Animali PSA","robots":{"index":"index","follow":"follow","max-snippet":"max-snippet:-1","max-image-preview":"max-image-preview:large","max-video-preview":"max-video-preview:-1"},"canonical":"https:\/\/tierschutz.com\/it\/protezione-degli-animali\/emergenze-per-gli-animali\/psa-centro-di-segnalazione-sul-commercio-di-animali\/","og_locale":"it_IT","og_type":"article","og_title":"PSA Centro di segnalazione sul commercio di animali","og_url":"https:\/\/tierschutz.com\/it\/protezione-degli-animali\/emergenze-per-gli-animali\/psa-centro-di-segnalazione-sul-commercio-di-animali\/","og_site_name":"Protezione Svizzera degli Animali PSA","article_publisher":"https:\/\/www.facebook.com\/schweizertierschutz\/","article_modified_time":"2025-11-26T08:25:18+00:00","og_image":[{"url":"https:\/\/tierschutz.com\/app\/uploads\/2023\/10\/rajesh-rajput-8uYy6a3J36k-unsplash-scaled.jpg","type":"","width":"","height":""}],"twitter_card":"summary_large_image","twitter_misc":{"Tempo di lettura stimato":"1 minuto"},"schema":{"@context":"https:\/\/schema.org","@graph":[{"@type":"WebPage","@id":"https:\/\/tierschutz.com\/it\/protezione-degli-animali\/emergenze-per-gli-animali\/psa-centro-di-segnalazione-sul-commercio-di-animali\/","url":"https:\/\/tierschutz.com\/it\/protezione-degli-animali\/emergenze-per-gli-animali\/psa-centro-di-segnalazione-sul-commercio-di-animali\/","name":"PSA Centro di segnalazione sul commercio di animali - Protezione Svizzera degli Animali PSA","isPartOf":{"@id":"https:\/\/tierschutz.com\/it\/#website"},"primaryImageOfPage":{"@id":"https:\/\/tierschutz.com\/it\/protezione-degli-animali\/emergenze-per-gli-animali\/psa-centro-di-segnalazione-sul-commercio-di-animali\/#primaryimage"},"image":{"@id":"https:\/\/tierschutz.com\/it\/protezione-degli-animali\/emergenze-per-gli-animali\/psa-centro-di-segnalazione-sul-commercio-di-animali\/#primaryimage"},"thumbnailUrl":"https:\/\/tierschutz.com\/app\/uploads\/2023\/10\/rajesh-rajput-8uYy6a3J36k-unsplash-scaled.jpg","datePublished":"2023-10-09T12:09:53+00:00","dateModified":"2025-11-26T08:25:18+00:00","breadcrumb":{"@id":"https:\/\/tierschutz.com\/it\/protezione-degli-animali\/emergenze-per-gli-animali\/psa-centro-di-segnalazione-sul-commercio-di-animali\/#breadcrumb"},"inLanguage":"it-IT","potentialAction":[{"@type":"ReadAction","target":["https:\/\/tierschutz.com\/it\/protezione-degli-animali\/emergenze-per-gli-animali\/psa-centro-di-segnalazione-sul-commercio-di-animali\/"]}]},{"@type":"ImageObject","inLanguage":"it-IT","@id":"https:\/\/tierschutz.com\/it\/protezione-degli-animali\/emergenze-per-gli-animali\/psa-centro-di-segnalazione-sul-commercio-di-animali\/#primaryimage","url":"https:\/\/tierschutz.com\/app\/uploads\/2023\/10\/rajesh-rajput-8uYy6a3J36k-unsplash-scaled.jpg","contentUrl":"https:\/\/tierschutz.com\/app\/uploads\/2023\/10\/rajesh-rajput-8uYy6a3J36k-unsplash-scaled.jpg"},{"@type":"BreadcrumbList","@id":"https:\/\/tierschutz.com\/it\/protezione-degli-animali\/emergenze-per-gli-animali\/psa-centro-di-segnalazione-sul-commercio-di-animali\/#breadcrumb","itemListElement":[{"@type":"ListItem","position":1,"name":"Pagina iniziale","item":"https:\/\/mail.schweizertierschutz.ch\/it\/"},{"@type":"ListItem","position":2,"name":"Protezione degli animali","item":"https:\/\/mail.schweizertierschutz.ch\/it\/protezione-degli-animali\/"},{"@type":"ListItem","position":3,"name":"Emergenze per gli animali","item":"https:\/\/tierschutz.com\/it\/protezione-degli-animali\/emergenze-per-gli-animali\/"},{"@type":"ListItem","position":4,"name":"PSA Centro di segnalazione sul commercio di animali"}]},{"@type":"WebSite","@id":"https:\/\/tierschutz.com\/it\/#website","url":"https:\/\/tierschutz.com\/it\/","name":"tierschutz.com","description":"Wir setzen uns f\u00fcr das Wohl der Tiere ein.","publisher":{"@id":"https:\/\/tierschutz.com\/it\/#organization"},"alternateName":"Schweizer Tierschutz STS","potentialAction":[{"@type":"SearchAction","target":{"@type":"EntryPoint","urlTemplate":"https:\/\/tierschutz.com\/it\/?s={search_term_string}"},"query-input":{"@type":"PropertyValueSpecification","valueRequired":true,"valueName":"search_term_string"}}],"inLanguage":"it-IT"},{"@type":"Organization","@id":"https:\/\/tierschutz.com\/it\/#organization","name":"Schweizer Tierschutz STS","alternateName":"STS","url":"https:\/\/tierschutz.com\/it\/","logo":{"@type":"ImageObject","inLanguage":"it-IT","@id":"https:\/\/tierschutz.com\/it\/#\/schema\/logo\/image\/","url":"https:\/\/tierschutz.com\/app\/uploads\/2024\/04\/logo-schweizer-tierschutz-sts-1.svg","contentUrl":"https:\/\/tierschutz.com\/app\/uploads\/2024\/04\/logo-schweizer-tierschutz-sts-1.svg","caption":"Schweizer Tierschutz STS"},"image":{"@id":"https:\/\/tierschutz.com\/it\/#\/schema\/logo\/image\/"},"sameAs":["https:\/\/www.facebook.com\/schweizertierschutz\/","https:\/\/www.instagram.com\/schweizertierschutzsts\/","https:\/\/www.youtube.com\/@STS_Tierschutz","https:\/\/www.linkedin.com\/company\/schweizertierschutzsts\/"],"description":"Der Schweizer Tierschutz STS ist der Dachverband von 71 Tierschutzorganisationen in allen Sprachregionen der Schweiz und in Liechtenstein. Seine Mitarbeitenden leisten wissenschaftlich fundierte Grundlagenarbeit, setzen sich mit Projekten und Aktionen f\u00fcr den Schutz und das Wohlbefinden von Heim-, Wild-, Nutz- und Versuchstieren ein und sensibilisieren die \u00d6ffentlichkeit f\u00fcr Tierschutzthemen.","email":"sts@tierschutz.com","telephone":"061 365 99 99","legalName":"Schweizer Tierschutz STS"}]}},"_links":{"self":[{"href":"https:\/\/tierschutz.com\/it\/wp-json\/wp\/v2\/pages\/18603","targetHints":{"allow":["GET"]}}],"collection":[{"href":"https:\/\/tierschutz.com\/it\/wp-json\/wp\/v2\/pages"}],"about":[{"href":"https:\/\/tierschutz.com\/it\/wp-json\/wp\/v2\/types\/page"}],"author":[{"embeddable":true,"href":"https:\/\/tierschutz.com\/it\/wp-json\/wp\/v2\/users\/5"}],"replies":[{"embeddable":true,"href":"https:\/\/tierschutz.com\/it\/wp-json\/wp\/v2\/comments?post=18603"}],"version-history":[{"count":2,"href":"https:\/\/tierschutz.com\/it\/wp-json\/wp\/v2\/pages\/18603\/revisions"}],"predecessor-version":[{"id":35251,"href":"https:\/\/tierschutz.com\/it\/wp-json\/wp\/v2\/pages\/18603\/revisions\/35251"}],"up":[{"embeddable":true,"href":"https:\/\/tierschutz.com\/it\/wp-json\/wp\/v2\/pages\/7047"}],"wp:attachment":[{"href":"https:\/\/tierschutz.com\/it\/wp-json\/wp\/v2\/media?parent=18603"}],"curies":[{"name":"wp","href":"https:\/\/api.w.org\/{rel}","templated":true}]}}