{"id":33393,"date":"2025-08-13T14:02:23","date_gmt":"2025-08-13T12:02:23","guid":{"rendered":"https:\/\/tierschutz.com\/gli-animali-selvatici-hanno-bisogno-del-nostro-aiuto\/"},"modified":"2025-08-20T11:41:39","modified_gmt":"2025-08-20T09:41:39","slug":"aiutare-animali-selvatici","status":"publish","type":"page","link":"https:\/\/tierschutz.com\/it\/aiutare-animali-selvatici\/","title":{"rendered":"Gli animali selvatici hanno bisogno del nostro aiuto"},"content":{"rendered":"\n<div class=\"wp-block-cover alignfull is-light\"><span aria-hidden=\"true\" class=\"wp-block-cover__background has-background-dim-20 has-background-dim\" style=\"background-color:#788582\"><\/span><div class=\"wp-block-cover__inner-container is-layout-flow wp-block-cover-is-layout-flow\">\n<h2 class=\"wp-block-heading has-text-align-center has-background-color has-text-color\" id=\"h-gli-animali-selvatici-hanno-bisogno-del-nostro-aiuto\"><strong><strong>Gli animali selvatici hanno bisogno del nostro aiuto<\/strong><\/strong><\/h2>\n<\/div><\/div>\n\n\n\n<div class=\"wp-block-group alignfull has-background-background-color has-background is-layout-constrained wp-block-group-is-layout-constrained\">\n<h2 class=\"wp-block-heading has-text-align-center\" id=\"h-gli-animali-selvatici-in-svizzera\"><strong>Gli animali selvatici in Svizzera<\/strong><\/h2>\n\n\n\n<hr class=\"wp-block-separator has-text-color has-primary-color has-alpha-channel-opacity has-primary-background-color has-background\"\/>\n\n\n\n<p class=\"has-text-align-center has-large-font-size\">In Svizzera gli animali selvatici vivono spesso inosservati proprio vicino a noi, e perfino in mezzo a noi. Per loro, tuttavia, le attivit\u00e0 umane non di rado hanno conseguenze devastanti.<\/p>\n\n\n\n<p class=\"has-text-align-left\">Strade, recinzioni e binari ferroviari risultano spesso fatali. Le linee elettriche, le sorgenti di luce artificiale, il rumore e l\u2019agricoltura intensiva limitano sempre pi\u00f9 i loro luoghi di rifugio. Per questo ci impegniamo con costanza a favore della protezione degli animali selvatici, al fine di prevenirne la sofferenza e salvare vite.<\/p>\n<\/div>\n\n\n\n<div class=\"wp-block-media-text alignwide is-stacked-on-mobile is-vertically-aligned-center\"><figure class=\"wp-block-media-text__media\"><img loading=\"lazy\" decoding=\"async\" width=\"1024\" height=\"683\" src=\"https:\/\/tierschutz.com\/app\/uploads\/2025\/08\/grundrauschen-wild2-1024x683.jpg\" alt=\"\" class=\"wp-image-33307 size-full\" srcset=\"https:\/\/tierschutz.com\/app\/uploads\/2025\/08\/grundrauschen-wild2-1024x683.jpg 1024w, https:\/\/tierschutz.com\/app\/uploads\/2025\/08\/grundrauschen-wild2-300x200.jpg 300w, https:\/\/tierschutz.com\/app\/uploads\/2025\/08\/grundrauschen-wild2-768x512.jpg 768w, https:\/\/tierschutz.com\/app\/uploads\/2025\/08\/grundrauschen-wild2-1536x1024.jpg 1536w, https:\/\/tierschutz.com\/app\/uploads\/2025\/08\/grundrauschen-wild2-2048x1365.jpg 2048w\" sizes=\"auto, (max-width: 1024px) 100vw, 1024px\" \/><\/figure><div class=\"wp-block-media-text__content\">\n<div class=\"wp-block-group is-style-shadow-box has-background-background-color has-background is-layout-constrained wp-block-group-is-layout-constrained\">\n<h3 class=\"wp-block-heading\" id=\"h-il-nostro-impegno-per-la-protezione-degli-animali-selvatici\"><strong><strong>Il nostro impegno per la protezione degli animali selvatici<\/strong><\/strong><\/h3>\n\n\n\n<p>Ogni giorno prestiamo il nostro aiuto agli animali selvatici in difficolt\u00e0: in tutta la Svizzera sosteniamo pi\u00f9 di 30 stazioni di cura degli animali selvatici e degli uccelli selvatici delle nostre sezioni. Esse coprono tutte le regioni e si occupano in modo professionale della cura di animali selvatici feriti, malati e orfani, con l\u2019obiettivo di rimetterli in libert\u00e0 in buona salute.<\/p>\n\n\n\n<p>Il nostro Ufficio specialistico Animali selvatici offre consulenza a privati, professionisti dei media e istituzioni ed \u00e8 a disposizione per domande sugli animali selvatici e su come conviverci. Inoltre, attraverso conferenze promuoviamo lo scambio regolare e il trasferimento di conoscenze tra gli esperti.<\/p>\n\n\n\n<p>Grazie al lavoro di informazione, sensibilizziamo la popolazione sui temi della protezione degli animali e ne promuoviamo cos\u00ec il trattamento rispettoso.<\/p>\n\n\n\n<p>Con il nostro impegno politico, lottiamo a favore un rafforzamento sistematico della legislazione sulla protezione degli animali e della relativa applicazione, nonch\u00e9 contro ogni forma di maltrattamento di animali. Mettiamo la nostra competenza tecnica al servizio dei processi legislativi e sosteniamo iniziative volte a migliorare la vita degli animali in modo sostenibile.<\/p>\n<\/div>\n<\/div><\/div>\n\n\n\n<div class=\"wp-block-group alignfull has-background-background-color has-background is-layout-constrained wp-block-group-is-layout-constrained\">\n<div class=\"wp-block-group is-layout-flex wp-container-core-group-is-layout-d0921e6e wp-block-group-is-layout-flex\">\n<div class=\"wp-block-group is-style-shadow-box width100 has-background-background-color has-background is-layout-constrained wp-block-group-is-layout-constrained\">\n<h3 class=\"wp-block-heading has-text-align-center\" id=\"h-la-vostra-donazione-per-gli-animali-selvatici\"><strong>La vostra donazione per gli animali selvatici<\/strong><\/h3>\n\n\n\n<hr class=\"wp-block-separator has-text-color has-primary-color has-alpha-channel-opacity has-primary-background-color has-background\"\/>\n\n\n\n<p>Con il vostro sostegno, gli animali selvatici possono essere curati, accuditi e rimessi in libert\u00e0 in buona salute. Vi ringraziamo del prezioso contributo, che ci consentir\u00e0 di impegnarci anche in futuro a favore della loro protezione e di leggi efficaci.<\/p>\n<\/div>\n<\/div>\n\n\n\n<div style=\"height:3em\" aria-hidden=\"true\" class=\"wp-block-spacer\"><\/div>\n\n\n\n<div style=\"max-width:1000px;margin:0 auto\"><iframe loading=\"lazy\" src=\"https:\/\/tierschutz.payrexx.com\/it\/pay?cid=4cd7d864&#038;hide_description=1&#038;appview=1\" allow=\"payment *\" width=\"100%\" height=\"1150\" style=\"border:0;\" id=\"payrexx-embed\"><\/iframe><\/div>\n<\/div>\n","protected":false},"excerpt":{"rendered":"<p>In Svizzera gli animali selvatici vivono spesso inosservati proprio vicino a noi, e perfino in mezzo a noi. Per loro, tuttavia, le attivit\u00e0 umane non di rado hanno conseguenze devastanti.<\/p>\n","protected":false},"author":5,"featured_media":0,"parent":0,"menu_order":30,"comment_status":"closed","ping_status":"closed","template":"","meta":{"_acf_changed":false,"inline_featured_image":false,"_vp_format_video_url":"","_vp_image_focal_point":[],"footnotes":""},"class_list":["post-33393","page","type-page","status-publish","hentry"],"acf":[],"yoast_head":"<!-- This site is optimized with the Yoast SEO Premium plugin v27.4 (Yoast SEO v27.4) - https:\/\/yoast.com\/product\/yoast-seo-premium-wordpress\/ -->\n<title>Gli animali selvatici hanno bisogno del nostro aiuto - Protezione Svizzera degli Animali PSA<\/title>\n<meta name=\"description\" content=\"In Svizzera gli animali selvatici vivono spesso inosservati proprio vicino a noi. Per loro, tuttavia, le attivit\u00e0 umane non di rado hanno conseguenze devastanti.\" \/>\n<meta name=\"robots\" content=\"index, follow, max-snippet:-1, max-image-preview:large, max-video-preview:-1\" \/>\n<link rel=\"canonical\" href=\"https:\/\/tierschutz.com\/it\/aiutare-animali-selvatici\/\" \/>\n<meta property=\"og:locale\" content=\"it_IT\" \/>\n<meta property=\"og:type\" content=\"article\" \/>\n<meta property=\"og:title\" content=\"Gli animali selvatici hanno bisogno del nostro aiuto\" \/>\n<meta property=\"og:description\" content=\"In Svizzera gli animali selvatici vivono spesso inosservati proprio vicino a noi. Per loro, tuttavia, le attivit\u00e0 umane non di rado hanno conseguenze devastanti.\" \/>\n<meta property=\"og:url\" content=\"https:\/\/tierschutz.com\/it\/aiutare-animali-selvatici\/\" \/>\n<meta property=\"og:site_name\" content=\"Protezione Svizzera degli Animali PSA\" \/>\n<meta property=\"article:publisher\" content=\"https:\/\/www.facebook.com\/schweizertierschutz\/\" \/>\n<meta property=\"article:modified_time\" content=\"2025-08-20T09:41:39+00:00\" \/>\n<meta property=\"og:image\" content=\"https:\/\/tierschutz.com\/app\/uploads\/2025\/08\/grundrauschen-wild2-1024x683.jpg\" \/>\n<meta name=\"twitter:card\" content=\"summary_large_image\" \/>\n<meta name=\"twitter:label1\" content=\"Tempo di lettura stimato\" \/>\n\t<meta name=\"twitter:data1\" content=\"3 minuti\" \/>\n<script type=\"application\/ld+json\" class=\"yoast-schema-graph\">{\"@context\":\"https:\\\/\\\/schema.org\",\"@graph\":[{\"@type\":\"WebPage\",\"@id\":\"https:\\\/\\\/tierschutz.com\\\/it\\\/aiutare-animali-selvatici\\\/\",\"url\":\"https:\\\/\\\/tierschutz.com\\\/it\\\/aiutare-animali-selvatici\\\/\",\"name\":\"Gli animali selvatici hanno bisogno del nostro aiuto - Protezione Svizzera degli Animali PSA\",\"isPartOf\":{\"@id\":\"https:\\\/\\\/tierschutz.com\\\/it\\\/#website\"},\"primaryImageOfPage\":{\"@id\":\"https:\\\/\\\/tierschutz.com\\\/it\\\/aiutare-animali-selvatici\\\/#primaryimage\"},\"image\":{\"@id\":\"https:\\\/\\\/tierschutz.com\\\/it\\\/aiutare-animali-selvatici\\\/#primaryimage\"},\"thumbnailUrl\":\"https:\\\/\\\/tierschutz.com\\\/app\\\/uploads\\\/2025\\\/08\\\/grundrauschen-wild2-1024x683.jpg\",\"datePublished\":\"2025-08-13T12:02:23+00:00\",\"dateModified\":\"2025-08-20T09:41:39+00:00\",\"description\":\"In Svizzera gli animali selvatici vivono spesso inosservati proprio vicino a noi. Per loro, tuttavia, le attivit\u00e0 umane non di rado hanno conseguenze devastanti.\",\"breadcrumb\":{\"@id\":\"https:\\\/\\\/tierschutz.com\\\/it\\\/aiutare-animali-selvatici\\\/#breadcrumb\"},\"inLanguage\":\"it-IT\",\"potentialAction\":[{\"@type\":\"ReadAction\",\"target\":[\"https:\\\/\\\/tierschutz.com\\\/it\\\/aiutare-animali-selvatici\\\/\"]}]},{\"@type\":\"ImageObject\",\"inLanguage\":\"it-IT\",\"@id\":\"https:\\\/\\\/tierschutz.com\\\/it\\\/aiutare-animali-selvatici\\\/#primaryimage\",\"url\":\"https:\\\/\\\/tierschutz.com\\\/app\\\/uploads\\\/2025\\\/08\\\/grundrauschen-wild2-1024x683.jpg\",\"contentUrl\":\"https:\\\/\\\/tierschutz.com\\\/app\\\/uploads\\\/2025\\\/08\\\/grundrauschen-wild2-1024x683.jpg\"},{\"@type\":\"BreadcrumbList\",\"@id\":\"https:\\\/\\\/tierschutz.com\\\/it\\\/aiutare-animali-selvatici\\\/#breadcrumb\",\"itemListElement\":[{\"@type\":\"ListItem\",\"position\":1,\"name\":\"Pagina iniziale\",\"item\":\"https:\\\/\\\/tierschutz.com\\\/it\\\/\"},{\"@type\":\"ListItem\",\"position\":2,\"name\":\"Gli animali selvatici hanno bisogno del nostro aiuto\"}]},{\"@type\":\"WebSite\",\"@id\":\"https:\\\/\\\/tierschutz.com\\\/it\\\/#website\",\"url\":\"https:\\\/\\\/tierschutz.com\\\/it\\\/\",\"name\":\"tierschutz.com\",\"description\":\"Wir setzen uns f\u00fcr das Wohl der Tiere ein.\",\"publisher\":{\"@id\":\"https:\\\/\\\/tierschutz.com\\\/it\\\/#organization\"},\"alternateName\":\"Schweizer Tierschutz STS\",\"potentialAction\":[{\"@type\":\"SearchAction\",\"target\":{\"@type\":\"EntryPoint\",\"urlTemplate\":\"https:\\\/\\\/tierschutz.com\\\/it\\\/?s={search_term_string}\"},\"query-input\":{\"@type\":\"PropertyValueSpecification\",\"valueRequired\":true,\"valueName\":\"search_term_string\"}}],\"inLanguage\":\"it-IT\"},{\"@type\":\"Organization\",\"@id\":\"https:\\\/\\\/tierschutz.com\\\/it\\\/#organization\",\"name\":\"Schweizer Tierschutz STS\",\"alternateName\":\"STS\",\"url\":\"https:\\\/\\\/tierschutz.com\\\/it\\\/\",\"logo\":{\"@type\":\"ImageObject\",\"inLanguage\":\"it-IT\",\"@id\":\"https:\\\/\\\/tierschutz.com\\\/it\\\/#\\\/schema\\\/logo\\\/image\\\/\",\"url\":\"https:\\\/\\\/tierschutz.com\\\/app\\\/uploads\\\/2024\\\/04\\\/logo-schweizer-tierschutz-sts-1.svg\",\"contentUrl\":\"https:\\\/\\\/tierschutz.com\\\/app\\\/uploads\\\/2024\\\/04\\\/logo-schweizer-tierschutz-sts-1.svg\",\"caption\":\"Schweizer Tierschutz STS\"},\"image\":{\"@id\":\"https:\\\/\\\/tierschutz.com\\\/it\\\/#\\\/schema\\\/logo\\\/image\\\/\"},\"sameAs\":[\"https:\\\/\\\/www.facebook.com\\\/schweizertierschutz\\\/\",\"https:\\\/\\\/www.instagram.com\\\/schweizertierschutzsts\\\/\",\"https:\\\/\\\/www.youtube.com\\\/@STS_Tierschutz\",\"https:\\\/\\\/www.linkedin.com\\\/company\\\/schweizertierschutzsts\\\/\"],\"description\":\"Der Schweizer Tierschutz STS ist der Dachverband von 71 Tierschutzorganisationen in allen Sprachregionen der Schweiz und in Liechtenstein. Seine Mitarbeitenden leisten wissenschaftlich fundierte Grundlagenarbeit, setzen sich mit Projekten und Aktionen f\u00fcr den Schutz und das Wohlbefinden von Heim-, Wild-, Nutz- und Versuchstieren ein und sensibilisieren die \u00d6ffentlichkeit f\u00fcr Tierschutzthemen.\",\"email\":\"sts@tierschutz.com\",\"telephone\":\"061 365 99 99\",\"legalName\":\"Schweizer Tierschutz STS\"}]}<\/script>\n<!-- \/ Yoast SEO Premium plugin. -->","yoast_head_json":{"title":"Gli animali selvatici hanno bisogno del nostro aiuto - Protezione Svizzera degli Animali PSA","description":"In Svizzera gli animali selvatici vivono spesso inosservati proprio vicino a noi. Per loro, tuttavia, le attivit\u00e0 umane non di rado hanno conseguenze devastanti.","robots":{"index":"index","follow":"follow","max-snippet":"max-snippet:-1","max-image-preview":"max-image-preview:large","max-video-preview":"max-video-preview:-1"},"canonical":"https:\/\/tierschutz.com\/it\/aiutare-animali-selvatici\/","og_locale":"it_IT","og_type":"article","og_title":"Gli animali selvatici hanno bisogno del nostro aiuto","og_description":"In Svizzera gli animali selvatici vivono spesso inosservati proprio vicino a noi. Per loro, tuttavia, le attivit\u00e0 umane non di rado hanno conseguenze devastanti.","og_url":"https:\/\/tierschutz.com\/it\/aiutare-animali-selvatici\/","og_site_name":"Protezione Svizzera degli Animali PSA","article_publisher":"https:\/\/www.facebook.com\/schweizertierschutz\/","article_modified_time":"2025-08-20T09:41:39+00:00","og_image":[{"url":"https:\/\/tierschutz.com\/app\/uploads\/2025\/08\/grundrauschen-wild2-1024x683.jpg","type":"","width":"","height":""}],"twitter_card":"summary_large_image","twitter_misc":{"Tempo di lettura stimato":"3 minuti"},"schema":{"@context":"https:\/\/schema.org","@graph":[{"@type":"WebPage","@id":"https:\/\/tierschutz.com\/it\/aiutare-animali-selvatici\/","url":"https:\/\/tierschutz.com\/it\/aiutare-animali-selvatici\/","name":"Gli animali selvatici hanno bisogno del nostro aiuto - Protezione Svizzera degli Animali PSA","isPartOf":{"@id":"https:\/\/tierschutz.com\/it\/#website"},"primaryImageOfPage":{"@id":"https:\/\/tierschutz.com\/it\/aiutare-animali-selvatici\/#primaryimage"},"image":{"@id":"https:\/\/tierschutz.com\/it\/aiutare-animali-selvatici\/#primaryimage"},"thumbnailUrl":"https:\/\/tierschutz.com\/app\/uploads\/2025\/08\/grundrauschen-wild2-1024x683.jpg","datePublished":"2025-08-13T12:02:23+00:00","dateModified":"2025-08-20T09:41:39+00:00","description":"In Svizzera gli animali selvatici vivono spesso inosservati proprio vicino a noi. Per loro, tuttavia, le attivit\u00e0 umane non di rado hanno conseguenze devastanti.","breadcrumb":{"@id":"https:\/\/tierschutz.com\/it\/aiutare-animali-selvatici\/#breadcrumb"},"inLanguage":"it-IT","potentialAction":[{"@type":"ReadAction","target":["https:\/\/tierschutz.com\/it\/aiutare-animali-selvatici\/"]}]},{"@type":"ImageObject","inLanguage":"it-IT","@id":"https:\/\/tierschutz.com\/it\/aiutare-animali-selvatici\/#primaryimage","url":"https:\/\/tierschutz.com\/app\/uploads\/2025\/08\/grundrauschen-wild2-1024x683.jpg","contentUrl":"https:\/\/tierschutz.com\/app\/uploads\/2025\/08\/grundrauschen-wild2-1024x683.jpg"},{"@type":"BreadcrumbList","@id":"https:\/\/tierschutz.com\/it\/aiutare-animali-selvatici\/#breadcrumb","itemListElement":[{"@type":"ListItem","position":1,"name":"Pagina iniziale","item":"https:\/\/tierschutz.com\/it\/"},{"@type":"ListItem","position":2,"name":"Gli animali selvatici hanno bisogno del nostro aiuto"}]},{"@type":"WebSite","@id":"https:\/\/tierschutz.com\/it\/#website","url":"https:\/\/tierschutz.com\/it\/","name":"tierschutz.com","description":"Wir setzen uns f\u00fcr das Wohl der Tiere ein.","publisher":{"@id":"https:\/\/tierschutz.com\/it\/#organization"},"alternateName":"Schweizer Tierschutz STS","potentialAction":[{"@type":"SearchAction","target":{"@type":"EntryPoint","urlTemplate":"https:\/\/tierschutz.com\/it\/?s={search_term_string}"},"query-input":{"@type":"PropertyValueSpecification","valueRequired":true,"valueName":"search_term_string"}}],"inLanguage":"it-IT"},{"@type":"Organization","@id":"https:\/\/tierschutz.com\/it\/#organization","name":"Schweizer Tierschutz STS","alternateName":"STS","url":"https:\/\/tierschutz.com\/it\/","logo":{"@type":"ImageObject","inLanguage":"it-IT","@id":"https:\/\/tierschutz.com\/it\/#\/schema\/logo\/image\/","url":"https:\/\/tierschutz.com\/app\/uploads\/2024\/04\/logo-schweizer-tierschutz-sts-1.svg","contentUrl":"https:\/\/tierschutz.com\/app\/uploads\/2024\/04\/logo-schweizer-tierschutz-sts-1.svg","caption":"Schweizer Tierschutz STS"},"image":{"@id":"https:\/\/tierschutz.com\/it\/#\/schema\/logo\/image\/"},"sameAs":["https:\/\/www.facebook.com\/schweizertierschutz\/","https:\/\/www.instagram.com\/schweizertierschutzsts\/","https:\/\/www.youtube.com\/@STS_Tierschutz","https:\/\/www.linkedin.com\/company\/schweizertierschutzsts\/"],"description":"Der Schweizer Tierschutz STS ist der Dachverband von 71 Tierschutzorganisationen in allen Sprachregionen der Schweiz und in Liechtenstein. Seine Mitarbeitenden leisten wissenschaftlich fundierte Grundlagenarbeit, setzen sich mit Projekten und Aktionen f\u00fcr den Schutz und das Wohlbefinden von Heim-, Wild-, Nutz- und Versuchstieren ein und sensibilisieren die \u00d6ffentlichkeit f\u00fcr Tierschutzthemen.","email":"sts@tierschutz.com","telephone":"061 365 99 99","legalName":"Schweizer Tierschutz STS"}]}},"_links":{"self":[{"href":"https:\/\/tierschutz.com\/it\/wp-json\/wp\/v2\/pages\/33393","targetHints":{"allow":["GET"]}}],"collection":[{"href":"https:\/\/tierschutz.com\/it\/wp-json\/wp\/v2\/pages"}],"about":[{"href":"https:\/\/tierschutz.com\/it\/wp-json\/wp\/v2\/types\/page"}],"author":[{"embeddable":true,"href":"https:\/\/tierschutz.com\/it\/wp-json\/wp\/v2\/users\/5"}],"replies":[{"embeddable":true,"href":"https:\/\/tierschutz.com\/it\/wp-json\/wp\/v2\/comments?post=33393"}],"version-history":[{"count":2,"href":"https:\/\/tierschutz.com\/it\/wp-json\/wp\/v2\/pages\/33393\/revisions"}],"predecessor-version":[{"id":33401,"href":"https:\/\/tierschutz.com\/it\/wp-json\/wp\/v2\/pages\/33393\/revisions\/33401"}],"wp:attachment":[{"href":"https:\/\/tierschutz.com\/it\/wp-json\/wp\/v2\/media?parent=33393"}],"curies":[{"name":"wp","href":"https:\/\/api.w.org\/{rel}","templated":true}]}}