{"id":34481,"date":"2024-02-08T12:18:16","date_gmt":"2024-02-08T11:18:16","guid":{"rendered":"https:\/\/tierschutz.com\/?page_id=34481"},"modified":"2026-02-05T09:44:55","modified_gmt":"2026-02-05T08:44:55","slug":"rapporti-annuale","status":"publish","type":"page","link":"https:\/\/tierschutz.com\/it\/chi-siamo\/associazione\/rapporti-annuale\/","title":{"rendered":"Rapporti annuale"},"content":{"rendered":"\n<div class=\"wp-block-cover alignfull is-light\"><span aria-hidden=\"true\" class=\"wp-block-cover__background has-black-background-color has-background-dim-20 has-background-dim\"><\/span><img loading=\"lazy\" decoding=\"async\" width=\"2560\" height=\"1708\" src=\"https:\/\/tierschutz.com\/app\/uploads\/2023\/06\/sts-tierarzt-katzen-scaled.jpg\" class=\"wp-block-cover__image-background wp-post-image\" alt=\"zwei Katzen die Milch aus einer Sch\u00fcssel trinken\" data-object-fit=\"cover\" data-object-position=\"50% 47%\" style=\"object-position:50% 47%;\" srcset=\"https:\/\/tierschutz.com\/app\/uploads\/2023\/06\/sts-tierarzt-katzen-scaled.jpg 2560w, https:\/\/tierschutz.com\/app\/uploads\/2023\/06\/sts-tierarzt-katzen-300x200.jpg 300w, https:\/\/tierschutz.com\/app\/uploads\/2023\/06\/sts-tierarzt-katzen-1024x683.jpg 1024w, https:\/\/tierschutz.com\/app\/uploads\/2023\/06\/sts-tierarzt-katzen-768x513.jpg 768w, https:\/\/tierschutz.com\/app\/uploads\/2023\/06\/sts-tierarzt-katzen-1536x1025.jpg 1536w, https:\/\/tierschutz.com\/app\/uploads\/2023\/06\/sts-tierarzt-katzen-2048x1367.jpg 2048w\" sizes=\"auto, (max-width: 2560px) 100vw, 2560px\" \/><div class=\"wp-block-cover__inner-container is-layout-flow wp-block-cover-is-layout-flow\">\n<h2 class=\"wp-block-heading has-text-align-center has-background-color has-text-color\" id=\"h-rapporti-annuale\"><strong>Rapporti annuale<\/strong><\/h2>\n<\/div><\/div>\n\n\n\n\n\n<div class=\"wp-block-group has-background-background-color has-background is-layout-constrained wp-block-group-is-layout-constrained\">\n<h1 class=\"wp-block-heading has-text-align-center\" id=\"h-la-protezione-degli-animali-in-svizzera\"><strong>La protezione degli animali in Svizzera<\/strong><\/h1>\n\n\n\n<hr class=\"wp-block-separator has-text-color has-primary-color has-alpha-channel-opacity has-primary-background-color has-background\"\/>\n\n\n\n<p class=\"has-text-align-center has-large-font-size\">Nel rapporto di attivit\u00e0 della Protezione Svizzera degli Animali PSA troverete informazioni <br>sul lavoro specialistico e sui progetti.<\/p>\n<\/div>\n\n\n\n<div id=\"jahresberichte\" class=\"wp-block-group is-style-default has-background-background-color has-background is-layout-constrained wp-block-group-is-layout-constrained\">\n<h2 class=\"wp-block-heading has-text-align-center\" id=\"h-rapporti-annuale-0\"><strong>Rapporti annuale<\/strong><\/h2>\n\n\n\n<hr class=\"wp-block-separator has-text-color has-primary-color has-alpha-channel-opacity has-primary-background-color has-background\"\/>\n\n\n\n<div class=\"wp-block-group is-layout-constrained wp-block-group-is-layout-constrained\">\n<div class=\"wp-block-columns is-layout-flex wp-container-core-columns-is-layout-28f84493 wp-block-columns-is-layout-flex\">\n<div class=\"wp-block-column is-layout-flow wp-block-column-is-layout-flow\" style=\"flex-basis:100%\">\n<div class=\"wp-block-group is-style-shadow-box is-layout-constrained wp-block-group-is-layout-constrained\">\n<figure class=\"wp-block-image size-large\"><a href=\"https:\/\/tierschutz.com\/app\/uploads\/2026\/01\/Jahresbericht-2024_IT.pdf\" target=\"_blank\" rel=\" noreferrer noopener\"><img decoding=\"async\" src=\"https:\/\/tierschutz.com\/app\/uploads\/2025\/09\/Jahresbericht-2024_IT-724x1024.jpg\" alt=\"\" class=\"wp-image-34462\"\/><\/a><\/figure>\n\n\n\n<div class=\"wp-block-buttons is-content-justification-center is-layout-flex wp-container-core-buttons-is-layout-a89b3969 wp-block-buttons-is-layout-flex\">\n<div class=\"wp-block-button\"><a class=\"wp-block-button__link wp-element-button\" href=\"https:\/\/tierschutz.com\/app\/uploads\/2026\/01\/Jahresbericht-2024_IT.pdf\" target=\"_blank\" rel=\"noreferrer noopener\">Scaricare<\/a><\/div>\n<\/div>\n\n\n\n<div style=\"height:1.5rem\" aria-hidden=\"true\" class=\"wp-block-spacer\"><\/div>\n<\/div>\n<\/div>\n\n\n\n<div class=\"wp-block-column is-layout-flow wp-block-column-is-layout-flow\" style=\"flex-basis:100%\">\n<div class=\"wp-block-group is-style-shadow-box is-layout-constrained wp-block-group-is-layout-constrained\">\n<figure class=\"wp-block-image size-large\"><a href=\"https:\/\/tierschutz.com\/app\/uploads\/2026\/01\/Jahresbericht-2023_IT.pdf\" target=\"_blank\" rel=\" noreferrer noopener\"><img decoding=\"async\" src=\"https:\/\/tierschutz.com\/app\/uploads\/2025\/09\/Jahresbericht-2023_IT-724x1024.jpg\" alt=\"\" class=\"wp-image-34453\"\/><\/a><\/figure>\n\n\n\n<div class=\"wp-block-buttons is-content-justification-center is-layout-flex wp-container-core-buttons-is-layout-a89b3969 wp-block-buttons-is-layout-flex\">\n<div class=\"wp-block-button\"><a class=\"wp-block-button__link wp-element-button\" href=\"https:\/\/tierschutz.com\/app\/uploads\/2026\/01\/Jahresbericht-2023_IT.pdf\" target=\"_blank\" rel=\"noreferrer noopener\">Scaricare<\/a><\/div>\n<\/div>\n\n\n\n<div style=\"height:1.5rem\" aria-hidden=\"true\" class=\"wp-block-spacer\"><\/div>\n<\/div>\n<\/div>\n<\/div>\n<\/div>\n<\/div>\n\n\n","protected":false},"excerpt":{"rendered":"<p>Nelle relazioni annuali della Protezione Svizzera degli Animali PSA trovate informazioni sul lavoro specialistico e sui progetti.<\/p>\n","protected":false},"author":5,"featured_media":2949,"parent":5512,"menu_order":273,"comment_status":"closed","ping_status":"closed","template":"","meta":{"_acf_changed":false,"inline_featured_image":false,"_vp_format_video_url":"","_vp_image_focal_point":[],"footnotes":""},"class_list":["post-34481","page","type-page","status-publish","has-post-thumbnail","hentry"],"acf":[],"yoast_head":"<!-- This site is optimized with the Yoast SEO Premium plugin v27.4 (Yoast SEO v27.4) - https:\/\/yoast.com\/product\/yoast-seo-premium-wordpress\/ -->\n<title>Rapporti annuale - Protezione Svizzera degli Animali PSA<\/title>\n<meta name=\"robots\" content=\"index, follow, max-snippet:-1, max-image-preview:large, max-video-preview:-1\" \/>\n<link rel=\"canonical\" href=\"https:\/\/tierschutz.com\/it\/chi-siamo\/associazione\/rapporti-annuale\/\" \/>\n<meta property=\"og:locale\" content=\"it_IT\" \/>\n<meta property=\"og:type\" content=\"article\" \/>\n<meta property=\"og:title\" content=\"Rapporti annuale\" \/>\n<meta property=\"og:description\" content=\"Nelle relazioni annuali della Protezione Svizzera degli Animali PSA trovate informazioni sul lavoro specialistico e sui progetti.\" \/>\n<meta property=\"og:url\" content=\"https:\/\/tierschutz.com\/it\/chi-siamo\/associazione\/rapporti-annuale\/\" \/>\n<meta property=\"og:site_name\" content=\"Protezione Svizzera degli Animali PSA\" \/>\n<meta property=\"article:publisher\" content=\"https:\/\/www.facebook.com\/schweizertierschutz\/\" \/>\n<meta property=\"article:modified_time\" content=\"2026-02-05T08:44:55+00:00\" \/>\n<meta property=\"og:image\" content=\"https:\/\/mail.schweizertierschutz.ch\/app\/uploads\/2023\/06\/sts-tierarzt-katzen-scaled.jpg\" \/>\n\t<meta property=\"og:image:width\" content=\"2560\" \/>\n\t<meta property=\"og:image:height\" content=\"1708\" \/>\n\t<meta property=\"og:image:type\" content=\"image\/jpeg\" \/>\n<meta name=\"twitter:card\" content=\"summary_large_image\" \/>\n<meta name=\"twitter:label1\" content=\"Tempo di lettura stimato\" \/>\n\t<meta name=\"twitter:data1\" content=\"2 minuti\" \/>\n<script type=\"application\/ld+json\" class=\"yoast-schema-graph\">{\"@context\":\"https:\\\/\\\/schema.org\",\"@graph\":[{\"@type\":\"WebPage\",\"@id\":\"https:\\\/\\\/tierschutz.com\\\/it\\\/chi-siamo\\\/associazione\\\/rapporti-annuale\\\/\",\"url\":\"https:\\\/\\\/tierschutz.com\\\/it\\\/chi-siamo\\\/associazione\\\/rapporti-annuale\\\/\",\"name\":\"Rapporti annuale - Protezione Svizzera degli Animali PSA\",\"isPartOf\":{\"@id\":\"https:\\\/\\\/mail.schweizer-tierschutz.ch\\\/#website\"},\"primaryImageOfPage\":{\"@id\":\"https:\\\/\\\/tierschutz.com\\\/it\\\/chi-siamo\\\/associazione\\\/rapporti-annuale\\\/#primaryimage\"},\"image\":{\"@id\":\"https:\\\/\\\/tierschutz.com\\\/it\\\/chi-siamo\\\/associazione\\\/rapporti-annuale\\\/#primaryimage\"},\"thumbnailUrl\":\"https:\\\/\\\/tierschutz.com\\\/app\\\/uploads\\\/2023\\\/06\\\/sts-tierarzt-katzen-scaled.jpg\",\"datePublished\":\"2024-02-08T11:18:16+00:00\",\"dateModified\":\"2026-02-05T08:44:55+00:00\",\"breadcrumb\":{\"@id\":\"https:\\\/\\\/tierschutz.com\\\/it\\\/chi-siamo\\\/associazione\\\/rapporti-annuale\\\/#breadcrumb\"},\"inLanguage\":\"it-IT\",\"potentialAction\":[{\"@type\":\"ReadAction\",\"target\":[\"https:\\\/\\\/tierschutz.com\\\/it\\\/chi-siamo\\\/associazione\\\/rapporti-annuale\\\/\"]}]},{\"@type\":\"ImageObject\",\"inLanguage\":\"it-IT\",\"@id\":\"https:\\\/\\\/tierschutz.com\\\/it\\\/chi-siamo\\\/associazione\\\/rapporti-annuale\\\/#primaryimage\",\"url\":\"https:\\\/\\\/tierschutz.com\\\/app\\\/uploads\\\/2023\\\/06\\\/sts-tierarzt-katzen-scaled.jpg\",\"contentUrl\":\"https:\\\/\\\/tierschutz.com\\\/app\\\/uploads\\\/2023\\\/06\\\/sts-tierarzt-katzen-scaled.jpg\",\"width\":2560,\"height\":1708,\"caption\":\"Two cute cats are drinking milk from bowl\"},{\"@type\":\"BreadcrumbList\",\"@id\":\"https:\\\/\\\/tierschutz.com\\\/it\\\/chi-siamo\\\/associazione\\\/rapporti-annuale\\\/#breadcrumb\",\"itemListElement\":[{\"@type\":\"ListItem\",\"position\":1,\"name\":\"Pagina iniziale\",\"item\":\"https:\\\/\\\/mail.schweizer-tierschutz.ch\\\/it\\\/\"},{\"@type\":\"ListItem\",\"position\":2,\"name\":\"Chi siamo\",\"item\":\"https:\\\/\\\/tierschutz.com\\\/it\\\/chi-siamo\\\/\"},{\"@type\":\"ListItem\",\"position\":3,\"name\":\"Associazione\",\"item\":\"https:\\\/\\\/mail.swiss-animal-protection.ch\\\/it\\\/chi-siamo\\\/associazione\\\/\"},{\"@type\":\"ListItem\",\"position\":4,\"name\":\"Rapporti annuale\"}]},{\"@type\":\"WebSite\",\"@id\":\"https:\\\/\\\/mail.schweizer-tierschutz.ch\\\/#website\",\"url\":\"https:\\\/\\\/mail.schweizer-tierschutz.ch\\\/\",\"name\":\"tierschutz.com\",\"description\":\"Wir setzen uns f\u00fcr das Wohl der Tiere ein.\",\"publisher\":{\"@id\":\"https:\\\/\\\/mail.schweizer-tierschutz.ch\\\/#organization\"},\"alternateName\":\"Schweizer Tierschutz STS\",\"potentialAction\":[{\"@type\":\"SearchAction\",\"target\":{\"@type\":\"EntryPoint\",\"urlTemplate\":\"https:\\\/\\\/mail.schweizer-tierschutz.ch\\\/?s={search_term_string}\"},\"query-input\":{\"@type\":\"PropertyValueSpecification\",\"valueRequired\":true,\"valueName\":\"search_term_string\"}}],\"inLanguage\":\"it-IT\"},{\"@type\":\"Organization\",\"@id\":\"https:\\\/\\\/mail.schweizer-tierschutz.ch\\\/#organization\",\"name\":\"Schweizer Tierschutz STS\",\"alternateName\":\"STS\",\"url\":\"https:\\\/\\\/mail.schweizer-tierschutz.ch\\\/\",\"logo\":{\"@type\":\"ImageObject\",\"inLanguage\":\"it-IT\",\"@id\":\"https:\\\/\\\/mail.schweizer-tierschutz.ch\\\/#\\\/schema\\\/logo\\\/image\\\/\",\"url\":\"https:\\\/\\\/tierschutz.com\\\/app\\\/uploads\\\/2024\\\/04\\\/logo-schweizer-tierschutz-sts-1.svg\",\"contentUrl\":\"https:\\\/\\\/tierschutz.com\\\/app\\\/uploads\\\/2024\\\/04\\\/logo-schweizer-tierschutz-sts-1.svg\",\"caption\":\"Schweizer Tierschutz STS\"},\"image\":{\"@id\":\"https:\\\/\\\/mail.schweizer-tierschutz.ch\\\/#\\\/schema\\\/logo\\\/image\\\/\"},\"sameAs\":[\"https:\\\/\\\/www.facebook.com\\\/schweizertierschutz\\\/\",\"https:\\\/\\\/www.instagram.com\\\/schweizertierschutzsts\\\/\",\"https:\\\/\\\/www.youtube.com\\\/@STS_Tierschutz\",\"https:\\\/\\\/www.linkedin.com\\\/company\\\/schweizertierschutzsts\\\/\"],\"description\":\"Der Schweizer Tierschutz STS ist der Dachverband von 71 Tierschutzorganisationen in allen Sprachregionen der Schweiz und in Liechtenstein. Seine Mitarbeitenden leisten wissenschaftlich fundierte Grundlagenarbeit, setzen sich mit Projekten und Aktionen f\u00fcr den Schutz und das Wohlbefinden von Heim-, Wild-, Nutz- und Versuchstieren ein und sensibilisieren die \u00d6ffentlichkeit f\u00fcr Tierschutzthemen.\",\"email\":\"sts@tierschutz.com\",\"telephone\":\"061 365 99 99\",\"legalName\":\"Schweizer Tierschutz STS\"}]}<\/script>\n<!-- \/ Yoast SEO Premium plugin. -->","yoast_head_json":{"title":"Rapporti annuale - Protezione Svizzera degli Animali PSA","robots":{"index":"index","follow":"follow","max-snippet":"max-snippet:-1","max-image-preview":"max-image-preview:large","max-video-preview":"max-video-preview:-1"},"canonical":"https:\/\/tierschutz.com\/it\/chi-siamo\/associazione\/rapporti-annuale\/","og_locale":"it_IT","og_type":"article","og_title":"Rapporti annuale","og_description":"Nelle relazioni annuali della Protezione Svizzera degli Animali PSA trovate informazioni sul lavoro specialistico e sui progetti.","og_url":"https:\/\/tierschutz.com\/it\/chi-siamo\/associazione\/rapporti-annuale\/","og_site_name":"Protezione Svizzera degli Animali PSA","article_publisher":"https:\/\/www.facebook.com\/schweizertierschutz\/","article_modified_time":"2026-02-05T08:44:55+00:00","og_image":[{"width":2560,"height":1708,"url":"https:\/\/mail.schweizertierschutz.ch\/app\/uploads\/2023\/06\/sts-tierarzt-katzen-scaled.jpg","type":"image\/jpeg"}],"twitter_card":"summary_large_image","twitter_misc":{"Tempo di lettura stimato":"2 minuti"},"schema":{"@context":"https:\/\/schema.org","@graph":[{"@type":"WebPage","@id":"https:\/\/tierschutz.com\/it\/chi-siamo\/associazione\/rapporti-annuale\/","url":"https:\/\/tierschutz.com\/it\/chi-siamo\/associazione\/rapporti-annuale\/","name":"Rapporti annuale - Protezione Svizzera degli Animali PSA","isPartOf":{"@id":"https:\/\/mail.schweizer-tierschutz.ch\/#website"},"primaryImageOfPage":{"@id":"https:\/\/tierschutz.com\/it\/chi-siamo\/associazione\/rapporti-annuale\/#primaryimage"},"image":{"@id":"https:\/\/tierschutz.com\/it\/chi-siamo\/associazione\/rapporti-annuale\/#primaryimage"},"thumbnailUrl":"https:\/\/tierschutz.com\/app\/uploads\/2023\/06\/sts-tierarzt-katzen-scaled.jpg","datePublished":"2024-02-08T11:18:16+00:00","dateModified":"2026-02-05T08:44:55+00:00","breadcrumb":{"@id":"https:\/\/tierschutz.com\/it\/chi-siamo\/associazione\/rapporti-annuale\/#breadcrumb"},"inLanguage":"it-IT","potentialAction":[{"@type":"ReadAction","target":["https:\/\/tierschutz.com\/it\/chi-siamo\/associazione\/rapporti-annuale\/"]}]},{"@type":"ImageObject","inLanguage":"it-IT","@id":"https:\/\/tierschutz.com\/it\/chi-siamo\/associazione\/rapporti-annuale\/#primaryimage","url":"https:\/\/tierschutz.com\/app\/uploads\/2023\/06\/sts-tierarzt-katzen-scaled.jpg","contentUrl":"https:\/\/tierschutz.com\/app\/uploads\/2023\/06\/sts-tierarzt-katzen-scaled.jpg","width":2560,"height":1708,"caption":"Two cute cats are drinking milk from bowl"},{"@type":"BreadcrumbList","@id":"https:\/\/tierschutz.com\/it\/chi-siamo\/associazione\/rapporti-annuale\/#breadcrumb","itemListElement":[{"@type":"ListItem","position":1,"name":"Pagina iniziale","item":"https:\/\/mail.schweizer-tierschutz.ch\/it\/"},{"@type":"ListItem","position":2,"name":"Chi siamo","item":"https:\/\/tierschutz.com\/it\/chi-siamo\/"},{"@type":"ListItem","position":3,"name":"Associazione","item":"https:\/\/mail.swiss-animal-protection.ch\/it\/chi-siamo\/associazione\/"},{"@type":"ListItem","position":4,"name":"Rapporti annuale"}]},{"@type":"WebSite","@id":"https:\/\/mail.schweizer-tierschutz.ch\/#website","url":"https:\/\/mail.schweizer-tierschutz.ch\/","name":"tierschutz.com","description":"Wir setzen uns f\u00fcr das Wohl der Tiere ein.","publisher":{"@id":"https:\/\/mail.schweizer-tierschutz.ch\/#organization"},"alternateName":"Schweizer Tierschutz STS","potentialAction":[{"@type":"SearchAction","target":{"@type":"EntryPoint","urlTemplate":"https:\/\/mail.schweizer-tierschutz.ch\/?s={search_term_string}"},"query-input":{"@type":"PropertyValueSpecification","valueRequired":true,"valueName":"search_term_string"}}],"inLanguage":"it-IT"},{"@type":"Organization","@id":"https:\/\/mail.schweizer-tierschutz.ch\/#organization","name":"Schweizer Tierschutz STS","alternateName":"STS","url":"https:\/\/mail.schweizer-tierschutz.ch\/","logo":{"@type":"ImageObject","inLanguage":"it-IT","@id":"https:\/\/mail.schweizer-tierschutz.ch\/#\/schema\/logo\/image\/","url":"https:\/\/tierschutz.com\/app\/uploads\/2024\/04\/logo-schweizer-tierschutz-sts-1.svg","contentUrl":"https:\/\/tierschutz.com\/app\/uploads\/2024\/04\/logo-schweizer-tierschutz-sts-1.svg","caption":"Schweizer Tierschutz STS"},"image":{"@id":"https:\/\/mail.schweizer-tierschutz.ch\/#\/schema\/logo\/image\/"},"sameAs":["https:\/\/www.facebook.com\/schweizertierschutz\/","https:\/\/www.instagram.com\/schweizertierschutzsts\/","https:\/\/www.youtube.com\/@STS_Tierschutz","https:\/\/www.linkedin.com\/company\/schweizertierschutzsts\/"],"description":"Der Schweizer Tierschutz STS ist der Dachverband von 71 Tierschutzorganisationen in allen Sprachregionen der Schweiz und in Liechtenstein. Seine Mitarbeitenden leisten wissenschaftlich fundierte Grundlagenarbeit, setzen sich mit Projekten und Aktionen f\u00fcr den Schutz und das Wohlbefinden von Heim-, Wild-, Nutz- und Versuchstieren ein und sensibilisieren die \u00d6ffentlichkeit f\u00fcr Tierschutzthemen.","email":"sts@tierschutz.com","telephone":"061 365 99 99","legalName":"Schweizer Tierschutz STS"}]}},"_links":{"self":[{"href":"https:\/\/tierschutz.com\/it\/wp-json\/wp\/v2\/pages\/34481","targetHints":{"allow":["GET"]}}],"collection":[{"href":"https:\/\/tierschutz.com\/it\/wp-json\/wp\/v2\/pages"}],"about":[{"href":"https:\/\/tierschutz.com\/it\/wp-json\/wp\/v2\/types\/page"}],"author":[{"embeddable":true,"href":"https:\/\/tierschutz.com\/it\/wp-json\/wp\/v2\/users\/5"}],"replies":[{"embeddable":true,"href":"https:\/\/tierschutz.com\/it\/wp-json\/wp\/v2\/comments?post=34481"}],"version-history":[{"count":8,"href":"https:\/\/tierschutz.com\/it\/wp-json\/wp\/v2\/pages\/34481\/revisions"}],"predecessor-version":[{"id":36062,"href":"https:\/\/tierschutz.com\/it\/wp-json\/wp\/v2\/pages\/34481\/revisions\/36062"}],"up":[{"embeddable":true,"href":"https:\/\/tierschutz.com\/it\/wp-json\/wp\/v2\/pages\/5512"}],"wp:featuredmedia":[{"embeddable":true,"href":"https:\/\/tierschutz.com\/it\/wp-json\/wp\/v2\/media\/2949"}],"wp:attachment":[{"href":"https:\/\/tierschutz.com\/it\/wp-json\/wp\/v2\/media?parent=34481"}],"curies":[{"name":"wp","href":"https:\/\/api.w.org\/{rel}","templated":true}]}}