{"id":4266,"date":"2023-05-04T11:29:53","date_gmt":"2023-05-04T09:29:53","guid":{"rendered":"https:\/\/dev.tierschutz.com\/?page_id=4266"},"modified":"2026-01-27T16:56:37","modified_gmt":"2026-01-27T15:56:37","slug":"allevamento-di-animali-domestici","status":"publish","type":"page","link":"https:\/\/tierschutz.com\/it\/detenzione-di-animali\/allevamento-di-animali-domestici\/","title":{"rendered":"Allevamento di animali domestici"},"content":{"rendered":"\n<div class=\"wp-block-cover alignfull is-light\" style=\"min-height:100vh;aspect-ratio:unset;\"><img loading=\"lazy\" decoding=\"async\" width=\"1416\" height=\"910\" class=\"wp-block-cover__image-background wp-image-1982\" alt=\"Ein weisser Welpe der nach oben Blickt vor einem verschwommenen gr\u00fcnen Hintergrund\" src=\"https:\/\/tierschutz.com\/app\/uploads\/2023\/05\/STS-Hundehaltung-1.jpg\" data-object-fit=\"cover\" srcset=\"https:\/\/tierschutz.com\/app\/uploads\/2023\/05\/STS-Hundehaltung-1.jpg 1416w, https:\/\/tierschutz.com\/app\/uploads\/2023\/05\/STS-Hundehaltung-1-300x193.jpg 300w, https:\/\/tierschutz.com\/app\/uploads\/2023\/05\/STS-Hundehaltung-1-1024x658.jpg 1024w, https:\/\/tierschutz.com\/app\/uploads\/2023\/05\/STS-Hundehaltung-1-768x494.jpg 768w\" sizes=\"auto, (max-width: 1416px) 100vw, 1416px\" \/><span aria-hidden=\"true\" class=\"wp-block-cover__background has-background-dim-20 has-background-dim\"><\/span><div class=\"wp-block-cover__inner-container is-layout-flow wp-block-cover-is-layout-flow\">\n<h2 class=\"wp-block-heading has-text-align-center has-background-color has-text-color\" id=\"h-allevamento-di-animali-domestici\"><strong>Allevamento di animali domestici<\/strong><\/h2>\n<\/div><\/div>\n\n\n\n<div class=\"wp-block-group has-background-background-color has-background is-layout-constrained wp-block-group-is-layout-constrained\"><div class=\"yoast-breadcrumbs\"><span><span><a href=\"https:\/\/mail.schweizer-tierschutz.ch\/it\/\">Pagina iniziale<\/a><\/span> \u00bb <span><a href=\"https:\/\/mail.schweizer-tierschutz.ch\/it\/detenzione-di-animali\/\">Detenzione di animali<\/a><\/span> \u00bb <span class=\"breadcrumb_last\" aria-current=\"page\">Allevamento di animali domestici<\/span><\/span><\/div>\n\n\n<div class=\"wp-block-group is-layout-flex wp-container-core-group-is-layout-d0921e6e wp-block-group-is-layout-flex\">\n<div class=\"wp-block-media-text alignwide is-stacked-on-mobile is-style-stacked-shadow no-inset\"><figure class=\"wp-block-media-text__media\"><img loading=\"lazy\" decoding=\"async\" width=\"1024\" height=\"658\" src=\"https:\/\/tierschutz.com\/app\/uploads\/2023\/05\/STS-Heimtierhaltung-1024x658.jpg\" alt=\"Ein brauner Hund der sich auf die beine eines Mannes gelegen hat, jedoch ist das Gesicht undeutlich da der Hintergrund verschwommen ist\" class=\"wp-image-1979 size-full\" srcset=\"https:\/\/tierschutz.com\/app\/uploads\/2023\/05\/STS-Heimtierhaltung-1024x658.jpg 1024w, https:\/\/tierschutz.com\/app\/uploads\/2023\/05\/STS-Heimtierhaltung-300x193.jpg 300w, https:\/\/tierschutz.com\/app\/uploads\/2023\/05\/STS-Heimtierhaltung-768x494.jpg 768w, https:\/\/tierschutz.com\/app\/uploads\/2023\/05\/STS-Heimtierhaltung.jpg 1416w\" sizes=\"auto, (max-width: 1024px) 100vw, 1024px\" \/><\/figure><div class=\"wp-block-media-text__content\">\n<h3 class=\"wp-block-heading\" id=\"h-detenzione-di-can-i\"><strong><strong>Detenzione di can<\/strong>i<\/strong><\/h3>\n\n\n\n<p>Il migliore amico dell&#8217;uomo: il cane. Per migliaia di anni, gli amici a quattro zampe hanno accompagnato le persone nel loro cammino e sono ancora oggi parte integrante della nostra societ\u00e0. In Svizzera vivono circa 560.000 cani e la popolazione totale \u00e8 in costante aumento.<\/p>\n\n\n\n<div class=\"wp-block-buttons is-layout-flex wp-block-buttons-is-layout-flex\">\n<div class=\"wp-block-button\"><a class=\"wp-block-button__link wp-element-button\" href=\"https:\/\/tierschutz.com\/it\/detenzione-di-animali\/allevamento-di-animali-domestici\/detenzione-di-cani\/\">Saperne di pi\u00f9<\/a><\/div>\n<\/div>\n<\/div><\/div>\n\n\n\n<div class=\"wp-block-media-text alignwide is-stacked-on-mobile is-style-stacked-shadow no-inset\"><figure class=\"wp-block-media-text__media\"><img loading=\"lazy\" decoding=\"async\" width=\"1024\" height=\"658\" src=\"https:\/\/tierschutz.com\/app\/uploads\/2023\/05\/STS-Katzenhaltung-1-1024x658.jpg\" alt=\"Zwei Katzen die Hintere ist schwarz-weiss und die Vordere ist orangelich wobei die vordere Katze ihren Kopf auf der schwarz-weissen Katze gelegt hat\" class=\"wp-image-1991 size-full\" srcset=\"https:\/\/tierschutz.com\/app\/uploads\/2023\/05\/STS-Katzenhaltung-1-1024x658.jpg 1024w, https:\/\/tierschutz.com\/app\/uploads\/2023\/05\/STS-Katzenhaltung-1-300x193.jpg 300w, https:\/\/tierschutz.com\/app\/uploads\/2023\/05\/STS-Katzenhaltung-1-768x494.jpg 768w, https:\/\/tierschutz.com\/app\/uploads\/2023\/05\/STS-Katzenhaltung-1.jpg 1416w\" sizes=\"auto, (max-width: 1024px) 100vw, 1024px\" \/><\/figure><div class=\"wp-block-media-text__content\">\n<h3 class=\"wp-block-heading\" id=\"h-detenzione-dei-gatti\"><strong><strong><strong><strong>Detenzione <\/strong><\/strong>dei gatti<\/strong><\/strong><\/h3>\n\n\n\n<p>Il loro aspetto affascinante e il loro comportamento indipendente fanno dei gatti gli animali domestici pi\u00f9 amati in Svizzera. Sono considerati facile da accudire e si ritiene che la loro detenzione sia molto meno dispendiosa in termini di tempo rispetto a quello dei cani.<\/p>\n\n\n\n<div class=\"wp-block-buttons is-layout-flex wp-block-buttons-is-layout-flex\">\n<div class=\"wp-block-button\"><a class=\"wp-block-button__link wp-element-button\" href=\"https:\/\/tierschutz.com\/it\/detenzione-di-animali\/allevamento-di-animali-domestici\/detenzione-di-gatti\/\">Saperne di pi\u00f9<\/a><\/div>\n<\/div>\n<\/div><\/div>\n\n\n\n<div class=\"wp-block-media-text alignwide is-stacked-on-mobile is-style-stacked-shadow no-inset\"><figure class=\"wp-block-media-text__media\"><img decoding=\"async\" src=\"https:\/\/tierschutz.com\/app\/uploads\/2023\/05\/STS-Reptilienhatlung-2-1024x658.jpg\" alt=\"Ein orange-weisses Reptil vor einem verschwommen Hintergrund\" class=\"wp-image-1876 size-full\"\/><\/figure><div class=\"wp-block-media-text__content\">\n<h3 class=\"wp-block-heading\" id=\"h-allevamento-di-rettili\"><strong>Allevamento di rettili<\/strong><\/h3>\n\n\n\n<p>Pelle squamosa e forme del corpo bizzarre. I rettili hanno da sempre esercitato un grande fascino sull&#8217;uomo. Non sorprende quindi che questi animali siano entrati nei nostri salotti. Ma di cosa bisogna tenere conto quando si allevano rettili?<\/p>\n\n\n\n<div class=\"wp-block-buttons is-layout-flex wp-block-buttons-is-layout-flex\">\n<div class=\"wp-block-button\"><a class=\"wp-block-button__link wp-element-button\" href=\"https:\/\/tierschutz.com\/it\/detenzione-di-animali\/allevamento-di-animali-domestici\/detenzione-di-rettili\/\">Saperne di pi\u00f9<\/a><\/div>\n<\/div>\n<\/div><\/div>\n\n\n\n<div class=\"wp-block-media-text alignwide is-stacked-on-mobile is-style-stacked-shadow no-inset\"><figure class=\"wp-block-media-text__media\"><img loading=\"lazy\" decoding=\"async\" width=\"1024\" height=\"658\" src=\"https:\/\/tierschutz.com\/app\/uploads\/2023\/05\/STS-Heimtiere-Nager-1024x658.jpg\" alt=\"Vier Meerschweinchen die vor einem H\u00fcgel L\u00f6wenzahnsitzen und davon essen \" class=\"wp-image-1653 size-full\" srcset=\"https:\/\/tierschutz.com\/app\/uploads\/2023\/05\/STS-Heimtiere-Nager-1024x658.jpg 1024w, https:\/\/tierschutz.com\/app\/uploads\/2023\/05\/STS-Heimtiere-Nager-300x193.jpg 300w, https:\/\/tierschutz.com\/app\/uploads\/2023\/05\/STS-Heimtiere-Nager-768x494.jpg 768w, https:\/\/tierschutz.com\/app\/uploads\/2023\/05\/STS-Heimtiere-Nager.jpg 1416w\" sizes=\"auto, (max-width: 1024px) 100vw, 1024px\" \/><\/figure><div class=\"wp-block-media-text__content\">\n<h3 class=\"wp-block-heading\" id=\"h-detenzione-di-roditori-e-conigli\"><strong><strong><strong>Detenzione di roditori e conigli<\/strong><\/strong><\/strong><\/h3>\n\n\n\n<p>I conigli e i roditori domestici come porcellini d\u2019India, criceti e degu sono animali da compagnia molto apprezzati, soprattutto tra le famiglie e i bambini.<\/p>\n\n\n\n<div class=\"wp-block-buttons is-layout-flex wp-block-buttons-is-layout-flex\">\n<div class=\"wp-block-button\"><a class=\"wp-block-button__link wp-element-button\" href=\"https:\/\/tierschutz.com\/it\/detenzione-di-animali\/allevamento-di-animali-domestici\/detenzione-di-roditori-e-conigli\/\">Saperne di pi\u00f9<\/a><\/div>\n<\/div>\n<\/div><\/div>\n\n\n\n<div class=\"wp-block-media-text alignwide is-stacked-on-mobile is-style-stacked-shadow no-inset\"><figure class=\"wp-block-media-text__media\"><img loading=\"lazy\" decoding=\"async\" width=\"1024\" height=\"658\" src=\"https:\/\/tierschutz.com\/app\/uploads\/2023\/05\/STS-Terrarien-1-1024x658.jpg\" alt=\"Ein weiss-braunes Kaninchen in einem Terrarium in einem Schaufenster mit einem Ventilator daneben\" class=\"wp-image-1898 size-full\" srcset=\"https:\/\/tierschutz.com\/app\/uploads\/2023\/05\/STS-Terrarien-1-1024x658.jpg 1024w, https:\/\/tierschutz.com\/app\/uploads\/2023\/05\/STS-Terrarien-1-300x193.jpg 300w, https:\/\/tierschutz.com\/app\/uploads\/2023\/05\/STS-Terrarien-1-768x494.jpg 768w, https:\/\/tierschutz.com\/app\/uploads\/2023\/05\/STS-Terrarien-1.jpg 1416w\" sizes=\"auto, (max-width: 1024px) 100vw, 1024px\" \/><\/figure><div class=\"wp-block-media-text__content\">\n<h3 class=\"wp-block-heading\" id=\"h-terrari\"><strong>Terrari<\/strong><\/h3>\n\n\n\n<p>L&#8217;elemento fondamentale per l&#8217;allevamento dei rettili \u00e8 il terrario giusto. Se \u00e8 allestito male o in modo errato, gli animali soffriranno. Con un numero cos\u00ec elevato di specie di rettili, \u00e8 quindi estremamente importante esaminare attentamente i requisiti di un terrario.<\/p>\n\n\n\n<div class=\"wp-block-buttons is-layout-flex wp-block-buttons-is-layout-flex\">\n<div class=\"wp-block-button\"><a class=\"wp-block-button__link wp-element-button\" href=\"https:\/\/tierschutz.com\/it\/detenzione-di-animali\/allevamento-di-animali-domestici\/terrari\/\">Saperne di pi\u00f9<\/a><\/div>\n<\/div>\n<\/div><\/div>\n\n\n\n<div class=\"wp-block-media-text alignwide is-stacked-on-mobile is-style-stacked-shadow no-inset\"><figure class=\"wp-block-media-text__media\"><img loading=\"lazy\" decoding=\"async\" width=\"1024\" height=\"681\" src=\"https:\/\/tierschutz.com\/app\/uploads\/2023\/06\/sts-tierhaltungs-rechner-1024x681.jpg\" alt=\"\" class=\"wp-image-5740 size-full\" srcset=\"https:\/\/tierschutz.com\/app\/uploads\/2023\/06\/sts-tierhaltungs-rechner-1024x681.jpg 1024w, https:\/\/tierschutz.com\/app\/uploads\/2023\/06\/sts-tierhaltungs-rechner-300x199.jpg 300w, https:\/\/tierschutz.com\/app\/uploads\/2023\/06\/sts-tierhaltungs-rechner-768x511.jpg 768w, https:\/\/tierschutz.com\/app\/uploads\/2023\/06\/sts-tierhaltungs-rechner-1536x1021.jpg 1536w, https:\/\/tierschutz.com\/app\/uploads\/2023\/06\/sts-tierhaltungs-rechner-2048x1362.jpg 2048w\" sizes=\"auto, (max-width: 1024px) 100vw, 1024px\" \/><\/figure><div class=\"wp-block-media-text__content\">\n<h3 class=\"wp-block-heading\" id=\"h-calcolatore-per-l-allevamento-di-animali\"><strong>Calcolatore per l&#8217;allevamento di animali<\/strong><\/h3>\n\n\n\n<p>Prima di acquistare un animale domestico, i proprietari devono essere ben informati sulle sue esigenze e sui requisiti per un allevamento adeguato alla specie. Grazie al pratico strumento online della Protezione Animali Svizzera STS, \u00e8 possibile trovare le informazioni pi\u00f9 importanti in pochi clic.<\/p>\n\n\n\n<div class=\"wp-block-buttons is-layout-flex wp-block-buttons-is-layout-flex\">\n<div class=\"wp-block-button\"><a class=\"wp-block-button__link wp-element-button\" href=\"https:\/\/tierschutz.com\/it\/detenzione-di-animali\/allevamento-di-animali-domestici\/calcolatore-per-la-detenzione-di-animali\/\">Saperne di pi\u00f9<\/a><\/div>\n<\/div>\n<\/div><\/div>\n\n\n<\/div>\n<\/div>\n","protected":false},"excerpt":{"rendered":"<p>Detenzione di cani Il migliore amico dell&#8217;uomo: il cane. Per migliaia di anni, gli amici a quattro zampe hanno accompagnato [&hellip;]<\/p>\n","protected":false},"author":5,"featured_media":0,"parent":7015,"menu_order":72,"comment_status":"closed","ping_status":"closed","template":"","meta":{"_acf_changed":false,"inline_featured_image":false,"_vp_format_video_url":"","_vp_image_focal_point":[],"footnotes":""},"class_list":["post-4266","page","type-page","status-publish","hentry"],"acf":[],"yoast_head":"<!-- This site is optimized with the Yoast SEO Premium plugin v27.4 (Yoast SEO v27.4) - https:\/\/yoast.com\/product\/yoast-seo-premium-wordpress\/ -->\n<title>Allevamento di animali domestici - Protezione Svizzera degli Animali PSA<\/title>\n<meta name=\"robots\" content=\"index, follow, max-snippet:-1, max-image-preview:large, max-video-preview:-1\" \/>\n<link rel=\"canonical\" href=\"https:\/\/tierschutz.com\/it\/detenzione-di-animali\/allevamento-di-animali-domestici\/\" \/>\n<meta property=\"og:locale\" content=\"it_IT\" \/>\n<meta property=\"og:type\" content=\"article\" \/>\n<meta property=\"og:title\" content=\"Allevamento di animali domestici\" \/>\n<meta property=\"og:description\" content=\"Detenzione di cani Il migliore amico dell&#8217;uomo: il cane. Per migliaia di anni, gli amici a quattro zampe hanno accompagnato [&hellip;]\" \/>\n<meta property=\"og:url\" content=\"https:\/\/tierschutz.com\/it\/detenzione-di-animali\/allevamento-di-animali-domestici\/\" \/>\n<meta property=\"og:site_name\" content=\"Protezione Svizzera degli Animali PSA\" \/>\n<meta property=\"article:publisher\" content=\"https:\/\/www.facebook.com\/schweizertierschutz\/\" \/>\n<meta property=\"article:modified_time\" content=\"2026-01-27T15:56:37+00:00\" \/>\n<meta property=\"og:image\" content=\"https:\/\/tierschutz.com\/app\/uploads\/2023\/05\/STS-Hundehaltung-1.jpg\" \/>\n<meta name=\"twitter:card\" content=\"summary_large_image\" \/>\n<meta name=\"twitter:label1\" content=\"Tempo di lettura stimato\" \/>\n\t<meta name=\"twitter:data1\" content=\"4 minuti\" \/>\n<script type=\"application\/ld+json\" class=\"yoast-schema-graph\">{\"@context\":\"https:\\\/\\\/schema.org\",\"@graph\":[{\"@type\":\"WebPage\",\"@id\":\"https:\\\/\\\/tierschutz.com\\\/it\\\/detenzione-di-animali\\\/allevamento-di-animali-domestici\\\/\",\"url\":\"https:\\\/\\\/tierschutz.com\\\/it\\\/detenzione-di-animali\\\/allevamento-di-animali-domestici\\\/\",\"name\":\"Allevamento di animali domestici - Protezione Svizzera degli Animali PSA\",\"isPartOf\":{\"@id\":\"https:\\\/\\\/mail.schweizer-tierschutz.ch\\\/#website\"},\"primaryImageOfPage\":{\"@id\":\"https:\\\/\\\/tierschutz.com\\\/it\\\/detenzione-di-animali\\\/allevamento-di-animali-domestici\\\/#primaryimage\"},\"image\":{\"@id\":\"https:\\\/\\\/tierschutz.com\\\/it\\\/detenzione-di-animali\\\/allevamento-di-animali-domestici\\\/#primaryimage\"},\"thumbnailUrl\":\"https:\\\/\\\/tierschutz.com\\\/app\\\/uploads\\\/2023\\\/05\\\/STS-Hundehaltung-1.jpg\",\"datePublished\":\"2023-05-04T09:29:53+00:00\",\"dateModified\":\"2026-01-27T15:56:37+00:00\",\"breadcrumb\":{\"@id\":\"https:\\\/\\\/tierschutz.com\\\/it\\\/detenzione-di-animali\\\/allevamento-di-animali-domestici\\\/#breadcrumb\"},\"inLanguage\":\"it-IT\",\"potentialAction\":[{\"@type\":\"ReadAction\",\"target\":[\"https:\\\/\\\/tierschutz.com\\\/it\\\/detenzione-di-animali\\\/allevamento-di-animali-domestici\\\/\"]}]},{\"@type\":\"ImageObject\",\"inLanguage\":\"it-IT\",\"@id\":\"https:\\\/\\\/tierschutz.com\\\/it\\\/detenzione-di-animali\\\/allevamento-di-animali-domestici\\\/#primaryimage\",\"url\":\"https:\\\/\\\/tierschutz.com\\\/app\\\/uploads\\\/2023\\\/05\\\/STS-Hundehaltung-1.jpg\",\"contentUrl\":\"https:\\\/\\\/tierschutz.com\\\/app\\\/uploads\\\/2023\\\/05\\\/STS-Hundehaltung-1.jpg\"},{\"@type\":\"BreadcrumbList\",\"@id\":\"https:\\\/\\\/tierschutz.com\\\/it\\\/detenzione-di-animali\\\/allevamento-di-animali-domestici\\\/#breadcrumb\",\"itemListElement\":[{\"@type\":\"ListItem\",\"position\":1,\"name\":\"Pagina iniziale\",\"item\":\"https:\\\/\\\/mail.schweizer-tierschutz.ch\\\/it\\\/\"},{\"@type\":\"ListItem\",\"position\":2,\"name\":\"Detenzione di animali\",\"item\":\"https:\\\/\\\/mail.schweizer-tierschutz.ch\\\/it\\\/detenzione-di-animali\\\/\"},{\"@type\":\"ListItem\",\"position\":3,\"name\":\"Allevamento di animali domestici\"}]},{\"@type\":\"WebSite\",\"@id\":\"https:\\\/\\\/mail.schweizer-tierschutz.ch\\\/#website\",\"url\":\"https:\\\/\\\/mail.schweizer-tierschutz.ch\\\/\",\"name\":\"tierschutz.com\",\"description\":\"Wir setzen uns f\u00fcr das Wohl der Tiere ein.\",\"publisher\":{\"@id\":\"https:\\\/\\\/mail.schweizer-tierschutz.ch\\\/#organization\"},\"alternateName\":\"Schweizer Tierschutz STS\",\"potentialAction\":[{\"@type\":\"SearchAction\",\"target\":{\"@type\":\"EntryPoint\",\"urlTemplate\":\"https:\\\/\\\/mail.schweizer-tierschutz.ch\\\/?s={search_term_string}\"},\"query-input\":{\"@type\":\"PropertyValueSpecification\",\"valueRequired\":true,\"valueName\":\"search_term_string\"}}],\"inLanguage\":\"it-IT\"},{\"@type\":\"Organization\",\"@id\":\"https:\\\/\\\/mail.schweizer-tierschutz.ch\\\/#organization\",\"name\":\"Schweizer Tierschutz STS\",\"alternateName\":\"STS\",\"url\":\"https:\\\/\\\/mail.schweizer-tierschutz.ch\\\/\",\"logo\":{\"@type\":\"ImageObject\",\"inLanguage\":\"it-IT\",\"@id\":\"https:\\\/\\\/mail.schweizer-tierschutz.ch\\\/#\\\/schema\\\/logo\\\/image\\\/\",\"url\":\"https:\\\/\\\/tierschutz.com\\\/app\\\/uploads\\\/2024\\\/04\\\/logo-schweizer-tierschutz-sts-1.svg\",\"contentUrl\":\"https:\\\/\\\/tierschutz.com\\\/app\\\/uploads\\\/2024\\\/04\\\/logo-schweizer-tierschutz-sts-1.svg\",\"caption\":\"Schweizer Tierschutz STS\"},\"image\":{\"@id\":\"https:\\\/\\\/mail.schweizer-tierschutz.ch\\\/#\\\/schema\\\/logo\\\/image\\\/\"},\"sameAs\":[\"https:\\\/\\\/www.facebook.com\\\/schweizertierschutz\\\/\",\"https:\\\/\\\/www.instagram.com\\\/schweizertierschutzsts\\\/\",\"https:\\\/\\\/www.youtube.com\\\/@STS_Tierschutz\",\"https:\\\/\\\/www.linkedin.com\\\/company\\\/schweizertierschutzsts\\\/\"],\"description\":\"Der Schweizer Tierschutz STS ist der Dachverband von 71 Tierschutzorganisationen in allen Sprachregionen der Schweiz und in Liechtenstein. Seine Mitarbeitenden leisten wissenschaftlich fundierte Grundlagenarbeit, setzen sich mit Projekten und Aktionen f\u00fcr den Schutz und das Wohlbefinden von Heim-, Wild-, Nutz- und Versuchstieren ein und sensibilisieren die \u00d6ffentlichkeit f\u00fcr Tierschutzthemen.\",\"email\":\"sts@tierschutz.com\",\"telephone\":\"061 365 99 99\",\"legalName\":\"Schweizer Tierschutz STS\"}]}<\/script>\n<!-- \/ Yoast SEO Premium plugin. -->","yoast_head_json":{"title":"Allevamento di animali domestici - Protezione Svizzera degli Animali PSA","robots":{"index":"index","follow":"follow","max-snippet":"max-snippet:-1","max-image-preview":"max-image-preview:large","max-video-preview":"max-video-preview:-1"},"canonical":"https:\/\/tierschutz.com\/it\/detenzione-di-animali\/allevamento-di-animali-domestici\/","og_locale":"it_IT","og_type":"article","og_title":"Allevamento di animali domestici","og_description":"Detenzione di cani Il migliore amico dell&#8217;uomo: il cane. Per migliaia di anni, gli amici a quattro zampe hanno accompagnato [&hellip;]","og_url":"https:\/\/tierschutz.com\/it\/detenzione-di-animali\/allevamento-di-animali-domestici\/","og_site_name":"Protezione Svizzera degli Animali PSA","article_publisher":"https:\/\/www.facebook.com\/schweizertierschutz\/","article_modified_time":"2026-01-27T15:56:37+00:00","og_image":[{"url":"https:\/\/tierschutz.com\/app\/uploads\/2023\/05\/STS-Hundehaltung-1.jpg","type":"","width":"","height":""}],"twitter_card":"summary_large_image","twitter_misc":{"Tempo di lettura stimato":"4 minuti"},"schema":{"@context":"https:\/\/schema.org","@graph":[{"@type":"WebPage","@id":"https:\/\/tierschutz.com\/it\/detenzione-di-animali\/allevamento-di-animali-domestici\/","url":"https:\/\/tierschutz.com\/it\/detenzione-di-animali\/allevamento-di-animali-domestici\/","name":"Allevamento di animali domestici - Protezione Svizzera degli Animali PSA","isPartOf":{"@id":"https:\/\/mail.schweizer-tierschutz.ch\/#website"},"primaryImageOfPage":{"@id":"https:\/\/tierschutz.com\/it\/detenzione-di-animali\/allevamento-di-animali-domestici\/#primaryimage"},"image":{"@id":"https:\/\/tierschutz.com\/it\/detenzione-di-animali\/allevamento-di-animali-domestici\/#primaryimage"},"thumbnailUrl":"https:\/\/tierschutz.com\/app\/uploads\/2023\/05\/STS-Hundehaltung-1.jpg","datePublished":"2023-05-04T09:29:53+00:00","dateModified":"2026-01-27T15:56:37+00:00","breadcrumb":{"@id":"https:\/\/tierschutz.com\/it\/detenzione-di-animali\/allevamento-di-animali-domestici\/#breadcrumb"},"inLanguage":"it-IT","potentialAction":[{"@type":"ReadAction","target":["https:\/\/tierschutz.com\/it\/detenzione-di-animali\/allevamento-di-animali-domestici\/"]}]},{"@type":"ImageObject","inLanguage":"it-IT","@id":"https:\/\/tierschutz.com\/it\/detenzione-di-animali\/allevamento-di-animali-domestici\/#primaryimage","url":"https:\/\/tierschutz.com\/app\/uploads\/2023\/05\/STS-Hundehaltung-1.jpg","contentUrl":"https:\/\/tierschutz.com\/app\/uploads\/2023\/05\/STS-Hundehaltung-1.jpg"},{"@type":"BreadcrumbList","@id":"https:\/\/tierschutz.com\/it\/detenzione-di-animali\/allevamento-di-animali-domestici\/#breadcrumb","itemListElement":[{"@type":"ListItem","position":1,"name":"Pagina iniziale","item":"https:\/\/mail.schweizer-tierschutz.ch\/it\/"},{"@type":"ListItem","position":2,"name":"Detenzione di animali","item":"https:\/\/mail.schweizer-tierschutz.ch\/it\/detenzione-di-animali\/"},{"@type":"ListItem","position":3,"name":"Allevamento di animali domestici"}]},{"@type":"WebSite","@id":"https:\/\/mail.schweizer-tierschutz.ch\/#website","url":"https:\/\/mail.schweizer-tierschutz.ch\/","name":"tierschutz.com","description":"Wir setzen uns f\u00fcr das Wohl der Tiere ein.","publisher":{"@id":"https:\/\/mail.schweizer-tierschutz.ch\/#organization"},"alternateName":"Schweizer Tierschutz STS","potentialAction":[{"@type":"SearchAction","target":{"@type":"EntryPoint","urlTemplate":"https:\/\/mail.schweizer-tierschutz.ch\/?s={search_term_string}"},"query-input":{"@type":"PropertyValueSpecification","valueRequired":true,"valueName":"search_term_string"}}],"inLanguage":"it-IT"},{"@type":"Organization","@id":"https:\/\/mail.schweizer-tierschutz.ch\/#organization","name":"Schweizer Tierschutz STS","alternateName":"STS","url":"https:\/\/mail.schweizer-tierschutz.ch\/","logo":{"@type":"ImageObject","inLanguage":"it-IT","@id":"https:\/\/mail.schweizer-tierschutz.ch\/#\/schema\/logo\/image\/","url":"https:\/\/tierschutz.com\/app\/uploads\/2024\/04\/logo-schweizer-tierschutz-sts-1.svg","contentUrl":"https:\/\/tierschutz.com\/app\/uploads\/2024\/04\/logo-schweizer-tierschutz-sts-1.svg","caption":"Schweizer Tierschutz STS"},"image":{"@id":"https:\/\/mail.schweizer-tierschutz.ch\/#\/schema\/logo\/image\/"},"sameAs":["https:\/\/www.facebook.com\/schweizertierschutz\/","https:\/\/www.instagram.com\/schweizertierschutzsts\/","https:\/\/www.youtube.com\/@STS_Tierschutz","https:\/\/www.linkedin.com\/company\/schweizertierschutzsts\/"],"description":"Der Schweizer Tierschutz STS ist der Dachverband von 71 Tierschutzorganisationen in allen Sprachregionen der Schweiz und in Liechtenstein. Seine Mitarbeitenden leisten wissenschaftlich fundierte Grundlagenarbeit, setzen sich mit Projekten und Aktionen f\u00fcr den Schutz und das Wohlbefinden von Heim-, Wild-, Nutz- und Versuchstieren ein und sensibilisieren die \u00d6ffentlichkeit f\u00fcr Tierschutzthemen.","email":"sts@tierschutz.com","telephone":"061 365 99 99","legalName":"Schweizer Tierschutz STS"}]}},"_links":{"self":[{"href":"https:\/\/tierschutz.com\/it\/wp-json\/wp\/v2\/pages\/4266","targetHints":{"allow":["GET"]}}],"collection":[{"href":"https:\/\/tierschutz.com\/it\/wp-json\/wp\/v2\/pages"}],"about":[{"href":"https:\/\/tierschutz.com\/it\/wp-json\/wp\/v2\/types\/page"}],"author":[{"embeddable":true,"href":"https:\/\/tierschutz.com\/it\/wp-json\/wp\/v2\/users\/5"}],"replies":[{"embeddable":true,"href":"https:\/\/tierschutz.com\/it\/wp-json\/wp\/v2\/comments?post=4266"}],"version-history":[{"count":11,"href":"https:\/\/tierschutz.com\/it\/wp-json\/wp\/v2\/pages\/4266\/revisions"}],"predecessor-version":[{"id":35909,"href":"https:\/\/tierschutz.com\/it\/wp-json\/wp\/v2\/pages\/4266\/revisions\/35909"}],"up":[{"embeddable":true,"href":"https:\/\/tierschutz.com\/it\/wp-json\/wp\/v2\/pages\/7015"}],"wp:attachment":[{"href":"https:\/\/tierschutz.com\/it\/wp-json\/wp\/v2\/media?parent=4266"}],"curies":[{"name":"wp","href":"https:\/\/api.w.org\/{rel}","templated":true}]}}