{"id":5509,"date":"2023-05-04T15:34:46","date_gmt":"2023-05-04T13:34:46","guid":{"rendered":"https:\/\/dev.tierschutz.com\/?page_id=5509"},"modified":"2025-05-14T09:20:16","modified_gmt":"2025-05-14T07:20:16","slug":"consulenza-veterinaria","status":"publish","type":"page","link":"https:\/\/tierschutz.com\/it\/chi-siamo\/consulenza\/consulenza-veterinaria\/","title":{"rendered":"Consulenza veterinaria"},"content":{"rendered":"\n<div class=\"wp-block-cover alignfull is-light\"><img loading=\"lazy\" decoding=\"async\" width=\"1416\" height=\"910\" class=\"wp-block-cover__image-background wp-image-2381\" alt=\"Ein Igelbaby das von einem Mensch gehalten wird und von einer Spritze gef\u00fcttert wird\" src=\"https:\/\/tierschutz.com\/app\/uploads\/2023\/05\/STS-Tieraerztliche-Beratungsstelle.jpg\" style=\"object-position:55% 19%\" data-object-fit=\"cover\" data-object-position=\"55% 19%\" srcset=\"https:\/\/tierschutz.com\/app\/uploads\/2023\/05\/STS-Tieraerztliche-Beratungsstelle.jpg 1416w, https:\/\/tierschutz.com\/app\/uploads\/2023\/05\/STS-Tieraerztliche-Beratungsstelle-300x193.jpg 300w, https:\/\/tierschutz.com\/app\/uploads\/2023\/05\/STS-Tieraerztliche-Beratungsstelle-1024x658.jpg 1024w, https:\/\/tierschutz.com\/app\/uploads\/2023\/05\/STS-Tieraerztliche-Beratungsstelle-768x494.jpg 768w\" sizes=\"auto, (max-width: 1416px) 100vw, 1416px\" \/><span aria-hidden=\"true\" class=\"wp-block-cover__background has-foreground-background-color has-background-dim-30 has-background-dim\"><\/span><div class=\"wp-block-cover__inner-container is-layout-flow wp-block-cover-is-layout-flow\">\n<h2 class=\"wp-block-heading has-text-align-center has-background-color has-text-color\" id=\"h-servizio-di-consulenza-veterinaria-nbsp\"><strong>Servizio di consulenza veterinaria&nbsp;<\/strong><\/h2>\n<\/div><\/div>\n\n\n\n<div class=\"wp-block-group alignfull anchor-bar has-lightgray-background-color has-background is-layout-constrained wp-block-group-is-layout-constrained\">\n<div class=\"wp-block-group is-content-justification-center is-layout-flex wp-container-core-group-is-layout-b02886af wp-block-group-is-layout-flex\">\n<p class=\"has-large-font-size\"><strong><a href=\"#beratungsstelle\" rel=\"sponsored nofollow\"><strong>L\u2019ufficio specialistico<\/strong><\/a><\/strong><\/p>\n\n\n\n<p class=\"has-large-font-size\"><strong><a data-type=\"internal\" data-id=\"#kontakt\" href=\"#kontakt\">contatto<\/a><\/strong><\/p>\n<\/div>\n<\/div>\n\n\n\n<div class=\"wp-block-group alignfull has-background-background-color has-background is-layout-constrained wp-block-group-is-layout-constrained\" id=\"beratungsstelle\"><div class=\"yoast-breadcrumbs\"><span><span><a href=\"https:\/\/mail.schweizer-tierschutz.ch\/it\/\">Pagina iniziale<\/a><\/span> \u00bb <span><a href=\"https:\/\/tierschutz.com\/it\/chi-siamo\/\">Chi siamo<\/a><\/span> \u00bb <span><a href=\"https:\/\/tierschutz.com\/it\/chi-siamo\/consulenza\/\">Consulenza<\/a><\/span> \u00bb <span class=\"breadcrumb_last\" aria-current=\"page\">Consulenza veterinaria<\/span><\/span><\/div>\n\n\n<h1 class=\"wp-block-heading has-text-align-center\" id=\"h-consulenza-veterinaria\"><strong>Consulenza veterinaria<\/strong><\/h1>\n\n\n\n<hr class=\"wp-block-separator has-text-color has-primary-color has-alpha-channel-opacity has-primary-background-color has-background\"\/>\n\n\n\n<p class=\"has-text-align-center\">Il servizio di consulenza veterinaria si occupa di richieste interne ed esterne relative alla salute degli animali e alla medicina veterinaria, nonch\u00e9 al benessere degli animali in generale. L\u2019ufficio specialistico consiglia in modo specifico riguardo ai fattori e alle cause scatenanti stress e sovraccarichi per gli animali e sulle misure che possono essere prese per evitarli, prevenirli ed eliminarli.<\/p>\n<\/div>\n\n\n\n<div class=\"wp-block-cover alignfull is-light has-custom-content-position is-position-bottom-left\"><img loading=\"lazy\" decoding=\"async\" width=\"2047\" height=\"1339\" class=\"wp-block-cover__image-background wp-image-3160\" alt=\"\" src=\"https:\/\/tierschutz.com\/app\/uploads\/2023\/06\/sts-beratungsstelle.jpg\" style=\"object-position:34% 68%\" data-object-fit=\"cover\" data-object-position=\"34% 68%\" srcset=\"https:\/\/tierschutz.com\/app\/uploads\/2023\/06\/sts-beratungsstelle.jpg 2047w, https:\/\/tierschutz.com\/app\/uploads\/2023\/06\/sts-beratungsstelle-300x196.jpg 300w, https:\/\/tierschutz.com\/app\/uploads\/2023\/06\/sts-beratungsstelle-1024x670.jpg 1024w, https:\/\/tierschutz.com\/app\/uploads\/2023\/06\/sts-beratungsstelle-768x502.jpg 768w, https:\/\/tierschutz.com\/app\/uploads\/2023\/06\/sts-beratungsstelle-1536x1005.jpg 1536w\" sizes=\"auto, (max-width: 2047px) 100vw, 2047px\" \/><span aria-hidden=\"true\" class=\"wp-block-cover__background has-background-dim-0 has-background-dim\"><\/span><div class=\"wp-block-cover__inner-container is-layout-flow wp-block-cover-is-layout-flow\">\n<div class=\"wp-block-group is-style-shadow-box has-foreground-color has-background-background-color has-text-color has-background is-layout-constrained wp-block-group-is-layout-constrained\">\n<h3 class=\"wp-block-heading\" id=\"h-l-ufficio-specialistico\"><strong>L\u2019ufficio specialistico<\/strong><\/h3>\n\n\n\n<p>L\u2019ufficio specialistico gestisce anche il progetto Esposizioni e borse di animali\/valutazione delle esposizioni, in cui gli esperti della PSA valutano la gestione e le condizioni di detenzione degli animali esposti in relazione al loro benessere.<\/p>\n\n\n\n<div class=\"wp-block-buttons is-layout-flex wp-block-buttons-is-layout-flex\">\n<div class=\"wp-block-button\"><a class=\"wp-block-button__link wp-element-button\" href=\"https:\/\/tierschutz.com\/tierschutz\/themen\/tier-und-viehausstellungen\/\">Mostre di animali e bestiame<\/a><\/div>\n<\/div>\n<\/div>\n<\/div><\/div>\n\n\n\n<div class=\"wp-block-media-text is-stacked-on-mobile is-image-fill-element is-style-shadow is-contact\" style=\"grid-template-columns:40% auto\" id=\"kontakt\"><figure class=\"wp-block-media-text__media\"><img loading=\"lazy\" decoding=\"async\" width=\"1024\" height=\"576\" src=\"https:\/\/tierschutz.com\/app\/uploads\/2023\/05\/platzhalter-1-1024x576.png\" alt=\"\" class=\"wp-image-773 size-full\" style=\"object-position:50% 50%\" srcset=\"https:\/\/tierschutz.com\/app\/uploads\/2023\/05\/platzhalter-1-1024x576.png 1024w, https:\/\/tierschutz.com\/app\/uploads\/2023\/05\/platzhalter-1-300x169.png 300w, https:\/\/tierschutz.com\/app\/uploads\/2023\/05\/platzhalter-1-768x432.png 768w, https:\/\/tierschutz.com\/app\/uploads\/2023\/05\/platzhalter-1-1536x864.png 1536w, https:\/\/tierschutz.com\/app\/uploads\/2023\/05\/platzhalter-1-2048x1152.png 2048w\" sizes=\"auto, (max-width: 1024px) 100vw, 1024px\" \/><\/figure><div class=\"wp-block-media-text__content\">\n<h3 class=\"wp-block-heading\" id=\"h-consulenza-veterinaria-0\"><strong><strong><strong><strong><strong>Consulenza veterinaria<\/strong><\/strong><\/strong><\/strong><\/strong><\/h3>\n\n\n\n<p><a href=\"tel:+41 61 365 99 99\">+41 61 365 99 99<\/a><br><a href=\"mailto:psa@protezione-animali.com\">psa@protezione-animali.com<\/a><\/p>\n<\/div><\/div>\n\n\n\n<div style=\"height:5em\" aria-hidden=\"true\" class=\"wp-block-spacer\"><\/div>\n","protected":false},"excerpt":{"rendered":"<p>L\u2019ufficio specialistico contatto Consulenza veterinaria Il servizio di consulenza veterinaria si occupa di richieste interne ed esterne relative alla salute [&hellip;]<\/p>\n","protected":false},"author":5,"featured_media":0,"parent":7049,"menu_order":192,"comment_status":"closed","ping_status":"closed","template":"","meta":{"_acf_changed":false,"inline_featured_image":false,"_vp_format_video_url":"","_vp_image_focal_point":[],"footnotes":""},"class_list":["post-5509","page","type-page","status-publish","hentry"],"acf":[],"yoast_head":"<!-- This site is optimized with the Yoast SEO Premium plugin v27.4 (Yoast SEO v27.4) - https:\/\/yoast.com\/product\/yoast-seo-premium-wordpress\/ -->\n<title>Consulenza veterinaria - Protezione Svizzera degli Animali PSA<\/title>\n<meta name=\"robots\" content=\"index, follow, max-snippet:-1, max-image-preview:large, max-video-preview:-1\" \/>\n<link rel=\"canonical\" href=\"https:\/\/tierschutz.com\/it\/chi-siamo\/consulenza\/consulenza-veterinaria\/\" \/>\n<meta property=\"og:locale\" content=\"it_IT\" \/>\n<meta property=\"og:type\" content=\"article\" \/>\n<meta property=\"og:title\" content=\"Consulenza veterinaria\" \/>\n<meta property=\"og:description\" content=\"L\u2019ufficio specialistico contatto Consulenza veterinaria Il servizio di consulenza veterinaria si occupa di richieste interne ed esterne relative alla salute [&hellip;]\" \/>\n<meta property=\"og:url\" content=\"https:\/\/tierschutz.com\/it\/chi-siamo\/consulenza\/consulenza-veterinaria\/\" \/>\n<meta property=\"og:site_name\" content=\"Protezione Svizzera degli Animali PSA\" \/>\n<meta property=\"article:publisher\" content=\"https:\/\/www.facebook.com\/schweizertierschutz\/\" \/>\n<meta property=\"article:modified_time\" content=\"2025-05-14T07:20:16+00:00\" \/>\n<meta property=\"og:image\" content=\"https:\/\/tierschutz.com\/app\/uploads\/2023\/05\/STS-Tieraerztliche-Beratungsstelle.jpg\" \/>\n<meta name=\"twitter:card\" content=\"summary_large_image\" \/>\n<meta name=\"twitter:label1\" content=\"Tempo di lettura stimato\" \/>\n\t<meta name=\"twitter:data1\" content=\"2 minuti\" \/>\n<script type=\"application\/ld+json\" class=\"yoast-schema-graph\">{\"@context\":\"https:\\\/\\\/schema.org\",\"@graph\":[{\"@type\":\"WebPage\",\"@id\":\"https:\\\/\\\/tierschutz.com\\\/it\\\/chi-siamo\\\/consulenza\\\/consulenza-veterinaria\\\/\",\"url\":\"https:\\\/\\\/tierschutz.com\\\/it\\\/chi-siamo\\\/consulenza\\\/consulenza-veterinaria\\\/\",\"name\":\"Consulenza veterinaria - Protezione Svizzera degli Animali PSA\",\"isPartOf\":{\"@id\":\"https:\\\/\\\/mail.schweizer-tierschutz.ch\\\/#website\"},\"primaryImageOfPage\":{\"@id\":\"https:\\\/\\\/tierschutz.com\\\/it\\\/chi-siamo\\\/consulenza\\\/consulenza-veterinaria\\\/#primaryimage\"},\"image\":{\"@id\":\"https:\\\/\\\/tierschutz.com\\\/it\\\/chi-siamo\\\/consulenza\\\/consulenza-veterinaria\\\/#primaryimage\"},\"thumbnailUrl\":\"https:\\\/\\\/tierschutz.com\\\/app\\\/uploads\\\/2023\\\/05\\\/STS-Tieraerztliche-Beratungsstelle.jpg\",\"datePublished\":\"2023-05-04T13:34:46+00:00\",\"dateModified\":\"2025-05-14T07:20:16+00:00\",\"breadcrumb\":{\"@id\":\"https:\\\/\\\/tierschutz.com\\\/it\\\/chi-siamo\\\/consulenza\\\/consulenza-veterinaria\\\/#breadcrumb\"},\"inLanguage\":\"it-IT\",\"potentialAction\":[{\"@type\":\"ReadAction\",\"target\":[\"https:\\\/\\\/tierschutz.com\\\/it\\\/chi-siamo\\\/consulenza\\\/consulenza-veterinaria\\\/\"]}]},{\"@type\":\"ImageObject\",\"inLanguage\":\"it-IT\",\"@id\":\"https:\\\/\\\/tierschutz.com\\\/it\\\/chi-siamo\\\/consulenza\\\/consulenza-veterinaria\\\/#primaryimage\",\"url\":\"https:\\\/\\\/tierschutz.com\\\/app\\\/uploads\\\/2023\\\/05\\\/STS-Tieraerztliche-Beratungsstelle.jpg\",\"contentUrl\":\"https:\\\/\\\/tierschutz.com\\\/app\\\/uploads\\\/2023\\\/05\\\/STS-Tieraerztliche-Beratungsstelle.jpg\"},{\"@type\":\"BreadcrumbList\",\"@id\":\"https:\\\/\\\/tierschutz.com\\\/it\\\/chi-siamo\\\/consulenza\\\/consulenza-veterinaria\\\/#breadcrumb\",\"itemListElement\":[{\"@type\":\"ListItem\",\"position\":1,\"name\":\"Pagina iniziale\",\"item\":\"https:\\\/\\\/mail.schweizer-tierschutz.ch\\\/it\\\/\"},{\"@type\":\"ListItem\",\"position\":2,\"name\":\"Chi siamo\",\"item\":\"https:\\\/\\\/tierschutz.com\\\/it\\\/chi-siamo\\\/\"},{\"@type\":\"ListItem\",\"position\":3,\"name\":\"Consulenza\",\"item\":\"https:\\\/\\\/tierschutz.com\\\/it\\\/chi-siamo\\\/consulenza\\\/\"},{\"@type\":\"ListItem\",\"position\":4,\"name\":\"Consulenza veterinaria\"}]},{\"@type\":\"WebSite\",\"@id\":\"https:\\\/\\\/mail.schweizer-tierschutz.ch\\\/#website\",\"url\":\"https:\\\/\\\/mail.schweizer-tierschutz.ch\\\/\",\"name\":\"tierschutz.com\",\"description\":\"Wir setzen uns f\u00fcr das Wohl der Tiere ein.\",\"publisher\":{\"@id\":\"https:\\\/\\\/mail.schweizer-tierschutz.ch\\\/#organization\"},\"alternateName\":\"Schweizer Tierschutz STS\",\"potentialAction\":[{\"@type\":\"SearchAction\",\"target\":{\"@type\":\"EntryPoint\",\"urlTemplate\":\"https:\\\/\\\/mail.schweizer-tierschutz.ch\\\/?s={search_term_string}\"},\"query-input\":{\"@type\":\"PropertyValueSpecification\",\"valueRequired\":true,\"valueName\":\"search_term_string\"}}],\"inLanguage\":\"it-IT\"},{\"@type\":\"Organization\",\"@id\":\"https:\\\/\\\/mail.schweizer-tierschutz.ch\\\/#organization\",\"name\":\"Schweizer Tierschutz STS\",\"alternateName\":\"STS\",\"url\":\"https:\\\/\\\/mail.schweizer-tierschutz.ch\\\/\",\"logo\":{\"@type\":\"ImageObject\",\"inLanguage\":\"it-IT\",\"@id\":\"https:\\\/\\\/mail.schweizer-tierschutz.ch\\\/#\\\/schema\\\/logo\\\/image\\\/\",\"url\":\"https:\\\/\\\/tierschutz.com\\\/app\\\/uploads\\\/2024\\\/04\\\/logo-schweizer-tierschutz-sts-1.svg\",\"contentUrl\":\"https:\\\/\\\/tierschutz.com\\\/app\\\/uploads\\\/2024\\\/04\\\/logo-schweizer-tierschutz-sts-1.svg\",\"caption\":\"Schweizer Tierschutz STS\"},\"image\":{\"@id\":\"https:\\\/\\\/mail.schweizer-tierschutz.ch\\\/#\\\/schema\\\/logo\\\/image\\\/\"},\"sameAs\":[\"https:\\\/\\\/www.facebook.com\\\/schweizertierschutz\\\/\",\"https:\\\/\\\/www.instagram.com\\\/schweizertierschutzsts\\\/\",\"https:\\\/\\\/www.youtube.com\\\/@STS_Tierschutz\",\"https:\\\/\\\/www.linkedin.com\\\/company\\\/schweizertierschutzsts\\\/\"],\"description\":\"Der Schweizer Tierschutz STS ist der Dachverband von 71 Tierschutzorganisationen in allen Sprachregionen der Schweiz und in Liechtenstein. Seine Mitarbeitenden leisten wissenschaftlich fundierte Grundlagenarbeit, setzen sich mit Projekten und Aktionen f\u00fcr den Schutz und das Wohlbefinden von Heim-, Wild-, Nutz- und Versuchstieren ein und sensibilisieren die \u00d6ffentlichkeit f\u00fcr Tierschutzthemen.\",\"email\":\"sts@tierschutz.com\",\"telephone\":\"061 365 99 99\",\"legalName\":\"Schweizer Tierschutz STS\"}]}<\/script>\n<!-- \/ Yoast SEO Premium plugin. -->","yoast_head_json":{"title":"Consulenza veterinaria - Protezione Svizzera degli Animali PSA","robots":{"index":"index","follow":"follow","max-snippet":"max-snippet:-1","max-image-preview":"max-image-preview:large","max-video-preview":"max-video-preview:-1"},"canonical":"https:\/\/tierschutz.com\/it\/chi-siamo\/consulenza\/consulenza-veterinaria\/","og_locale":"it_IT","og_type":"article","og_title":"Consulenza veterinaria","og_description":"L\u2019ufficio specialistico contatto Consulenza veterinaria Il servizio di consulenza veterinaria si occupa di richieste interne ed esterne relative alla salute [&hellip;]","og_url":"https:\/\/tierschutz.com\/it\/chi-siamo\/consulenza\/consulenza-veterinaria\/","og_site_name":"Protezione Svizzera degli Animali PSA","article_publisher":"https:\/\/www.facebook.com\/schweizertierschutz\/","article_modified_time":"2025-05-14T07:20:16+00:00","og_image":[{"url":"https:\/\/tierschutz.com\/app\/uploads\/2023\/05\/STS-Tieraerztliche-Beratungsstelle.jpg","type":"","width":"","height":""}],"twitter_card":"summary_large_image","twitter_misc":{"Tempo di lettura stimato":"2 minuti"},"schema":{"@context":"https:\/\/schema.org","@graph":[{"@type":"WebPage","@id":"https:\/\/tierschutz.com\/it\/chi-siamo\/consulenza\/consulenza-veterinaria\/","url":"https:\/\/tierschutz.com\/it\/chi-siamo\/consulenza\/consulenza-veterinaria\/","name":"Consulenza veterinaria - Protezione Svizzera degli Animali PSA","isPartOf":{"@id":"https:\/\/mail.schweizer-tierschutz.ch\/#website"},"primaryImageOfPage":{"@id":"https:\/\/tierschutz.com\/it\/chi-siamo\/consulenza\/consulenza-veterinaria\/#primaryimage"},"image":{"@id":"https:\/\/tierschutz.com\/it\/chi-siamo\/consulenza\/consulenza-veterinaria\/#primaryimage"},"thumbnailUrl":"https:\/\/tierschutz.com\/app\/uploads\/2023\/05\/STS-Tieraerztliche-Beratungsstelle.jpg","datePublished":"2023-05-04T13:34:46+00:00","dateModified":"2025-05-14T07:20:16+00:00","breadcrumb":{"@id":"https:\/\/tierschutz.com\/it\/chi-siamo\/consulenza\/consulenza-veterinaria\/#breadcrumb"},"inLanguage":"it-IT","potentialAction":[{"@type":"ReadAction","target":["https:\/\/tierschutz.com\/it\/chi-siamo\/consulenza\/consulenza-veterinaria\/"]}]},{"@type":"ImageObject","inLanguage":"it-IT","@id":"https:\/\/tierschutz.com\/it\/chi-siamo\/consulenza\/consulenza-veterinaria\/#primaryimage","url":"https:\/\/tierschutz.com\/app\/uploads\/2023\/05\/STS-Tieraerztliche-Beratungsstelle.jpg","contentUrl":"https:\/\/tierschutz.com\/app\/uploads\/2023\/05\/STS-Tieraerztliche-Beratungsstelle.jpg"},{"@type":"BreadcrumbList","@id":"https:\/\/tierschutz.com\/it\/chi-siamo\/consulenza\/consulenza-veterinaria\/#breadcrumb","itemListElement":[{"@type":"ListItem","position":1,"name":"Pagina iniziale","item":"https:\/\/mail.schweizer-tierschutz.ch\/it\/"},{"@type":"ListItem","position":2,"name":"Chi siamo","item":"https:\/\/tierschutz.com\/it\/chi-siamo\/"},{"@type":"ListItem","position":3,"name":"Consulenza","item":"https:\/\/tierschutz.com\/it\/chi-siamo\/consulenza\/"},{"@type":"ListItem","position":4,"name":"Consulenza veterinaria"}]},{"@type":"WebSite","@id":"https:\/\/mail.schweizer-tierschutz.ch\/#website","url":"https:\/\/mail.schweizer-tierschutz.ch\/","name":"tierschutz.com","description":"Wir setzen uns f\u00fcr das Wohl der Tiere ein.","publisher":{"@id":"https:\/\/mail.schweizer-tierschutz.ch\/#organization"},"alternateName":"Schweizer Tierschutz STS","potentialAction":[{"@type":"SearchAction","target":{"@type":"EntryPoint","urlTemplate":"https:\/\/mail.schweizer-tierschutz.ch\/?s={search_term_string}"},"query-input":{"@type":"PropertyValueSpecification","valueRequired":true,"valueName":"search_term_string"}}],"inLanguage":"it-IT"},{"@type":"Organization","@id":"https:\/\/mail.schweizer-tierschutz.ch\/#organization","name":"Schweizer Tierschutz STS","alternateName":"STS","url":"https:\/\/mail.schweizer-tierschutz.ch\/","logo":{"@type":"ImageObject","inLanguage":"it-IT","@id":"https:\/\/mail.schweizer-tierschutz.ch\/#\/schema\/logo\/image\/","url":"https:\/\/tierschutz.com\/app\/uploads\/2024\/04\/logo-schweizer-tierschutz-sts-1.svg","contentUrl":"https:\/\/tierschutz.com\/app\/uploads\/2024\/04\/logo-schweizer-tierschutz-sts-1.svg","caption":"Schweizer Tierschutz STS"},"image":{"@id":"https:\/\/mail.schweizer-tierschutz.ch\/#\/schema\/logo\/image\/"},"sameAs":["https:\/\/www.facebook.com\/schweizertierschutz\/","https:\/\/www.instagram.com\/schweizertierschutzsts\/","https:\/\/www.youtube.com\/@STS_Tierschutz","https:\/\/www.linkedin.com\/company\/schweizertierschutzsts\/"],"description":"Der Schweizer Tierschutz STS ist der Dachverband von 71 Tierschutzorganisationen in allen Sprachregionen der Schweiz und in Liechtenstein. Seine Mitarbeitenden leisten wissenschaftlich fundierte Grundlagenarbeit, setzen sich mit Projekten und Aktionen f\u00fcr den Schutz und das Wohlbefinden von Heim-, Wild-, Nutz- und Versuchstieren ein und sensibilisieren die \u00d6ffentlichkeit f\u00fcr Tierschutzthemen.","email":"sts@tierschutz.com","telephone":"061 365 99 99","legalName":"Schweizer Tierschutz STS"}]}},"_links":{"self":[{"href":"https:\/\/tierschutz.com\/it\/wp-json\/wp\/v2\/pages\/5509","targetHints":{"allow":["GET"]}}],"collection":[{"href":"https:\/\/tierschutz.com\/it\/wp-json\/wp\/v2\/pages"}],"about":[{"href":"https:\/\/tierschutz.com\/it\/wp-json\/wp\/v2\/types\/page"}],"author":[{"embeddable":true,"href":"https:\/\/tierschutz.com\/it\/wp-json\/wp\/v2\/users\/5"}],"replies":[{"embeddable":true,"href":"https:\/\/tierschutz.com\/it\/wp-json\/wp\/v2\/comments?post=5509"}],"version-history":[{"count":4,"href":"https:\/\/tierschutz.com\/it\/wp-json\/wp\/v2\/pages\/5509\/revisions"}],"predecessor-version":[{"id":31433,"href":"https:\/\/tierschutz.com\/it\/wp-json\/wp\/v2\/pages\/5509\/revisions\/31433"}],"up":[{"embeddable":true,"href":"https:\/\/tierschutz.com\/it\/wp-json\/wp\/v2\/pages\/7049"}],"wp:attachment":[{"href":"https:\/\/tierschutz.com\/it\/wp-json\/wp\/v2\/media?parent=5509"}],"curies":[{"name":"wp","href":"https:\/\/api.w.org\/{rel}","templated":true}]}}