{"id":6109,"date":"2023-05-17T11:07:26","date_gmt":"2023-05-17T09:07:26","guid":{"rendered":"https:\/\/dev.tierschutz.com\/?page_id=6109"},"modified":"2023-06-28T18:14:20","modified_gmt":"2023-06-28T16:14:20","slug":"detenzione-di-animali-da-laboratorio","status":"publish","type":"page","link":"https:\/\/tierschutz.com\/it\/protezione-degli-animali\/temi\/esperimenti-sugli-animali\/detenzione-di-animali-da-laboratorio\/","title":{"rendered":"Detenzione di animali da laboratorio"},"content":{"rendered":"\n<div class=\"wp-block-cover alignfull is-light\"><span aria-hidden=\"true\" class=\"wp-block-cover__background has-background-dim-0 has-background-dim\"><\/span><img loading=\"lazy\" decoding=\"async\" width=\"1416\" height=\"910\" class=\"wp-block-cover__image-background wp-image-1739\" alt=\"Eine Mauss mit einem Ger\u00e4t auf dem Kopf w\u00e4hrend es etwas aus eine Pipette trinkt\" src=\"https:\/\/tierschutz.com\/app\/uploads\/2023\/05\/STS-Tierversuch-Loesungen.jpg\" data-object-fit=\"cover\" srcset=\"https:\/\/tierschutz.com\/app\/uploads\/2023\/05\/STS-Tierversuch-Loesungen.jpg 1416w, https:\/\/tierschutz.com\/app\/uploads\/2023\/05\/STS-Tierversuch-Loesungen-300x193.jpg 300w, https:\/\/tierschutz.com\/app\/uploads\/2023\/05\/STS-Tierversuch-Loesungen-1024x658.jpg 1024w, https:\/\/tierschutz.com\/app\/uploads\/2023\/05\/STS-Tierversuch-Loesungen-768x494.jpg 768w\" sizes=\"auto, (max-width: 1416px) 100vw, 1416px\" \/><div class=\"wp-block-cover__inner-container is-layout-flow wp-block-cover-is-layout-flow\">\n<h2 class=\"wp-block-heading has-text-align-center has-background-color has-text-color\">Detenzione di animali da laboratorio<\/h2>\n<\/div><\/div>\n\n\n\n<div class=\"wp-block-group alignfull anchor-bar has-lightgray-background-color has-background is-layout-constrained wp-block-group-is-layout-constrained\">\n<div class=\"wp-block-group is-content-justification-center is-layout-flex wp-container-core-group-is-layout-b02886af wp-block-group-is-layout-flex\">\n<p class=\"has-large-font-size\"><strong><a href=\"#situation\">Situazione<\/a><\/strong><\/p>\n\n\n\n<p class=\"has-large-font-size\"><a href=\"#downloads\" data-type=\"internal\" data-id=\"#ereichtes\"><strong>Downloads<\/strong><\/a><\/p>\n<\/div>\n<\/div>\n\n\n\n<div class=\"wp-block-group alignfull has-background-background-color has-background is-layout-constrained wp-block-group-is-layout-constrained\" id=\"situation\"><div class=\"yoast-breadcrumbs\"><span><span><a href=\"https:\/\/mail.schweizer-tierschutz.ch\/it\/\">Pagina iniziale<\/a><\/span> \u00bb <span><a href=\"https:\/\/tierschutz.com\/it\/protezione-degli-animali\/\">Protezione degli animali<\/a><\/span> \u00bb <span><a href=\"https:\/\/tierschutz.com\/it\/protezione-degli-animali\/temi\/\">Temi<\/a><\/span> \u00bb <span><a href=\"https:\/\/mail.schweizertierschutz.ch\/it\/protezione-degli-animali\/temi\/esperimenti-sugli-animali\/\">Esperimenti sugli animali<\/a><\/span> \u00bb <span class=\"breadcrumb_last\" aria-current=\"page\">Detenzione di animali da laboratorio<\/span><\/span><\/div>\n\n\n<h1 class=\"wp-block-heading has-text-align-center\"><strong><strong>Situazione<\/strong><\/strong><\/h1>\n\n\n\n<hr class=\"wp-block-separator has-text-color has-primary-color has-alpha-channel-opacity has-primary-background-color has-background\"\/>\n\n\n\n<p class=\"has-text-align-center\">In linea di principio, per gli animali da laboratorio non si applicano le stesse condizioni applicate per i loro conspecifici nella detenzione di animali da compagnia e selvatici, nonostante i requisiti per una detenzione degli animali adeguata alla specie siano gli stessi e siano disciplinati per\u00f2 in modo diverso nell\u2019Ordinanza sulla protezione degli animali. I requisiti minimi per gli animali da laboratorio sono spesso molto inferiori rispetto a quelli per i loro simili. Essi vengono detenuti in recinti angusti per tutta la vita, ben lungi da essere detenzioni adatte alla specie, spesso individualmente e senza partner sociali, sebbene ci\u00f2 non sia consentito nemmeno per gli animali da laboratorio, in base alle normative applicabili sulla protezione degli animali.&nbsp;<\/p>\n\n\n\n<p>Recenti scoperte scientifiche mostrano anche che le condizioni di detenzione non idonee alla specie degli animali da laboratorio provocano notevoli sollecitazioni sugli animali interessati, portano a stress permanente e disturbi comportamentali, li fanno ammalare e causano numerosi aborti spontanei. In questo contesto, i risultati dei test e la validit\u00e0 della sperimentazione sugli animali sembrano essere meno solidi. Non sembra esserci alcun beneficio diretto per la salute dell\u2019uomo, mentre le sofferenze degli animali sono considerevoli.&nbsp;<\/p>\n\n\n\n<p>La PSA si impegna a garantire che agli animali da laboratorio siano concesse fondamentalmente le stesse condizioni di detenzione degli animali da compagnia o selvatici della medesima specie.&nbsp;<\/p>\n<\/div>\n\n\n\n<div class=\"wp-block-media-text alignwide is-stacked-on-mobile is-vertically-aligned-center\"><figure class=\"wp-block-media-text__media\"><img loading=\"lazy\" decoding=\"async\" width=\"1024\" height=\"685\" src=\"https:\/\/tierschutz.com\/app\/uploads\/2023\/06\/sts-versuchstiere-missstaende-1024x685.jpg\" alt=\"\" class=\"wp-image-4947 size-full\" srcset=\"https:\/\/tierschutz.com\/app\/uploads\/2023\/06\/sts-versuchstiere-missstaende-1024x685.jpg 1024w, https:\/\/tierschutz.com\/app\/uploads\/2023\/06\/sts-versuchstiere-missstaende-300x201.jpg 300w, https:\/\/tierschutz.com\/app\/uploads\/2023\/06\/sts-versuchstiere-missstaende-768x514.jpg 768w, https:\/\/tierschutz.com\/app\/uploads\/2023\/06\/sts-versuchstiere-missstaende-1536x1028.jpg 1536w, https:\/\/tierschutz.com\/app\/uploads\/2023\/06\/sts-versuchstiere-missstaende.jpg 2048w\" sizes=\"auto, (max-width: 1024px) 100vw, 1024px\" \/><\/figure><div class=\"wp-block-media-text__content\">\n<div class=\"wp-block-group is-style-shadow-box has-background-background-color has-background is-layout-constrained wp-block-group-is-layout-constrained\">\n<h3 class=\"wp-block-heading\"><strong><strong><strong><strong>Abusi<\/strong><\/strong><\/strong><\/strong><\/h3>\n\n\n\n<p>Dettagli, particolarit\u00e0, ecc. Detenzione di animali da laboratorio e suoi limiti\/brochure<\/p>\n\n\n\n<p>Rappresentazione visiva della problematica utilizzando l\u2019esempio della detenzione di un topo, a sinistra come animale da compagnia, a destra come animale da laboratorio. I topi sono gli animali da laboratorio usati pi\u00f9 comunemente.&nbsp;<\/p>\n<\/div>\n<\/div><\/div>\n\n\n\n<div class=\"wp-block-group alignfull has-background-background-color has-background is-layout-constrained wp-block-group-is-layout-constrained\" id=\"downloads\">\n<h2 class=\"wp-block-heading has-text-align-center\"><strong>Downloads<\/strong><\/h2>\n\n\n\n<hr class=\"wp-block-separator has-text-color has-primary-color has-alpha-channel-opacity has-primary-background-color has-background\"\/>\n\n\n\n<div class=\"wp-block-group is-layout-flex wp-block-group-is-layout-flex\"><div class=\"wp-block-file-wrapper is-pdf\" data-filetype=\"PDF\" data-size=\"756 KB\">\n<div class=\"wp-block-file\"><a id=\"wp-block-file--media-aeeb682b-2cc5-4e06-999a-d011aedfd58b\" href=\"https:\/\/tierschutz.com\/app\/uploads\/2023\/05\/report_versuchstierhaltung.pdf\">report_versuchstierhaltung<\/a><a href=\"https:\/\/tierschutz.com\/app\/uploads\/2023\/05\/report_versuchstierhaltung.pdf\" class=\"wp-block-file__button wp-element-button\" download aria-describedby=\"wp-block-file--media-aeeb682b-2cc5-4e06-999a-d011aedfd58b\">Scaricare<\/a><\/div>\n<\/div><\/div>\n<\/div>\n","protected":false},"excerpt":{"rendered":"<p>Situazione Downloads Situazione In linea di principio, per gli animali da laboratorio non si applicano le stesse condizioni applicate per [&hellip;]<\/p>\n","protected":false},"author":5,"featured_media":0,"parent":6098,"menu_order":432,"comment_status":"closed","ping_status":"closed","template":"","meta":{"_acf_changed":false,"inline_featured_image":false,"_vp_format_video_url":"","_vp_image_focal_point":[],"footnotes":""},"class_list":["post-6109","page","type-page","status-publish","hentry"],"acf":[],"yoast_head":"<!-- This site is optimized with the Yoast SEO Premium plugin v27.4 (Yoast SEO v27.4) - https:\/\/yoast.com\/product\/yoast-seo-premium-wordpress\/ -->\n<title>Detenzione di animali da laboratorio - Protezione Svizzera degli Animali PSA<\/title>\n<meta name=\"robots\" content=\"index, follow, max-snippet:-1, max-image-preview:large, max-video-preview:-1\" \/>\n<link rel=\"canonical\" href=\"https:\/\/tierschutz.com\/it\/protezione-degli-animali\/temi\/esperimenti-sugli-animali\/detenzione-di-animali-da-laboratorio\/\" \/>\n<meta property=\"og:locale\" content=\"it_IT\" \/>\n<meta property=\"og:type\" content=\"article\" \/>\n<meta property=\"og:title\" content=\"Detenzione di animali da laboratorio\" \/>\n<meta property=\"og:description\" content=\"Situazione Downloads Situazione In linea di principio, per gli animali da laboratorio non si applicano le stesse condizioni applicate per [&hellip;]\" \/>\n<meta property=\"og:url\" content=\"https:\/\/tierschutz.com\/it\/protezione-degli-animali\/temi\/esperimenti-sugli-animali\/detenzione-di-animali-da-laboratorio\/\" \/>\n<meta property=\"og:site_name\" content=\"Protezione Svizzera degli Animali PSA\" \/>\n<meta property=\"article:publisher\" content=\"https:\/\/www.facebook.com\/schweizertierschutz\/\" \/>\n<meta property=\"article:modified_time\" content=\"2023-06-28T16:14:20+00:00\" \/>\n<meta property=\"og:image\" content=\"https:\/\/tierschutz.com\/app\/uploads\/2023\/05\/STS-Tierversuch-Loesungen.jpg\" \/>\n<meta name=\"twitter:card\" content=\"summary_large_image\" \/>\n<meta name=\"twitter:label1\" content=\"Tempo di lettura stimato\" \/>\n\t<meta name=\"twitter:data1\" content=\"1 minuto\" \/>\n<script type=\"application\/ld+json\" class=\"yoast-schema-graph\">{\"@context\":\"https:\\\/\\\/schema.org\",\"@graph\":[{\"@type\":\"WebPage\",\"@id\":\"https:\\\/\\\/tierschutz.com\\\/it\\\/protezione-degli-animali\\\/temi\\\/esperimenti-sugli-animali\\\/detenzione-di-animali-da-laboratorio\\\/\",\"url\":\"https:\\\/\\\/tierschutz.com\\\/it\\\/protezione-degli-animali\\\/temi\\\/esperimenti-sugli-animali\\\/detenzione-di-animali-da-laboratorio\\\/\",\"name\":\"Detenzione di animali da laboratorio - Protezione Svizzera degli Animali PSA\",\"isPartOf\":{\"@id\":\"https:\\\/\\\/mail.schweizer-tierschutz.ch\\\/#website\"},\"primaryImageOfPage\":{\"@id\":\"https:\\\/\\\/tierschutz.com\\\/it\\\/protezione-degli-animali\\\/temi\\\/esperimenti-sugli-animali\\\/detenzione-di-animali-da-laboratorio\\\/#primaryimage\"},\"image\":{\"@id\":\"https:\\\/\\\/tierschutz.com\\\/it\\\/protezione-degli-animali\\\/temi\\\/esperimenti-sugli-animali\\\/detenzione-di-animali-da-laboratorio\\\/#primaryimage\"},\"thumbnailUrl\":\"https:\\\/\\\/tierschutz.com\\\/app\\\/uploads\\\/2023\\\/05\\\/STS-Tierversuch-Loesungen.jpg\",\"datePublished\":\"2023-05-17T09:07:26+00:00\",\"dateModified\":\"2023-06-28T16:14:20+00:00\",\"breadcrumb\":{\"@id\":\"https:\\\/\\\/tierschutz.com\\\/it\\\/protezione-degli-animali\\\/temi\\\/esperimenti-sugli-animali\\\/detenzione-di-animali-da-laboratorio\\\/#breadcrumb\"},\"inLanguage\":\"it-IT\",\"potentialAction\":[{\"@type\":\"ReadAction\",\"target\":[\"https:\\\/\\\/tierschutz.com\\\/it\\\/protezione-degli-animali\\\/temi\\\/esperimenti-sugli-animali\\\/detenzione-di-animali-da-laboratorio\\\/\"]}]},{\"@type\":\"ImageObject\",\"inLanguage\":\"it-IT\",\"@id\":\"https:\\\/\\\/tierschutz.com\\\/it\\\/protezione-degli-animali\\\/temi\\\/esperimenti-sugli-animali\\\/detenzione-di-animali-da-laboratorio\\\/#primaryimage\",\"url\":\"https:\\\/\\\/tierschutz.com\\\/app\\\/uploads\\\/2023\\\/05\\\/STS-Tierversuch-Loesungen.jpg\",\"contentUrl\":\"https:\\\/\\\/tierschutz.com\\\/app\\\/uploads\\\/2023\\\/05\\\/STS-Tierversuch-Loesungen.jpg\"},{\"@type\":\"BreadcrumbList\",\"@id\":\"https:\\\/\\\/tierschutz.com\\\/it\\\/protezione-degli-animali\\\/temi\\\/esperimenti-sugli-animali\\\/detenzione-di-animali-da-laboratorio\\\/#breadcrumb\",\"itemListElement\":[{\"@type\":\"ListItem\",\"position\":1,\"name\":\"Pagina iniziale\",\"item\":\"https:\\\/\\\/mail.schweizer-tierschutz.ch\\\/it\\\/\"},{\"@type\":\"ListItem\",\"position\":2,\"name\":\"Protezione degli animali\",\"item\":\"https:\\\/\\\/tierschutz.com\\\/it\\\/protezione-degli-animali\\\/\"},{\"@type\":\"ListItem\",\"position\":3,\"name\":\"Temi\",\"item\":\"https:\\\/\\\/tierschutz.com\\\/it\\\/protezione-degli-animali\\\/temi\\\/\"},{\"@type\":\"ListItem\",\"position\":4,\"name\":\"Esperimenti sugli animali\",\"item\":\"https:\\\/\\\/mail.schweizertierschutz.ch\\\/it\\\/protezione-degli-animali\\\/temi\\\/esperimenti-sugli-animali\\\/\"},{\"@type\":\"ListItem\",\"position\":5,\"name\":\"Detenzione di animali da laboratorio\"}]},{\"@type\":\"WebSite\",\"@id\":\"https:\\\/\\\/mail.schweizer-tierschutz.ch\\\/#website\",\"url\":\"https:\\\/\\\/mail.schweizer-tierschutz.ch\\\/\",\"name\":\"tierschutz.com\",\"description\":\"Wir setzen uns f\u00fcr das Wohl der Tiere ein.\",\"publisher\":{\"@id\":\"https:\\\/\\\/mail.schweizer-tierschutz.ch\\\/#organization\"},\"alternateName\":\"Schweizer Tierschutz STS\",\"potentialAction\":[{\"@type\":\"SearchAction\",\"target\":{\"@type\":\"EntryPoint\",\"urlTemplate\":\"https:\\\/\\\/mail.schweizer-tierschutz.ch\\\/?s={search_term_string}\"},\"query-input\":{\"@type\":\"PropertyValueSpecification\",\"valueRequired\":true,\"valueName\":\"search_term_string\"}}],\"inLanguage\":\"it-IT\"},{\"@type\":\"Organization\",\"@id\":\"https:\\\/\\\/mail.schweizer-tierschutz.ch\\\/#organization\",\"name\":\"Schweizer Tierschutz STS\",\"alternateName\":\"STS\",\"url\":\"https:\\\/\\\/mail.schweizer-tierschutz.ch\\\/\",\"logo\":{\"@type\":\"ImageObject\",\"inLanguage\":\"it-IT\",\"@id\":\"https:\\\/\\\/mail.schweizer-tierschutz.ch\\\/#\\\/schema\\\/logo\\\/image\\\/\",\"url\":\"https:\\\/\\\/tierschutz.com\\\/app\\\/uploads\\\/2024\\\/04\\\/logo-schweizer-tierschutz-sts-1.svg\",\"contentUrl\":\"https:\\\/\\\/tierschutz.com\\\/app\\\/uploads\\\/2024\\\/04\\\/logo-schweizer-tierschutz-sts-1.svg\",\"caption\":\"Schweizer Tierschutz STS\"},\"image\":{\"@id\":\"https:\\\/\\\/mail.schweizer-tierschutz.ch\\\/#\\\/schema\\\/logo\\\/image\\\/\"},\"sameAs\":[\"https:\\\/\\\/www.facebook.com\\\/schweizertierschutz\\\/\",\"https:\\\/\\\/www.instagram.com\\\/schweizertierschutzsts\\\/\",\"https:\\\/\\\/www.youtube.com\\\/@STS_Tierschutz\",\"https:\\\/\\\/www.linkedin.com\\\/company\\\/schweizertierschutzsts\\\/\"],\"description\":\"Der Schweizer Tierschutz STS ist der Dachverband von 71 Tierschutzorganisationen in allen Sprachregionen der Schweiz und in Liechtenstein. Seine Mitarbeitenden leisten wissenschaftlich fundierte Grundlagenarbeit, setzen sich mit Projekten und Aktionen f\u00fcr den Schutz und das Wohlbefinden von Heim-, Wild-, Nutz- und Versuchstieren ein und sensibilisieren die \u00d6ffentlichkeit f\u00fcr Tierschutzthemen.\",\"email\":\"sts@tierschutz.com\",\"telephone\":\"061 365 99 99\",\"legalName\":\"Schweizer Tierschutz STS\"}]}<\/script>\n<!-- \/ Yoast SEO Premium plugin. -->","yoast_head_json":{"title":"Detenzione di animali da laboratorio - Protezione Svizzera degli Animali PSA","robots":{"index":"index","follow":"follow","max-snippet":"max-snippet:-1","max-image-preview":"max-image-preview:large","max-video-preview":"max-video-preview:-1"},"canonical":"https:\/\/tierschutz.com\/it\/protezione-degli-animali\/temi\/esperimenti-sugli-animali\/detenzione-di-animali-da-laboratorio\/","og_locale":"it_IT","og_type":"article","og_title":"Detenzione di animali da laboratorio","og_description":"Situazione Downloads Situazione In linea di principio, per gli animali da laboratorio non si applicano le stesse condizioni applicate per [&hellip;]","og_url":"https:\/\/tierschutz.com\/it\/protezione-degli-animali\/temi\/esperimenti-sugli-animali\/detenzione-di-animali-da-laboratorio\/","og_site_name":"Protezione Svizzera degli Animali PSA","article_publisher":"https:\/\/www.facebook.com\/schweizertierschutz\/","article_modified_time":"2023-06-28T16:14:20+00:00","og_image":[{"url":"https:\/\/tierschutz.com\/app\/uploads\/2023\/05\/STS-Tierversuch-Loesungen.jpg","type":"","width":"","height":""}],"twitter_card":"summary_large_image","twitter_misc":{"Tempo di lettura stimato":"1 minuto"},"schema":{"@context":"https:\/\/schema.org","@graph":[{"@type":"WebPage","@id":"https:\/\/tierschutz.com\/it\/protezione-degli-animali\/temi\/esperimenti-sugli-animali\/detenzione-di-animali-da-laboratorio\/","url":"https:\/\/tierschutz.com\/it\/protezione-degli-animali\/temi\/esperimenti-sugli-animali\/detenzione-di-animali-da-laboratorio\/","name":"Detenzione di animali da laboratorio - Protezione Svizzera degli Animali PSA","isPartOf":{"@id":"https:\/\/mail.schweizer-tierschutz.ch\/#website"},"primaryImageOfPage":{"@id":"https:\/\/tierschutz.com\/it\/protezione-degli-animali\/temi\/esperimenti-sugli-animali\/detenzione-di-animali-da-laboratorio\/#primaryimage"},"image":{"@id":"https:\/\/tierschutz.com\/it\/protezione-degli-animali\/temi\/esperimenti-sugli-animali\/detenzione-di-animali-da-laboratorio\/#primaryimage"},"thumbnailUrl":"https:\/\/tierschutz.com\/app\/uploads\/2023\/05\/STS-Tierversuch-Loesungen.jpg","datePublished":"2023-05-17T09:07:26+00:00","dateModified":"2023-06-28T16:14:20+00:00","breadcrumb":{"@id":"https:\/\/tierschutz.com\/it\/protezione-degli-animali\/temi\/esperimenti-sugli-animali\/detenzione-di-animali-da-laboratorio\/#breadcrumb"},"inLanguage":"it-IT","potentialAction":[{"@type":"ReadAction","target":["https:\/\/tierschutz.com\/it\/protezione-degli-animali\/temi\/esperimenti-sugli-animali\/detenzione-di-animali-da-laboratorio\/"]}]},{"@type":"ImageObject","inLanguage":"it-IT","@id":"https:\/\/tierschutz.com\/it\/protezione-degli-animali\/temi\/esperimenti-sugli-animali\/detenzione-di-animali-da-laboratorio\/#primaryimage","url":"https:\/\/tierschutz.com\/app\/uploads\/2023\/05\/STS-Tierversuch-Loesungen.jpg","contentUrl":"https:\/\/tierschutz.com\/app\/uploads\/2023\/05\/STS-Tierversuch-Loesungen.jpg"},{"@type":"BreadcrumbList","@id":"https:\/\/tierschutz.com\/it\/protezione-degli-animali\/temi\/esperimenti-sugli-animali\/detenzione-di-animali-da-laboratorio\/#breadcrumb","itemListElement":[{"@type":"ListItem","position":1,"name":"Pagina iniziale","item":"https:\/\/mail.schweizer-tierschutz.ch\/it\/"},{"@type":"ListItem","position":2,"name":"Protezione degli animali","item":"https:\/\/tierschutz.com\/it\/protezione-degli-animali\/"},{"@type":"ListItem","position":3,"name":"Temi","item":"https:\/\/tierschutz.com\/it\/protezione-degli-animali\/temi\/"},{"@type":"ListItem","position":4,"name":"Esperimenti sugli animali","item":"https:\/\/mail.schweizertierschutz.ch\/it\/protezione-degli-animali\/temi\/esperimenti-sugli-animali\/"},{"@type":"ListItem","position":5,"name":"Detenzione di animali da laboratorio"}]},{"@type":"WebSite","@id":"https:\/\/mail.schweizer-tierschutz.ch\/#website","url":"https:\/\/mail.schweizer-tierschutz.ch\/","name":"tierschutz.com","description":"Wir setzen uns f\u00fcr das Wohl der Tiere ein.","publisher":{"@id":"https:\/\/mail.schweizer-tierschutz.ch\/#organization"},"alternateName":"Schweizer Tierschutz STS","potentialAction":[{"@type":"SearchAction","target":{"@type":"EntryPoint","urlTemplate":"https:\/\/mail.schweizer-tierschutz.ch\/?s={search_term_string}"},"query-input":{"@type":"PropertyValueSpecification","valueRequired":true,"valueName":"search_term_string"}}],"inLanguage":"it-IT"},{"@type":"Organization","@id":"https:\/\/mail.schweizer-tierschutz.ch\/#organization","name":"Schweizer Tierschutz STS","alternateName":"STS","url":"https:\/\/mail.schweizer-tierschutz.ch\/","logo":{"@type":"ImageObject","inLanguage":"it-IT","@id":"https:\/\/mail.schweizer-tierschutz.ch\/#\/schema\/logo\/image\/","url":"https:\/\/tierschutz.com\/app\/uploads\/2024\/04\/logo-schweizer-tierschutz-sts-1.svg","contentUrl":"https:\/\/tierschutz.com\/app\/uploads\/2024\/04\/logo-schweizer-tierschutz-sts-1.svg","caption":"Schweizer Tierschutz STS"},"image":{"@id":"https:\/\/mail.schweizer-tierschutz.ch\/#\/schema\/logo\/image\/"},"sameAs":["https:\/\/www.facebook.com\/schweizertierschutz\/","https:\/\/www.instagram.com\/schweizertierschutzsts\/","https:\/\/www.youtube.com\/@STS_Tierschutz","https:\/\/www.linkedin.com\/company\/schweizertierschutzsts\/"],"description":"Der Schweizer Tierschutz STS ist der Dachverband von 71 Tierschutzorganisationen in allen Sprachregionen der Schweiz und in Liechtenstein. Seine Mitarbeitenden leisten wissenschaftlich fundierte Grundlagenarbeit, setzen sich mit Projekten und Aktionen f\u00fcr den Schutz und das Wohlbefinden von Heim-, Wild-, Nutz- und Versuchstieren ein und sensibilisieren die \u00d6ffentlichkeit f\u00fcr Tierschutzthemen.","email":"sts@tierschutz.com","telephone":"061 365 99 99","legalName":"Schweizer Tierschutz STS"}]}},"_links":{"self":[{"href":"https:\/\/tierschutz.com\/it\/wp-json\/wp\/v2\/pages\/6109","targetHints":{"allow":["GET"]}}],"collection":[{"href":"https:\/\/tierschutz.com\/it\/wp-json\/wp\/v2\/pages"}],"about":[{"href":"https:\/\/tierschutz.com\/it\/wp-json\/wp\/v2\/types\/page"}],"author":[{"embeddable":true,"href":"https:\/\/tierschutz.com\/it\/wp-json\/wp\/v2\/users\/5"}],"replies":[{"embeddable":true,"href":"https:\/\/tierschutz.com\/it\/wp-json\/wp\/v2\/comments?post=6109"}],"version-history":[{"count":3,"href":"https:\/\/tierschutz.com\/it\/wp-json\/wp\/v2\/pages\/6109\/revisions"}],"predecessor-version":[{"id":7169,"href":"https:\/\/tierschutz.com\/it\/wp-json\/wp\/v2\/pages\/6109\/revisions\/7169"}],"up":[{"embeddable":true,"href":"https:\/\/tierschutz.com\/it\/wp-json\/wp\/v2\/pages\/6098"}],"wp:attachment":[{"href":"https:\/\/tierschutz.com\/it\/wp-json\/wp\/v2\/media?parent=6109"}],"curies":[{"name":"wp","href":"https:\/\/api.w.org\/{rel}","templated":true}]}}