{"id":7012,"date":"2023-05-04T11:36:26","date_gmt":"2023-05-04T09:36:26","guid":{"rendered":"https:\/\/dev.tierschutz.com\/?page_id=7012"},"modified":"2024-04-08T14:09:28","modified_gmt":"2024-04-08T12:09:28","slug":"newsroom","status":"publish","type":"page","link":"https:\/\/tierschutz.com\/it\/multimedia-psa\/newsroom\/","title":{"rendered":"Newsroom"},"content":{"rendered":"\n<div class=\"wp-block-cover alignfull is-light\" style=\"min-height:100vh;aspect-ratio:unset;\"><span aria-hidden=\"true\" class=\"wp-block-cover__background has-background-dim-20 has-background-dim\"><\/span><img loading=\"lazy\" decoding=\"async\" width=\"1416\" height=\"910\" class=\"wp-block-cover__image-background wp-image-2452\" alt=\"Ein gr\u00fcnes Reptil auf Steinen\" src=\"https:\/\/tierschutz.com\/app\/uploads\/2023\/05\/STS-Newsroom.jpg\" style=\"object-position:52% 57%\" data-object-fit=\"cover\" data-object-position=\"52% 57%\" srcset=\"https:\/\/tierschutz.com\/app\/uploads\/2023\/05\/STS-Newsroom.jpg 1416w, https:\/\/tierschutz.com\/app\/uploads\/2023\/05\/STS-Newsroom-300x193.jpg 300w, https:\/\/tierschutz.com\/app\/uploads\/2023\/05\/STS-Newsroom-1024x658.jpg 1024w, https:\/\/tierschutz.com\/app\/uploads\/2023\/05\/STS-Newsroom-768x494.jpg 768w\" sizes=\"auto, (max-width: 1416px) 100vw, 1416px\" \/><div class=\"wp-block-cover__inner-container is-layout-flow wp-block-cover-is-layout-flow\">\n<h2 class=\"wp-block-heading has-text-align-center has-background-color has-text-color\"><strong>Newsroom<\/strong><\/h2>\n<\/div><\/div>\n\n\n\n<div class=\"wp-block-group has-background-background-color has-background is-layout-constrained wp-block-group-is-layout-constrained\"><div class=\"yoast-breadcrumbs\"><span><span><a href=\"https:\/\/mail.schweizer-tierschutz.ch\/it\/\">Pagina iniziale<\/a><\/span> \u00bb <span><a href=\"https:\/\/tierschutz.com\/it\/multimedia-psa\/\">Multimedia PSA<\/a><\/span> \u00bb <span class=\"breadcrumb_last\" aria-current=\"page\">Newsroom<\/span><\/span><\/div>\n\n\n<div class=\"wp-block-columns is-layout-flex wp-container-core-columns-is-layout-28f84493 wp-block-columns-is-layout-flex\">\n<div class=\"wp-block-column is-layout-flow wp-block-column-is-layout-flow\">\n<div class=\"wp-block-media-text alignwide is-stacked-on-mobile is-style-stacked-shadow no-inset\"><figure class=\"wp-block-media-text__media\"><img loading=\"lazy\" decoding=\"async\" width=\"1024\" height=\"683\" src=\"https:\/\/tierschutz.com\/app\/uploads\/2023\/06\/sts-news-1024x683.jpg\" alt=\"\" class=\"wp-image-6014 size-full\" srcset=\"https:\/\/tierschutz.com\/app\/uploads\/2023\/06\/sts-news-1024x683.jpg 1024w, https:\/\/tierschutz.com\/app\/uploads\/2023\/06\/sts-news-300x200.jpg 300w, https:\/\/tierschutz.com\/app\/uploads\/2023\/06\/sts-news-768x512.jpg 768w, https:\/\/tierschutz.com\/app\/uploads\/2023\/06\/sts-news-1536x1024.jpg 1536w, https:\/\/tierschutz.com\/app\/uploads\/2023\/06\/sts-news-2048x1365.jpg 2048w\" sizes=\"auto, (max-width: 1024px) 100vw, 1024px\" \/><\/figure><div class=\"wp-block-media-text__content\">\n<h3 class=\"wp-block-heading\"><strong>News<\/strong><\/h3>\n\n\n\n<p>Rimanete informati sulla Protezione Svizzera degli Animali STS. Per saperne di pi\u00f9, cliccate qui.<\/p>\n\n\n\n<div class=\"wp-block-buttons is-layout-flex wp-block-buttons-is-layout-flex\">\n<div class=\"wp-block-button\"><a class=\"wp-block-button__link wp-element-button\" href=\"https:\/\/tierschutz.com\/it\/multimedia-psa\/newsroom\/news\/\">Per saperne di pi\u00f9<\/a><\/div>\n<\/div>\n<\/div><\/div>\n<\/div>\n\n\n\n<div class=\"wp-block-column is-layout-flow wp-block-column-is-layout-flow\">\n<div class=\"wp-block-media-text alignwide is-stacked-on-mobile is-style-stacked-shadow no-inset\"><figure class=\"wp-block-media-text__media\"><img loading=\"lazy\" decoding=\"async\" width=\"1024\" height=\"682\" src=\"https:\/\/tierschutz.com\/app\/uploads\/2023\/06\/sts-veranstaltung-1024x682.jpg\" alt=\"\" class=\"wp-image-6021 size-full\" srcset=\"https:\/\/tierschutz.com\/app\/uploads\/2023\/06\/sts-veranstaltung-1024x682.jpg 1024w, https:\/\/tierschutz.com\/app\/uploads\/2023\/06\/sts-veranstaltung-300x200.jpg 300w, https:\/\/tierschutz.com\/app\/uploads\/2023\/06\/sts-veranstaltung-768x512.jpg 768w, https:\/\/tierschutz.com\/app\/uploads\/2023\/06\/sts-veranstaltung-1536x1023.jpg 1536w, https:\/\/tierschutz.com\/app\/uploads\/2023\/06\/sts-veranstaltung-2048x1365.jpg 2048w\" sizes=\"auto, (max-width: 1024px) 100vw, 1024px\" \/><\/figure><div class=\"wp-block-media-text__content\">\n<h3 class=\"wp-block-heading\"><strong><strong>Eventi<\/strong><\/strong><\/h3>\n\n\n\n<p>Scoprite qui i nostri eventi e le nostre attivit\u00e0 informative.<\/p>\n\n\n\n<div class=\"wp-block-buttons is-layout-flex wp-block-buttons-is-layout-flex\">\n<div class=\"wp-block-button\"><a class=\"wp-block-button__link wp-element-button\" href=\"https:\/\/tierschutz.com\/it\/multimedia-psa\/newsroom\/eventi\/\">Per saperne di pi\u00f9<\/a><\/div>\n<\/div>\n<\/div><\/div>\n<\/div>\n<\/div>\n<\/div>\n","protected":false},"excerpt":{"rendered":"<p>News Rimanete informati sulla Protezione Svizzera degli Animali STS. Per saperne di pi\u00f9, cliccate qui. Eventi Scoprite qui i nostri [&hellip;]<\/p>\n","protected":false},"author":5,"featured_media":0,"parent":6999,"menu_order":198,"comment_status":"closed","ping_status":"closed","template":"","meta":{"_acf_changed":false,"inline_featured_image":false,"_vp_format_video_url":"","_vp_image_focal_point":[],"footnotes":""},"class_list":["post-7012","page","type-page","status-publish","hentry"],"acf":[],"yoast_head":"<!-- This site is optimized with the Yoast SEO Premium plugin v27.4 (Yoast SEO v27.4) - https:\/\/yoast.com\/product\/yoast-seo-premium-wordpress\/ -->\n<title>Newsroom - Protezione Svizzera degli Animali PSA<\/title>\n<meta name=\"robots\" content=\"index, follow, max-snippet:-1, max-image-preview:large, max-video-preview:-1\" \/>\n<link rel=\"canonical\" href=\"https:\/\/tierschutz.com\/it\/multimedia-psa\/newsroom\/\" \/>\n<meta property=\"og:locale\" content=\"it_IT\" \/>\n<meta property=\"og:type\" content=\"article\" \/>\n<meta property=\"og:title\" content=\"Newsroom\" \/>\n<meta property=\"og:description\" content=\"News Rimanete informati sulla Protezione Svizzera degli Animali STS. Per saperne di pi\u00f9, cliccate qui. Eventi Scoprite qui i nostri [&hellip;]\" \/>\n<meta property=\"og:url\" content=\"https:\/\/tierschutz.com\/it\/multimedia-psa\/newsroom\/\" \/>\n<meta property=\"og:site_name\" content=\"Protezione Svizzera degli Animali PSA\" \/>\n<meta property=\"article:publisher\" content=\"https:\/\/www.facebook.com\/schweizertierschutz\/\" \/>\n<meta property=\"article:modified_time\" content=\"2024-04-08T12:09:28+00:00\" \/>\n<meta property=\"og:image\" content=\"https:\/\/tierschutz.com\/app\/uploads\/2023\/05\/STS-Newsroom.jpg\" \/>\n<meta name=\"twitter:card\" content=\"summary_large_image\" \/>\n<meta name=\"twitter:label1\" content=\"Tempo di lettura stimato\" \/>\n\t<meta name=\"twitter:data1\" content=\"1 minuto\" \/>\n<script type=\"application\/ld+json\" class=\"yoast-schema-graph\">{\"@context\":\"https:\\\/\\\/schema.org\",\"@graph\":[{\"@type\":\"WebPage\",\"@id\":\"https:\\\/\\\/tierschutz.com\\\/it\\\/multimedia-psa\\\/newsroom\\\/\",\"url\":\"https:\\\/\\\/tierschutz.com\\\/it\\\/multimedia-psa\\\/newsroom\\\/\",\"name\":\"Newsroom - Protezione Svizzera degli Animali PSA\",\"isPartOf\":{\"@id\":\"https:\\\/\\\/mail.schweizer-tierschutz.ch\\\/#website\"},\"primaryImageOfPage\":{\"@id\":\"https:\\\/\\\/tierschutz.com\\\/it\\\/multimedia-psa\\\/newsroom\\\/#primaryimage\"},\"image\":{\"@id\":\"https:\\\/\\\/tierschutz.com\\\/it\\\/multimedia-psa\\\/newsroom\\\/#primaryimage\"},\"thumbnailUrl\":\"https:\\\/\\\/tierschutz.com\\\/app\\\/uploads\\\/2023\\\/05\\\/STS-Newsroom.jpg\",\"datePublished\":\"2023-05-04T09:36:26+00:00\",\"dateModified\":\"2024-04-08T12:09:28+00:00\",\"breadcrumb\":{\"@id\":\"https:\\\/\\\/tierschutz.com\\\/it\\\/multimedia-psa\\\/newsroom\\\/#breadcrumb\"},\"inLanguage\":\"it-IT\",\"potentialAction\":[{\"@type\":\"ReadAction\",\"target\":[\"https:\\\/\\\/tierschutz.com\\\/it\\\/multimedia-psa\\\/newsroom\\\/\"]}]},{\"@type\":\"ImageObject\",\"inLanguage\":\"it-IT\",\"@id\":\"https:\\\/\\\/tierschutz.com\\\/it\\\/multimedia-psa\\\/newsroom\\\/#primaryimage\",\"url\":\"https:\\\/\\\/tierschutz.com\\\/app\\\/uploads\\\/2023\\\/05\\\/STS-Newsroom.jpg\",\"contentUrl\":\"https:\\\/\\\/tierschutz.com\\\/app\\\/uploads\\\/2023\\\/05\\\/STS-Newsroom.jpg\"},{\"@type\":\"BreadcrumbList\",\"@id\":\"https:\\\/\\\/tierschutz.com\\\/it\\\/multimedia-psa\\\/newsroom\\\/#breadcrumb\",\"itemListElement\":[{\"@type\":\"ListItem\",\"position\":1,\"name\":\"Pagina iniziale\",\"item\":\"https:\\\/\\\/mail.schweizer-tierschutz.ch\\\/it\\\/\"},{\"@type\":\"ListItem\",\"position\":2,\"name\":\"Multimedia PSA\",\"item\":\"https:\\\/\\\/tierschutz.com\\\/it\\\/multimedia-psa\\\/\"},{\"@type\":\"ListItem\",\"position\":3,\"name\":\"Newsroom\"}]},{\"@type\":\"WebSite\",\"@id\":\"https:\\\/\\\/mail.schweizer-tierschutz.ch\\\/#website\",\"url\":\"https:\\\/\\\/mail.schweizer-tierschutz.ch\\\/\",\"name\":\"tierschutz.com\",\"description\":\"Wir setzen uns f\u00fcr das Wohl der Tiere ein.\",\"publisher\":{\"@id\":\"https:\\\/\\\/mail.schweizer-tierschutz.ch\\\/#organization\"},\"alternateName\":\"Schweizer Tierschutz STS\",\"potentialAction\":[{\"@type\":\"SearchAction\",\"target\":{\"@type\":\"EntryPoint\",\"urlTemplate\":\"https:\\\/\\\/mail.schweizer-tierschutz.ch\\\/?s={search_term_string}\"},\"query-input\":{\"@type\":\"PropertyValueSpecification\",\"valueRequired\":true,\"valueName\":\"search_term_string\"}}],\"inLanguage\":\"it-IT\"},{\"@type\":\"Organization\",\"@id\":\"https:\\\/\\\/mail.schweizer-tierschutz.ch\\\/#organization\",\"name\":\"Schweizer Tierschutz STS\",\"alternateName\":\"STS\",\"url\":\"https:\\\/\\\/mail.schweizer-tierschutz.ch\\\/\",\"logo\":{\"@type\":\"ImageObject\",\"inLanguage\":\"it-IT\",\"@id\":\"https:\\\/\\\/mail.schweizer-tierschutz.ch\\\/#\\\/schema\\\/logo\\\/image\\\/\",\"url\":\"https:\\\/\\\/tierschutz.com\\\/app\\\/uploads\\\/2024\\\/04\\\/logo-schweizer-tierschutz-sts-1.svg\",\"contentUrl\":\"https:\\\/\\\/tierschutz.com\\\/app\\\/uploads\\\/2024\\\/04\\\/logo-schweizer-tierschutz-sts-1.svg\",\"caption\":\"Schweizer Tierschutz STS\"},\"image\":{\"@id\":\"https:\\\/\\\/mail.schweizer-tierschutz.ch\\\/#\\\/schema\\\/logo\\\/image\\\/\"},\"sameAs\":[\"https:\\\/\\\/www.facebook.com\\\/schweizertierschutz\\\/\",\"https:\\\/\\\/www.instagram.com\\\/schweizertierschutzsts\\\/\",\"https:\\\/\\\/www.youtube.com\\\/@STS_Tierschutz\",\"https:\\\/\\\/www.linkedin.com\\\/company\\\/schweizertierschutzsts\\\/\"],\"description\":\"Der Schweizer Tierschutz STS ist der Dachverband von 71 Tierschutzorganisationen in allen Sprachregionen der Schweiz und in Liechtenstein. Seine Mitarbeitenden leisten wissenschaftlich fundierte Grundlagenarbeit, setzen sich mit Projekten und Aktionen f\u00fcr den Schutz und das Wohlbefinden von Heim-, Wild-, Nutz- und Versuchstieren ein und sensibilisieren die \u00d6ffentlichkeit f\u00fcr Tierschutzthemen.\",\"email\":\"sts@tierschutz.com\",\"telephone\":\"061 365 99 99\",\"legalName\":\"Schweizer Tierschutz STS\"}]}<\/script>\n<!-- \/ Yoast SEO Premium plugin. -->","yoast_head_json":{"title":"Newsroom - Protezione Svizzera degli Animali PSA","robots":{"index":"index","follow":"follow","max-snippet":"max-snippet:-1","max-image-preview":"max-image-preview:large","max-video-preview":"max-video-preview:-1"},"canonical":"https:\/\/tierschutz.com\/it\/multimedia-psa\/newsroom\/","og_locale":"it_IT","og_type":"article","og_title":"Newsroom","og_description":"News Rimanete informati sulla Protezione Svizzera degli Animali STS. Per saperne di pi\u00f9, cliccate qui. Eventi Scoprite qui i nostri [&hellip;]","og_url":"https:\/\/tierschutz.com\/it\/multimedia-psa\/newsroom\/","og_site_name":"Protezione Svizzera degli Animali PSA","article_publisher":"https:\/\/www.facebook.com\/schweizertierschutz\/","article_modified_time":"2024-04-08T12:09:28+00:00","og_image":[{"url":"https:\/\/tierschutz.com\/app\/uploads\/2023\/05\/STS-Newsroom.jpg","type":"","width":"","height":""}],"twitter_card":"summary_large_image","twitter_misc":{"Tempo di lettura stimato":"1 minuto"},"schema":{"@context":"https:\/\/schema.org","@graph":[{"@type":"WebPage","@id":"https:\/\/tierschutz.com\/it\/multimedia-psa\/newsroom\/","url":"https:\/\/tierschutz.com\/it\/multimedia-psa\/newsroom\/","name":"Newsroom - Protezione Svizzera degli Animali PSA","isPartOf":{"@id":"https:\/\/mail.schweizer-tierschutz.ch\/#website"},"primaryImageOfPage":{"@id":"https:\/\/tierschutz.com\/it\/multimedia-psa\/newsroom\/#primaryimage"},"image":{"@id":"https:\/\/tierschutz.com\/it\/multimedia-psa\/newsroom\/#primaryimage"},"thumbnailUrl":"https:\/\/tierschutz.com\/app\/uploads\/2023\/05\/STS-Newsroom.jpg","datePublished":"2023-05-04T09:36:26+00:00","dateModified":"2024-04-08T12:09:28+00:00","breadcrumb":{"@id":"https:\/\/tierschutz.com\/it\/multimedia-psa\/newsroom\/#breadcrumb"},"inLanguage":"it-IT","potentialAction":[{"@type":"ReadAction","target":["https:\/\/tierschutz.com\/it\/multimedia-psa\/newsroom\/"]}]},{"@type":"ImageObject","inLanguage":"it-IT","@id":"https:\/\/tierschutz.com\/it\/multimedia-psa\/newsroom\/#primaryimage","url":"https:\/\/tierschutz.com\/app\/uploads\/2023\/05\/STS-Newsroom.jpg","contentUrl":"https:\/\/tierschutz.com\/app\/uploads\/2023\/05\/STS-Newsroom.jpg"},{"@type":"BreadcrumbList","@id":"https:\/\/tierschutz.com\/it\/multimedia-psa\/newsroom\/#breadcrumb","itemListElement":[{"@type":"ListItem","position":1,"name":"Pagina iniziale","item":"https:\/\/mail.schweizer-tierschutz.ch\/it\/"},{"@type":"ListItem","position":2,"name":"Multimedia PSA","item":"https:\/\/tierschutz.com\/it\/multimedia-psa\/"},{"@type":"ListItem","position":3,"name":"Newsroom"}]},{"@type":"WebSite","@id":"https:\/\/mail.schweizer-tierschutz.ch\/#website","url":"https:\/\/mail.schweizer-tierschutz.ch\/","name":"tierschutz.com","description":"Wir setzen uns f\u00fcr das Wohl der Tiere ein.","publisher":{"@id":"https:\/\/mail.schweizer-tierschutz.ch\/#organization"},"alternateName":"Schweizer Tierschutz STS","potentialAction":[{"@type":"SearchAction","target":{"@type":"EntryPoint","urlTemplate":"https:\/\/mail.schweizer-tierschutz.ch\/?s={search_term_string}"},"query-input":{"@type":"PropertyValueSpecification","valueRequired":true,"valueName":"search_term_string"}}],"inLanguage":"it-IT"},{"@type":"Organization","@id":"https:\/\/mail.schweizer-tierschutz.ch\/#organization","name":"Schweizer Tierschutz STS","alternateName":"STS","url":"https:\/\/mail.schweizer-tierschutz.ch\/","logo":{"@type":"ImageObject","inLanguage":"it-IT","@id":"https:\/\/mail.schweizer-tierschutz.ch\/#\/schema\/logo\/image\/","url":"https:\/\/tierschutz.com\/app\/uploads\/2024\/04\/logo-schweizer-tierschutz-sts-1.svg","contentUrl":"https:\/\/tierschutz.com\/app\/uploads\/2024\/04\/logo-schweizer-tierschutz-sts-1.svg","caption":"Schweizer Tierschutz STS"},"image":{"@id":"https:\/\/mail.schweizer-tierschutz.ch\/#\/schema\/logo\/image\/"},"sameAs":["https:\/\/www.facebook.com\/schweizertierschutz\/","https:\/\/www.instagram.com\/schweizertierschutzsts\/","https:\/\/www.youtube.com\/@STS_Tierschutz","https:\/\/www.linkedin.com\/company\/schweizertierschutzsts\/"],"description":"Der Schweizer Tierschutz STS ist der Dachverband von 71 Tierschutzorganisationen in allen Sprachregionen der Schweiz und in Liechtenstein. Seine Mitarbeitenden leisten wissenschaftlich fundierte Grundlagenarbeit, setzen sich mit Projekten und Aktionen f\u00fcr den Schutz und das Wohlbefinden von Heim-, Wild-, Nutz- und Versuchstieren ein und sensibilisieren die \u00d6ffentlichkeit f\u00fcr Tierschutzthemen.","email":"sts@tierschutz.com","telephone":"061 365 99 99","legalName":"Schweizer Tierschutz STS"}]}},"_links":{"self":[{"href":"https:\/\/tierschutz.com\/it\/wp-json\/wp\/v2\/pages\/7012","targetHints":{"allow":["GET"]}}],"collection":[{"href":"https:\/\/tierschutz.com\/it\/wp-json\/wp\/v2\/pages"}],"about":[{"href":"https:\/\/tierschutz.com\/it\/wp-json\/wp\/v2\/types\/page"}],"author":[{"embeddable":true,"href":"https:\/\/tierschutz.com\/it\/wp-json\/wp\/v2\/users\/5"}],"replies":[{"embeddable":true,"href":"https:\/\/tierschutz.com\/it\/wp-json\/wp\/v2\/comments?post=7012"}],"version-history":[{"count":3,"href":"https:\/\/tierschutz.com\/it\/wp-json\/wp\/v2\/pages\/7012\/revisions"}],"predecessor-version":[{"id":18650,"href":"https:\/\/tierschutz.com\/it\/wp-json\/wp\/v2\/pages\/7012\/revisions\/18650"}],"up":[{"embeddable":true,"href":"https:\/\/tierschutz.com\/it\/wp-json\/wp\/v2\/pages\/6999"}],"wp:attachment":[{"href":"https:\/\/tierschutz.com\/it\/wp-json\/wp\/v2\/media?parent=7012"}],"curies":[{"name":"wp","href":"https:\/\/api.w.org\/{rel}","templated":true}]}}