{"id":7026,"date":"2023-05-04T11:29:30","date_gmt":"2023-05-04T09:29:30","guid":{"rendered":"https:\/\/dev.tierschutz.com\/?page_id=7026"},"modified":"2025-06-04T08:08:32","modified_gmt":"2025-06-04T06:08:32","slug":"cedere-un-animale","status":"publish","type":"page","link":"https:\/\/tierschutz.com\/it\/mediazione-di-animali\/cedere-un-animale\/","title":{"rendered":"Cedere un animale"},"content":{"rendered":"\n<div class=\"wp-block-cover alignfull\" style=\"min-height:100vh;aspect-ratio:unset;\"><img loading=\"lazy\" decoding=\"async\" width=\"1024\" height=\"658\" class=\"wp-block-cover__image-background wp-image-8544 size-large\" alt=\"Einen Hund der seine Gesicht zwischen zwei Holzbl\u00f6cken durchstreckt\" src=\"https:\/\/tierschutz.com\/app\/uploads\/2023\/07\/tierschutz-tier-abgeben-1024x658.jpg\" data-object-fit=\"cover\" srcset=\"https:\/\/tierschutz.com\/app\/uploads\/2023\/07\/tierschutz-tier-abgeben-1024x658.jpg 1024w, https:\/\/tierschutz.com\/app\/uploads\/2023\/07\/tierschutz-tier-abgeben-300x193.jpg 300w, https:\/\/tierschutz.com\/app\/uploads\/2023\/07\/tierschutz-tier-abgeben-768x494.jpg 768w, https:\/\/tierschutz.com\/app\/uploads\/2023\/07\/tierschutz-tier-abgeben.jpg 1416w\" sizes=\"auto, (max-width: 1024px) 100vw, 1024px\" \/><span aria-hidden=\"true\" class=\"wp-block-cover__background has-foreground-background-color has-background-dim-20 has-background-dim\"><\/span><div class=\"wp-block-cover__inner-container is-layout-flow wp-block-cover-is-layout-flow\">\n<h1 class=\"wp-block-heading has-text-align-center has-background-color has-text-color\" id=\"h-cedere-un-animale\" style=\"font-size:4.5em\"><strong><strong>Cedere un animale<\/strong><\/strong><\/h1>\n<\/div><\/div>\n\n\n\n<div class=\"wp-block-group has-background-background-color has-background is-layout-constrained wp-block-group-is-layout-constrained\"><div class=\"yoast-breadcrumbs\"><span><span><a href=\"https:\/\/mail.schweizer-tierschutz.ch\/it\/\">Pagina iniziale<\/a><\/span> \u00bb <span><a href=\"https:\/\/tierschutz.com\/it\/mediazione-di-animali\/\">Mediazione di animali<\/a><\/span> \u00bb <span class=\"breadcrumb_last\" aria-current=\"page\">Cedere un animale<\/span><\/span><\/div>\n\n\n<div class=\"wp-block-columns is-layout-flex wp-container-core-columns-is-layout-28f84493 wp-block-columns-is-layout-flex\">\n<div class=\"wp-block-column is-layout-flow wp-block-column-is-layout-flow\">\n<div class=\"wp-block-media-text alignwide is-stacked-on-mobile is-style-stacked-shadow no-inset\"><figure class=\"wp-block-media-text__media\"><img loading=\"lazy\" decoding=\"async\" width=\"1024\" height=\"682\" src=\"https:\/\/tierschutz.com\/app\/uploads\/2023\/06\/sts-tier-abgeben-1024x682.jpg\" alt=\"\" class=\"wp-image-4776 size-full\" srcset=\"https:\/\/tierschutz.com\/app\/uploads\/2023\/06\/sts-tier-abgeben-1024x682.jpg 1024w, https:\/\/tierschutz.com\/app\/uploads\/2023\/06\/sts-tier-abgeben-300x200.jpg 300w, https:\/\/tierschutz.com\/app\/uploads\/2023\/06\/sts-tier-abgeben-768x512.jpg 768w, https:\/\/tierschutz.com\/app\/uploads\/2023\/06\/sts-tier-abgeben-1536x1023.jpg 1536w, https:\/\/tierschutz.com\/app\/uploads\/2023\/06\/sts-tier-abgeben.jpg 1920w\" sizes=\"auto, (max-width: 1024px) 100vw, 1024px\" \/><\/figure><div class=\"wp-block-media-text__content\">\n<h3 class=\"wp-block-heading\" id=\"h-consegna-dell-animale\"><strong>Consegna dell\u2019animale<\/strong><\/h3>\n\n\n\n<p>Mantenere un animale comporta tempo e spese. Nel caso in cui non siate pi\u00f9 in grado di soddisfare queste esigenze, vale la pena di prendere in considerazione la possibilit\u00e0 di rinunciare all&#8217;animale in questione. Per saperne di pi\u00f9, cliccate qui.<\/p>\n\n\n\n<div class=\"wp-block-buttons is-layout-flex wp-block-buttons-is-layout-flex\">\n<div class=\"wp-block-button\"><a class=\"wp-block-button__link wp-element-button\" href=\"https:\/\/tierschutz.com\/it\/mediazione-di-animali\/cedere-un-animale\/consegna-dellanimale\/\">Per saperne di pi\u00f9<\/a><\/div>\n<\/div>\n<\/div><\/div>\n<\/div>\n\n\n\n<div class=\"wp-block-column is-layout-flow wp-block-column-is-layout-flow\"><\/div>\n<\/div>\n<\/div>\n","protected":false},"excerpt":{"rendered":"<p>Consegna dell\u2019animale Mantenere un animale comporta tempo e spese. Nel caso in cui non siate pi\u00f9 in grado di soddisfare [&hellip;]<\/p>\n","protected":false},"author":5,"featured_media":0,"parent":7024,"menu_order":157,"comment_status":"closed","ping_status":"closed","template":"","meta":{"_acf_changed":false,"inline_featured_image":false,"_vp_format_video_url":"","_vp_image_focal_point":[],"footnotes":""},"class_list":["post-7026","page","type-page","status-publish","hentry"],"acf":[],"yoast_head":"<!-- This site is optimized with the Yoast SEO Premium plugin v27.4 (Yoast SEO v27.4) - https:\/\/yoast.com\/product\/yoast-seo-premium-wordpress\/ -->\n<title>Cedere un animale - Protezione Svizzera degli Animali PSA<\/title>\n<meta name=\"robots\" content=\"index, follow, max-snippet:-1, max-image-preview:large, max-video-preview:-1\" \/>\n<link rel=\"canonical\" href=\"https:\/\/tierschutz.com\/it\/mediazione-di-animali\/cedere-un-animale\/\" \/>\n<meta property=\"og:locale\" content=\"it_IT\" \/>\n<meta property=\"og:type\" content=\"article\" \/>\n<meta property=\"og:title\" content=\"Cedere un animale\" \/>\n<meta property=\"og:description\" content=\"Consegna dell\u2019animale Mantenere un animale comporta tempo e spese. Nel caso in cui non siate pi\u00f9 in grado di soddisfare [&hellip;]\" \/>\n<meta property=\"og:url\" content=\"https:\/\/tierschutz.com\/it\/mediazione-di-animali\/cedere-un-animale\/\" \/>\n<meta property=\"og:site_name\" content=\"Protezione Svizzera degli Animali PSA\" \/>\n<meta property=\"article:publisher\" content=\"https:\/\/www.facebook.com\/schweizertierschutz\/\" \/>\n<meta property=\"article:modified_time\" content=\"2025-06-04T06:08:32+00:00\" \/>\n<meta property=\"og:image\" content=\"https:\/\/tierschutz.com\/app\/uploads\/2023\/07\/tierschutz-tier-abgeben-1024x658.jpg\" \/>\n<meta name=\"twitter:card\" content=\"summary_large_image\" \/>\n<meta name=\"twitter:label1\" content=\"Tempo di lettura stimato\" \/>\n\t<meta name=\"twitter:data1\" content=\"1 minuto\" \/>\n<script type=\"application\/ld+json\" class=\"yoast-schema-graph\">{\"@context\":\"https:\\\/\\\/schema.org\",\"@graph\":[{\"@type\":\"WebPage\",\"@id\":\"https:\\\/\\\/tierschutz.com\\\/it\\\/mediazione-di-animali\\\/cedere-un-animale\\\/\",\"url\":\"https:\\\/\\\/tierschutz.com\\\/it\\\/mediazione-di-animali\\\/cedere-un-animale\\\/\",\"name\":\"Cedere un animale - Protezione Svizzera degli Animali PSA\",\"isPartOf\":{\"@id\":\"https:\\\/\\\/mail.schweizer-tierschutz.ch\\\/#website\"},\"primaryImageOfPage\":{\"@id\":\"https:\\\/\\\/tierschutz.com\\\/it\\\/mediazione-di-animali\\\/cedere-un-animale\\\/#primaryimage\"},\"image\":{\"@id\":\"https:\\\/\\\/tierschutz.com\\\/it\\\/mediazione-di-animali\\\/cedere-un-animale\\\/#primaryimage\"},\"thumbnailUrl\":\"https:\\\/\\\/tierschutz.com\\\/app\\\/uploads\\\/2023\\\/07\\\/tierschutz-tier-abgeben-1024x658.jpg\",\"datePublished\":\"2023-05-04T09:29:30+00:00\",\"dateModified\":\"2025-06-04T06:08:32+00:00\",\"breadcrumb\":{\"@id\":\"https:\\\/\\\/tierschutz.com\\\/it\\\/mediazione-di-animali\\\/cedere-un-animale\\\/#breadcrumb\"},\"inLanguage\":\"it-IT\",\"potentialAction\":[{\"@type\":\"ReadAction\",\"target\":[\"https:\\\/\\\/tierschutz.com\\\/it\\\/mediazione-di-animali\\\/cedere-un-animale\\\/\"]}]},{\"@type\":\"ImageObject\",\"inLanguage\":\"it-IT\",\"@id\":\"https:\\\/\\\/tierschutz.com\\\/it\\\/mediazione-di-animali\\\/cedere-un-animale\\\/#primaryimage\",\"url\":\"https:\\\/\\\/tierschutz.com\\\/app\\\/uploads\\\/2023\\\/07\\\/tierschutz-tier-abgeben-1024x658.jpg\",\"contentUrl\":\"https:\\\/\\\/tierschutz.com\\\/app\\\/uploads\\\/2023\\\/07\\\/tierschutz-tier-abgeben-1024x658.jpg\"},{\"@type\":\"BreadcrumbList\",\"@id\":\"https:\\\/\\\/tierschutz.com\\\/it\\\/mediazione-di-animali\\\/cedere-un-animale\\\/#breadcrumb\",\"itemListElement\":[{\"@type\":\"ListItem\",\"position\":1,\"name\":\"Pagina iniziale\",\"item\":\"https:\\\/\\\/mail.schweizer-tierschutz.ch\\\/it\\\/\"},{\"@type\":\"ListItem\",\"position\":2,\"name\":\"Mediazione di animali\",\"item\":\"https:\\\/\\\/tierschutz.com\\\/it\\\/mediazione-di-animali\\\/\"},{\"@type\":\"ListItem\",\"position\":3,\"name\":\"Cedere un animale\"}]},{\"@type\":\"WebSite\",\"@id\":\"https:\\\/\\\/mail.schweizer-tierschutz.ch\\\/#website\",\"url\":\"https:\\\/\\\/mail.schweizer-tierschutz.ch\\\/\",\"name\":\"tierschutz.com\",\"description\":\"Wir setzen uns f\u00fcr das Wohl der Tiere ein.\",\"publisher\":{\"@id\":\"https:\\\/\\\/mail.schweizer-tierschutz.ch\\\/#organization\"},\"alternateName\":\"Schweizer Tierschutz STS\",\"potentialAction\":[{\"@type\":\"SearchAction\",\"target\":{\"@type\":\"EntryPoint\",\"urlTemplate\":\"https:\\\/\\\/mail.schweizer-tierschutz.ch\\\/?s={search_term_string}\"},\"query-input\":{\"@type\":\"PropertyValueSpecification\",\"valueRequired\":true,\"valueName\":\"search_term_string\"}}],\"inLanguage\":\"it-IT\"},{\"@type\":\"Organization\",\"@id\":\"https:\\\/\\\/mail.schweizer-tierschutz.ch\\\/#organization\",\"name\":\"Schweizer Tierschutz STS\",\"alternateName\":\"STS\",\"url\":\"https:\\\/\\\/mail.schweizer-tierschutz.ch\\\/\",\"logo\":{\"@type\":\"ImageObject\",\"inLanguage\":\"it-IT\",\"@id\":\"https:\\\/\\\/mail.schweizer-tierschutz.ch\\\/#\\\/schema\\\/logo\\\/image\\\/\",\"url\":\"https:\\\/\\\/tierschutz.com\\\/app\\\/uploads\\\/2024\\\/04\\\/logo-schweizer-tierschutz-sts-1.svg\",\"contentUrl\":\"https:\\\/\\\/tierschutz.com\\\/app\\\/uploads\\\/2024\\\/04\\\/logo-schweizer-tierschutz-sts-1.svg\",\"caption\":\"Schweizer Tierschutz STS\"},\"image\":{\"@id\":\"https:\\\/\\\/mail.schweizer-tierschutz.ch\\\/#\\\/schema\\\/logo\\\/image\\\/\"},\"sameAs\":[\"https:\\\/\\\/www.facebook.com\\\/schweizertierschutz\\\/\",\"https:\\\/\\\/www.instagram.com\\\/schweizertierschutzsts\\\/\",\"https:\\\/\\\/www.youtube.com\\\/@STS_Tierschutz\",\"https:\\\/\\\/www.linkedin.com\\\/company\\\/schweizertierschutzsts\\\/\"],\"description\":\"Der Schweizer Tierschutz STS ist der Dachverband von 71 Tierschutzorganisationen in allen Sprachregionen der Schweiz und in Liechtenstein. Seine Mitarbeitenden leisten wissenschaftlich fundierte Grundlagenarbeit, setzen sich mit Projekten und Aktionen f\u00fcr den Schutz und das Wohlbefinden von Heim-, Wild-, Nutz- und Versuchstieren ein und sensibilisieren die \u00d6ffentlichkeit f\u00fcr Tierschutzthemen.\",\"email\":\"sts@tierschutz.com\",\"telephone\":\"061 365 99 99\",\"legalName\":\"Schweizer Tierschutz STS\"}]}<\/script>\n<!-- \/ Yoast SEO Premium plugin. -->","yoast_head_json":{"title":"Cedere un animale - Protezione Svizzera degli Animali PSA","robots":{"index":"index","follow":"follow","max-snippet":"max-snippet:-1","max-image-preview":"max-image-preview:large","max-video-preview":"max-video-preview:-1"},"canonical":"https:\/\/tierschutz.com\/it\/mediazione-di-animali\/cedere-un-animale\/","og_locale":"it_IT","og_type":"article","og_title":"Cedere un animale","og_description":"Consegna dell\u2019animale Mantenere un animale comporta tempo e spese. Nel caso in cui non siate pi\u00f9 in grado di soddisfare [&hellip;]","og_url":"https:\/\/tierschutz.com\/it\/mediazione-di-animali\/cedere-un-animale\/","og_site_name":"Protezione Svizzera degli Animali PSA","article_publisher":"https:\/\/www.facebook.com\/schweizertierschutz\/","article_modified_time":"2025-06-04T06:08:32+00:00","og_image":[{"url":"https:\/\/tierschutz.com\/app\/uploads\/2023\/07\/tierschutz-tier-abgeben-1024x658.jpg","type":"","width":"","height":""}],"twitter_card":"summary_large_image","twitter_misc":{"Tempo di lettura stimato":"1 minuto"},"schema":{"@context":"https:\/\/schema.org","@graph":[{"@type":"WebPage","@id":"https:\/\/tierschutz.com\/it\/mediazione-di-animali\/cedere-un-animale\/","url":"https:\/\/tierschutz.com\/it\/mediazione-di-animali\/cedere-un-animale\/","name":"Cedere un animale - Protezione Svizzera degli Animali PSA","isPartOf":{"@id":"https:\/\/mail.schweizer-tierschutz.ch\/#website"},"primaryImageOfPage":{"@id":"https:\/\/tierschutz.com\/it\/mediazione-di-animali\/cedere-un-animale\/#primaryimage"},"image":{"@id":"https:\/\/tierschutz.com\/it\/mediazione-di-animali\/cedere-un-animale\/#primaryimage"},"thumbnailUrl":"https:\/\/tierschutz.com\/app\/uploads\/2023\/07\/tierschutz-tier-abgeben-1024x658.jpg","datePublished":"2023-05-04T09:29:30+00:00","dateModified":"2025-06-04T06:08:32+00:00","breadcrumb":{"@id":"https:\/\/tierschutz.com\/it\/mediazione-di-animali\/cedere-un-animale\/#breadcrumb"},"inLanguage":"it-IT","potentialAction":[{"@type":"ReadAction","target":["https:\/\/tierschutz.com\/it\/mediazione-di-animali\/cedere-un-animale\/"]}]},{"@type":"ImageObject","inLanguage":"it-IT","@id":"https:\/\/tierschutz.com\/it\/mediazione-di-animali\/cedere-un-animale\/#primaryimage","url":"https:\/\/tierschutz.com\/app\/uploads\/2023\/07\/tierschutz-tier-abgeben-1024x658.jpg","contentUrl":"https:\/\/tierschutz.com\/app\/uploads\/2023\/07\/tierschutz-tier-abgeben-1024x658.jpg"},{"@type":"BreadcrumbList","@id":"https:\/\/tierschutz.com\/it\/mediazione-di-animali\/cedere-un-animale\/#breadcrumb","itemListElement":[{"@type":"ListItem","position":1,"name":"Pagina iniziale","item":"https:\/\/mail.schweizer-tierschutz.ch\/it\/"},{"@type":"ListItem","position":2,"name":"Mediazione di animali","item":"https:\/\/tierschutz.com\/it\/mediazione-di-animali\/"},{"@type":"ListItem","position":3,"name":"Cedere un animale"}]},{"@type":"WebSite","@id":"https:\/\/mail.schweizer-tierschutz.ch\/#website","url":"https:\/\/mail.schweizer-tierschutz.ch\/","name":"tierschutz.com","description":"Wir setzen uns f\u00fcr das Wohl der Tiere ein.","publisher":{"@id":"https:\/\/mail.schweizer-tierschutz.ch\/#organization"},"alternateName":"Schweizer Tierschutz STS","potentialAction":[{"@type":"SearchAction","target":{"@type":"EntryPoint","urlTemplate":"https:\/\/mail.schweizer-tierschutz.ch\/?s={search_term_string}"},"query-input":{"@type":"PropertyValueSpecification","valueRequired":true,"valueName":"search_term_string"}}],"inLanguage":"it-IT"},{"@type":"Organization","@id":"https:\/\/mail.schweizer-tierschutz.ch\/#organization","name":"Schweizer Tierschutz STS","alternateName":"STS","url":"https:\/\/mail.schweizer-tierschutz.ch\/","logo":{"@type":"ImageObject","inLanguage":"it-IT","@id":"https:\/\/mail.schweizer-tierschutz.ch\/#\/schema\/logo\/image\/","url":"https:\/\/tierschutz.com\/app\/uploads\/2024\/04\/logo-schweizer-tierschutz-sts-1.svg","contentUrl":"https:\/\/tierschutz.com\/app\/uploads\/2024\/04\/logo-schweizer-tierschutz-sts-1.svg","caption":"Schweizer Tierschutz STS"},"image":{"@id":"https:\/\/mail.schweizer-tierschutz.ch\/#\/schema\/logo\/image\/"},"sameAs":["https:\/\/www.facebook.com\/schweizertierschutz\/","https:\/\/www.instagram.com\/schweizertierschutzsts\/","https:\/\/www.youtube.com\/@STS_Tierschutz","https:\/\/www.linkedin.com\/company\/schweizertierschutzsts\/"],"description":"Der Schweizer Tierschutz STS ist der Dachverband von 71 Tierschutzorganisationen in allen Sprachregionen der Schweiz und in Liechtenstein. Seine Mitarbeitenden leisten wissenschaftlich fundierte Grundlagenarbeit, setzen sich mit Projekten und Aktionen f\u00fcr den Schutz und das Wohlbefinden von Heim-, Wild-, Nutz- und Versuchstieren ein und sensibilisieren die \u00d6ffentlichkeit f\u00fcr Tierschutzthemen.","email":"sts@tierschutz.com","telephone":"061 365 99 99","legalName":"Schweizer Tierschutz STS"}]}},"_links":{"self":[{"href":"https:\/\/tierschutz.com\/it\/wp-json\/wp\/v2\/pages\/7026","targetHints":{"allow":["GET"]}}],"collection":[{"href":"https:\/\/tierschutz.com\/it\/wp-json\/wp\/v2\/pages"}],"about":[{"href":"https:\/\/tierschutz.com\/it\/wp-json\/wp\/v2\/types\/page"}],"author":[{"embeddable":true,"href":"https:\/\/tierschutz.com\/it\/wp-json\/wp\/v2\/users\/5"}],"replies":[{"embeddable":true,"href":"https:\/\/tierschutz.com\/it\/wp-json\/wp\/v2\/comments?post=7026"}],"version-history":[{"count":8,"href":"https:\/\/tierschutz.com\/it\/wp-json\/wp\/v2\/pages\/7026\/revisions"}],"predecessor-version":[{"id":31744,"href":"https:\/\/tierschutz.com\/it\/wp-json\/wp\/v2\/pages\/7026\/revisions\/31744"}],"up":[{"embeddable":true,"href":"https:\/\/tierschutz.com\/it\/wp-json\/wp\/v2\/pages\/7024"}],"wp:attachment":[{"href":"https:\/\/tierschutz.com\/it\/wp-json\/wp\/v2\/media?parent=7026"}],"curies":[{"name":"wp","href":"https:\/\/api.w.org\/{rel}","templated":true}]}}