{"id":7054,"date":"2023-05-04T15:05:22","date_gmt":"2023-05-04T13:05:22","guid":{"rendered":"https:\/\/dev.tierschutz.com\/?page_id=7054"},"modified":"2024-04-04T17:37:33","modified_gmt":"2024-04-04T15:37:33","slug":"animali-selvatici","status":"publish","type":"page","link":"https:\/\/tierschutz.com\/it\/protezione-degli-animali\/temi\/animali-selvatici\/","title":{"rendered":"Animali selvatici"},"content":{"rendered":"\n<div class=\"wp-block-cover alignfull is-light\" style=\"min-height:100vh;aspect-ratio:unset;\"><span aria-hidden=\"true\" class=\"wp-block-cover__background has-foreground-background-color has-background-dim-30 has-background-dim\"><\/span><img loading=\"lazy\" decoding=\"async\" width=\"1416\" height=\"910\" class=\"wp-block-cover__image-background wp-image-1630\" alt=\"Ein liegender Wolt mit erhobenem Kopf und im Hintergrund sind mehrere Holzst\u00e4mme\" src=\"https:\/\/tierschutz.com\/app\/uploads\/2023\/05\/STS-Wildtiere-Wolf.jpg\" style=\"object-position:50% 50%\" data-object-fit=\"cover\" data-object-position=\"50% 50%\" srcset=\"https:\/\/tierschutz.com\/app\/uploads\/2023\/05\/STS-Wildtiere-Wolf.jpg 1416w, https:\/\/tierschutz.com\/app\/uploads\/2023\/05\/STS-Wildtiere-Wolf-300x193.jpg 300w, https:\/\/tierschutz.com\/app\/uploads\/2023\/05\/STS-Wildtiere-Wolf-1024x658.jpg 1024w, https:\/\/tierschutz.com\/app\/uploads\/2023\/05\/STS-Wildtiere-Wolf-768x494.jpg 768w\" sizes=\"auto, (max-width: 1416px) 100vw, 1416px\" \/><div class=\"wp-block-cover__inner-container is-layout-flow wp-block-cover-is-layout-flow\">\n<h1 class=\"wp-block-heading has-text-align-center has-background-color has-text-color\" style=\"font-size:4.5em\"><strong>Animali selvatici<\/strong><\/h1>\n<\/div><\/div>\n\n\n\n<div class=\"wp-block-group alignfull anchor-bar has-lightgray-background-color has-background is-layout-constrained wp-block-group-is-layout-constrained\">\n<div class=\"wp-block-group is-content-justification-space-between is-layout-flex wp-container-core-group-is-layout-9366075c wp-block-group-is-layout-flex\">\n<p class=\"has-large-font-size\"><strong><a href=\"#wildtiere\">Caccia<\/a><\/strong><\/p>\n\n\n\n<p class=\"has-large-font-size\"><strong><a href=\"#wildtiere\">Animali selvatici in pericolo<\/a><\/strong><\/p>\n\n\n\n<p class=\"has-large-font-size\"><strong><a href=\"#wilde-nachbaren\">Vicini selvaggi<\/a><\/strong><\/p>\n\n\n\n<p class=\"has-large-font-size\"><strong><a href=\"#brieftaubensport\">Piccioni da corsa<\/a><\/strong><\/p>\n<\/div>\n<\/div>\n\n\n<div class=\"yoast-breadcrumbs\"><span><span><a href=\"https:\/\/mail.schweizer-tierschutz.ch\/it\/\">Pagina iniziale<\/a><\/span> \u00bb <span><a href=\"https:\/\/tierschutz.com\/it\/protezione-degli-animali\/\">Protezione degli animali<\/a><\/span> \u00bb <span><a href=\"https:\/\/tierschutz.com\/it\/protezione-degli-animali\/temi\/\">Temi<\/a><\/span> \u00bb <span class=\"breadcrumb_last\" aria-current=\"page\">Animali selvatici<\/span><\/span><\/div>\n\n\n<div class=\"wp-block-group alignfull has-background-background-color has-background is-layout-constrained wp-block-group-is-layout-constrained\">\n<h1 class=\"wp-block-heading has-text-align-center\"><strong><strong>Animali selvatici<\/strong><\/strong><\/h1>\n\n\n\n<hr class=\"wp-block-separator has-text-color has-primary-color has-alpha-channel-opacity has-primary-background-color has-background\"\/>\n\n\n\n<p class=\"has-text-align-center\">La PSA si occupa anche degli animali selvatici. Ovunque gli animali selvatici e l&#8217;uomo si incontrino e ovunque gli animali selvatici siano colpiti dall&#8217;uomo, \u00e8 necessario un intervento. Nell&#8217;ambito della caccia, la Protezione svizzera degli Animali PSA si batte per il divieto di pratiche venatorie particolarmente crudeli per gli animali, come la disapprovata caccia agli edifici, e per la limitazione della caccia guidata. In agricoltura, la Protezione svizzera degli Animali PSA si batte contro le recinzioni pericolose e le reti da vigna. Si batte anche contro il trattamento irrispettoso dei pesci.<\/p>\n\n\n\n<p class=\"has-text-align-center\">Numerosi animali selvatici feriti e malati e cuccioli orfani hanno bisogno dell&#8217;aiuto umano. La Protezione svizzera degli Animali PSA sostiene professionalmente e finanziariamente il lavoro delle stazioni di cura degli animali selvatici e degli uccelli selvatici delle sue sezioni, contribuendo cos\u00ec a garantire che innumerevoli animali selvatici possano essere rimessi in libert\u00e0 in buona salute. La Protezione svizzera degli Animali PSA promuove un trattamento rispettoso dei nostri vicini selvatici, come martore, ghiri, ricci o corvi, e mostra quali misure possono essere utilizzate per sostenere e promuovere i nostri animali selvatici.<\/p>\n\n\n\n<p class=\"has-text-align-center\">La Protezione Svizzera degli Animali PSA non accetta che gli animali selvatici debbano vivere in condizioni indecorose e crudeli negli zoo, nei parchi animali e nei circhi solo a scopo di lucro. Tollera solo sistemi di allevamento rispettosi degli animali, in cui gli animali possono comportarsi in modo naturale e consono alla specie. Il rapporto della PSA sugli zoo mostra la posizione degli zoo e dei parchi animali svizzeri in questo senso. La Protezione Svizzera degli Animali PSA si batte anche per ottenere norme pi\u00f9 severe sull&#8217;importazione di animali selvatici, dato che ogni anno centinaia di migliaia di animali esotici muoiono durante la cattura e il trasporto.<\/p>\n<\/div>\n\n\n\n<div class=\"wp-block-group has-background-background-color has-background is-layout-constrained wp-block-group-is-layout-constrained\">\n<div class=\"wp-block-columns is-layout-flex wp-container-core-columns-is-layout-28f84493 wp-block-columns-is-layout-flex\">\n<div class=\"wp-block-column is-layout-flow wp-block-column-is-layout-flow\" id=\"jagd\">\n<div class=\"wp-block-media-text alignwide is-stacked-on-mobile is-style-stacked-shadow no-inset\"><figure class=\"wp-block-media-text__media\"><img decoding=\"async\" src=\"https:\/\/tierschutz.com\/app\/uploads\/2023\/06\/sts-jagd-tierschutz-e1687507609135-1024x660.jpg\" alt=\"\" class=\"wp-image-5972 size-full\"\/><\/figure><div class=\"wp-block-media-text__content\">\n<h3 class=\"wp-block-heading\"><strong>Caccia<\/strong><\/h3>\n\n\n\n<p>La discussione tra la protezione degli animali selvatici e la caccia e viceversa \u00e8 necessaria. Per la Protezione Svizzera degli Animali PSA, si tratta principalmente di notare dove \u00e8 necessario intervenire e\/o prestare particolare attenzione alla caccia dal punto di vista della protezione degli animali.<\/p>\n\n\n\n<div class=\"wp-block-buttons is-layout-flex wp-block-buttons-is-layout-flex\">\n<div class=\"wp-block-button\"><a class=\"wp-block-button__link wp-element-button\" href=\"https:\/\/tierschutz.com\/protezione-degli-animali\/temi\/animali-selvatici\/caccia\/\">Per saperne di pi\u00f9<\/a><\/div>\n<\/div>\n<\/div><\/div>\n<\/div>\n\n\n\n<div class=\"wp-block-column is-layout-flow wp-block-column-is-layout-flow\" id=\"wildtiere\">\n<div class=\"wp-block-media-text alignwide is-stacked-on-mobile is-style-stacked-shadow no-inset\"><figure class=\"wp-block-media-text__media\"><img decoding=\"async\" src=\"https:\/\/tierschutz.com\/app\/uploads\/2023\/06\/sts-wildtiere-in-gefahr-1024x683.jpg\" alt=\"\" class=\"wp-image-3857 size-full\"\/><\/figure><div class=\"wp-block-media-text__content\">\n<h3 class=\"wp-block-heading\"><strong>Animali selvatici in pericolo<\/strong><\/h3>\n\n\n\n<p>In Paesi densamente popolati e intensamente coltivati come la Svizzera, l&#8217;impatto delle attivit\u00e0 umane sulla fauna selvatica \u00e8 onnipresente. La fauna selvatica non vive pi\u00f9 in una natura incontaminata ed \u00e8 esposta a vari pericoli diretti e indiretti.<\/p>\n\n\n\n<div class=\"wp-block-buttons is-layout-flex wp-block-buttons-is-layout-flex\">\n<div class=\"wp-block-button\"><a class=\"wp-block-button__link wp-element-button\" href=\"https:\/\/tierschutz.com\/it\/protezione-degli-animali\/temi\/animali-selvatici\/animali-selvatici-in-pericolo\/\">Per saperne di pi\u00f9<\/a><\/div>\n<\/div>\n<\/div><\/div>\n<\/div>\n<\/div>\n\n\n\n<div class=\"wp-block-columns is-layout-flex wp-container-core-columns-is-layout-28f84493 wp-block-columns-is-layout-flex\">\n<div class=\"wp-block-column is-layout-flow wp-block-column-is-layout-flow\" id=\"wilde-nachbaren\">\n<div class=\"wp-block-media-text alignwide is-stacked-on-mobile is-style-stacked-shadow no-inset\"><figure class=\"wp-block-media-text__media\"><img loading=\"lazy\" decoding=\"async\" width=\"1024\" height=\"676\" src=\"https:\/\/tierschutz.com\/app\/uploads\/2023\/06\/sts-wilde-nachbaren-1024x676.jpg\" alt=\"\" class=\"wp-image-3848 size-full\" srcset=\"https:\/\/tierschutz.com\/app\/uploads\/2023\/06\/sts-wilde-nachbaren-1024x676.jpg 1024w, https:\/\/tierschutz.com\/app\/uploads\/2023\/06\/sts-wilde-nachbaren-300x198.jpg 300w, https:\/\/tierschutz.com\/app\/uploads\/2023\/06\/sts-wilde-nachbaren-768x507.jpg 768w, https:\/\/tierschutz.com\/app\/uploads\/2023\/06\/sts-wilde-nachbaren-1536x1015.jpg 1536w, https:\/\/tierschutz.com\/app\/uploads\/2023\/06\/sts-wilde-nachbaren-2048x1353.jpg 2048w\" sizes=\"auto, (max-width: 1024px) 100vw, 1024px\" \/><\/figure><div class=\"wp-block-media-text__content\">\n<h3 class=\"wp-block-heading\"><strong>Vicini selvaggi<\/strong><\/h3>\n\n\n\n<p>Siamo circondati da animali selvatici. Anche nelle citt\u00e0, la fauna selvatica riesce sempre pi\u00f9 spesso a utilizzare questo habitat e a condividerlo con noi. La presenza di questi animali dovrebbe renderci felici; rivela il nostro legame con la natura.<\/p>\n\n\n\n<div class=\"wp-block-buttons is-layout-flex wp-block-buttons-is-layout-flex\">\n<div class=\"wp-block-button\"><a class=\"wp-block-button__link wp-element-button\" href=\"https:\/\/tierschutz.com\/protezione-degli-animali\/temi\/animali-selvatici\/vicini-selvaggi\/\">Per saperne di pi\u00f9<\/a><\/div>\n<\/div>\n<\/div><\/div>\n<\/div>\n\n\n\n<div class=\"wp-block-column is-layout-flow wp-block-column-is-layout-flow\" id=\"brieftaubensport\">\n<div class=\"wp-block-media-text alignwide is-stacked-on-mobile is-style-stacked-shadow no-inset\"><figure class=\"wp-block-media-text__media\"><img decoding=\"async\" src=\"https:\/\/tierschutz.com\/app\/uploads\/2023\/06\/sts-brieftauben-1024x768.jpg\" alt=\"\" class=\"wp-image-3851 size-full\"\/><\/figure><div class=\"wp-block-media-text__content\">\n<h3 class=\"wp-block-heading\"><strong>Piccioni da corsa<\/strong><\/h3>\n\n\n\n<p>In Svizzera i piccioni vengono utilizzati anche per le corse. Molti non sanno che quasi la met\u00e0 degli animali fa ritorno alle stalle dei proprietari.<\/p>\n\n\n\n<div class=\"wp-block-buttons is-layout-flex wp-block-buttons-is-layout-flex\">\n<div class=\"wp-block-button\"><a class=\"wp-block-button__link wp-element-button\" href=\"https:\/\/tierschutz.com\/it\/protezione-degli-animali\/temi\/animali-selvatici\/piccione-da-corsa\/\">Per saperne di pi\u00f9<\/a><\/div>\n<\/div>\n<\/div><\/div>\n<\/div>\n<\/div>\n<\/div>\n","protected":false},"excerpt":{"rendered":"<p>Caccia Animali selvatici in pericolo Vicini selvaggi Piccioni da corsa Animali selvatici La PSA si occupa anche degli animali selvatici. [&hellip;]<\/p>\n","protected":false},"author":5,"featured_media":0,"parent":6282,"menu_order":387,"comment_status":"closed","ping_status":"closed","template":"","meta":{"_acf_changed":false,"inline_featured_image":false,"_vp_format_video_url":"","_vp_image_focal_point":[],"footnotes":""},"class_list":["post-7054","page","type-page","status-publish","hentry"],"acf":[],"yoast_head":"<!-- This site is optimized with the Yoast SEO Premium plugin v27.4 (Yoast SEO v27.4) - https:\/\/yoast.com\/product\/yoast-seo-premium-wordpress\/ -->\n<title>Animali selvatici - Protezione Svizzera degli Animali PSA<\/title>\n<meta name=\"robots\" content=\"index, follow, max-snippet:-1, max-image-preview:large, max-video-preview:-1\" \/>\n<link rel=\"canonical\" href=\"https:\/\/tierschutz.com\/it\/protezione-degli-animali\/temi\/animali-selvatici\/\" \/>\n<meta property=\"og:locale\" content=\"it_IT\" \/>\n<meta property=\"og:type\" content=\"article\" \/>\n<meta property=\"og:title\" content=\"Animali selvatici\" \/>\n<meta property=\"og:description\" content=\"Caccia Animali selvatici in pericolo Vicini selvaggi Piccioni da corsa Animali selvatici La PSA si occupa anche degli animali selvatici. [&hellip;]\" \/>\n<meta property=\"og:url\" content=\"https:\/\/tierschutz.com\/it\/protezione-degli-animali\/temi\/animali-selvatici\/\" \/>\n<meta property=\"og:site_name\" content=\"Protezione Svizzera degli Animali PSA\" \/>\n<meta property=\"article:publisher\" content=\"https:\/\/www.facebook.com\/schweizertierschutz\/\" \/>\n<meta property=\"article:modified_time\" content=\"2024-04-04T15:37:33+00:00\" \/>\n<meta property=\"og:image\" content=\"https:\/\/tierschutz.com\/app\/uploads\/2023\/05\/STS-Wildtiere-Wolf.jpg\" \/>\n<meta name=\"twitter:card\" content=\"summary_large_image\" \/>\n<meta name=\"twitter:label1\" content=\"Tempo di lettura stimato\" \/>\n\t<meta name=\"twitter:data1\" content=\"4 minuti\" \/>\n<script type=\"application\/ld+json\" class=\"yoast-schema-graph\">{\"@context\":\"https:\\\/\\\/schema.org\",\"@graph\":[{\"@type\":\"WebPage\",\"@id\":\"https:\\\/\\\/tierschutz.com\\\/it\\\/protezione-degli-animali\\\/temi\\\/animali-selvatici\\\/\",\"url\":\"https:\\\/\\\/tierschutz.com\\\/it\\\/protezione-degli-animali\\\/temi\\\/animali-selvatici\\\/\",\"name\":\"Animali selvatici - Protezione Svizzera degli Animali PSA\",\"isPartOf\":{\"@id\":\"https:\\\/\\\/mail.schweizer-tierschutz.ch\\\/#website\"},\"primaryImageOfPage\":{\"@id\":\"https:\\\/\\\/tierschutz.com\\\/it\\\/protezione-degli-animali\\\/temi\\\/animali-selvatici\\\/#primaryimage\"},\"image\":{\"@id\":\"https:\\\/\\\/tierschutz.com\\\/it\\\/protezione-degli-animali\\\/temi\\\/animali-selvatici\\\/#primaryimage\"},\"thumbnailUrl\":\"https:\\\/\\\/tierschutz.com\\\/app\\\/uploads\\\/2023\\\/05\\\/STS-Wildtiere-Wolf.jpg\",\"datePublished\":\"2023-05-04T13:05:22+00:00\",\"dateModified\":\"2024-04-04T15:37:33+00:00\",\"breadcrumb\":{\"@id\":\"https:\\\/\\\/tierschutz.com\\\/it\\\/protezione-degli-animali\\\/temi\\\/animali-selvatici\\\/#breadcrumb\"},\"inLanguage\":\"it-IT\",\"potentialAction\":[{\"@type\":\"ReadAction\",\"target\":[\"https:\\\/\\\/tierschutz.com\\\/it\\\/protezione-degli-animali\\\/temi\\\/animali-selvatici\\\/\"]}]},{\"@type\":\"ImageObject\",\"inLanguage\":\"it-IT\",\"@id\":\"https:\\\/\\\/tierschutz.com\\\/it\\\/protezione-degli-animali\\\/temi\\\/animali-selvatici\\\/#primaryimage\",\"url\":\"https:\\\/\\\/tierschutz.com\\\/app\\\/uploads\\\/2023\\\/05\\\/STS-Wildtiere-Wolf.jpg\",\"contentUrl\":\"https:\\\/\\\/tierschutz.com\\\/app\\\/uploads\\\/2023\\\/05\\\/STS-Wildtiere-Wolf.jpg\"},{\"@type\":\"BreadcrumbList\",\"@id\":\"https:\\\/\\\/tierschutz.com\\\/it\\\/protezione-degli-animali\\\/temi\\\/animali-selvatici\\\/#breadcrumb\",\"itemListElement\":[{\"@type\":\"ListItem\",\"position\":1,\"name\":\"Pagina iniziale\",\"item\":\"https:\\\/\\\/mail.schweizer-tierschutz.ch\\\/it\\\/\"},{\"@type\":\"ListItem\",\"position\":2,\"name\":\"Protezione degli animali\",\"item\":\"https:\\\/\\\/tierschutz.com\\\/it\\\/protezione-degli-animali\\\/\"},{\"@type\":\"ListItem\",\"position\":3,\"name\":\"Temi\",\"item\":\"https:\\\/\\\/tierschutz.com\\\/it\\\/protezione-degli-animali\\\/temi\\\/\"},{\"@type\":\"ListItem\",\"position\":4,\"name\":\"Animali selvatici\"}]},{\"@type\":\"WebSite\",\"@id\":\"https:\\\/\\\/mail.schweizer-tierschutz.ch\\\/#website\",\"url\":\"https:\\\/\\\/mail.schweizer-tierschutz.ch\\\/\",\"name\":\"tierschutz.com\",\"description\":\"Wir setzen uns f\u00fcr das Wohl der Tiere ein.\",\"publisher\":{\"@id\":\"https:\\\/\\\/mail.schweizer-tierschutz.ch\\\/#organization\"},\"alternateName\":\"Schweizer Tierschutz STS\",\"potentialAction\":[{\"@type\":\"SearchAction\",\"target\":{\"@type\":\"EntryPoint\",\"urlTemplate\":\"https:\\\/\\\/mail.schweizer-tierschutz.ch\\\/?s={search_term_string}\"},\"query-input\":{\"@type\":\"PropertyValueSpecification\",\"valueRequired\":true,\"valueName\":\"search_term_string\"}}],\"inLanguage\":\"it-IT\"},{\"@type\":\"Organization\",\"@id\":\"https:\\\/\\\/mail.schweizer-tierschutz.ch\\\/#organization\",\"name\":\"Schweizer Tierschutz STS\",\"alternateName\":\"STS\",\"url\":\"https:\\\/\\\/mail.schweizer-tierschutz.ch\\\/\",\"logo\":{\"@type\":\"ImageObject\",\"inLanguage\":\"it-IT\",\"@id\":\"https:\\\/\\\/mail.schweizer-tierschutz.ch\\\/#\\\/schema\\\/logo\\\/image\\\/\",\"url\":\"https:\\\/\\\/tierschutz.com\\\/app\\\/uploads\\\/2024\\\/04\\\/logo-schweizer-tierschutz-sts-1.svg\",\"contentUrl\":\"https:\\\/\\\/tierschutz.com\\\/app\\\/uploads\\\/2024\\\/04\\\/logo-schweizer-tierschutz-sts-1.svg\",\"caption\":\"Schweizer Tierschutz STS\"},\"image\":{\"@id\":\"https:\\\/\\\/mail.schweizer-tierschutz.ch\\\/#\\\/schema\\\/logo\\\/image\\\/\"},\"sameAs\":[\"https:\\\/\\\/www.facebook.com\\\/schweizertierschutz\\\/\",\"https:\\\/\\\/www.instagram.com\\\/schweizertierschutzsts\\\/\",\"https:\\\/\\\/www.youtube.com\\\/@STS_Tierschutz\",\"https:\\\/\\\/www.linkedin.com\\\/company\\\/schweizertierschutzsts\\\/\"],\"description\":\"Der Schweizer Tierschutz STS ist der Dachverband von 71 Tierschutzorganisationen in allen Sprachregionen der Schweiz und in Liechtenstein. Seine Mitarbeitenden leisten wissenschaftlich fundierte Grundlagenarbeit, setzen sich mit Projekten und Aktionen f\u00fcr den Schutz und das Wohlbefinden von Heim-, Wild-, Nutz- und Versuchstieren ein und sensibilisieren die \u00d6ffentlichkeit f\u00fcr Tierschutzthemen.\",\"email\":\"sts@tierschutz.com\",\"telephone\":\"061 365 99 99\",\"legalName\":\"Schweizer Tierschutz STS\"}]}<\/script>\n<!-- \/ Yoast SEO Premium plugin. -->","yoast_head_json":{"title":"Animali selvatici - Protezione Svizzera degli Animali PSA","robots":{"index":"index","follow":"follow","max-snippet":"max-snippet:-1","max-image-preview":"max-image-preview:large","max-video-preview":"max-video-preview:-1"},"canonical":"https:\/\/tierschutz.com\/it\/protezione-degli-animali\/temi\/animali-selvatici\/","og_locale":"it_IT","og_type":"article","og_title":"Animali selvatici","og_description":"Caccia Animali selvatici in pericolo Vicini selvaggi Piccioni da corsa Animali selvatici La PSA si occupa anche degli animali selvatici. [&hellip;]","og_url":"https:\/\/tierschutz.com\/it\/protezione-degli-animali\/temi\/animali-selvatici\/","og_site_name":"Protezione Svizzera degli Animali PSA","article_publisher":"https:\/\/www.facebook.com\/schweizertierschutz\/","article_modified_time":"2024-04-04T15:37:33+00:00","og_image":[{"url":"https:\/\/tierschutz.com\/app\/uploads\/2023\/05\/STS-Wildtiere-Wolf.jpg","type":"","width":"","height":""}],"twitter_card":"summary_large_image","twitter_misc":{"Tempo di lettura stimato":"4 minuti"},"schema":{"@context":"https:\/\/schema.org","@graph":[{"@type":"WebPage","@id":"https:\/\/tierschutz.com\/it\/protezione-degli-animali\/temi\/animali-selvatici\/","url":"https:\/\/tierschutz.com\/it\/protezione-degli-animali\/temi\/animali-selvatici\/","name":"Animali selvatici - Protezione Svizzera degli Animali PSA","isPartOf":{"@id":"https:\/\/mail.schweizer-tierschutz.ch\/#website"},"primaryImageOfPage":{"@id":"https:\/\/tierschutz.com\/it\/protezione-degli-animali\/temi\/animali-selvatici\/#primaryimage"},"image":{"@id":"https:\/\/tierschutz.com\/it\/protezione-degli-animali\/temi\/animali-selvatici\/#primaryimage"},"thumbnailUrl":"https:\/\/tierschutz.com\/app\/uploads\/2023\/05\/STS-Wildtiere-Wolf.jpg","datePublished":"2023-05-04T13:05:22+00:00","dateModified":"2024-04-04T15:37:33+00:00","breadcrumb":{"@id":"https:\/\/tierschutz.com\/it\/protezione-degli-animali\/temi\/animali-selvatici\/#breadcrumb"},"inLanguage":"it-IT","potentialAction":[{"@type":"ReadAction","target":["https:\/\/tierschutz.com\/it\/protezione-degli-animali\/temi\/animali-selvatici\/"]}]},{"@type":"ImageObject","inLanguage":"it-IT","@id":"https:\/\/tierschutz.com\/it\/protezione-degli-animali\/temi\/animali-selvatici\/#primaryimage","url":"https:\/\/tierschutz.com\/app\/uploads\/2023\/05\/STS-Wildtiere-Wolf.jpg","contentUrl":"https:\/\/tierschutz.com\/app\/uploads\/2023\/05\/STS-Wildtiere-Wolf.jpg"},{"@type":"BreadcrumbList","@id":"https:\/\/tierschutz.com\/it\/protezione-degli-animali\/temi\/animali-selvatici\/#breadcrumb","itemListElement":[{"@type":"ListItem","position":1,"name":"Pagina iniziale","item":"https:\/\/mail.schweizer-tierschutz.ch\/it\/"},{"@type":"ListItem","position":2,"name":"Protezione degli animali","item":"https:\/\/tierschutz.com\/it\/protezione-degli-animali\/"},{"@type":"ListItem","position":3,"name":"Temi","item":"https:\/\/tierschutz.com\/it\/protezione-degli-animali\/temi\/"},{"@type":"ListItem","position":4,"name":"Animali selvatici"}]},{"@type":"WebSite","@id":"https:\/\/mail.schweizer-tierschutz.ch\/#website","url":"https:\/\/mail.schweizer-tierschutz.ch\/","name":"tierschutz.com","description":"Wir setzen uns f\u00fcr das Wohl der Tiere ein.","publisher":{"@id":"https:\/\/mail.schweizer-tierschutz.ch\/#organization"},"alternateName":"Schweizer Tierschutz STS","potentialAction":[{"@type":"SearchAction","target":{"@type":"EntryPoint","urlTemplate":"https:\/\/mail.schweizer-tierschutz.ch\/?s={search_term_string}"},"query-input":{"@type":"PropertyValueSpecification","valueRequired":true,"valueName":"search_term_string"}}],"inLanguage":"it-IT"},{"@type":"Organization","@id":"https:\/\/mail.schweizer-tierschutz.ch\/#organization","name":"Schweizer Tierschutz STS","alternateName":"STS","url":"https:\/\/mail.schweizer-tierschutz.ch\/","logo":{"@type":"ImageObject","inLanguage":"it-IT","@id":"https:\/\/mail.schweizer-tierschutz.ch\/#\/schema\/logo\/image\/","url":"https:\/\/tierschutz.com\/app\/uploads\/2024\/04\/logo-schweizer-tierschutz-sts-1.svg","contentUrl":"https:\/\/tierschutz.com\/app\/uploads\/2024\/04\/logo-schweizer-tierschutz-sts-1.svg","caption":"Schweizer Tierschutz STS"},"image":{"@id":"https:\/\/mail.schweizer-tierschutz.ch\/#\/schema\/logo\/image\/"},"sameAs":["https:\/\/www.facebook.com\/schweizertierschutz\/","https:\/\/www.instagram.com\/schweizertierschutzsts\/","https:\/\/www.youtube.com\/@STS_Tierschutz","https:\/\/www.linkedin.com\/company\/schweizertierschutzsts\/"],"description":"Der Schweizer Tierschutz STS ist der Dachverband von 71 Tierschutzorganisationen in allen Sprachregionen der Schweiz und in Liechtenstein. Seine Mitarbeitenden leisten wissenschaftlich fundierte Grundlagenarbeit, setzen sich mit Projekten und Aktionen f\u00fcr den Schutz und das Wohlbefinden von Heim-, Wild-, Nutz- und Versuchstieren ein und sensibilisieren die \u00d6ffentlichkeit f\u00fcr Tierschutzthemen.","email":"sts@tierschutz.com","telephone":"061 365 99 99","legalName":"Schweizer Tierschutz STS"}]}},"_links":{"self":[{"href":"https:\/\/tierschutz.com\/it\/wp-json\/wp\/v2\/pages\/7054","targetHints":{"allow":["GET"]}}],"collection":[{"href":"https:\/\/tierschutz.com\/it\/wp-json\/wp\/v2\/pages"}],"about":[{"href":"https:\/\/tierschutz.com\/it\/wp-json\/wp\/v2\/types\/page"}],"author":[{"embeddable":true,"href":"https:\/\/tierschutz.com\/it\/wp-json\/wp\/v2\/users\/5"}],"replies":[{"embeddable":true,"href":"https:\/\/tierschutz.com\/it\/wp-json\/wp\/v2\/comments?post=7054"}],"version-history":[{"count":4,"href":"https:\/\/tierschutz.com\/it\/wp-json\/wp\/v2\/pages\/7054\/revisions"}],"predecessor-version":[{"id":18478,"href":"https:\/\/tierschutz.com\/it\/wp-json\/wp\/v2\/pages\/7054\/revisions\/18478"}],"up":[{"embeddable":true,"href":"https:\/\/tierschutz.com\/it\/wp-json\/wp\/v2\/pages\/6282"}],"wp:attachment":[{"href":"https:\/\/tierschutz.com\/it\/wp-json\/wp\/v2\/media?parent=7054"}],"curies":[{"name":"wp","href":"https:\/\/api.w.org\/{rel}","templated":true}]}}