{"id":7707,"date":"2023-05-04T15:36:32","date_gmt":"2023-05-04T13:36:32","guid":{"rendered":"https:\/\/tierschutz.com\/?page_id=7707"},"modified":"2023-07-06T18:00:18","modified_gmt":"2023-07-06T16:00:18","slug":"pubblicazioni-psa","status":"publish","type":"page","link":"https:\/\/tierschutz.com\/it\/multimedia-psa\/formati\/pubblicazioni-psa\/","title":{"rendered":"Pubblicazioni PSA"},"content":{"rendered":"\n<div class=\"wp-block-cover alignfull is-light\"><span aria-hidden=\"true\" class=\"wp-block-cover__background has-background-dim-20 has-background-dim\"><\/span><img loading=\"lazy\" decoding=\"async\" width=\"2560\" height=\"1644\" class=\"wp-block-cover__image-background wp-image-5369\" alt=\"\" src=\"https:\/\/tierschutz.com\/app\/uploads\/2023\/06\/STS-Publikation-scaled.jpg\" style=\"object-position:58% 49%\" data-object-fit=\"cover\" data-object-position=\"58% 49%\" srcset=\"https:\/\/tierschutz.com\/app\/uploads\/2023\/06\/STS-Publikation-scaled.jpg 2560w, https:\/\/tierschutz.com\/app\/uploads\/2023\/06\/STS-Publikation-300x193.jpg 300w, https:\/\/tierschutz.com\/app\/uploads\/2023\/06\/STS-Publikation-1024x657.jpg 1024w, https:\/\/tierschutz.com\/app\/uploads\/2023\/06\/STS-Publikation-768x493.jpg 768w, https:\/\/tierschutz.com\/app\/uploads\/2023\/06\/STS-Publikation-1536x986.jpg 1536w, https:\/\/tierschutz.com\/app\/uploads\/2023\/06\/STS-Publikation-2048x1315.jpg 2048w\" sizes=\"auto, (max-width: 2560px) 100vw, 2560px\" \/><div class=\"wp-block-cover__inner-container is-layout-flow wp-block-cover-is-layout-flow\">\n<h2 class=\"wp-block-heading has-text-align-center has-background-color has-text-color\">Pubblicazioni PSA<\/h2>\n<\/div><\/div>\n\n\n\n<div class=\"wp-block-group has-background-background-color has-background is-layout-constrained wp-block-group-is-layout-constrained\"><div class=\"yoast-breadcrumbs\"><span><span><a href=\"https:\/\/mail.swiss-animal-protection.ch\/it\/\">Pagina iniziale<\/a><\/span> \u00bb <span><a href=\"https:\/\/mail.protezione-animali-psa.ch\/it\/multimedia-psa\/\">Multimedia PSA<\/a><\/span> \u00bb <span><a href=\"https:\/\/mail.protezione-animali-psa.ch\/it\/multimedia-psa\/formati\/\">Formati<\/a><\/span> \u00bb <span class=\"breadcrumb_last\" aria-current=\"page\">Pubblicazioni PSA<\/span><\/span><\/div>\n\n\n<div class=\"wp-block-columns is-layout-flex wp-container-core-columns-is-layout-28f84493 wp-block-columns-is-layout-flex\">\n<div class=\"wp-block-column is-layout-flow wp-block-column-is-layout-flow\">\n<div class=\"wp-block-media-text alignwide is-stacked-on-mobile is-style-stacked-shadow no-inset\"><figure class=\"wp-block-media-text__media\"><img loading=\"lazy\" decoding=\"async\" width=\"1024\" height=\"681\" src=\"https:\/\/tierschutz.com\/app\/uploads\/2023\/07\/tierschutz-gemeinde-plakat-bestellen-1024x681.jpg\" alt=\"\" class=\"wp-image-7692 size-full\" srcset=\"https:\/\/tierschutz.com\/app\/uploads\/2023\/07\/tierschutz-gemeinde-plakat-bestellen-1024x681.jpg 1024w, https:\/\/tierschutz.com\/app\/uploads\/2023\/07\/tierschutz-gemeinde-plakat-bestellen-300x199.jpg 300w, https:\/\/tierschutz.com\/app\/uploads\/2023\/07\/tierschutz-gemeinde-plakat-bestellen-768x511.jpg 768w, https:\/\/tierschutz.com\/app\/uploads\/2023\/07\/tierschutz-gemeinde-plakat-bestellen-1536x1021.jpg 1536w, https:\/\/tierschutz.com\/app\/uploads\/2023\/07\/tierschutz-gemeinde-plakat-bestellen-2048x1362.jpg 2048w\" sizes=\"auto, (max-width: 1024px) 100vw, 1024px\" \/><\/figure><div class=\"wp-block-media-text__content\">\n<h3 class=\"wp-block-heading\"><strong>Azione comunitaria &#8211; Ordinare un poster sul benessere degli animali<\/strong><\/h3>\n\n\n\n<p>Potete ordinare qui i manifesti sul benessere degli animali per la vostra comunit\u00e0.<\/p>\n\n\n\n<div class=\"wp-block-buttons is-layout-flex wp-block-buttons-is-layout-flex\">\n<div class=\"wp-block-button\"><a class=\"wp-block-button__link wp-element-button\" href=\"https:\/\/tierschutz.com\/it\/multimedia-psa\/formati\/pubblicazioni-psa\/azione-comunitaria\/\">Per saperne di pi\u00f9<\/a><\/div>\n<\/div>\n<\/div><\/div>\n<\/div>\n\n\n\n<div class=\"wp-block-column is-layout-flow wp-block-column-is-layout-flow\"><\/div>\n<\/div>\n<\/div>\n","protected":false},"excerpt":{"rendered":"<p>Azione comunitaria &#8211; Ordinare un poster sul benessere degli animali Potete ordinare qui i manifesti sul benessere degli animali per [&hellip;]<\/p>\n","protected":false},"author":5,"featured_media":0,"parent":7002,"menu_order":410,"comment_status":"closed","ping_status":"closed","template":"","meta":{"_acf_changed":false,"inline_featured_image":false,"_vp_format_video_url":"","_vp_image_focal_point":[],"footnotes":""},"class_list":["post-7707","page","type-page","status-publish","hentry"],"acf":[],"yoast_head":"<!-- This site is optimized with the Yoast SEO Premium plugin v27.4 (Yoast SEO v27.4) - https:\/\/yoast.com\/product\/yoast-seo-premium-wordpress\/ -->\n<title>Pubblicazioni PSA - Protezione Svizzera degli Animali PSA<\/title>\n<meta name=\"robots\" content=\"index, follow, max-snippet:-1, max-image-preview:large, max-video-preview:-1\" \/>\n<link rel=\"canonical\" href=\"https:\/\/tierschutz.com\/it\/multimedia-psa\/formati\/pubblicazioni-psa\/\" \/>\n<meta property=\"og:locale\" content=\"it_IT\" \/>\n<meta property=\"og:type\" content=\"article\" \/>\n<meta property=\"og:title\" content=\"Pubblicazioni PSA\" \/>\n<meta property=\"og:description\" content=\"Azione comunitaria &#8211; Ordinare un poster sul benessere degli animali Potete ordinare qui i manifesti sul benessere degli animali per [&hellip;]\" \/>\n<meta property=\"og:url\" content=\"https:\/\/tierschutz.com\/it\/multimedia-psa\/formati\/pubblicazioni-psa\/\" \/>\n<meta property=\"og:site_name\" content=\"Protezione Svizzera degli Animali PSA\" \/>\n<meta property=\"article:publisher\" content=\"https:\/\/www.facebook.com\/schweizertierschutz\/\" \/>\n<meta property=\"article:modified_time\" content=\"2023-07-06T16:00:18+00:00\" \/>\n<meta property=\"og:image\" content=\"https:\/\/tierschutz.com\/app\/uploads\/2023\/06\/STS-Publikation-scaled.jpg\" \/>\n<meta name=\"twitter:card\" content=\"summary_large_image\" \/>\n<script type=\"application\/ld+json\" class=\"yoast-schema-graph\">{\"@context\":\"https:\\\/\\\/schema.org\",\"@graph\":[{\"@type\":\"WebPage\",\"@id\":\"https:\\\/\\\/tierschutz.com\\\/it\\\/multimedia-psa\\\/formati\\\/pubblicazioni-psa\\\/\",\"url\":\"https:\\\/\\\/tierschutz.com\\\/it\\\/multimedia-psa\\\/formati\\\/pubblicazioni-psa\\\/\",\"name\":\"Pubblicazioni PSA - Protezione Svizzera degli Animali PSA\",\"isPartOf\":{\"@id\":\"https:\\\/\\\/sts-psa.ch\\\/fr\\\/#website\"},\"primaryImageOfPage\":{\"@id\":\"https:\\\/\\\/tierschutz.com\\\/it\\\/multimedia-psa\\\/formati\\\/pubblicazioni-psa\\\/#primaryimage\"},\"image\":{\"@id\":\"https:\\\/\\\/tierschutz.com\\\/it\\\/multimedia-psa\\\/formati\\\/pubblicazioni-psa\\\/#primaryimage\"},\"thumbnailUrl\":\"https:\\\/\\\/tierschutz.com\\\/app\\\/uploads\\\/2023\\\/06\\\/STS-Publikation-scaled.jpg\",\"datePublished\":\"2023-05-04T13:36:32+00:00\",\"dateModified\":\"2023-07-06T16:00:18+00:00\",\"breadcrumb\":{\"@id\":\"https:\\\/\\\/tierschutz.com\\\/it\\\/multimedia-psa\\\/formati\\\/pubblicazioni-psa\\\/#breadcrumb\"},\"inLanguage\":\"it-IT\",\"potentialAction\":[{\"@type\":\"ReadAction\",\"target\":[\"https:\\\/\\\/tierschutz.com\\\/it\\\/multimedia-psa\\\/formati\\\/pubblicazioni-psa\\\/\"]}]},{\"@type\":\"ImageObject\",\"inLanguage\":\"it-IT\",\"@id\":\"https:\\\/\\\/tierschutz.com\\\/it\\\/multimedia-psa\\\/formati\\\/pubblicazioni-psa\\\/#primaryimage\",\"url\":\"https:\\\/\\\/tierschutz.com\\\/app\\\/uploads\\\/2023\\\/06\\\/STS-Publikation-scaled.jpg\",\"contentUrl\":\"https:\\\/\\\/tierschutz.com\\\/app\\\/uploads\\\/2023\\\/06\\\/STS-Publikation-scaled.jpg\"},{\"@type\":\"BreadcrumbList\",\"@id\":\"https:\\\/\\\/tierschutz.com\\\/it\\\/multimedia-psa\\\/formati\\\/pubblicazioni-psa\\\/#breadcrumb\",\"itemListElement\":[{\"@type\":\"ListItem\",\"position\":1,\"name\":\"Pagina iniziale\",\"item\":\"https:\\\/\\\/mail.swiss-animal-protection.ch\\\/it\\\/\"},{\"@type\":\"ListItem\",\"position\":2,\"name\":\"Multimedia PSA\",\"item\":\"https:\\\/\\\/mail.protezione-animali-psa.ch\\\/it\\\/multimedia-psa\\\/\"},{\"@type\":\"ListItem\",\"position\":3,\"name\":\"Formati\",\"item\":\"https:\\\/\\\/mail.protezione-animali-psa.ch\\\/it\\\/multimedia-psa\\\/formati\\\/\"},{\"@type\":\"ListItem\",\"position\":4,\"name\":\"Pubblicazioni PSA\"}]},{\"@type\":\"WebSite\",\"@id\":\"https:\\\/\\\/sts-psa.ch\\\/fr\\\/#website\",\"url\":\"https:\\\/\\\/sts-psa.ch\\\/fr\\\/\",\"name\":\"tierschutz.com\",\"description\":\"Wir setzen uns f\u00fcr das Wohl der Tiere ein.\",\"publisher\":{\"@id\":\"https:\\\/\\\/sts-psa.ch\\\/fr\\\/#organization\"},\"alternateName\":\"Schweizer Tierschutz STS\",\"potentialAction\":[{\"@type\":\"SearchAction\",\"target\":{\"@type\":\"EntryPoint\",\"urlTemplate\":\"https:\\\/\\\/sts-psa.ch\\\/fr\\\/?s={search_term_string}\"},\"query-input\":{\"@type\":\"PropertyValueSpecification\",\"valueRequired\":true,\"valueName\":\"search_term_string\"}}],\"inLanguage\":\"it-IT\"},{\"@type\":\"Organization\",\"@id\":\"https:\\\/\\\/sts-psa.ch\\\/fr\\\/#organization\",\"name\":\"Schweizer Tierschutz STS\",\"alternateName\":\"STS\",\"url\":\"https:\\\/\\\/sts-psa.ch\\\/fr\\\/\",\"logo\":{\"@type\":\"ImageObject\",\"inLanguage\":\"it-IT\",\"@id\":\"https:\\\/\\\/sts-psa.ch\\\/fr\\\/#\\\/schema\\\/logo\\\/image\\\/\",\"url\":\"https:\\\/\\\/tierschutz.com\\\/app\\\/uploads\\\/2024\\\/04\\\/logo-schweizer-tierschutz-sts-1.svg\",\"contentUrl\":\"https:\\\/\\\/tierschutz.com\\\/app\\\/uploads\\\/2024\\\/04\\\/logo-schweizer-tierschutz-sts-1.svg\",\"caption\":\"Schweizer Tierschutz STS\"},\"image\":{\"@id\":\"https:\\\/\\\/sts-psa.ch\\\/fr\\\/#\\\/schema\\\/logo\\\/image\\\/\"},\"sameAs\":[\"https:\\\/\\\/www.facebook.com\\\/schweizertierschutz\\\/\",\"https:\\\/\\\/www.instagram.com\\\/schweizertierschutzsts\\\/\",\"https:\\\/\\\/www.youtube.com\\\/@STS_Tierschutz\",\"https:\\\/\\\/www.linkedin.com\\\/company\\\/schweizertierschutzsts\\\/\"],\"description\":\"Der Schweizer Tierschutz STS ist der Dachverband von 71 Tierschutzorganisationen in allen Sprachregionen der Schweiz und in Liechtenstein. Seine Mitarbeitenden leisten wissenschaftlich fundierte Grundlagenarbeit, setzen sich mit Projekten und Aktionen f\u00fcr den Schutz und das Wohlbefinden von Heim-, Wild-, Nutz- und Versuchstieren ein und sensibilisieren die \u00d6ffentlichkeit f\u00fcr Tierschutzthemen.\",\"email\":\"sts@tierschutz.com\",\"telephone\":\"061 365 99 99\",\"legalName\":\"Schweizer Tierschutz STS\"}]}<\/script>\n<!-- \/ Yoast SEO Premium plugin. -->","yoast_head_json":{"title":"Pubblicazioni PSA - Protezione Svizzera degli Animali PSA","robots":{"index":"index","follow":"follow","max-snippet":"max-snippet:-1","max-image-preview":"max-image-preview:large","max-video-preview":"max-video-preview:-1"},"canonical":"https:\/\/tierschutz.com\/it\/multimedia-psa\/formati\/pubblicazioni-psa\/","og_locale":"it_IT","og_type":"article","og_title":"Pubblicazioni PSA","og_description":"Azione comunitaria &#8211; Ordinare un poster sul benessere degli animali Potete ordinare qui i manifesti sul benessere degli animali per [&hellip;]","og_url":"https:\/\/tierschutz.com\/it\/multimedia-psa\/formati\/pubblicazioni-psa\/","og_site_name":"Protezione Svizzera degli Animali PSA","article_publisher":"https:\/\/www.facebook.com\/schweizertierschutz\/","article_modified_time":"2023-07-06T16:00:18+00:00","og_image":[{"url":"https:\/\/tierschutz.com\/app\/uploads\/2023\/06\/STS-Publikation-scaled.jpg","type":"","width":"","height":""}],"twitter_card":"summary_large_image","schema":{"@context":"https:\/\/schema.org","@graph":[{"@type":"WebPage","@id":"https:\/\/tierschutz.com\/it\/multimedia-psa\/formati\/pubblicazioni-psa\/","url":"https:\/\/tierschutz.com\/it\/multimedia-psa\/formati\/pubblicazioni-psa\/","name":"Pubblicazioni PSA - Protezione Svizzera degli Animali PSA","isPartOf":{"@id":"https:\/\/sts-psa.ch\/fr\/#website"},"primaryImageOfPage":{"@id":"https:\/\/tierschutz.com\/it\/multimedia-psa\/formati\/pubblicazioni-psa\/#primaryimage"},"image":{"@id":"https:\/\/tierschutz.com\/it\/multimedia-psa\/formati\/pubblicazioni-psa\/#primaryimage"},"thumbnailUrl":"https:\/\/tierschutz.com\/app\/uploads\/2023\/06\/STS-Publikation-scaled.jpg","datePublished":"2023-05-04T13:36:32+00:00","dateModified":"2023-07-06T16:00:18+00:00","breadcrumb":{"@id":"https:\/\/tierschutz.com\/it\/multimedia-psa\/formati\/pubblicazioni-psa\/#breadcrumb"},"inLanguage":"it-IT","potentialAction":[{"@type":"ReadAction","target":["https:\/\/tierschutz.com\/it\/multimedia-psa\/formati\/pubblicazioni-psa\/"]}]},{"@type":"ImageObject","inLanguage":"it-IT","@id":"https:\/\/tierschutz.com\/it\/multimedia-psa\/formati\/pubblicazioni-psa\/#primaryimage","url":"https:\/\/tierschutz.com\/app\/uploads\/2023\/06\/STS-Publikation-scaled.jpg","contentUrl":"https:\/\/tierschutz.com\/app\/uploads\/2023\/06\/STS-Publikation-scaled.jpg"},{"@type":"BreadcrumbList","@id":"https:\/\/tierschutz.com\/it\/multimedia-psa\/formati\/pubblicazioni-psa\/#breadcrumb","itemListElement":[{"@type":"ListItem","position":1,"name":"Pagina iniziale","item":"https:\/\/mail.swiss-animal-protection.ch\/it\/"},{"@type":"ListItem","position":2,"name":"Multimedia PSA","item":"https:\/\/mail.protezione-animali-psa.ch\/it\/multimedia-psa\/"},{"@type":"ListItem","position":3,"name":"Formati","item":"https:\/\/mail.protezione-animali-psa.ch\/it\/multimedia-psa\/formati\/"},{"@type":"ListItem","position":4,"name":"Pubblicazioni PSA"}]},{"@type":"WebSite","@id":"https:\/\/sts-psa.ch\/fr\/#website","url":"https:\/\/sts-psa.ch\/fr\/","name":"tierschutz.com","description":"Wir setzen uns f\u00fcr das Wohl der Tiere ein.","publisher":{"@id":"https:\/\/sts-psa.ch\/fr\/#organization"},"alternateName":"Schweizer Tierschutz STS","potentialAction":[{"@type":"SearchAction","target":{"@type":"EntryPoint","urlTemplate":"https:\/\/sts-psa.ch\/fr\/?s={search_term_string}"},"query-input":{"@type":"PropertyValueSpecification","valueRequired":true,"valueName":"search_term_string"}}],"inLanguage":"it-IT"},{"@type":"Organization","@id":"https:\/\/sts-psa.ch\/fr\/#organization","name":"Schweizer Tierschutz STS","alternateName":"STS","url":"https:\/\/sts-psa.ch\/fr\/","logo":{"@type":"ImageObject","inLanguage":"it-IT","@id":"https:\/\/sts-psa.ch\/fr\/#\/schema\/logo\/image\/","url":"https:\/\/tierschutz.com\/app\/uploads\/2024\/04\/logo-schweizer-tierschutz-sts-1.svg","contentUrl":"https:\/\/tierschutz.com\/app\/uploads\/2024\/04\/logo-schweizer-tierschutz-sts-1.svg","caption":"Schweizer Tierschutz STS"},"image":{"@id":"https:\/\/sts-psa.ch\/fr\/#\/schema\/logo\/image\/"},"sameAs":["https:\/\/www.facebook.com\/schweizertierschutz\/","https:\/\/www.instagram.com\/schweizertierschutzsts\/","https:\/\/www.youtube.com\/@STS_Tierschutz","https:\/\/www.linkedin.com\/company\/schweizertierschutzsts\/"],"description":"Der Schweizer Tierschutz STS ist der Dachverband von 71 Tierschutzorganisationen in allen Sprachregionen der Schweiz und in Liechtenstein. Seine Mitarbeitenden leisten wissenschaftlich fundierte Grundlagenarbeit, setzen sich mit Projekten und Aktionen f\u00fcr den Schutz und das Wohlbefinden von Heim-, Wild-, Nutz- und Versuchstieren ein und sensibilisieren die \u00d6ffentlichkeit f\u00fcr Tierschutzthemen.","email":"sts@tierschutz.com","telephone":"061 365 99 99","legalName":"Schweizer Tierschutz STS"}]}},"_links":{"self":[{"href":"https:\/\/tierschutz.com\/it\/wp-json\/wp\/v2\/pages\/7707","targetHints":{"allow":["GET"]}}],"collection":[{"href":"https:\/\/tierschutz.com\/it\/wp-json\/wp\/v2\/pages"}],"about":[{"href":"https:\/\/tierschutz.com\/it\/wp-json\/wp\/v2\/types\/page"}],"author":[{"embeddable":true,"href":"https:\/\/tierschutz.com\/it\/wp-json\/wp\/v2\/users\/5"}],"replies":[{"embeddable":true,"href":"https:\/\/tierschutz.com\/it\/wp-json\/wp\/v2\/comments?post=7707"}],"version-history":[{"count":2,"href":"https:\/\/tierschutz.com\/it\/wp-json\/wp\/v2\/pages\/7707\/revisions"}],"predecessor-version":[{"id":7713,"href":"https:\/\/tierschutz.com\/it\/wp-json\/wp\/v2\/pages\/7707\/revisions\/7713"}],"up":[{"embeddable":true,"href":"https:\/\/tierschutz.com\/it\/wp-json\/wp\/v2\/pages\/7002"}],"wp:attachment":[{"href":"https:\/\/tierschutz.com\/it\/wp-json\/wp\/v2\/media?parent=7707"}],"curies":[{"name":"wp","href":"https:\/\/api.w.org\/{rel}","templated":true}]}}